{"id":2777,"date":"2017-08-11T15:57:30","date_gmt":"2017-08-11T15:57:30","guid":{"rendered":"http:\/\/www.katunroads.me\/katun-road-montenegro\/services\/outdoor-aktivnosti\/"},"modified":"2022-07-20T13:01:10","modified_gmt":"2022-07-20T13:01:10","slug":"outdoor-activities","status":"publish","type":"page","link":"https:\/\/www.katunroads.me\/en\/katun-road-borderline-heights\/services\/outdoor-activities\/","title":{"rendered":"Outdoor Activities"},"content":{"rendered":"<section class=\"l-section wpb_row height_medium width_full parallax_ver with_shape\"><div class=\"l-section-shape type_zigzag pos_bottom\" style=\"height:15vmin;\"><svg xmlns=\"http:\/\/www.w3.org\/2000\/svg\" viewBox=\"0 0 64 8\" preserveAspectRatio=\"none\" width=\"100%\" height=\"100%\">\r\n\t<path fill=\"currentColor\" d=\"M64 8 L0 8 L0 0 L20 7.9 L40 3 L48 5 L64 0 Z\"\/>\r\n<\/svg><\/div><div class=\"l-section-h i-cf\"><div class=\"g-cols vc_row via_grid cols_1 laptops-cols_inherit tablets-cols_inherit mobiles-cols_1 valign_top type_default stacking_default\"><div class=\"wpb_column vc_column_container\"><div class=\"vc_column-inner\"><\/div><\/div><\/div><\/div><\/section><section class=\"l-section wpb_row height_medium\"><div class=\"l-section-h i-cf\"><div class=\"g-cols vc_row via_grid cols_2-1 laptops-cols_inherit tablets-cols_inherit mobiles-cols_1 valign_top type_default stacking_default\"><div class=\"wpb_column vc_column_container\"><div class=\"vc_column-inner\"><div class=\"wpb_text_column\"><div class=\"wpb_wrapper\">\t\t\t<!-- Flexy Breadcrumb -->\r\n\t\t\t<div class=\"fbc fbc-page\">\r\n\r\n\t\t\t\t<!-- Breadcrumb wrapper -->\r\n\t\t\t\t<div class=\"fbc-wrap\">\r\n\r\n\t\t\t\t\t<!-- Ordered list-->\r\n\t\t\t\t\t<ol class=\"fbc-items\" itemscope itemtype=\"https:\/\/schema.org\/BreadcrumbList\">\r\n\t\t\t\t\t\t            <li itemprop=\"itemListElement\" itemscope itemtype=\"https:\/\/schema.org\/ListItem\">\r\n                <span itemprop=\"name\">\r\n                    <!-- Home Link -->\r\n                    <a itemprop=\"item\" href=\"http:\/\/www.katunroads.me\">\r\n                    \r\n                                                    <i class=\"fa fa-home\" aria-hidden=\"true\"><\/i>                    <\/a>\r\n                <\/span>\r\n                <meta itemprop=\"position\" content=\"1\" \/><!-- Meta Position-->\r\n             <\/li><li><span class=\"fbc-separator\">\/<\/span><\/li><li class=\"active\" itemprop=\"itemListElement\" itemscope itemtype=\"https:\/\/schema.org\/ListItem\"><span itemprop=\"name\" title=\"Outdoor Activities\">Outdoor Activities<\/span><meta itemprop=\"position\" content=\"2\" \/><\/li>\t\t\t\t\t<\/ol>\r\n\t\t\t\t\t<div class=\"clearfix\"><\/div>\r\n\t\t\t\t<\/div>\r\n\t\t\t<\/div>\r\n\t\t\t\n<\/div><\/div>[vc_custom_heading source=&#8221;post_title&#8221; font_container=&#8221;tag:h2|text_align:left|color:%23b2784c&#8221; use_theme_fonts=&#8221;yes&#8221; css=&#8221;%7B%22default%22%3A%7B%22color%22%3A%22%23b2784c%22%7D%7D&#8221;]<div class=\"w-separator size_medium\"><\/div><div class=\"w-grid us_grid type_grid layout_gallery_default cols_6 preload_style_spinner\" id=\"us_grid_1\" style=\"--columns:6;--gap:4px;\" data-filterable=\"true\"><style>@media (max-width:767px){#us_grid_1{--columns:4!important}}@media (max-width:479px){#us_grid_1{--columns:2!important}}.layout_gallery_default .w-grid-item-h{}<\/style><div class=\"w-grid-list\">\t<article class=\"w-grid-item size_1x1 post-3170 attachment type-attachment status-inherit hentry\" data-id=\"3170\">\r\n\t\t<div class=\"w-grid-item-h\">\r\n\t\t\t\t\t\t\t<a ref=\"magnificPopupGrid\" href=\"https:\/\/www.katunroads.me\/wp-content\/uploads\/2017\/08\/PENTAX-K-5-14.08.16-16-02-42.jpg\" class=\"w-grid-item-anchor\" aria-label=\"Katun Roads\"><\/a>\r\n\t\t\t\t\t\t<div class=\"w-post-elm post_image usg_post_image_1 stretched\"><img loading=\"lazy\" decoding=\"async\" width=\"150\" height=\"150\" src=\"https:\/\/www.katunroads.me\/wp-content\/uploads\/2017\/08\/PENTAX-K-5-14.08.16-16-02-42-150x150.jpg\" class=\"attachment-thumbnail size-thumbnail\" alt=\"\" srcset=\"https:\/\/www.katunroads.me\/wp-content\/uploads\/2017\/08\/PENTAX-K-5-14.08.16-16-02-42-150x150.jpg 150w, https:\/\/www.katunroads.me\/wp-content\/uploads\/2017\/08\/PENTAX-K-5-14.08.16-16-02-42-600x600.jpg 600w, https:\/\/www.katunroads.me\/wp-content\/uploads\/2017\/08\/PENTAX-K-5-14.08.16-16-02-42-350x350.jpg 350w\" sizes=\"auto, (max-width: 150px) 100vw, 150px\" \/><\/div>\t\t<\/div>\r\n\t\t\t<\/article>\r\n\t<article class=\"w-grid-item size_1x1 post-3172 attachment type-attachment status-inherit hentry\" data-id=\"3172\">\r\n\t\t<div class=\"w-grid-item-h\">\r\n\t\t\t\t\t\t\t<a ref=\"magnificPopupGrid\" href=\"https:\/\/www.katunroads.me\/wp-content\/uploads\/2017\/08\/20160703_144900.jpg\" class=\"w-grid-item-anchor\" aria-label=\"Katun Roads\"><\/a>\r\n\t\t\t\t\t\t<div class=\"w-post-elm post_image usg_post_image_1 stretched\"><img loading=\"lazy\" decoding=\"async\" width=\"150\" height=\"150\" src=\"https:\/\/www.katunroads.me\/wp-content\/uploads\/2017\/08\/20160703_144900-150x150.jpg\" class=\"attachment-thumbnail size-thumbnail\" alt=\"\" srcset=\"https:\/\/www.katunroads.me\/wp-content\/uploads\/2017\/08\/20160703_144900-150x150.jpg 150w, https:\/\/www.katunroads.me\/wp-content\/uploads\/2017\/08\/20160703_144900-600x600.jpg 600w, https:\/\/www.katunroads.me\/wp-content\/uploads\/2017\/08\/20160703_144900-350x350.jpg 350w\" sizes=\"auto, (max-width: 150px) 100vw, 150px\" \/><\/div>\t\t<\/div>\r\n\t\t\t<\/article>\r\n\t<article class=\"w-grid-item size_1x1 post-3174 attachment type-attachment status-inherit hentry\" data-id=\"3174\">\r\n\t\t<div class=\"w-grid-item-h\">\r\n\t\t\t\t\t\t\t<a ref=\"magnificPopupGrid\" href=\"https:\/\/www.katunroads.me\/wp-content\/uploads\/2017\/08\/15-12.jpg\" class=\"w-grid-item-anchor\" aria-label=\"Katun Roads\"><\/a>\r\n\t\t\t\t\t\t<div class=\"w-post-elm post_image usg_post_image_1 stretched\"><img loading=\"lazy\" decoding=\"async\" width=\"150\" height=\"150\" src=\"https:\/\/www.katunroads.me\/wp-content\/uploads\/2017\/08\/15-12-150x150.jpg\" class=\"attachment-thumbnail size-thumbnail\" alt=\"\" srcset=\"https:\/\/www.katunroads.me\/wp-content\/uploads\/2017\/08\/15-12-150x150.jpg 150w, https:\/\/www.katunroads.me\/wp-content\/uploads\/2017\/08\/15-12-600x600.jpg 600w, https:\/\/www.katunroads.me\/wp-content\/uploads\/2017\/08\/15-12-350x350.jpg 350w\" sizes=\"auto, (max-width: 150px) 100vw, 150px\" \/><\/div>\t\t<\/div>\r\n\t\t\t<\/article>\r\n\t<article class=\"w-grid-item size_1x1 post-3176 attachment type-attachment status-inherit hentry\" data-id=\"3176\">\r\n\t\t<div class=\"w-grid-item-h\">\r\n\t\t\t\t\t\t\t<a ref=\"magnificPopupGrid\" href=\"https:\/\/www.katunroads.me\/wp-content\/uploads\/2017\/08\/P1020349.jpg\" class=\"w-grid-item-anchor\" aria-label=\"Katun Roads\"><\/a>\r\n\t\t\t\t\t\t<div class=\"w-post-elm post_image usg_post_image_1 stretched\"><img loading=\"lazy\" decoding=\"async\" width=\"150\" height=\"150\" src=\"https:\/\/www.katunroads.me\/wp-content\/uploads\/2017\/08\/P1020349-150x150.jpg\" class=\"attachment-thumbnail size-thumbnail\" alt=\"\" srcset=\"https:\/\/www.katunroads.me\/wp-content\/uploads\/2017\/08\/P1020349-150x150.jpg 150w, https:\/\/www.katunroads.me\/wp-content\/uploads\/2017\/08\/P1020349-600x600.jpg 600w, https:\/\/www.katunroads.me\/wp-content\/uploads\/2017\/08\/P1020349-350x350.jpg 350w\" sizes=\"auto, (max-width: 150px) 100vw, 150px\" \/><\/div>\t\t<\/div>\r\n\t\t\t<\/article>\r\n\t<article class=\"w-grid-item size_1x1 post-3178 attachment type-attachment status-inherit hentry\" data-id=\"3178\">\r\n\t\t<div class=\"w-grid-item-h\">\r\n\t\t\t\t\t\t\t<a ref=\"magnificPopupGrid\" href=\"https:\/\/www.katunroads.me\/wp-content\/uploads\/2017\/08\/Bandera-Crni-kr\u0161-9.jpg\" class=\"w-grid-item-anchor\" aria-label=\"Katun Roads\"><\/a>\r\n\t\t\t\t\t\t<div class=\"w-post-elm post_image usg_post_image_1 stretched\"><img loading=\"lazy\" decoding=\"async\" width=\"150\" height=\"150\" src=\"https:\/\/www.katunroads.me\/wp-content\/uploads\/2017\/08\/Bandera-Crni-kr\u0161-9-150x150.jpg\" class=\"attachment-thumbnail size-thumbnail\" alt=\"\" srcset=\"https:\/\/www.katunroads.me\/wp-content\/uploads\/2017\/08\/Bandera-Crni-kr\u0161-9-150x150.jpg 150w, https:\/\/www.katunroads.me\/wp-content\/uploads\/2017\/08\/Bandera-Crni-kr\u0161-9-600x600.jpg 600w, https:\/\/www.katunroads.me\/wp-content\/uploads\/2017\/08\/Bandera-Crni-kr\u0161-9-350x350.jpg 350w\" sizes=\"auto, (max-width: 150px) 100vw, 150px\" \/><\/div>\t\t<\/div>\r\n\t\t\t<\/article>\r\n\t<article class=\"w-grid-item size_1x1 post-3180 attachment type-attachment status-inherit hentry\" data-id=\"3180\">\r\n\t\t<div class=\"w-grid-item-h\">\r\n\t\t\t\t\t\t\t<a ref=\"magnificPopupGrid\" href=\"https:\/\/www.katunroads.me\/wp-content\/uploads\/2017\/08\/Bandera-Crni-kr\u0161-12.jpg\" class=\"w-grid-item-anchor\" aria-label=\"Katun Roads\"><\/a>\r\n\t\t\t\t\t\t<div class=\"w-post-elm post_image usg_post_image_1 stretched\"><img loading=\"lazy\" decoding=\"async\" width=\"150\" height=\"150\" src=\"https:\/\/www.katunroads.me\/wp-content\/uploads\/2017\/08\/Bandera-Crni-kr\u0161-12-150x150.jpg\" class=\"attachment-thumbnail size-thumbnail\" alt=\"\" srcset=\"https:\/\/www.katunroads.me\/wp-content\/uploads\/2017\/08\/Bandera-Crni-kr\u0161-12-150x150.jpg 150w, https:\/\/www.katunroads.me\/wp-content\/uploads\/2017\/08\/Bandera-Crni-kr\u0161-12-600x600.jpg 600w, https:\/\/www.katunroads.me\/wp-content\/uploads\/2017\/08\/Bandera-Crni-kr\u0161-12-350x350.jpg 350w\" sizes=\"auto, (max-width: 150px) 100vw, 150px\" \/><\/div>\t\t<\/div>\r\n\t\t\t<\/article>\r\n<\/div>\t<div class=\"w-grid-preloader\">\r\n\t\t<div class=\"g-preloader type_5\">\r\n\t\t\t<div><\/div>\r\n\t\t<\/div>\r\n\t<\/div>\r\n\t\t<div class=\"w-grid-json hidden\" onclick='return {&quot;action&quot;:&quot;us_ajax_grid&quot;,&quot;infinite_scroll&quot;:0,&quot;max_num_pages&quot;:1,&quot;pagination&quot;:&quot;none&quot;,&quot;template_vars&quot;:{&quot;columns&quot;:&quot;6&quot;,&quot;exclude_items&quot;:&quot;none&quot;,&quot;img_size&quot;:&quot;thumbnail&quot;,&quot;ignore_items_size&quot;:0,&quot;items_layout&quot;:&quot;gallery_default&quot;,&quot;items_offset&quot;:&quot;1&quot;,&quot;load_animation&quot;:&quot;none&quot;,&quot;overriding_link&quot;:&quot;%7B%22type%22%3A%22popup_image%22%7D&quot;,&quot;post_id&quot;:0,&quot;query_args&quot;:{&quot;post_type&quot;:[&quot;attachment&quot;],&quot;post__in&quot;:[&quot;2474&quot;,&quot;2475&quot;,&quot;2476&quot;,&quot;2477&quot;,&quot;2478&quot;,&quot;2479&quot;],&quot;post_status&quot;:&quot;inherit&quot;,&quot;post_mime_type&quot;:&quot;image&quot;,&quot;posts_per_page&quot;:999},&quot;orderby_query_args&quot;:{&quot;orderby&quot;:{&quot;post__in&quot;:&quot;ASC&quot;},&quot;order&quot;:&quot;ASC&quot;},&quot;type&quot;:&quot;grid&quot;,&quot;us_grid_post_type&quot;:&quot;attachment&quot;,&quot;us_grid_ajax_index&quot;:1,&quot;us_grid_filter_query_string&quot;:null,&quot;us_grid_index&quot;:1,&quot;page_args&quot;:[],&quot;lang&quot;:&quot;en&quot;}}'><\/div>\r\n\t<\/div><div class=\"w-separator size_medium\"><\/div><div class=\"wpb_text_column\"><div class=\"wpb_wrapper\"><p><span style=\"color: #226621;\"><strong>Hiking<\/strong><\/span><\/p>\n<p>Although Hajla has got some marked hiking trails from before, it could be said that this area is &#8220;intact zone&#8221; for mountaineers and hiking lovers. That makes it even more challenging. However, when you determine the objectives and consult the people from katuns, \u010cakor and Mokra can easily be passed through using the paths and reefs, without distancing from the viewpoints overlooking the Lim valley.<\/p>\n<p>Before leaving for longer routes, check the map carefully, or simply have someone from katun help you, they know all the trails and paths in these mountains. Springs, mountain water faucets, brooks are everywhere but you should still ask the hosts for a recommendation, he will show you the coldest ones, the best ones.<\/p>\n<p>Hiking in &#8220;katun zone&#8221;, at around 1,800 m altitude is not strenuous. If you feel tired, you take a break, your strength comes back in a moment. But \u2013 why the haste? Enjoy slowly. Greenery, fast shifts of surrounding and angles, the view overlooking the open spaces and round and concave forms, hut&#8217;s rooftops and white flocks of sheep, horses and cows more beautiful than &#8220;Milka&#8217;s&#8221;, passing through beech and coniferous forests, over the brooks, through a carpet ragged with blueberries and juniper or silky with dewy wild flowers &#8211; are all a blessing for body, spirit and soul.<\/p>\n<p>The best way to get to know these mountains and the specific features of katuns is through hiking.<\/p>\n<p><span style=\"color: #226621;\"><strong>Biking<\/strong><\/span><\/p>\n<p>There are a lot of very attractive marked biking trails in the region of Plav, Andrijevica, Berane and Ro\u017eaje. The villages and katuns of these municipalities offer a lot of trails and gravel roads for the enjoyment in biking and for the exploration of the area, as well.<\/p>\n<p>The roads in katun area go through forests and meadows. The viewpoints are numerous, the view fantastic, the landscape scenic, picturesque.<\/p>\n<p>You can visit several katuns by bikes, or you can simply cruise the mountains. The easiest and the simplest way is, perhaps, to take the asphalted road from Murino to \u010cakor and from there take the gravel road through Lijepi do to Mokra. For the start. And then just follow the signalization of Katun road, and you will not get lost.<\/p>\n<p><strong>\u00a0<\/strong><span style=\"color: #226621;\"><strong>Speleology<\/strong><\/span><\/p>\n<p>Pits, caves and rock shelters of the area haven&#8217;t been explored yet. Ma\u0161ni\u010dki katun contains \u010cav\u010dina pit, which is presumably very deep. On the way from the village Rmu\u0161 towards Kaludra, in Jo\u010dova Luka, there is a big cave, and in Kostre\u0161, a famous Red cave. The only one, which is partly explored is Bezimena (No Name) cave on the slopes of Mokra, in the area of the village Velika, that is why some call it Veli\u010dka cave. This one and the surrounding ones are called Tojine caves by the locals.<\/p>\n<p>Bezimena cave was completely unexplored until 1985. It has two entrances at 1,780 m altitude and around 460 m of its channels are explored nowadays.<\/p>\n<p>The main channel contains three lakes, the halls are full of cave ornaments, stalactites, stalagmites, petrified waterfalls and various, unusual statues, the most interesting one being the statue of a mother with a child. The special ornaments are glistening crystals and coral jewelry.<\/p>\n<\/div><\/div><div class=\"w-separator size_medium\"><\/div><div class=\"w-sharing type_outlined align_none color_default\"><div class=\"w-sharing-list\" data-content-image=\"true\"><a class=\"w-sharing-item email\" href=\"mailto:?subject=Katun+Roads&amp;body=https:\/\/www.katunroads.me\/en\/wp-json\/wp\/v2\/pages\/2777\" title=\"Email this\" aria-label=\"Email this\"><i class=\"fas fa-envelope\"><\/i><\/a><a class=\"w-sharing-item facebook\" href=\"https:\/\/www.facebook.com\/sharer\/sharer.php?u=https:\/\/www.katunroads.me\/en\/wp-json\/wp\/v2\/pages\/2777&amp;quote=Katun+Roads\" title=\"Share this\" aria-label=\"Share this\" onclick=\"window.open(this.href, &quot;facebook&quot;, &quot;toolbar=0,width=900,height=500&quot;); return false;\"><i class=\"fab fa-facebook\"><\/i><\/a><a class=\"w-sharing-item twitter\" href=\"https:\/\/twitter.com\/intent\/tweet?text=Katun+Roads&amp;url=https:\/\/www.katunroads.me\/en\/wp-json\/wp\/v2\/pages\/2777\" title=\"Share this\" aria-label=\"Share this\" onclick=\"window.open(this.href, &quot;twitter&quot;, &quot;toolbar=0,width=650,height=360&quot;); return false;\"><i class=\"fab fa-x-twitter\"><svg style=\"width:1em; margin-bottom:-.1em;\" xmlns=\"http:\/\/www.w3.org\/2000\/svg\" viewBox=\"0 0 512 512\" role=\"presentation\"><path fill=\"currentColor\" d=\"M389.2 48h70.6L305.6 224.2 487 464H345L233.7 318.6 106.5 464H35.8L200.7 275.5 26.8 48H172.4L272.9 180.9 389.2 48zM364.4 421.8h39.1L151.1 88h-42L364.4 421.8z\"\/><\/svg><\/i><\/a><\/div><\/div><\/div><\/div><div class=\"wpb_column vc_column_container\"><div class=\"vc_column-inner\">[vc_wp_custommenu title=&#8221;Other services&#8221; nav_menu=&#8221;76&#8243;]<div class=\"w-separator size_medium\"><\/div>[vc_wp_custommenu title=&#8221;Explore more&#8221; nav_menu=&#8221;72&#8243;]<div class=\"w-separator size_medium\"><\/div><nav class=\"w-menu us_custom_eb849559 layout_ver style_blocks us_menu_1\" style=\"--main-gap:0.5rem;--main-ver-indent:0.8em;--main-hor-indent:0.8em;--main-bg-color:var(--color-header-transparent-bg);--main-color:var(--color-header-middle-text);--main-hover-bg-color:var(--color-header-middle-bg);--main-hover-color:var(--color-header-transparent-text);\"><ul id=\"menu-partnerski-portali-en\" class=\"menu\"><li id=\"menu-item-7914\" class=\"menu-item menu-item-type-custom menu-item-object-custom menu-item-7914\"><a href=\"https:\/\/www.montenegro.travel\/en\">NATIONAL TOURIST ORGANIZATION OF MONTENEGRO<\/a><\/li><li id=\"menu-item-6913\" class=\"menu-item menu-item-type-custom menu-item-object-custom menu-item-6913\"><a href=\"http:\/\/www.ruralholiday.me\/en\/\">RURALHOLIDAY.ME<\/a><\/li><li id=\"menu-item-6914\" class=\"menu-item menu-item-type-custom menu-item-object-custom menu-item-6914\"><a href=\"http:\/\/www.montegastro.me\/en\/\">MONTEGASTRO.ME<\/a><\/li><li id=\"menu-item-6915\" class=\"menu-item menu-item-type-custom menu-item-object-custom menu-item-6915\"><a href=\"http:\/\/www.accursed-mountains.me\/en\/\">ACCURSED-MOUNTAINS.ME<\/a><\/li><li id=\"menu-item-7135\" class=\"menu-item menu-item-type-custom menu-item-object-custom menu-item-7135\"><a href=\"http:\/\/www.pedalaj.me\/\">PEDALAJ.ME<\/a><\/li><\/ul><style>@media ( max-width:600px ){.us_menu_1 .menu{display:block!important}.us_menu_1 .menu>li:not(:last-child){margin:0 0 var(--main-gap,0.5rem)!important}}<\/style><\/nav><\/div><\/div><\/div><\/div><\/section>\n","protected":false},"excerpt":{"rendered":"","protected":false},"author":1,"featured_media":2374,"parent":2765,"menu_order":0,"comment_status":"closed","ping_status":"closed","template":"","meta":{"_acf_changed":false,"footnotes":""},"class_list":["post-2777","page","type-page","status-publish","has-post-thumbnail","hentry"],"acf":[],"_links":{"self":[{"href":"https:\/\/www.katunroads.me\/en\/wp-json\/wp\/v2\/pages\/2777","targetHints":{"allow":["GET"]}}],"collection":[{"href":"https:\/\/www.katunroads.me\/en\/wp-json\/wp\/v2\/pages"}],"about":[{"href":"https:\/\/www.katunroads.me\/en\/wp-json\/wp\/v2\/types\/page"}],"author":[{"embeddable":true,"href":"https:\/\/www.katunroads.me\/en\/wp-json\/wp\/v2\/users\/1"}],"replies":[{"embeddable":true,"href":"https:\/\/www.katunroads.me\/en\/wp-json\/wp\/v2\/comments?post=2777"}],"version-history":[{"count":7,"href":"https:\/\/www.katunroads.me\/en\/wp-json\/wp\/v2\/pages\/2777\/revisions"}],"predecessor-version":[{"id":7076,"href":"https:\/\/www.katunroads.me\/en\/wp-json\/wp\/v2\/pages\/2777\/revisions\/7076"}],"up":[{"embeddable":true,"href":"https:\/\/www.katunroads.me\/en\/wp-json\/wp\/v2\/pages\/2765"}],"wp:featuredmedia":[{"embeddable":true,"href":"https:\/\/www.katunroads.me\/en\/wp-json\/wp\/v2\/media\/2374"}],"wp:attachment":[{"href":"https:\/\/www.katunroads.me\/en\/wp-json\/wp\/v2\/media?parent=2777"}],"curies":[{"name":"wp","href":"https:\/\/api.w.org\/{rel}","templated":true}]}}