{"id":3412,"date":"2017-06-17T06:49:21","date_gmt":"2017-06-17T06:49:21","guid":{"rendered":"http:\/\/www.katunroads.me\/katun-road-montenegro\/mountains\/cakor\/"},"modified":"2022-07-20T11:14:39","modified_gmt":"2022-07-20T11:14:39","slug":"cakor","status":"publish","type":"page","link":"https:\/\/www.katunroads.me\/en\/katun-road-borderline-heights\/mountains\/cakor\/","title":{"rendered":"\u010cakor"},"content":{"rendered":"<section class=\"l-section wpb_row height_medium width_full parallax_ver with_shape\"><div class=\"l-section-shape type_zigzag pos_bottom\" style=\"height:15vmin;\"><svg xmlns=\"http:\/\/www.w3.org\/2000\/svg\" viewBox=\"0 0 64 8\" preserveAspectRatio=\"none\" width=\"100%\" height=\"100%\">\r\n\t<path fill=\"currentColor\" d=\"M64 8 L0 8 L0 0 L20 7.9 L40 3 L48 5 L64 0 Z\"\/>\r\n<\/svg><\/div><div class=\"l-section-h i-cf\"><div class=\"g-cols vc_row via_grid cols_1 laptops-cols_inherit tablets-cols_inherit mobiles-cols_1 valign_top type_default stacking_default\"><div class=\"wpb_column vc_column_container\"><div class=\"vc_column-inner\"><\/div><\/div><\/div><\/div><\/section><section class=\"l-section wpb_row height_medium\"><div class=\"l-section-h i-cf\"><div class=\"g-cols vc_row via_grid cols_2-1 laptops-cols_inherit tablets-cols_inherit mobiles-cols_1 valign_top type_default stacking_default\"><div class=\"wpb_column vc_column_container\"><div class=\"vc_column-inner\"><div class=\"wpb_text_column\"><div class=\"wpb_wrapper\">\t\t\t<!-- Flexy Breadcrumb -->\r\n\t\t\t<div class=\"fbc fbc-page\">\r\n\r\n\t\t\t\t<!-- Breadcrumb wrapper -->\r\n\t\t\t\t<div class=\"fbc-wrap\">\r\n\r\n\t\t\t\t\t<!-- Ordered list-->\r\n\t\t\t\t\t<ol class=\"fbc-items\" itemscope itemtype=\"https:\/\/schema.org\/BreadcrumbList\">\r\n\t\t\t\t\t\t            <li itemprop=\"itemListElement\" itemscope itemtype=\"https:\/\/schema.org\/ListItem\">\r\n                <span itemprop=\"name\">\r\n                    <!-- Home Link -->\r\n                    <a itemprop=\"item\" href=\"http:\/\/www.katunroads.me\">\r\n                    \r\n                                                    <i class=\"fa fa-home\" aria-hidden=\"true\"><\/i>                    <\/a>\r\n                <\/span>\r\n                <meta itemprop=\"position\" content=\"1\" \/><!-- Meta Position-->\r\n             <\/li><li><span class=\"fbc-separator\">\/<\/span><\/li><li class=\"active\" itemprop=\"itemListElement\" itemscope itemtype=\"https:\/\/schema.org\/ListItem\"><span itemprop=\"name\" title=\"\u010cakor\">\u010cakor<\/span><meta itemprop=\"position\" content=\"2\" \/><\/li>\t\t\t\t\t<\/ol>\r\n\t\t\t\t\t<div class=\"clearfix\"><\/div>\r\n\t\t\t\t<\/div>\r\n\t\t\t<\/div>\r\n\t\t\t\n<\/div><\/div>[vc_custom_heading source=&#8221;post_title&#8221; font_container=&#8221;tag:h2|text_align:left|color:%23b2784c&#8221; use_theme_fonts=&#8221;yes&#8221; css=&#8221;%7B%22default%22%3A%7B%22color%22%3A%22%23b2784c%22%7D%7D&#8221;]<div class=\"w-separator size_medium\"><\/div><div class=\"w-grid us_grid type_grid layout_gallery_default cols_6 preload_style_spinner\" id=\"us_grid_1\" style=\"--columns:6;--gap:4px;\" data-filterable=\"true\"><style>@media (max-width:767px){#us_grid_1{--columns:4!important}}@media (max-width:479px){#us_grid_1{--columns:2!important}}.layout_gallery_default .w-grid-item-h{}<\/style><div class=\"w-grid-list\">\t<article class=\"w-grid-item size_1x1 post-3066 attachment type-attachment status-inherit hentry\" data-id=\"3066\">\r\n\t\t<div class=\"w-grid-item-h\">\r\n\t\t\t\t\t\t\t<a ref=\"magnificPopupGrid\" href=\"https:\/\/www.katunroads.me\/wp-content\/uploads\/2017\/06\/Bandera-Crni-kr\u0161-32.jpg\" class=\"w-grid-item-anchor\" aria-label=\"\u010cakor Katun Roads\"><\/a>\r\n\t\t\t\t\t\t<div class=\"w-post-elm post_image usg_post_image_1 stretched\"><img loading=\"lazy\" decoding=\"async\" width=\"150\" height=\"150\" src=\"https:\/\/www.katunroads.me\/wp-content\/uploads\/2017\/06\/Bandera-Crni-kr\u0161-32-150x150.jpg\" class=\"attachment-thumbnail size-thumbnail\" alt=\"\" srcset=\"https:\/\/www.katunroads.me\/wp-content\/uploads\/2017\/06\/Bandera-Crni-kr\u0161-32-150x150.jpg 150w, https:\/\/www.katunroads.me\/wp-content\/uploads\/2017\/06\/Bandera-Crni-kr\u0161-32-600x600.jpg 600w, https:\/\/www.katunroads.me\/wp-content\/uploads\/2017\/06\/Bandera-Crni-kr\u0161-32-350x350.jpg 350w\" sizes=\"auto, (max-width: 150px) 100vw, 150px\" \/><\/div>\t\t<\/div>\r\n\t\t\t<\/article>\r\n\t<article class=\"w-grid-item size_1x1 post-3068 attachment type-attachment status-inherit hentry\" data-id=\"3068\">\r\n\t\t<div class=\"w-grid-item-h\">\r\n\t\t\t\t\t\t\t<a ref=\"magnificPopupGrid\" href=\"https:\/\/www.katunroads.me\/wp-content\/uploads\/2017\/06\/IMG_2095.jpg\" class=\"w-grid-item-anchor\" aria-label=\"\u010cakor Katun Roads\"><\/a>\r\n\t\t\t\t\t\t<div class=\"w-post-elm post_image usg_post_image_1 stretched\"><img loading=\"lazy\" decoding=\"async\" width=\"150\" height=\"150\" src=\"https:\/\/www.katunroads.me\/wp-content\/uploads\/2017\/06\/IMG_2095-150x150.jpg\" class=\"attachment-thumbnail size-thumbnail\" alt=\"\" srcset=\"https:\/\/www.katunroads.me\/wp-content\/uploads\/2017\/06\/IMG_2095-150x150.jpg 150w, https:\/\/www.katunroads.me\/wp-content\/uploads\/2017\/06\/IMG_2095-600x600.jpg 600w, https:\/\/www.katunroads.me\/wp-content\/uploads\/2017\/06\/IMG_2095-350x350.jpg 350w\" sizes=\"auto, (max-width: 150px) 100vw, 150px\" \/><\/div>\t\t<\/div>\r\n\t\t\t<\/article>\r\n\t<article class=\"w-grid-item size_1x1 post-3070 attachment type-attachment status-inherit hentry\" data-id=\"3070\">\r\n\t\t<div class=\"w-grid-item-h\">\r\n\t\t\t\t\t\t\t<a ref=\"magnificPopupGrid\" href=\"https:\/\/www.katunroads.me\/wp-content\/uploads\/2017\/06\/IMG_4636.jpg\" class=\"w-grid-item-anchor\" aria-label=\"\u010cakor Katun Roads\"><\/a>\r\n\t\t\t\t\t\t<div class=\"w-post-elm post_image usg_post_image_1 stretched\"><img loading=\"lazy\" decoding=\"async\" width=\"150\" height=\"150\" src=\"https:\/\/www.katunroads.me\/wp-content\/uploads\/2017\/06\/IMG_4636-150x150.jpg\" class=\"attachment-thumbnail size-thumbnail\" alt=\"\" srcset=\"https:\/\/www.katunroads.me\/wp-content\/uploads\/2017\/06\/IMG_4636-150x150.jpg 150w, https:\/\/www.katunroads.me\/wp-content\/uploads\/2017\/06\/IMG_4636-600x600.jpg 600w, https:\/\/www.katunroads.me\/wp-content\/uploads\/2017\/06\/IMG_4636-350x350.jpg 350w\" sizes=\"auto, (max-width: 150px) 100vw, 150px\" \/><\/div>\t\t<\/div>\r\n\t\t\t<\/article>\r\n\t<article class=\"w-grid-item size_1x1 post-3072 attachment type-attachment status-inherit hentry\" data-id=\"3072\">\r\n\t\t<div class=\"w-grid-item-h\">\r\n\t\t\t\t\t\t\t<a ref=\"magnificPopupGrid\" href=\"https:\/\/www.katunroads.me\/wp-content\/uploads\/2017\/06\/IMG_3689.jpg\" class=\"w-grid-item-anchor\" aria-label=\"\u010cakor Katun Roads\"><\/a>\r\n\t\t\t\t\t\t<div class=\"w-post-elm post_image usg_post_image_1 stretched\"><img loading=\"lazy\" decoding=\"async\" width=\"150\" height=\"150\" src=\"https:\/\/www.katunroads.me\/wp-content\/uploads\/2017\/06\/IMG_3689-150x150.jpg\" class=\"attachment-thumbnail size-thumbnail\" alt=\"\" srcset=\"https:\/\/www.katunroads.me\/wp-content\/uploads\/2017\/06\/IMG_3689-150x150.jpg 150w, https:\/\/www.katunroads.me\/wp-content\/uploads\/2017\/06\/IMG_3689-600x600.jpg 600w, https:\/\/www.katunroads.me\/wp-content\/uploads\/2017\/06\/IMG_3689-350x350.jpg 350w\" sizes=\"auto, (max-width: 150px) 100vw, 150px\" \/><\/div>\t\t<\/div>\r\n\t\t\t<\/article>\r\n\t<article class=\"w-grid-item size_1x1 post-3074 attachment type-attachment status-inherit hentry\" data-id=\"3074\">\r\n\t\t<div class=\"w-grid-item-h\">\r\n\t\t\t\t\t\t\t<a ref=\"magnificPopupGrid\" href=\"https:\/\/www.katunroads.me\/wp-content\/uploads\/2017\/06\/PENTAX-K-5-14.08.16-16-02-42.jpg\" class=\"w-grid-item-anchor\" aria-label=\"\u010cakor Katun Roads\"><\/a>\r\n\t\t\t\t\t\t<div class=\"w-post-elm post_image usg_post_image_1 stretched\"><img loading=\"lazy\" decoding=\"async\" width=\"150\" height=\"150\" src=\"https:\/\/www.katunroads.me\/wp-content\/uploads\/2017\/06\/PENTAX-K-5-14.08.16-16-02-42-150x150.jpg\" class=\"attachment-thumbnail size-thumbnail\" alt=\"\" srcset=\"https:\/\/www.katunroads.me\/wp-content\/uploads\/2017\/06\/PENTAX-K-5-14.08.16-16-02-42-150x150.jpg 150w, https:\/\/www.katunroads.me\/wp-content\/uploads\/2017\/06\/PENTAX-K-5-14.08.16-16-02-42-600x600.jpg 600w, https:\/\/www.katunroads.me\/wp-content\/uploads\/2017\/06\/PENTAX-K-5-14.08.16-16-02-42-350x350.jpg 350w\" sizes=\"auto, (max-width: 150px) 100vw, 150px\" \/><\/div>\t\t<\/div>\r\n\t\t\t<\/article>\r\n\t<article class=\"w-grid-item size_1x1 post-3076 attachment type-attachment status-inherit hentry\" data-id=\"3076\">\r\n\t\t<div class=\"w-grid-item-h\">\r\n\t\t\t\t\t\t\t<a ref=\"magnificPopupGrid\" href=\"https:\/\/www.katunroads.me\/wp-content\/uploads\/2017\/06\/Cakor-Pentax-K-5-01.07.2011-18-41-14.jpg\" class=\"w-grid-item-anchor\" aria-label=\"\u010cakor Katun Roads\"><\/a>\r\n\t\t\t\t\t\t<div class=\"w-post-elm post_image usg_post_image_1 stretched\"><img loading=\"lazy\" decoding=\"async\" width=\"150\" height=\"150\" src=\"https:\/\/www.katunroads.me\/wp-content\/uploads\/2017\/06\/Cakor-Pentax-K-5-01.07.2011-18-41-14-150x150.jpg\" class=\"attachment-thumbnail size-thumbnail\" alt=\"\" srcset=\"https:\/\/www.katunroads.me\/wp-content\/uploads\/2017\/06\/Cakor-Pentax-K-5-01.07.2011-18-41-14-150x150.jpg 150w, https:\/\/www.katunroads.me\/wp-content\/uploads\/2017\/06\/Cakor-Pentax-K-5-01.07.2011-18-41-14-600x600.jpg 600w, https:\/\/www.katunroads.me\/wp-content\/uploads\/2017\/06\/Cakor-Pentax-K-5-01.07.2011-18-41-14-350x350.jpg 350w\" sizes=\"auto, (max-width: 150px) 100vw, 150px\" \/><\/div>\t\t<\/div>\r\n\t\t\t<\/article>\r\n<\/div>\t<div class=\"w-grid-preloader\">\r\n\t\t<div class=\"g-preloader type_5\">\r\n\t\t\t<div><\/div>\r\n\t\t<\/div>\r\n\t<\/div>\r\n\t\t<div class=\"w-grid-json hidden\" onclick='return {&quot;action&quot;:&quot;us_ajax_grid&quot;,&quot;infinite_scroll&quot;:0,&quot;max_num_pages&quot;:1,&quot;pagination&quot;:&quot;none&quot;,&quot;template_vars&quot;:{&quot;columns&quot;:&quot;6&quot;,&quot;exclude_items&quot;:&quot;none&quot;,&quot;img_size&quot;:&quot;thumbnail&quot;,&quot;ignore_items_size&quot;:0,&quot;items_layout&quot;:&quot;gallery_default&quot;,&quot;items_offset&quot;:&quot;1&quot;,&quot;load_animation&quot;:&quot;none&quot;,&quot;overriding_link&quot;:&quot;%7B%22type%22%3A%22popup_image%22%7D&quot;,&quot;post_id&quot;:0,&quot;query_args&quot;:{&quot;post_type&quot;:[&quot;attachment&quot;],&quot;post__in&quot;:[&quot;2325&quot;,&quot;2326&quot;,&quot;2327&quot;,&quot;2329&quot;,&quot;2330&quot;,&quot;2332&quot;],&quot;post_status&quot;:&quot;inherit&quot;,&quot;post_mime_type&quot;:&quot;image&quot;,&quot;posts_per_page&quot;:999},&quot;orderby_query_args&quot;:{&quot;orderby&quot;:{&quot;post__in&quot;:&quot;ASC&quot;},&quot;order&quot;:&quot;ASC&quot;},&quot;type&quot;:&quot;grid&quot;,&quot;us_grid_post_type&quot;:&quot;attachment&quot;,&quot;us_grid_ajax_index&quot;:1,&quot;us_grid_filter_query_string&quot;:null,&quot;us_grid_index&quot;:1,&quot;page_args&quot;:[],&quot;lang&quot;:&quot;en&quot;}}'><\/div>\r\n\t<\/div><div class=\"w-separator size_medium\"><\/div><div class=\"wpb_text_column\"><div class=\"wpb_wrapper\"><p>Geographical position and shape, the abundance of vistas, the water, wealthy and miscellaneous flora and fauna, katuns \u2013 they all make \u010cakor one of the most beautiful regions in this part of Montenegro.<\/p>\n<p>The mountain pass \u010cakor, located between the mountain \u010cakor (2058m) and Mokra Gora, at the altitude of 1,849 m used to be the highest road pass in former Yugoslavia. The pass is a watershed between the river Lim (by Drina, Sava, Danube it gets to the Black sea) and Pe\u0107ka Bistrica (by Drim and Bojana it gets to the Adriatic Sea). The road from Murino (a place close to Andrijevica) to Pe\u0107, Kosovo meanders over the pass, built in 1926. This was the shortest connection of Macedonia, Kosovo and southeast part of Serbia to the Adriatic Sea. The road on the Montenegrin side, from Murino to Bjeluha was paved in 2013.<\/p>\n<p>\u010cakor is an important geographical and historical, even economical and civilization point of the Balkans. True, there is little evidence of this fact today, besides several monuments at the pass. A famous tavern located at the pass closed long ago. However, visitors are welcomed by the cattle breeders from the close-by katuns, as is in their ancient tradition.<\/p>\n<p>The pass is also known as a viewpoint, as crossroads of pristine roads, a place of historical events, gatherings of people and the abode of the Icy Wind.<\/p>\n<p>Many Montenegrin mountains can be seen from here. A large village called Velika spans on one side of the pass, the river Lim is close by, proud peaks of Visitor, Zelatin \u2026 The other side is taken by Rugovska gorge where Pe\u0107ka Bistrica snakes through tame and fertile Metohija plains. On the right and left, there are paths which lead towards other viewpoints, valleys and katuns (\u010cakor spring, \u0160ip, Rupice, Je\u010dmi\u0161te, Jelenak, Lijepi do&#8230;)<\/p>\n<p>During the summer, the Icy Wind is at a standstill. One will only feel its caress at the pass.<\/p>\n<p>The mountain is teeming with springs of excellent water. For its quality and lower water temperature, \u010cakorski stream stands out.<\/p>\n<p>Unfortunately, the number of livestock and cattle breeders is smaller today than it used to be, even though the pastures are as grassy as ever. Lijepi do (Beautifull Valley) katun for example, whose beauty is outlined in its very name, is completely neglected.\u00a0 However, a road from Lijepi do to Vaganice has recently been made, and thus connected mountains \u010cakor and Mokra have become more available and open for a new life, development of cattle breeding, development of tourism, speleological and other research.<\/p>\n<\/div><\/div><div class=\"w-separator size_medium\"><\/div><div class=\"w-sharing type_outlined align_none color_default\"><div class=\"w-sharing-list\" data-content-image=\"true\"><a class=\"w-sharing-item email\" href=\"mailto:?subject=\u010cakor+Katun+Roads&amp;body=https:\/\/www.katunroads.me\/en\/wp-json\/wp\/v2\/pages\/3412\" title=\"Email this\" aria-label=\"Email this\"><i class=\"fas fa-envelope\"><\/i><\/a><a class=\"w-sharing-item facebook\" href=\"https:\/\/www.facebook.com\/sharer\/sharer.php?u=https:\/\/www.katunroads.me\/en\/wp-json\/wp\/v2\/pages\/3412&amp;quote=\u010cakor+Katun+Roads\" title=\"Share this\" aria-label=\"Share this\" onclick=\"window.open(this.href, &quot;facebook&quot;, &quot;toolbar=0,width=900,height=500&quot;); return false;\"><i class=\"fab fa-facebook\"><\/i><\/a><a class=\"w-sharing-item twitter\" href=\"https:\/\/twitter.com\/intent\/tweet?text=\u010cakor+Katun+Roads&amp;url=https:\/\/www.katunroads.me\/en\/wp-json\/wp\/v2\/pages\/3412\" title=\"Share this\" aria-label=\"Share this\" onclick=\"window.open(this.href, &quot;twitter&quot;, &quot;toolbar=0,width=650,height=360&quot;); return false;\"><i class=\"fab fa-x-twitter\"><svg style=\"width:1em; margin-bottom:-.1em;\" xmlns=\"http:\/\/www.w3.org\/2000\/svg\" viewBox=\"0 0 512 512\" role=\"presentation\"><path fill=\"currentColor\" d=\"M389.2 48h70.6L305.6 224.2 487 464H345L233.7 318.6 106.5 464H35.8L200.7 275.5 26.8 48H172.4L272.9 180.9 389.2 48zM364.4 421.8h39.1L151.1 88h-42L364.4 421.8z\"\/><\/svg><\/i><\/a><\/div><\/div><\/div><\/div><div class=\"wpb_column vc_column_container\"><div class=\"vc_column-inner\">[vc_wp_custommenu title=&#8221;List of mountains&#8221; nav_menu=&#8221;60&#8243;]<div class=\"w-separator size_large\"><\/div>[vc_wp_custommenu title=&#8221;Explore more&#8221; nav_menu=&#8221;72&#8243;]<div class=\"w-separator size_large\"><\/div><nav class=\"w-menu us_custom_eb849559 layout_ver style_blocks us_menu_1\" style=\"--main-gap:0.5rem;--main-ver-indent:0.8em;--main-hor-indent:0.8em;--main-bg-color:var(--color-header-transparent-bg);--main-color:var(--color-header-middle-text);--main-hover-bg-color:var(--color-header-middle-bg);--main-hover-color:var(--color-header-transparent-text);\"><ul id=\"menu-partnerski-portali-en\" class=\"menu\"><li id=\"menu-item-7914\" class=\"menu-item menu-item-type-custom menu-item-object-custom menu-item-7914\"><a href=\"https:\/\/www.montenegro.travel\/en\">NATIONAL TOURIST ORGANIZATION OF MONTENEGRO<\/a><\/li><li id=\"menu-item-6913\" class=\"menu-item menu-item-type-custom menu-item-object-custom menu-item-6913\"><a href=\"http:\/\/www.ruralholiday.me\/en\/\">RURALHOLIDAY.ME<\/a><\/li><li id=\"menu-item-6914\" class=\"menu-item menu-item-type-custom menu-item-object-custom menu-item-6914\"><a href=\"http:\/\/www.montegastro.me\/en\/\">MONTEGASTRO.ME<\/a><\/li><li id=\"menu-item-6915\" class=\"menu-item menu-item-type-custom menu-item-object-custom menu-item-6915\"><a href=\"http:\/\/www.accursed-mountains.me\/en\/\">ACCURSED-MOUNTAINS.ME<\/a><\/li><li id=\"menu-item-7135\" class=\"menu-item menu-item-type-custom menu-item-object-custom menu-item-7135\"><a href=\"http:\/\/www.pedalaj.me\/\">PEDALAJ.ME<\/a><\/li><\/ul><style>@media ( max-width:600px ){.us_menu_1 .menu{display:block!important}.us_menu_1 .menu>li:not(:last-child){margin:0 0 var(--main-gap,0.5rem)!important}}<\/style><\/nav><\/div><\/div><\/div><\/div><\/section>\n","protected":false},"excerpt":{"rendered":"","protected":false},"author":1,"featured_media":3070,"parent":3399,"menu_order":0,"comment_status":"closed","ping_status":"closed","template":"","meta":{"_acf_changed":false,"footnotes":""},"class_list":["post-3412","page","type-page","status-publish","has-post-thumbnail","hentry"],"acf":[],"_links":{"self":[{"href":"https:\/\/www.katunroads.me\/en\/wp-json\/wp\/v2\/pages\/3412","targetHints":{"allow":["GET"]}}],"collection":[{"href":"https:\/\/www.katunroads.me\/en\/wp-json\/wp\/v2\/pages"}],"about":[{"href":"https:\/\/www.katunroads.me\/en\/wp-json\/wp\/v2\/types\/page"}],"author":[{"embeddable":true,"href":"https:\/\/www.katunroads.me\/en\/wp-json\/wp\/v2\/users\/1"}],"replies":[{"embeddable":true,"href":"https:\/\/www.katunroads.me\/en\/wp-json\/wp\/v2\/comments?post=3412"}],"version-history":[{"count":8,"href":"https:\/\/www.katunroads.me\/en\/wp-json\/wp\/v2\/pages\/3412\/revisions"}],"predecessor-version":[{"id":7043,"href":"https:\/\/www.katunroads.me\/en\/wp-json\/wp\/v2\/pages\/3412\/revisions\/7043"}],"up":[{"embeddable":true,"href":"https:\/\/www.katunroads.me\/en\/wp-json\/wp\/v2\/pages\/3399"}],"wp:featuredmedia":[{"embeddable":true,"href":"https:\/\/www.katunroads.me\/en\/wp-json\/wp\/v2\/media\/3070"}],"wp:attachment":[{"href":"https:\/\/www.katunroads.me\/en\/wp-json\/wp\/v2\/media?parent=3412"}],"curies":[{"name":"wp","href":"https:\/\/api.w.org\/{rel}","templated":true}]}}