{"id":3477,"date":"2017-08-15T10:35:49","date_gmt":"2017-08-15T10:35:49","guid":{"rendered":"http:\/\/www.katunroads.me\/katun-road-montenegro\/gostoljublje\/"},"modified":"2022-07-20T15:33:03","modified_gmt":"2022-07-20T15:33:03","slug":"hospitality","status":"publish","type":"page","link":"https:\/\/www.katunroads.me\/en\/katun-road-borderline-heights\/hospitality\/","title":{"rendered":"Hospitality"},"content":{"rendered":"<section class=\"l-section wpb_row height_medium width_full parallax_ver with_shape\"><div class=\"l-section-shape type_zigzag pos_bottom\" style=\"height:15vmin;\"><svg xmlns=\"http:\/\/www.w3.org\/2000\/svg\" viewBox=\"0 0 64 8\" preserveAspectRatio=\"none\" width=\"100%\" height=\"100%\">\r\n\t<path fill=\"currentColor\" d=\"M64 8 L0 8 L0 0 L20 7.9 L40 3 L48 5 L64 0 Z\"\/>\r\n<\/svg><\/div><div class=\"l-section-h i-cf\"><div class=\"g-cols vc_row via_grid cols_1 laptops-cols_inherit tablets-cols_inherit mobiles-cols_1 valign_top type_default stacking_default\"><div class=\"wpb_column vc_column_container\"><div class=\"vc_column-inner\"><\/div><\/div><\/div><\/div><\/section><section class=\"l-section wpb_row height_medium\"><div class=\"l-section-h i-cf\"><div class=\"g-cols vc_row via_grid cols_2-1 laptops-cols_inherit tablets-cols_inherit mobiles-cols_1 valign_top type_default stacking_default\"><div class=\"wpb_column vc_column_container\"><div class=\"vc_column-inner\"><div class=\"wpb_text_column\"><div class=\"wpb_wrapper\">\t\t\t<!-- Flexy Breadcrumb -->\r\n\t\t\t<div class=\"fbc fbc-page\">\r\n\r\n\t\t\t\t<!-- Breadcrumb wrapper -->\r\n\t\t\t\t<div class=\"fbc-wrap\">\r\n\r\n\t\t\t\t\t<!-- Ordered list-->\r\n\t\t\t\t\t<ol class=\"fbc-items\" itemscope itemtype=\"https:\/\/schema.org\/BreadcrumbList\">\r\n\t\t\t\t\t\t            <li itemprop=\"itemListElement\" itemscope itemtype=\"https:\/\/schema.org\/ListItem\">\r\n                <span itemprop=\"name\">\r\n                    <!-- Home Link -->\r\n                    <a itemprop=\"item\" href=\"http:\/\/www.katunroads.me\">\r\n                    \r\n                                                    <i class=\"fa fa-home\" aria-hidden=\"true\"><\/i>                    <\/a>\r\n                <\/span>\r\n                <meta itemprop=\"position\" content=\"1\" \/><!-- Meta Position-->\r\n             <\/li><li><span class=\"fbc-separator\">\/<\/span><\/li><li class=\"active\" itemprop=\"itemListElement\" itemscope itemtype=\"https:\/\/schema.org\/ListItem\"><span itemprop=\"name\" title=\"Hospitality\">Hospitality<\/span><meta itemprop=\"position\" content=\"2\" \/><\/li>\t\t\t\t\t<\/ol>\r\n\t\t\t\t\t<div class=\"clearfix\"><\/div>\r\n\t\t\t\t<\/div>\r\n\t\t\t<\/div>\r\n\t\t\t\n<\/div><\/div>[vc_custom_heading source=&#8221;post_title&#8221; font_container=&#8221;tag:h2|text_align:left|color:%23b2784c&#8221; use_theme_fonts=&#8221;yes&#8221; css=&#8221;%7B%22default%22%3A%7B%22color%22%3A%22%23b2784c%22%7D%7D&#8221;]<div class=\"wpb_text_column\"><div class=\"wpb_wrapper\"><p>Locals from Velika, Ma\u0161nica, R\u017eanica, villages from the area of \u0160ekular visit the katuns of \u010cakor and Mokra, most of them of Montenegrin and Serbian nationality.<\/p>\n<p>The population settled in the area of Hajla is mostly Albanian, Bosniak, Montenegrin and Serbian. Many of them even today make their living from cattle breeding, but they go up to the mountain rarely and that is why there are more active katuns on the Rugova (Kosovo) side of Hajla.<\/p>\n<p>Even though this border area has always been the contact zone of different tribes and people, which would often conflict over pastures and herds, the shepherds had a lot in common. Since they were often on a move with their herds, in vast expanses referred to each other, learning from one another and cooperating, Albanian and Slav tribes developed strong bonds, they would even undertake joint actions. The vocabulary of Albanian language has got a lot of Slav words from many areas of life. Slavs highly appreciated\u00a0 the \u201cfirm commitment\u201d of Albanians, the fact that they easily kept their promise \u2013 besa.<\/p>\n<p>The common trait is a special, katun-like, hospitality.<\/p>\n<p>Katun way of life, along the vast mountain pastures and endless forests of spruce and fir, is recognizable for the fact that each and every host, whatever his nationality or religion or clan affiliation, happily welcomes every well-intentioned guest.<\/p>\n<\/div><\/div><div class=\"w-separator size_medium\"><\/div><div class=\"w-sharing type_outlined align_none color_default\"><div class=\"w-sharing-list\"><a class=\"w-sharing-item email\" href=\"mailto:?subject=Hospitality&amp;body=https:\/\/www.katunroads.me\/en\/wp-json\/wp\/v2\/pages\/3477\" title=\"Email this\" aria-label=\"Email this\"><i class=\"fas fa-envelope\"><\/i><\/a><a class=\"w-sharing-item facebook\" href=\"https:\/\/www.facebook.com\/sharer\/sharer.php?u=https:\/\/www.katunroads.me\/en\/wp-json\/wp\/v2\/pages\/3477&amp;quote=Hospitality\" title=\"Share this\" aria-label=\"Share this\" onclick=\"window.open(this.href, &quot;facebook&quot;, &quot;toolbar=0,width=900,height=500&quot;); return false;\"><i class=\"fab fa-facebook\"><\/i><\/a><a class=\"w-sharing-item twitter\" href=\"https:\/\/twitter.com\/intent\/tweet?text=Hospitality&amp;url=https:\/\/www.katunroads.me\/en\/wp-json\/wp\/v2\/pages\/3477\" title=\"Share this\" aria-label=\"Share this\" onclick=\"window.open(this.href, &quot;twitter&quot;, &quot;toolbar=0,width=650,height=360&quot;); return false;\"><i class=\"fab fa-x-twitter\"><svg style=\"width:1em; margin-bottom:-.1em;\" xmlns=\"http:\/\/www.w3.org\/2000\/svg\" viewBox=\"0 0 512 512\" role=\"presentation\"><path fill=\"currentColor\" d=\"M389.2 48h70.6L305.6 224.2 487 464H345L233.7 318.6 106.5 464H35.8L200.7 275.5 26.8 48H172.4L272.9 180.9 389.2 48zM364.4 421.8h39.1L151.1 88h-42L364.4 421.8z\"\/><\/svg><\/i><\/a><\/div><\/div><\/div><\/div><div class=\"wpb_column vc_column_container\"><div class=\"vc_column-inner\">[vc_wp_custommenu title=&#8221;Explore more&#8221; nav_menu=&#8221;72&#8243;]<div class=\"w-separator size_medium\"><\/div><nav class=\"w-menu us_custom_eb849559 layout_ver style_blocks us_menu_1\" style=\"--main-gap:0.5rem;--main-ver-indent:0.8em;--main-hor-indent:0.8em;--main-bg-color:var(--color-header-transparent-bg);--main-color:var(--color-header-middle-text);--main-hover-bg-color:var(--color-header-middle-bg);--main-hover-color:var(--color-header-transparent-text);\"><ul id=\"menu-partnerski-portali-en\" class=\"menu\"><li id=\"menu-item-7914\" class=\"menu-item menu-item-type-custom menu-item-object-custom menu-item-7914\"><a href=\"https:\/\/www.montenegro.travel\/en\">NATIONAL TOURIST ORGANIZATION OF MONTENEGRO<\/a><\/li><li id=\"menu-item-6913\" class=\"menu-item menu-item-type-custom menu-item-object-custom menu-item-6913\"><a href=\"http:\/\/www.ruralholiday.me\/en\/\">RURALHOLIDAY.ME<\/a><\/li><li id=\"menu-item-6914\" class=\"menu-item menu-item-type-custom menu-item-object-custom menu-item-6914\"><a href=\"http:\/\/www.montegastro.me\/en\/\">MONTEGASTRO.ME<\/a><\/li><li id=\"menu-item-6915\" class=\"menu-item menu-item-type-custom menu-item-object-custom menu-item-6915\"><a href=\"http:\/\/www.accursed-mountains.me\/en\/\">ACCURSED-MOUNTAINS.ME<\/a><\/li><li id=\"menu-item-7135\" class=\"menu-item menu-item-type-custom menu-item-object-custom menu-item-7135\"><a href=\"http:\/\/www.pedalaj.me\/\">PEDALAJ.ME<\/a><\/li><\/ul><style>@media ( max-width:600px ){.us_menu_1 .menu{display:block!important}.us_menu_1 .menu>li:not(:last-child){margin:0 0 var(--main-gap,0.5rem)!important}}<\/style><\/nav><\/div><\/div><\/div><\/div><\/section>\n","protected":false},"excerpt":{"rendered":"\/Hospitality [vc_custom_heading source=\"post_title\" font_container=\"tag:h2|text_align:left|color:%23b2784c\" use_theme_fonts=\"yes\" css=\"%7B%22default%22%3A%7B%22color%22%3A%22%23b2784c%22%7D%7D\"]Locals from Velika, Ma\u0161nica, R\u017eanica, villages from the area of \u0160ekular visit the katuns of \u010cakor and Mokra, most of them of Montenegrin and Serbian nationality. The population settled in the area of Hajla is mostly Albanian, Bosniak, Montenegrin and Serbian. Many of them even today make their living from...","protected":false},"author":1,"featured_media":3474,"parent":2768,"menu_order":0,"comment_status":"closed","ping_status":"closed","template":"","meta":{"_acf_changed":false,"footnotes":""},"class_list":["post-3477","page","type-page","status-publish","has-post-thumbnail","hentry"],"acf":[],"_links":{"self":[{"href":"https:\/\/www.katunroads.me\/en\/wp-json\/wp\/v2\/pages\/3477","targetHints":{"allow":["GET"]}}],"collection":[{"href":"https:\/\/www.katunroads.me\/en\/wp-json\/wp\/v2\/pages"}],"about":[{"href":"https:\/\/www.katunroads.me\/en\/wp-json\/wp\/v2\/types\/page"}],"author":[{"embeddable":true,"href":"https:\/\/www.katunroads.me\/en\/wp-json\/wp\/v2\/users\/1"}],"replies":[{"embeddable":true,"href":"https:\/\/www.katunroads.me\/en\/wp-json\/wp\/v2\/comments?post=3477"}],"version-history":[{"count":6,"href":"https:\/\/www.katunroads.me\/en\/wp-json\/wp\/v2\/pages\/3477\/revisions"}],"predecessor-version":[{"id":7102,"href":"https:\/\/www.katunroads.me\/en\/wp-json\/wp\/v2\/pages\/3477\/revisions\/7102"}],"up":[{"embeddable":true,"href":"https:\/\/www.katunroads.me\/en\/wp-json\/wp\/v2\/pages\/2768"}],"wp:featuredmedia":[{"embeddable":true,"href":"https:\/\/www.katunroads.me\/en\/wp-json\/wp\/v2\/media\/3474"}],"wp:attachment":[{"href":"https:\/\/www.katunroads.me\/en\/wp-json\/wp\/v2\/media?parent=3477"}],"curies":[{"name":"wp","href":"https:\/\/api.w.org\/{rel}","templated":true}]}}