{"id":3598,"date":"2017-08-10T08:56:44","date_gmt":"2017-08-10T08:56:44","guid":{"rendered":"http:\/\/www.katunroads.me\/katun-road-kosovo\/planine\/"},"modified":"2022-07-20T17:49:36","modified_gmt":"2022-07-20T17:49:36","slug":"mountains","status":"publish","type":"page","link":"https:\/\/www.katunroads.me\/en\/katun-road-kosovo\/mountains\/","title":{"rendered":"Mountains"},"content":{"rendered":"<section class=\"l-section wpb_row height_medium width_full parallax_ver with_shape\"><div class=\"l-section-shape type_zigzag pos_bottom\" style=\"height:15vmin;\"><svg xmlns=\"http:\/\/www.w3.org\/2000\/svg\" viewBox=\"0 0 64 8\" preserveAspectRatio=\"none\" width=\"100%\" height=\"100%\">\r\n\t<path fill=\"currentColor\" d=\"M64 8 L0 8 L0 0 L20 7.9 L40 3 L48 5 L64 0 Z\"\/>\r\n<\/svg><\/div><div class=\"l-section-h i-cf\"><div class=\"g-cols vc_row via_grid cols_1 laptops-cols_inherit tablets-cols_inherit mobiles-cols_1 valign_top type_default stacking_default\"><div class=\"wpb_column vc_column_container\"><div class=\"vc_column-inner\"><\/div><\/div><\/div><\/div><\/section><section class=\"l-section wpb_row height_medium\"><div class=\"l-section-h i-cf\"><div class=\"g-cols vc_row via_grid cols_2-1 laptops-cols_inherit tablets-cols_inherit mobiles-cols_1 valign_top type_default stacking_default\"><div class=\"wpb_column vc_column_container\"><div class=\"vc_column-inner\"><div class=\"wpb_text_column\"><div class=\"wpb_wrapper\">\t\t\t<!-- Flexy Breadcrumb -->\r\n\t\t\t<div class=\"fbc fbc-page\">\r\n\r\n\t\t\t\t<!-- Breadcrumb wrapper -->\r\n\t\t\t\t<div class=\"fbc-wrap\">\r\n\r\n\t\t\t\t\t<!-- Ordered list-->\r\n\t\t\t\t\t<ol class=\"fbc-items\" itemscope itemtype=\"https:\/\/schema.org\/BreadcrumbList\">\r\n\t\t\t\t\t\t            <li itemprop=\"itemListElement\" itemscope itemtype=\"https:\/\/schema.org\/ListItem\">\r\n                <span itemprop=\"name\">\r\n                    <!-- Home Link -->\r\n                    <a itemprop=\"item\" href=\"http:\/\/www.katunroads.me\">\r\n                    \r\n                                                    <i class=\"fa fa-home\" aria-hidden=\"true\"><\/i>                    <\/a>\r\n                <\/span>\r\n                <meta itemprop=\"position\" content=\"1\" \/><!-- Meta Position-->\r\n             <\/li><li><span class=\"fbc-separator\">\/<\/span><\/li><li class=\"active\" itemprop=\"itemListElement\" itemscope itemtype=\"https:\/\/schema.org\/ListItem\"><span itemprop=\"name\" title=\"Mountains\">Mountains<\/span><meta itemprop=\"position\" content=\"2\" \/><\/li>\t\t\t\t\t<\/ol>\r\n\t\t\t\t\t<div class=\"clearfix\"><\/div>\r\n\t\t\t\t<\/div>\r\n\t\t\t<\/div>\r\n\t\t\t\n<\/div><\/div>[vc_custom_heading source=&#8221;post_title&#8221; font_container=&#8221;tag:h2|text_align:left|color:%23b2784c&#8221; use_theme_fonts=&#8221;yes&#8221; css=&#8221;%7B%22default%22%3A%7B%22color%22%3A%22%23b2784c%22%7D%7D&#8221;]<div class=\"wpb_text_column\"><div class=\"wpb_wrapper\"><p>Mountains of the municipality of De\u00e7an and Junik have rare natural beauties. Mountains which we recommend to visit are:<\/p>\n<ul>\n<li><strong>The Valley of Lum\u00ebbardh<\/strong> lies in De\u00e7an and\u00a0 is formed in front of the Two Rivers; Kozhnjerit (right) und Marjashit (Right). There is a surface of the first 278.3 km of catchment basin.<\/li>\n<li>The tourist attraction of <strong>Radoniq<\/strong>.<\/li>\n<li>The tourist attraction of <strong>Podi i G\u00ebshtenjave<\/strong> is touristic potential\u00a0 within Decan Municipality and natural, especial attraction of Decan and many families from this municipality finance\u00a0 their families by collecting and selling chestnut in the market.<\/li>\n<li>The tourist attraction of <strong>Pishat e De\u00e7anit<\/strong> has a surface of 15 hectares, is a protected natural area of Kosovo since 1968, this area is composed of black pine at De\u00e7an Monastery. De\u00e7an Pines is a rare natural resource with healing properties and is used for health tourism.<\/li>\n<li>The tourist attraction of <strong>Bellese and Pleqa<\/strong>.<\/li>\n<li>The tourist attraction of <strong>Kozhnjer.<\/strong> Kozhnjeri is located in the municipality of De\u00e7an \/ Decani and is a protected area since 1955. This area is richer with the most typical wildlife reserve as\u00a0 is the wild goat (Rupicapra rupicapra L.).<\/li>\n<li><strong>Belegu mountains &#8211; <\/strong>The tops of the belegut mountains are rocky, but from the richness and variety with aesthetic-decorative elements. These parts are characterized by highly contrasting landscapes, with characteristic shapes, often inhospitable valleys and very steep and sharp peaks. In Beleg Mountains, sub-polar flora and vegetation are preserved, and are rich in liquid pastures, rich in heavy rainfall and snowfall.<\/li>\n<li><strong>MILISHEVC MOUNTAINS<\/strong> This mountain is quite high, and the milestone of the milisevec seems all Albanian alps, the mountain of milisevci is characterized by very beautiful landscapes, flora and fauna in this part is widespread. This mountain is used for pasture for livestock as well as for tourism.<\/li>\n<li><strong>GJERAVICA<\/strong> with 2,656 m above sea level is the highest peak in the Albanian Alps (Bjeshk\u00ebt e Nemuna) in the Kosovo part, although the height can be up to a few feet higher, still unconfirmed by GPS. It is ranked as the third peak after the peak of Mount Korab and Jezercit, which is located in the Albanian Alps and is 2764 meters high, Korabi Mountain 41\u00ba48&#8217;N-20\u00ba30&#8217;E). This mountain top is located in the west of Kosovo, namely in the mountains of the Bjeshk\u00ebt e Nemuna that divide the state border of De\u00e7an municipality with Albania. The tip of Gjeravica belongs to the territory of the municipality of De\u00e7an, and next to it is the other peak Gusani, which is located immediately after Gjeravica. flora and fauna in this part is widespread.<\/li>\n<\/ul>\n<\/div><\/div><div class=\"w-separator size_medium\"><\/div><div class=\"w-sharing type_outlined align_none color_default\"><div class=\"w-sharing-list\"><a class=\"w-sharing-item email\" href=\"mailto:?subject=Mountains&amp;body=https:\/\/www.katunroads.me\/en\/wp-json\/wp\/v2\/pages\/3598\" title=\"Email this\" aria-label=\"Email this\"><i class=\"fas fa-envelope\"><\/i><\/a><a class=\"w-sharing-item facebook\" href=\"https:\/\/www.facebook.com\/sharer\/sharer.php?u=https:\/\/www.katunroads.me\/en\/wp-json\/wp\/v2\/pages\/3598&amp;quote=Mountains\" title=\"Share this\" aria-label=\"Share this\" onclick=\"window.open(this.href, &quot;facebook&quot;, &quot;toolbar=0,width=900,height=500&quot;); return false;\"><i class=\"fab fa-facebook\"><\/i><\/a><a class=\"w-sharing-item twitter\" href=\"https:\/\/twitter.com\/intent\/tweet?text=Mountains&amp;url=https:\/\/www.katunroads.me\/en\/wp-json\/wp\/v2\/pages\/3598\" title=\"Share this\" aria-label=\"Share this\" onclick=\"window.open(this.href, &quot;twitter&quot;, &quot;toolbar=0,width=650,height=360&quot;); return false;\"><i class=\"fab fa-x-twitter\"><svg style=\"width:1em; margin-bottom:-.1em;\" xmlns=\"http:\/\/www.w3.org\/2000\/svg\" viewBox=\"0 0 512 512\" role=\"presentation\"><path fill=\"currentColor\" d=\"M389.2 48h70.6L305.6 224.2 487 464H345L233.7 318.6 106.5 464H35.8L200.7 275.5 26.8 48H172.4L272.9 180.9 389.2 48zM364.4 421.8h39.1L151.1 88h-42L364.4 421.8z\"\/><\/svg><\/i><\/a><\/div><\/div><\/div><\/div><div class=\"wpb_column vc_column_container\"><div class=\"vc_column-inner\">[vc_wp_custommenu title=&#8221;Explore&#8221; nav_menu=&#8221;63&#8243;]<\/div><\/div><\/div><\/div><\/section>\n","protected":false},"excerpt":{"rendered":"\/Mountains [vc_custom_heading source=\"post_title\" font_container=\"tag:h2|text_align:left|color:%23b2784c\" use_theme_fonts=\"yes\" css=\"%7B%22default%22%3A%7B%22color%22%3A%22%23b2784c%22%7D%7D\"]Mountains of the municipality of De\u00e7an and Junik have rare natural beauties. Mountains which we recommend to visit are: The Valley of Lum\u00ebbardh lies in De\u00e7an and\u00a0 is formed in front of the Two Rivers; Kozhnjerit (right) und Marjashit (Right). There is a surface of the first 278.3 km of...","protected":false},"author":1,"featured_media":3270,"parent":3590,"menu_order":0,"comment_status":"closed","ping_status":"closed","template":"","meta":{"_acf_changed":false,"footnotes":""},"class_list":["post-3598","page","type-page","status-publish","has-post-thumbnail","hentry"],"acf":[],"_links":{"self":[{"href":"https:\/\/www.katunroads.me\/en\/wp-json\/wp\/v2\/pages\/3598","targetHints":{"allow":["GET"]}}],"collection":[{"href":"https:\/\/www.katunroads.me\/en\/wp-json\/wp\/v2\/pages"}],"about":[{"href":"https:\/\/www.katunroads.me\/en\/wp-json\/wp\/v2\/types\/page"}],"author":[{"embeddable":true,"href":"https:\/\/www.katunroads.me\/en\/wp-json\/wp\/v2\/users\/1"}],"replies":[{"embeddable":true,"href":"https:\/\/www.katunroads.me\/en\/wp-json\/wp\/v2\/comments?post=3598"}],"version-history":[{"count":5,"href":"https:\/\/www.katunroads.me\/en\/wp-json\/wp\/v2\/pages\/3598\/revisions"}],"predecessor-version":[{"id":7119,"href":"https:\/\/www.katunroads.me\/en\/wp-json\/wp\/v2\/pages\/3598\/revisions\/7119"}],"up":[{"embeddable":true,"href":"https:\/\/www.katunroads.me\/en\/wp-json\/wp\/v2\/pages\/3590"}],"wp:featuredmedia":[{"embeddable":true,"href":"https:\/\/www.katunroads.me\/en\/wp-json\/wp\/v2\/media\/3270"}],"wp:attachment":[{"href":"https:\/\/www.katunroads.me\/en\/wp-json\/wp\/v2\/media?parent=3598"}],"curies":[{"name":"wp","href":"https:\/\/api.w.org\/{rel}","templated":true}]}}