{"id":3659,"date":"2017-02-18T09:42:40","date_gmt":"2017-02-18T09:42:40","guid":{"rendered":"http:\/\/www.katunroads.me\/katun-road-montenegro\/biodiverzitet\/"},"modified":"2022-07-20T11:32:29","modified_gmt":"2022-07-20T11:32:29","slug":"biodiversity","status":"publish","type":"page","link":"https:\/\/www.katunroads.me\/en\/katun-road-borderline-heights\/biodiversity\/","title":{"rendered":"Biodiversity"},"content":{"rendered":"<section class=\"l-section wpb_row height_medium width_full parallax_ver with_shape\"><div class=\"l-section-shape type_zigzag pos_bottom\" style=\"height:15vmin;\"><svg xmlns=\"http:\/\/www.w3.org\/2000\/svg\" viewBox=\"0 0 64 8\" preserveAspectRatio=\"none\" width=\"100%\" height=\"100%\">\r\n\t<path fill=\"currentColor\" d=\"M64 8 L0 8 L0 0 L20 7.9 L40 3 L48 5 L64 0 Z\"\/>\r\n<\/svg><\/div><div class=\"l-section-h i-cf\"><div class=\"g-cols vc_row via_grid cols_1 laptops-cols_inherit tablets-cols_inherit mobiles-cols_1 valign_top type_default stacking_default\"><div class=\"wpb_column vc_column_container\"><div class=\"vc_column-inner\"><\/div><\/div><\/div><\/div><\/section><section class=\"l-section wpb_row height_medium\"><div class=\"l-section-h i-cf\"><div class=\"g-cols vc_row via_grid cols_2-1 laptops-cols_inherit tablets-cols_inherit mobiles-cols_1 valign_top type_default stacking_default\"><div class=\"wpb_column vc_column_container\"><div class=\"vc_column-inner\"><div class=\"wpb_text_column\"><div class=\"wpb_wrapper\">\t\t\t<!-- Flexy Breadcrumb -->\r\n\t\t\t<div class=\"fbc fbc-page\">\r\n\r\n\t\t\t\t<!-- Breadcrumb wrapper -->\r\n\t\t\t\t<div class=\"fbc-wrap\">\r\n\r\n\t\t\t\t\t<!-- Ordered list-->\r\n\t\t\t\t\t<ol class=\"fbc-items\" itemscope itemtype=\"https:\/\/schema.org\/BreadcrumbList\">\r\n\t\t\t\t\t\t            <li itemprop=\"itemListElement\" itemscope itemtype=\"https:\/\/schema.org\/ListItem\">\r\n                <span itemprop=\"name\">\r\n                    <!-- Home Link -->\r\n                    <a itemprop=\"item\" href=\"http:\/\/www.katunroads.me\">\r\n                    \r\n                                                    <i class=\"fa fa-home\" aria-hidden=\"true\"><\/i>                    <\/a>\r\n                <\/span>\r\n                <meta itemprop=\"position\" content=\"1\" \/><!-- Meta Position-->\r\n             <\/li><li><span class=\"fbc-separator\">\/<\/span><\/li><li class=\"active\" itemprop=\"itemListElement\" itemscope itemtype=\"https:\/\/schema.org\/ListItem\"><span itemprop=\"name\" title=\"Biodiversity\">Biodiversity<\/span><meta itemprop=\"position\" content=\"2\" \/><\/li>\t\t\t\t\t<\/ol>\r\n\t\t\t\t\t<div class=\"clearfix\"><\/div>\r\n\t\t\t\t<\/div>\r\n\t\t\t<\/div>\r\n\t\t\t\n<\/div><\/div>[vc_custom_heading source=&#8221;post_title&#8221; font_container=&#8221;tag:h2|text_align:left|color:%23b2784c&#8221; use_theme_fonts=&#8221;yes&#8221; css=&#8221;%7B%22default%22%3A%7B%22color%22%3A%22%23b2784c%22%7D%7D&#8221;]<div class=\"w-separator size_medium\"><\/div><div class=\"w-grid us_grid type_grid layout_gallery_default cols_6 preload_style_spinner\" id=\"us_grid_1\" style=\"--columns:6;--gap:4px;\" data-filterable=\"true\"><style>@media (max-width:767px){#us_grid_1{--columns:4!important}}@media (max-width:479px){#us_grid_1{--columns:2!important}}.layout_gallery_default .w-grid-item-h{}<\/style><div class=\"w-grid-list\">\t<article class=\"w-grid-item size_1x1 post-3026 attachment type-attachment status-inherit hentry\" data-id=\"3026\">\r\n\t\t<div class=\"w-grid-item-h\">\r\n\t\t\t\t\t\t\t<a ref=\"magnificPopupGrid\" href=\"https:\/\/www.katunroads.me\/wp-content\/uploads\/2017\/06\/Vuk-lat.-Canis-lupus.jpg\" class=\"w-grid-item-anchor\" aria-label=\"Canis lupus\"><\/a>\r\n\t\t\t\t\t\t<div class=\"w-post-elm post_image usg_post_image_1 stretched\"><img loading=\"lazy\" decoding=\"async\" width=\"150\" height=\"150\" src=\"https:\/\/www.katunroads.me\/wp-content\/uploads\/2017\/06\/Vuk-lat.-Canis-lupus-150x150.jpg\" class=\"attachment-thumbnail size-thumbnail\" alt=\"\" srcset=\"https:\/\/www.katunroads.me\/wp-content\/uploads\/2017\/06\/Vuk-lat.-Canis-lupus-150x150.jpg 150w, https:\/\/www.katunroads.me\/wp-content\/uploads\/2017\/06\/Vuk-lat.-Canis-lupus-600x600.jpg 600w, https:\/\/www.katunroads.me\/wp-content\/uploads\/2017\/06\/Vuk-lat.-Canis-lupus-350x350.jpg 350w\" sizes=\"auto, (max-width: 150px) 100vw, 150px\" \/><\/div>\t\t<\/div>\r\n\t\t\t<\/article>\r\n\t<article class=\"w-grid-item size_1x1 post-3028 attachment type-attachment status-inherit hentry\" data-id=\"3028\">\r\n\t\t<div class=\"w-grid-item-h\">\r\n\t\t\t\t\t\t\t<a ref=\"magnificPopupGrid\" href=\"https:\/\/www.katunroads.me\/wp-content\/uploads\/2017\/06\/Balkanski-ris-Lynx-lynx-ssp.-balcanicus.jpg\" class=\"w-grid-item-anchor\" aria-label=\"Lynx lynx\"><\/a>\r\n\t\t\t\t\t\t<div class=\"w-post-elm post_image usg_post_image_1 stretched\"><img loading=\"lazy\" decoding=\"async\" width=\"150\" height=\"150\" src=\"https:\/\/www.katunroads.me\/wp-content\/uploads\/2017\/06\/Balkanski-ris-Lynx-lynx-ssp.-balcanicus-150x150.jpg\" class=\"attachment-thumbnail size-thumbnail\" alt=\"\" srcset=\"https:\/\/www.katunroads.me\/wp-content\/uploads\/2017\/06\/Balkanski-ris-Lynx-lynx-ssp.-balcanicus-150x150.jpg 150w, https:\/\/www.katunroads.me\/wp-content\/uploads\/2017\/06\/Balkanski-ris-Lynx-lynx-ssp.-balcanicus-600x600.jpg 600w, https:\/\/www.katunroads.me\/wp-content\/uploads\/2017\/06\/Balkanski-ris-Lynx-lynx-ssp.-balcanicus-350x350.jpg 350w\" sizes=\"auto, (max-width: 150px) 100vw, 150px\" \/><\/div>\t\t<\/div>\r\n\t\t\t<\/article>\r\n\t<article class=\"w-grid-item size_1x1 post-3024 attachment type-attachment status-inherit hentry\" data-id=\"3024\">\r\n\t\t<div class=\"w-grid-item-h\">\r\n\t\t\t\t\t\t\t<a ref=\"magnificPopupGrid\" href=\"https:\/\/www.katunroads.me\/wp-content\/uploads\/2017\/06\/Mrki-medvjed-lat.-Ursus-arctos.jpg\" class=\"w-grid-item-anchor\" aria-label=\"Ursus arctos\"><\/a>\r\n\t\t\t\t\t\t<div class=\"w-post-elm post_image usg_post_image_1 stretched\"><img loading=\"lazy\" decoding=\"async\" width=\"150\" height=\"150\" src=\"https:\/\/www.katunroads.me\/wp-content\/uploads\/2017\/06\/Mrki-medvjed-lat.-Ursus-arctos-150x150.jpg\" class=\"attachment-thumbnail size-thumbnail\" alt=\"\" srcset=\"https:\/\/www.katunroads.me\/wp-content\/uploads\/2017\/06\/Mrki-medvjed-lat.-Ursus-arctos-150x150.jpg 150w, https:\/\/www.katunroads.me\/wp-content\/uploads\/2017\/06\/Mrki-medvjed-lat.-Ursus-arctos-600x600.jpg 600w, https:\/\/www.katunroads.me\/wp-content\/uploads\/2017\/06\/Mrki-medvjed-lat.-Ursus-arctos-350x350.jpg 350w\" sizes=\"auto, (max-width: 150px) 100vw, 150px\" \/><\/div>\t\t<\/div>\r\n\t\t\t<\/article>\r\n\t<article class=\"w-grid-item size_1x1 post-3004 attachment type-attachment status-inherit hentry\" data-id=\"3004\">\r\n\t\t<div class=\"w-grid-item-h\">\r\n\t\t\t\t\t\t\t<a ref=\"magnificPopupGrid\" href=\"https:\/\/www.katunroads.me\/wp-content\/uploads\/2017\/06\/Vaccinium-myrtillus-Borovnica.jpg\" class=\"w-grid-item-anchor\" aria-label=\"Vaccinium myrtillus\"><\/a>\r\n\t\t\t\t\t\t<div class=\"w-post-elm post_image usg_post_image_1 stretched\"><img loading=\"lazy\" decoding=\"async\" width=\"150\" height=\"150\" src=\"https:\/\/www.katunroads.me\/wp-content\/uploads\/2017\/06\/Vaccinium-myrtillus-Borovnica-150x150.jpg\" class=\"attachment-thumbnail size-thumbnail\" alt=\"\" srcset=\"https:\/\/www.katunroads.me\/wp-content\/uploads\/2017\/06\/Vaccinium-myrtillus-Borovnica-150x150.jpg 150w, https:\/\/www.katunroads.me\/wp-content\/uploads\/2017\/06\/Vaccinium-myrtillus-Borovnica-600x600.jpg 600w, https:\/\/www.katunroads.me\/wp-content\/uploads\/2017\/06\/Vaccinium-myrtillus-Borovnica-350x350.jpg 350w\" sizes=\"auto, (max-width: 150px) 100vw, 150px\" \/><\/div>\t\t<\/div>\r\n\t\t\t<\/article>\r\n\t<article class=\"w-grid-item size_1x1 post-2944 attachment type-attachment status-inherit hentry\" data-id=\"2944\">\r\n\t\t<div class=\"w-grid-item-h\">\r\n\t\t\t\t\t\t\t<a ref=\"magnificPopupGrid\" href=\"https:\/\/www.katunroads.me\/wp-content\/uploads\/2017\/06\/ALPSKI-ZVEZDAN-\u2013-ASTER-ALPINUS.jpg\" class=\"w-grid-item-anchor\" aria-label=\"Aster alpinus \"><\/a>\r\n\t\t\t\t\t\t<div class=\"w-post-elm post_image usg_post_image_1 stretched\"><img loading=\"lazy\" decoding=\"async\" width=\"150\" height=\"150\" src=\"https:\/\/www.katunroads.me\/wp-content\/uploads\/2017\/06\/ALPSKI-ZVEZDAN-\u2013-ASTER-ALPINUS-150x150.jpg\" class=\"attachment-thumbnail size-thumbnail\" alt=\"\" srcset=\"https:\/\/www.katunroads.me\/wp-content\/uploads\/2017\/06\/ALPSKI-ZVEZDAN-\u2013-ASTER-ALPINUS-150x150.jpg 150w, https:\/\/www.katunroads.me\/wp-content\/uploads\/2017\/06\/ALPSKI-ZVEZDAN-\u2013-ASTER-ALPINUS-600x600.jpg 600w, https:\/\/www.katunroads.me\/wp-content\/uploads\/2017\/06\/ALPSKI-ZVEZDAN-\u2013-ASTER-ALPINUS-350x350.jpg 350w\" sizes=\"auto, (max-width: 150px) 100vw, 150px\" \/><\/div>\t\t<\/div>\r\n\t\t\t<\/article>\r\n\t<article class=\"w-grid-item size_1x1 post-5063 attachment type-attachment status-inherit hentry\" data-id=\"5063\">\r\n\t\t<div class=\"w-grid-item-h\">\r\n\t\t\t\t\t\t\t<a ref=\"magnificPopupGrid\" href=\"https:\/\/www.katunroads.me\/wp-content\/uploads\/2022\/05\/Vipera_berus-scaled.jpg\" class=\"w-grid-item-anchor\" aria-label=\"Vipera berus\"><\/a>\r\n\t\t\t\t\t\t<div class=\"w-post-elm post_image usg_post_image_1 stretched\"><img loading=\"lazy\" decoding=\"async\" width=\"150\" height=\"150\" src=\"https:\/\/www.katunroads.me\/wp-content\/uploads\/2022\/05\/Vipera_berus-150x150.jpg\" class=\"attachment-thumbnail size-thumbnail\" alt=\"\" srcset=\"https:\/\/www.katunroads.me\/wp-content\/uploads\/2022\/05\/Vipera_berus-150x150.jpg 150w, https:\/\/www.katunroads.me\/wp-content\/uploads\/2022\/05\/Vipera_berus-350x350.jpg 350w, https:\/\/www.katunroads.me\/wp-content\/uploads\/2022\/05\/Vipera_berus-600x600.jpg 600w\" sizes=\"auto, (max-width: 150px) 100vw, 150px\" \/><\/div>\t\t<\/div>\r\n\t\t\t<\/article>\r\n<\/div>\t<div class=\"w-grid-preloader\">\r\n\t\t<div class=\"g-preloader type_5\">\r\n\t\t\t<div><\/div>\r\n\t\t<\/div>\r\n\t<\/div>\r\n\t\t<div class=\"w-grid-json hidden\" onclick='return {&quot;action&quot;:&quot;us_ajax_grid&quot;,&quot;infinite_scroll&quot;:0,&quot;max_num_pages&quot;:1,&quot;pagination&quot;:&quot;none&quot;,&quot;template_vars&quot;:{&quot;columns&quot;:&quot;6&quot;,&quot;exclude_items&quot;:&quot;none&quot;,&quot;img_size&quot;:&quot;thumbnail&quot;,&quot;ignore_items_size&quot;:0,&quot;items_layout&quot;:&quot;gallery_default&quot;,&quot;items_offset&quot;:&quot;1&quot;,&quot;load_animation&quot;:&quot;none&quot;,&quot;overriding_link&quot;:&quot;%7B%22type%22%3A%22popup_image%22%7D&quot;,&quot;post_id&quot;:0,&quot;query_args&quot;:{&quot;post_type&quot;:[&quot;attachment&quot;],&quot;post__in&quot;:[&quot;2017&quot;,&quot;2019&quot;,&quot;2015&quot;,&quot;1997&quot;,&quot;1943&quot;,&quot;5063&quot;],&quot;post_status&quot;:&quot;inherit&quot;,&quot;post_mime_type&quot;:&quot;image&quot;,&quot;posts_per_page&quot;:999},&quot;orderby_query_args&quot;:{&quot;orderby&quot;:{&quot;post__in&quot;:&quot;ASC&quot;},&quot;order&quot;:&quot;ASC&quot;},&quot;type&quot;:&quot;grid&quot;,&quot;us_grid_post_type&quot;:&quot;attachment&quot;,&quot;us_grid_ajax_index&quot;:1,&quot;us_grid_filter_query_string&quot;:null,&quot;us_grid_index&quot;:1,&quot;page_args&quot;:[],&quot;lang&quot;:&quot;en&quot;}}'><\/div>\r\n\t<\/div><div class=\"w-separator size_medium\"><\/div><div class=\"wpb_text_column\"><div class=\"wpb_wrapper\"><p>Due to its wilderness, harsh climate and dangers caused by wild animals, especially bears, lynxes, wolves etc, cattle breeders named this mountain range \u201cProklete planine (Accursed Mountains)\u201d long time ago, and later on people started using the name Prokletije, because of its easier pronunciation.<\/p>\n<p>The area from Hajla to \u010cakor, alongside Mokra and Smiljevica conjures the north branch of Prokletije, which belongs, as well as the complete mountain system of Prokletije, in terms of orography to Dinaric Alps.<\/p>\n<p>An interesting story on formation of these mountains circulates: Prokletije, as well as the complete Dinaric Mountains, was formed by the folding resulting from the collision of the African and European plates \u2013 \u201cthe crash of the titans\u201d! This tectonic collision produced a soil deviation, thus creating an unusual zigzag shape of Prokletije range.<\/p>\n<p>As a consequence of this crash, different forms of relief can be seen: tectonic, volcanic, glacial, fluvial, karstic, denudation and others. According to Jovan Cviji\u0107, the Pleistocene glaciation of Prokletije was more intense from the one in today\u2019s Alps. And so, the basic feature of the physiognomy of Prokletije is given by fossil forms of glacial erosion and accumulation. Nowhere in the Balkans have glaciers left so deep and distinctive marks of its activity as in Prokletije.<\/p>\n<p>Because of these turbulent processes in the past, Prokletije as a whole, including its northern branch, is considered one of the largest centers of biodiversity, especially the floristic diversity, in Balkans, but also in Europe, by many biologists.<\/p>\n<p>This \u201cEuropean nature pearl\u201d, as Prokletije is sometimes called, is distinguished in European conditions for its unsurpassed variety of flora, fauna, vegetation, biocenose, and ecosystem as a whole.<\/p>\n<p>Even though some important people explored Prokletije, such as: Jovan Cviji\u0107, Josif Pan\u010di\u0107, Ivo Horvat, Branislav Gu\u0161i\u0107, Milorad Jankovi\u0107 and others, a lot is left to study, discover and present to the world&#8230;<\/p>\n<p>Some even say that Prokletije is one of the last unexplored parts of the planet. And why is that? Up to 20 years ago, no mountaineer, researcher or any curious person went through this area. It was the area of \u201cdead watch\u201d and military forts in the times of SFRY and during the rule of Enver Hoxha in Albania. In short, Prokletije was a \u201cforbidden mountain\u201d.<\/p>\n<p>This period lasted for decades, but in the last ten years, the mountaineers, biologists, researchers, or shortly, all nature lovers have started discovering the charms, beauties and wealth of Prokletije.<\/p>\n<p>So, you have no other choice but to embark on this road from Hajla to \u010cakor, to peek into the \u201cwild beauty\u201d given to us by the Nature, and to nurture the soul by observing the meadows teeming with edelweiss, aster alpinus, Nikolina violets; or by going through the forests of Bosnian Pine and Macedonian Pine listening to the call of western capercaillie (grouse); or by fearing of running up against a wolf or brown bear.<\/p>\n<\/div><\/div><div class=\"w-separator size_medium\"><\/div><div class=\"w-tabs style_default switch_click accordion has_scrolling\" style=\"--sections-title-size:inherit\"><div class=\"w-tabs-sections titles-align_none icon_chevron cpos_right\"><div class=\"w-tabs-section\" id=\"je69\"><button class=\"w-tabs-section-header with_icon\" aria-controls=\"content-je69\" aria-expanded=\"false\"><i class=\"fas fa-map\"><\/i><div class=\"w-tabs-section-title\">MAP OF BIODIVERSITY OF PROKLETIJE<\/div><div class=\"w-tabs-section-control\"><\/div><\/button><div  class=\"w-tabs-section-content\" id=\"content-je69\"><div class=\"w-tabs-section-content-h i-cf\"><div class=\"wpb_text_column\"><div class=\"wpb_wrapper\"><div class=\"issuuembed\" style=\"width: auto; height: 500px;\" data-configid=\"11427251\/54241556\"><\/div>\n<p><script type=\"text\/javascript\" src=\"\/\/e.issuu.com\/embed.js\" async=\"true\"><\/script><\/p>\n<\/div><\/div><\/div><\/div><\/div><\/div><\/div><div class=\"w-separator size_medium\"><\/div><div class=\"w-sharing type_outlined align_none color_default\"><div class=\"w-sharing-list\" data-content-image=\"true\"><a class=\"w-sharing-item email\" href=\"mailto:?subject=Vipera_berus&amp;body=https:\/\/www.katunroads.me\/en\/wp-json\/wp\/v2\/pages\/3659\" title=\"Email this\" aria-label=\"Email this\"><i class=\"fas fa-envelope\"><\/i><\/a><a class=\"w-sharing-item facebook\" href=\"https:\/\/www.facebook.com\/sharer\/sharer.php?u=https:\/\/www.katunroads.me\/en\/wp-json\/wp\/v2\/pages\/3659&amp;quote=Vipera_berus\" title=\"Share this\" aria-label=\"Share this\" onclick=\"window.open(this.href, &quot;facebook&quot;, &quot;toolbar=0,width=900,height=500&quot;); return false;\"><i class=\"fab fa-facebook\"><\/i><\/a><a class=\"w-sharing-item twitter\" href=\"https:\/\/twitter.com\/intent\/tweet?text=Vipera_berus&amp;url=https:\/\/www.katunroads.me\/en\/wp-json\/wp\/v2\/pages\/3659\" title=\"Share this\" aria-label=\"Share this\" onclick=\"window.open(this.href, &quot;twitter&quot;, &quot;toolbar=0,width=650,height=360&quot;); return false;\"><i class=\"fab fa-x-twitter\"><svg style=\"width:1em; margin-bottom:-.1em;\" xmlns=\"http:\/\/www.w3.org\/2000\/svg\" viewBox=\"0 0 512 512\" role=\"presentation\"><path fill=\"currentColor\" d=\"M389.2 48h70.6L305.6 224.2 487 464H345L233.7 318.6 106.5 464H35.8L200.7 275.5 26.8 48H172.4L272.9 180.9 389.2 48zM364.4 421.8h39.1L151.1 88h-42L364.4 421.8z\"\/><\/svg><\/i><\/a><\/div><\/div><\/div><\/div><div class=\"wpb_column vc_column_container\"><div class=\"vc_column-inner\">[vc_wp_custommenu nav_menu=&#8221;68&#8243; title=&#8221;Species in biodiversity&#8221;]<div class=\"w-separator size_large\"><\/div>[vc_wp_custommenu title=&#8221;Explore more&#8221; nav_menu=&#8221;72&#8243;]<div class=\"w-separator size_large\"><\/div><nav class=\"w-menu us_custom_eb849559 layout_ver style_blocks us_menu_1\" style=\"--main-gap:0.5rem;--main-ver-indent:0.8em;--main-hor-indent:0.8em;--main-bg-color:var(--color-header-transparent-bg);--main-color:var(--color-header-middle-text);--main-hover-bg-color:var(--color-header-middle-bg);--main-hover-color:var(--color-header-transparent-text);\"><ul id=\"menu-partnerski-portali-en\" class=\"menu\"><li id=\"menu-item-7914\" class=\"menu-item menu-item-type-custom menu-item-object-custom menu-item-7914\"><a href=\"https:\/\/www.montenegro.travel\/en\">NATIONAL TOURIST ORGANIZATION OF MONTENEGRO<\/a><\/li><li id=\"menu-item-6913\" class=\"menu-item menu-item-type-custom menu-item-object-custom menu-item-6913\"><a href=\"http:\/\/www.ruralholiday.me\/en\/\">RURALHOLIDAY.ME<\/a><\/li><li id=\"menu-item-6914\" class=\"menu-item menu-item-type-custom menu-item-object-custom menu-item-6914\"><a href=\"http:\/\/www.montegastro.me\/en\/\">MONTEGASTRO.ME<\/a><\/li><li id=\"menu-item-6915\" class=\"menu-item menu-item-type-custom menu-item-object-custom menu-item-6915\"><a href=\"http:\/\/www.accursed-mountains.me\/en\/\">ACCURSED-MOUNTAINS.ME<\/a><\/li><li id=\"menu-item-7135\" class=\"menu-item menu-item-type-custom menu-item-object-custom menu-item-7135\"><a href=\"http:\/\/www.pedalaj.me\/\">PEDALAJ.ME<\/a><\/li><\/ul><style>@media ( max-width:600px ){.us_menu_1 .menu{display:block!important}.us_menu_1 .menu>li:not(:last-child){margin:0 0 var(--main-gap,0.5rem)!important}}<\/style><\/nav><\/div><\/div><\/div><\/div><\/section>\n","protected":false},"excerpt":{"rendered":"","protected":false},"author":1,"featured_media":2996,"parent":2768,"menu_order":0,"comment_status":"closed","ping_status":"closed","template":"","meta":{"_acf_changed":false,"footnotes":""},"class_list":["post-3659","page","type-page","status-publish","has-post-thumbnail","hentry"],"acf":[],"_links":{"self":[{"href":"https:\/\/www.katunroads.me\/en\/wp-json\/wp\/v2\/pages\/3659","targetHints":{"allow":["GET"]}}],"collection":[{"href":"https:\/\/www.katunroads.me\/en\/wp-json\/wp\/v2\/pages"}],"about":[{"href":"https:\/\/www.katunroads.me\/en\/wp-json\/wp\/v2\/types\/page"}],"author":[{"embeddable":true,"href":"https:\/\/www.katunroads.me\/en\/wp-json\/wp\/v2\/users\/1"}],"replies":[{"embeddable":true,"href":"https:\/\/www.katunroads.me\/en\/wp-json\/wp\/v2\/comments?post=3659"}],"version-history":[{"count":8,"href":"https:\/\/www.katunroads.me\/en\/wp-json\/wp\/v2\/pages\/3659\/revisions"}],"predecessor-version":[{"id":7050,"href":"https:\/\/www.katunroads.me\/en\/wp-json\/wp\/v2\/pages\/3659\/revisions\/7050"}],"up":[{"embeddable":true,"href":"https:\/\/www.katunroads.me\/en\/wp-json\/wp\/v2\/pages\/2768"}],"wp:featuredmedia":[{"embeddable":true,"href":"https:\/\/www.katunroads.me\/en\/wp-json\/wp\/v2\/media\/2996"}],"wp:attachment":[{"href":"https:\/\/www.katunroads.me\/en\/wp-json\/wp\/v2\/media?parent=3659"}],"curies":[{"name":"wp","href":"https:\/\/api.w.org\/{rel}","templated":true}]}}