{"id":6923,"date":"2022-07-19T08:30:50","date_gmt":"2022-07-19T08:30:50","guid":{"rendered":"http:\/\/www.katunroads.me\/?page_id=6923"},"modified":"2022-07-19T08:41:29","modified_gmt":"2022-07-19T08:41:29","slug":"mountains","status":"publish","type":"page","link":"https:\/\/www.katunroads.me\/en\/katun-road-pester-pastures\/mountains\/","title":{"rendered":"Mountains"},"content":{"rendered":"<section class=\"l-section wpb_row height_medium width_full parallax_ver with_shape\"><div class=\"l-section-shape type_zigzag pos_bottom\" style=\"height:15vmin;\"><svg xmlns=\"http:\/\/www.w3.org\/2000\/svg\" viewBox=\"0 0 64 8\" preserveAspectRatio=\"none\" width=\"100%\" height=\"100%\">\r\n\t<path fill=\"currentColor\" d=\"M64 8 L0 8 L0 0 L20 7.9 L40 3 L48 5 L64 0 Z\"\/>\r\n<\/svg><\/div><div class=\"l-section-h i-cf\"><div class=\"g-cols vc_row via_grid cols_1 laptops-cols_inherit tablets-cols_inherit mobiles-cols_1 valign_top type_default stacking_default\"><div class=\"wpb_column vc_column_container\"><div class=\"vc_column-inner\"><\/div><\/div><\/div><\/div><\/section><section class=\"l-section wpb_row height_medium\"><div class=\"l-section-h i-cf\"><div class=\"g-cols vc_row via_grid cols_2-1 laptops-cols_inherit tablets-cols_inherit mobiles-cols_1 valign_top type_default stacking_default\"><div class=\"wpb_column vc_column_container\"><div class=\"vc_column-inner\"><div class=\"wpb_text_column\"><div class=\"wpb_wrapper\">\t\t\t<!-- Flexy Breadcrumb -->\r\n\t\t\t<div class=\"fbc fbc-page\">\r\n\r\n\t\t\t\t<!-- Breadcrumb wrapper -->\r\n\t\t\t\t<div class=\"fbc-wrap\">\r\n\r\n\t\t\t\t\t<!-- Ordered list-->\r\n\t\t\t\t\t<ol class=\"fbc-items\" itemscope itemtype=\"https:\/\/schema.org\/BreadcrumbList\">\r\n\t\t\t\t\t\t            <li itemprop=\"itemListElement\" itemscope itemtype=\"https:\/\/schema.org\/ListItem\">\r\n                <span itemprop=\"name\">\r\n                    <!-- Home Link -->\r\n                    <a itemprop=\"item\" href=\"http:\/\/www.katunroads.me\">\r\n                    \r\n                                                    <i class=\"fa fa-home\" aria-hidden=\"true\"><\/i>                    <\/a>\r\n                <\/span>\r\n                <meta itemprop=\"position\" content=\"1\" \/><!-- Meta Position-->\r\n             <\/li><li><span class=\"fbc-separator\">\/<\/span><\/li><li class=\"active\" itemprop=\"itemListElement\" itemscope itemtype=\"https:\/\/schema.org\/ListItem\"><span itemprop=\"name\" title=\"Mountains\">Mountains<\/span><meta itemprop=\"position\" content=\"2\" \/><\/li>\t\t\t\t\t<\/ol>\r\n\t\t\t\t\t<div class=\"clearfix\"><\/div>\r\n\t\t\t\t<\/div>\r\n\t\t\t<\/div>\r\n\t\t\t\n<\/div><\/div>[vc_custom_heading source=&#8221;post_title&#8221; font_container=&#8221;tag:h2|text_align:left|color:%23b2784c&#8221; use_theme_fonts=&#8221;yes&#8221; css=&#8221;%7B%22default%22%3A%7B%22color%22%3A%22%23b2784c%22%7D%7D&#8221;]<div class=\"w-separator size_medium\"><\/div><div class=\"w-grid us_grid type_grid layout_gallery_default cols_6 pagination_infinite preload_style_spinner\" id=\"us_grid_1\" style=\"--columns:6;--gap:4px;\" data-filterable=\"true\"><style>@media (max-width:767px){#us_grid_1{--columns:4!important}}@media (max-width:479px){#us_grid_1{--columns:2!important}}.layout_gallery_default .w-grid-item-h{}<\/style><div class=\"w-grid-list\">\t<article class=\"w-grid-item size_1x1 post-6612 attachment type-attachment status-inherit hentry\" data-id=\"6612\">\r\n\t\t<div class=\"w-grid-item-h\">\r\n\t\t\t\t\t\t\t<a ref=\"magnificPopupGrid\" href=\"https:\/\/www.katunroads.me\/wp-content\/uploads\/2022\/05\/PENTAX-K-5-07-09-2011-15-26-07.jpeg\" class=\"w-grid-item-anchor\" aria-label=\"The pastures of Bihor, Moravac and Pe\u0161ter\"><\/a>\r\n\t\t\t\t\t\t<div class=\"w-post-elm post_image usg_post_image_1 stretched\"><img loading=\"lazy\" decoding=\"async\" width=\"350\" height=\"350\" src=\"https:\/\/www.katunroads.me\/wp-content\/uploads\/2022\/05\/PENTAX-K-5-07-09-2011-15-26-07-350x350.jpeg\" class=\"attachment-us_350_350_crop size-us_350_350_crop\" alt=\"\" srcset=\"https:\/\/www.katunroads.me\/wp-content\/uploads\/2022\/05\/PENTAX-K-5-07-09-2011-15-26-07-350x350.jpeg 350w, https:\/\/www.katunroads.me\/wp-content\/uploads\/2022\/05\/PENTAX-K-5-07-09-2011-15-26-07-150x150.jpeg 150w, https:\/\/www.katunroads.me\/wp-content\/uploads\/2022\/05\/PENTAX-K-5-07-09-2011-15-26-07-600x600.jpeg 600w\" sizes=\"auto, (max-width: 350px) 100vw, 350px\" \/><\/div>\t\t<\/div>\r\n\t\t\t<\/article>\r\n\t<article class=\"w-grid-item size_1x1 post-6545 attachment type-attachment status-inherit hentry\" data-id=\"6545\">\r\n\t\t<div class=\"w-grid-item-h\">\r\n\t\t\t\t\t\t\t<a ref=\"magnificPopupGrid\" href=\"https:\/\/www.katunroads.me\/wp-content\/uploads\/2022\/05\/PENTAX-K-1-Mark-II-HD-PENTAX-D-FA-70-210mm-F4-ED-SDM-WR-113-23-09-21-16-10-48.jpeg\" class=\"w-grid-item-anchor\" aria-label=\"The pastures of Bihor, Moravac and Pe\u0161ter\"><\/a>\r\n\t\t\t\t\t\t<div class=\"w-post-elm post_image usg_post_image_1 stretched\"><img loading=\"lazy\" decoding=\"async\" width=\"350\" height=\"350\" src=\"https:\/\/www.katunroads.me\/wp-content\/uploads\/2022\/05\/PENTAX-K-1-Mark-II-HD-PENTAX-D-FA-70-210mm-F4-ED-SDM-WR-113-23-09-21-16-10-48-350x350.jpeg\" class=\"attachment-us_350_350_crop size-us_350_350_crop\" alt=\"\" srcset=\"https:\/\/www.katunroads.me\/wp-content\/uploads\/2022\/05\/PENTAX-K-1-Mark-II-HD-PENTAX-D-FA-70-210mm-F4-ED-SDM-WR-113-23-09-21-16-10-48-350x350.jpeg 350w, https:\/\/www.katunroads.me\/wp-content\/uploads\/2022\/05\/PENTAX-K-1-Mark-II-HD-PENTAX-D-FA-70-210mm-F4-ED-SDM-WR-113-23-09-21-16-10-48-150x150.jpeg 150w, https:\/\/www.katunroads.me\/wp-content\/uploads\/2022\/05\/PENTAX-K-1-Mark-II-HD-PENTAX-D-FA-70-210mm-F4-ED-SDM-WR-113-23-09-21-16-10-48-600x600.jpeg 600w\" sizes=\"auto, (max-width: 350px) 100vw, 350px\" \/><\/div>\t\t<\/div>\r\n\t\t\t<\/article>\r\n\t<article class=\"w-grid-item size_1x1 post-6570 attachment type-attachment status-inherit hentry\" data-id=\"6570\">\r\n\t\t<div class=\"w-grid-item-h\">\r\n\t\t\t\t\t\t\t<a ref=\"magnificPopupGrid\" href=\"https:\/\/www.katunroads.me\/wp-content\/uploads\/2022\/05\/PENTAX-K-5-07-05-2011-15-48-07.jpeg\" class=\"w-grid-item-anchor\" aria-label=\"The pastures of Bihor, Moravac and Pe\u0161ter\"><\/a>\r\n\t\t\t\t\t\t<div class=\"w-post-elm post_image usg_post_image_1 stretched\"><img loading=\"lazy\" decoding=\"async\" width=\"350\" height=\"350\" src=\"https:\/\/www.katunroads.me\/wp-content\/uploads\/2022\/05\/PENTAX-K-5-07-05-2011-15-48-07-350x350.jpeg\" class=\"attachment-us_350_350_crop size-us_350_350_crop\" alt=\"\" srcset=\"https:\/\/www.katunroads.me\/wp-content\/uploads\/2022\/05\/PENTAX-K-5-07-05-2011-15-48-07-350x350.jpeg 350w, https:\/\/www.katunroads.me\/wp-content\/uploads\/2022\/05\/PENTAX-K-5-07-05-2011-15-48-07-150x150.jpeg 150w, https:\/\/www.katunroads.me\/wp-content\/uploads\/2022\/05\/PENTAX-K-5-07-05-2011-15-48-07-600x600.jpeg 600w\" sizes=\"auto, (max-width: 350px) 100vw, 350px\" \/><\/div>\t\t<\/div>\r\n\t\t\t<\/article>\r\n\t<article class=\"w-grid-item size_1x1 post-6554 attachment type-attachment status-inherit hentry\" data-id=\"6554\">\r\n\t\t<div class=\"w-grid-item-h\">\r\n\t\t\t\t\t\t\t<a ref=\"magnificPopupGrid\" href=\"https:\/\/www.katunroads.me\/wp-content\/uploads\/2022\/05\/PENTAX-K-1-Mark-II-HD-PENTAX-D-FA-15-30mm-F2.8-ED-SDM-WR-30-12-06-21-13-46-38.jpeg\" class=\"w-grid-item-anchor\" aria-label=\"The pastures of Bihor, Moravac and Pe\u0161ter\"><\/a>\r\n\t\t\t\t\t\t<div class=\"w-post-elm post_image usg_post_image_1 stretched\"><img loading=\"lazy\" decoding=\"async\" width=\"350\" height=\"350\" src=\"https:\/\/www.katunroads.me\/wp-content\/uploads\/2022\/05\/PENTAX-K-1-Mark-II-HD-PENTAX-D-FA-15-30mm-F2.8-ED-SDM-WR-30-12-06-21-13-46-38-350x350.jpeg\" class=\"attachment-us_350_350_crop size-us_350_350_crop\" alt=\"\" srcset=\"https:\/\/www.katunroads.me\/wp-content\/uploads\/2022\/05\/PENTAX-K-1-Mark-II-HD-PENTAX-D-FA-15-30mm-F2.8-ED-SDM-WR-30-12-06-21-13-46-38-350x350.jpeg 350w, https:\/\/www.katunroads.me\/wp-content\/uploads\/2022\/05\/PENTAX-K-1-Mark-II-HD-PENTAX-D-FA-15-30mm-F2.8-ED-SDM-WR-30-12-06-21-13-46-38-150x150.jpeg 150w, https:\/\/www.katunroads.me\/wp-content\/uploads\/2022\/05\/PENTAX-K-1-Mark-II-HD-PENTAX-D-FA-15-30mm-F2.8-ED-SDM-WR-30-12-06-21-13-46-38-600x600.jpeg 600w\" sizes=\"auto, (max-width: 350px) 100vw, 350px\" \/><\/div>\t\t<\/div>\r\n\t\t\t<\/article>\r\n\t<article class=\"w-grid-item size_1x1 post-6476 attachment type-attachment status-inherit hentry\" data-id=\"6476\">\r\n\t\t<div class=\"w-grid-item-h\">\r\n\t\t\t\t\t\t\t<a ref=\"magnificPopupGrid\" href=\"https:\/\/www.katunroads.me\/wp-content\/uploads\/2022\/05\/PENTAX-K20D-smc-PENTAX-DA-18-55mm-F3.5-5.6-AL-18-24-04-22-13-23-50.jpeg\" class=\"w-grid-item-anchor\" aria-label=\"The pastures of Bihor, Moravac and Pe\u0161ter\"><\/a>\r\n\t\t\t\t\t\t<div class=\"w-post-elm post_image usg_post_image_1 stretched\"><img loading=\"lazy\" decoding=\"async\" width=\"350\" height=\"350\" src=\"https:\/\/www.katunroads.me\/wp-content\/uploads\/2022\/05\/PENTAX-K20D-smc-PENTAX-DA-18-55mm-F3.5-5.6-AL-18-24-04-22-13-23-50-350x350.jpeg\" class=\"attachment-us_350_350_crop size-us_350_350_crop\" alt=\"\" srcset=\"https:\/\/www.katunroads.me\/wp-content\/uploads\/2022\/05\/PENTAX-K20D-smc-PENTAX-DA-18-55mm-F3.5-5.6-AL-18-24-04-22-13-23-50-350x350.jpeg 350w, https:\/\/www.katunroads.me\/wp-content\/uploads\/2022\/05\/PENTAX-K20D-smc-PENTAX-DA-18-55mm-F3.5-5.6-AL-18-24-04-22-13-23-50-150x150.jpeg 150w, https:\/\/www.katunroads.me\/wp-content\/uploads\/2022\/05\/PENTAX-K20D-smc-PENTAX-DA-18-55mm-F3.5-5.6-AL-18-24-04-22-13-23-50-600x600.jpeg 600w\" sizes=\"auto, (max-width: 350px) 100vw, 350px\" \/><\/div>\t\t<\/div>\r\n\t\t\t<\/article>\r\n\t<article class=\"w-grid-item size_1x1 post-6564 attachment type-attachment status-inherit hentry\" data-id=\"6564\">\r\n\t\t<div class=\"w-grid-item-h\">\r\n\t\t\t\t\t\t\t<a ref=\"magnificPopupGrid\" href=\"https:\/\/www.katunroads.me\/wp-content\/uploads\/2022\/05\/ss1-1-2.jpeg\" class=\"w-grid-item-anchor\" aria-label=\"The pastures of Bihor, Moravac and Pe\u0161ter\"><\/a>\r\n\t\t\t\t\t\t<div class=\"w-post-elm post_image usg_post_image_1 stretched\"><img loading=\"lazy\" decoding=\"async\" width=\"350\" height=\"350\" src=\"https:\/\/www.katunroads.me\/wp-content\/uploads\/2022\/05\/ss1-1-2-350x350.jpeg\" class=\"attachment-us_350_350_crop size-us_350_350_crop\" alt=\"\" srcset=\"https:\/\/www.katunroads.me\/wp-content\/uploads\/2022\/05\/ss1-1-2-350x350.jpeg 350w, https:\/\/www.katunroads.me\/wp-content\/uploads\/2022\/05\/ss1-1-2-150x150.jpeg 150w, https:\/\/www.katunroads.me\/wp-content\/uploads\/2022\/05\/ss1-1-2-600x600.jpeg 600w\" sizes=\"auto, (max-width: 350px) 100vw, 350px\" \/><\/div>\t\t<\/div>\r\n\t\t\t<\/article>\r\n<\/div>\t<div class=\"w-grid-preloader\">\r\n\t\t<div class=\"g-preloader type_5\">\r\n\t\t\t<div><\/div>\r\n\t\t<\/div>\r\n\t<\/div>\r\n\t\t<div class=\"w-grid-json hidden\" onclick='return {&quot;action&quot;:&quot;us_ajax_grid&quot;,&quot;infinite_scroll&quot;:0,&quot;max_num_pages&quot;:1,&quot;pagination&quot;:&quot;infinite&quot;,&quot;template_vars&quot;:{&quot;columns&quot;:&quot;6&quot;,&quot;exclude_items&quot;:&quot;none&quot;,&quot;img_size&quot;:&quot;us_350_350_crop&quot;,&quot;ignore_items_size&quot;:0,&quot;items_layout&quot;:&quot;gallery_default&quot;,&quot;items_offset&quot;:&quot;1&quot;,&quot;load_animation&quot;:&quot;none&quot;,&quot;overriding_link&quot;:&quot;%7B%22type%22%3A%22popup_image%22%7D&quot;,&quot;post_id&quot;:0,&quot;query_args&quot;:{&quot;post_type&quot;:[&quot;attachment&quot;],&quot;post__in&quot;:[&quot;6610&quot;,&quot;6552&quot;,&quot;6562&quot;,&quot;6568&quot;,&quot;6543&quot;,&quot;6474&quot;],&quot;post_status&quot;:&quot;inherit&quot;,&quot;post_mime_type&quot;:&quot;image&quot;,&quot;posts_per_page&quot;:999},&quot;orderby_query_args&quot;:{&quot;orderby&quot;:&quot;RAND(946413532)&quot;},&quot;type&quot;:&quot;grid&quot;,&quot;us_grid_post_type&quot;:&quot;attachment&quot;,&quot;us_grid_ajax_index&quot;:1,&quot;us_grid_filter_query_string&quot;:null,&quot;us_grid_index&quot;:1,&quot;page_args&quot;:[],&quot;lang&quot;:&quot;en&quot;}}'><\/div>\r\n\t<\/div><div class=\"w-separator size_medium\"><\/div><div class=\"wpb_text_column\"><div class=\"wpb_wrapper\"><h2><a name=\"_Toc106262667\"><\/a>Hajla<\/h2>\n<p>While you cruise through Pe\u0161ter, Hajla mountain, one of the most attractive in the region, will often be in sight. It is situated on the border between Montenegro and Kosovo. It often played the role of a border guard in the past, too. However, it has also been a link between the two natural units, as well as between people, since its creation. Hajla belongs to the northern part of Prokletije range, it is its highest summit, in fact. It is bordered on the west by the Bogska river, on the south by the powerful Pe\u0107ka Bistrica, which runs through the stunning Rugova gorge.\u00a0 It\u2019s down the gorge that Hajla slopes descend, bringing more tributaries to Bistrica. The most important one is, as it is said, the Alagina River.<\/p>\n<p>Hajla is built of limestone and volcanic silicates, which caused variety of relief, it is rugged with different shapes. Rocky ridges, scenic passes, ravines, valleys, highlands, grassy slopes, forests, streams are still pretty unfamiliar, even to the inhabitants of Montenegro.<\/p>\n<p>Hajla has \u2018its own\u2019 tree: Macedonian pine, an endemic pine (Pinus Peuce), with a dense, wide \u201cscattered\u201d crown. Other endemic species here are: the fringed pink (Dianthus Superbus), white or snowy white edelweiss (Leontopodium Nivale), Wulfenija blecicci,&#8230; and some other Latin- named plants. Hajla is packed with scents, not only the scents of the grass, where the great yellow genitan, false hellebores, poplar, yarrow and wolf&#8217;s bane compete, but also with scents of common juniper bush, of black and Baltic pine, bog pine, fir, spruce, birch forests.<\/p>\n<h2><a name=\"_Toc106262668\"><\/a>Cmiljevica<\/h2>\n<p>Cmiljevica mountain is situated on the border between Montenegro and Kosovo, between the towns of Berane and Rozaje and Rugova region on the east. A famous ski resort called Lokve is located on the slope of the mountain. The mountain is 1,963 meters high, it\u2019s tame, with a lot of water, meadows and forests. The locals of several villages, which are a 2-hour-walk away, go up to the katuns of Cmiljevica. These households are mostly engaged in cattle breeding, but they also grow vegetables. Cmiljevica is great for growing potato. There are two eco katuns on the mountain, where you can enjoy the scenery and delicacies of the area.<\/p>\n<h2><a name=\"_Toc106262669\"><\/a>Turjak<\/h2>\n<p>Turjak mountain, 1,500 meters high, is one of the fairest mountains in the area of the municipality of Ro\u017eaje. It is covered in varied conifer forests, it abounds in streams and heaths, with plenty of snow and a large number of sunny days. Turjak is the home of many endemic plants and of some rare animal species for this region, such as bear, deer, wild boar, marten and one species of chamois.<\/p>\n<h2><a name=\"_Toc106262670\"><\/a>Moravac<\/h2>\n<p>Moravac mountain envelopes the border zone between Bihor, Korita and Pe\u0161ter. It has some characteristics of a highland, with several ridges higher than 1,500 meters and which is divided by deep river canyons, Lim tributaries, especially towards the south. In the north-east, Moravac gradually diverges towards Pe\u0161ter highland. Between its gentle ridges, there are several plateaus and fields (grazing places, in fact, \u2018mountains\u2019 in cattle breeding sense), such as: La\u0111evac, Gutavice, Krivali\u0107a field, Ko\u017earevo field, Kru\u0161\u010di\u010dka mountain, \u010ciste meadows, and so on. People from Bihor region often call this mountain area <strong>La\u0111evac, <\/strong>as well as Moravac, after one of the larger plateaus.<\/p>\n<h2><a name=\"_Toc106262671\"><\/a>Mokra gora<\/h2>\n<p>Mokra gora belongs to Prokletije Mountain range. Different landforms of karst relief dominate here: limestone pavement, sinkholes, pits, caves. Flora and fauna are also very ample.<\/p>\n<\/div><\/div><div class=\"w-separator size_medium\"><\/div><div class=\"w-sharing type_outlined align_none color_default\"><div class=\"w-sharing-list\" data-content-image=\"true\"><a class=\"w-sharing-item email\" href=\"mailto:?subject=The+pastures+of+Bihor,+Moravac+and+Pe\u0161ter&amp;body=https:\/\/www.katunroads.me\/en\/wp-json\/wp\/v2\/pages\/6923\" title=\"Email this\" aria-label=\"Email this\"><i class=\"fas fa-envelope\"><\/i><\/a><a class=\"w-sharing-item facebook\" href=\"https:\/\/www.facebook.com\/sharer\/sharer.php?u=https:\/\/www.katunroads.me\/en\/wp-json\/wp\/v2\/pages\/6923&amp;quote=The+pastures+of+Bihor,+Moravac+and+Pe\u0161ter\" title=\"Share this\" aria-label=\"Share this\" onclick=\"window.open(this.href, &quot;facebook&quot;, &quot;toolbar=0,width=900,height=500&quot;); return false;\"><i class=\"fab fa-facebook\"><\/i><\/a><a class=\"w-sharing-item twitter\" href=\"https:\/\/twitter.com\/intent\/tweet?text=The+pastures+of+Bihor,+Moravac+and+Pe\u0161ter&amp;url=https:\/\/www.katunroads.me\/en\/wp-json\/wp\/v2\/pages\/6923\" title=\"Share this\" aria-label=\"Share this\" onclick=\"window.open(this.href, &quot;twitter&quot;, &quot;toolbar=0,width=650,height=360&quot;); return false;\"><i class=\"fab fa-x-twitter\"><svg style=\"width:1em; margin-bottom:-.1em;\" xmlns=\"http:\/\/www.w3.org\/2000\/svg\" viewBox=\"0 0 512 512\" role=\"presentation\"><path fill=\"currentColor\" d=\"M389.2 48h70.6L305.6 224.2 487 464H345L233.7 318.6 106.5 464H35.8L200.7 275.5 26.8 48H172.4L272.9 180.9 389.2 48zM364.4 421.8h39.1L151.1 88h-42L364.4 421.8z\"\/><\/svg><\/i><\/a><\/div><\/div><\/div><\/div><div class=\"wpb_column vc_column_container\"><div class=\"vc_column-inner\">[vc_wp_custommenu title=&#8221;Explore the Pe\u0161ter Pastures&#8221; nav_menu=&#8221;97&#8243;]<div class=\"w-separator size_medium\"><\/div><nav class=\"w-menu us_custom_eb849559 layout_ver style_blocks us_menu_1\" style=\"--main-gap:0.5rem;--main-ver-indent:0.8em;--main-hor-indent:0.8em;--main-bg-color:var(--color-header-transparent-bg);--main-color:var(--color-header-middle-text);--main-hover-bg-color:var(--color-header-middle-bg);--main-hover-color:var(--color-header-transparent-text);\"><ul id=\"menu-partnerski-portali-en\" class=\"menu\"><li id=\"menu-item-7914\" class=\"menu-item menu-item-type-custom menu-item-object-custom menu-item-7914\"><a href=\"https:\/\/www.montenegro.travel\/en\">NATIONAL TOURIST ORGANIZATION OF MONTENEGRO<\/a><\/li><li id=\"menu-item-6913\" class=\"menu-item menu-item-type-custom menu-item-object-custom menu-item-6913\"><a href=\"http:\/\/www.ruralholiday.me\/en\/\">RURALHOLIDAY.ME<\/a><\/li><li id=\"menu-item-6914\" class=\"menu-item menu-item-type-custom menu-item-object-custom menu-item-6914\"><a href=\"http:\/\/www.montegastro.me\/en\/\">MONTEGASTRO.ME<\/a><\/li><li id=\"menu-item-6915\" class=\"menu-item menu-item-type-custom menu-item-object-custom menu-item-6915\"><a href=\"http:\/\/www.accursed-mountains.me\/en\/\">ACCURSED-MOUNTAINS.ME<\/a><\/li><li id=\"menu-item-7135\" class=\"menu-item menu-item-type-custom menu-item-object-custom menu-item-7135\"><a href=\"http:\/\/www.pedalaj.me\/\">PEDALAJ.ME<\/a><\/li><\/ul><style>@media ( max-width:600px ){.us_menu_1 .menu{display:block!important}.us_menu_1 .menu>li:not(:last-child){margin:0 0 var(--main-gap,0.5rem)!important}}<\/style><\/nav><\/div><\/div><\/div><\/div><\/section>\n","protected":false},"excerpt":{"rendered":"","protected":false},"author":1,"featured_media":6380,"parent":6909,"menu_order":0,"comment_status":"closed","ping_status":"closed","template":"","meta":{"_acf_changed":false,"footnotes":""},"class_list":["post-6923","page","type-page","status-publish","has-post-thumbnail","hentry"],"acf":[],"_links":{"self":[{"href":"https:\/\/www.katunroads.me\/en\/wp-json\/wp\/v2\/pages\/6923","targetHints":{"allow":["GET"]}}],"collection":[{"href":"https:\/\/www.katunroads.me\/en\/wp-json\/wp\/v2\/pages"}],"about":[{"href":"https:\/\/www.katunroads.me\/en\/wp-json\/wp\/v2\/types\/page"}],"author":[{"embeddable":true,"href":"https:\/\/www.katunroads.me\/en\/wp-json\/wp\/v2\/users\/1"}],"replies":[{"embeddable":true,"href":"https:\/\/www.katunroads.me\/en\/wp-json\/wp\/v2\/comments?post=6923"}],"version-history":[{"count":3,"href":"https:\/\/www.katunroads.me\/en\/wp-json\/wp\/v2\/pages\/6923\/revisions"}],"predecessor-version":[{"id":6927,"href":"https:\/\/www.katunroads.me\/en\/wp-json\/wp\/v2\/pages\/6923\/revisions\/6927"}],"up":[{"embeddable":true,"href":"https:\/\/www.katunroads.me\/en\/wp-json\/wp\/v2\/pages\/6909"}],"wp:featuredmedia":[{"embeddable":true,"href":"https:\/\/www.katunroads.me\/en\/wp-json\/wp\/v2\/media\/6380"}],"wp:attachment":[{"href":"https:\/\/www.katunroads.me\/en\/wp-json\/wp\/v2\/media?parent=6923"}],"curies":[{"name":"wp","href":"https:\/\/api.w.org\/{rel}","templated":true}]}}