{"id":6940,"date":"2022-07-19T09:59:41","date_gmt":"2022-07-19T09:59:41","guid":{"rendered":"http:\/\/www.katunroads.me\/?page_id=6940"},"modified":"2022-07-19T10:08:46","modified_gmt":"2022-07-19T10:08:46","slug":"archaeology","status":"publish","type":"page","link":"https:\/\/www.katunroads.me\/en\/katun-road-pester-pastures\/archaeology\/","title":{"rendered":"Archaeology"},"content":{"rendered":"<section class=\"l-section wpb_row height_medium width_full parallax_ver with_shape\"><div class=\"l-section-shape type_zigzag pos_bottom\" style=\"height:15vmin;\"><svg xmlns=\"http:\/\/www.w3.org\/2000\/svg\" viewBox=\"0 0 64 8\" preserveAspectRatio=\"none\" width=\"100%\" height=\"100%\">\r\n\t<path fill=\"currentColor\" d=\"M64 8 L0 8 L0 0 L20 7.9 L40 3 L48 5 L64 0 Z\"\/>\r\n<\/svg><\/div><div class=\"l-section-h i-cf\"><div class=\"g-cols vc_row via_grid cols_1 laptops-cols_inherit tablets-cols_inherit mobiles-cols_1 valign_top type_default stacking_default\"><div class=\"wpb_column vc_column_container\"><div class=\"vc_column-inner\"><\/div><\/div><\/div><\/div><\/section><section class=\"l-section wpb_row height_medium\"><div class=\"l-section-h i-cf\"><div class=\"g-cols vc_row via_grid cols_2-1 laptops-cols_inherit tablets-cols_inherit mobiles-cols_1 valign_top type_default stacking_default\"><div class=\"wpb_column vc_column_container\"><div class=\"vc_column-inner\"><div class=\"wpb_text_column\"><div class=\"wpb_wrapper\">\t\t\t<!-- Flexy Breadcrumb -->\r\n\t\t\t<div class=\"fbc fbc-page\">\r\n\r\n\t\t\t\t<!-- Breadcrumb wrapper -->\r\n\t\t\t\t<div class=\"fbc-wrap\">\r\n\r\n\t\t\t\t\t<!-- Ordered list-->\r\n\t\t\t\t\t<ol class=\"fbc-items\" itemscope itemtype=\"https:\/\/schema.org\/BreadcrumbList\">\r\n\t\t\t\t\t\t            <li itemprop=\"itemListElement\" itemscope itemtype=\"https:\/\/schema.org\/ListItem\">\r\n                <span itemprop=\"name\">\r\n                    <!-- Home Link -->\r\n                    <a itemprop=\"item\" href=\"http:\/\/www.katunroads.me\">\r\n                    \r\n                                                    <i class=\"fa fa-home\" aria-hidden=\"true\"><\/i>                    <\/a>\r\n                <\/span>\r\n                <meta itemprop=\"position\" content=\"1\" \/><!-- Meta Position-->\r\n             <\/li><li><span class=\"fbc-separator\">\/<\/span><\/li><li class=\"active\" itemprop=\"itemListElement\" itemscope itemtype=\"https:\/\/schema.org\/ListItem\"><span itemprop=\"name\" title=\"Archaeology\">Archaeology<\/span><meta itemprop=\"position\" content=\"2\" \/><\/li>\t\t\t\t\t<\/ol>\r\n\t\t\t\t\t<div class=\"clearfix\"><\/div>\r\n\t\t\t\t<\/div>\r\n\t\t\t<\/div>\r\n\t\t\t\n<\/div><\/div>[vc_custom_heading source=&#8221;post_title&#8221; font_container=&#8221;tag:h2|text_align:left|color:%23b2784c&#8221; use_theme_fonts=&#8221;yes&#8221; css=&#8221;%7B%22default%22%3A%7B%22color%22%3A%22%23b2784c%22%7D%7D&#8221;]<div class=\"w-separator size_medium\"><\/div><div class=\"w-grid us_grid type_grid layout_gallery_default cols_6 pagination_infinite preload_style_spinner\" id=\"us_grid_1\" style=\"--columns:6;--gap:4px;\" data-filterable=\"true\"><style>@media (max-width:767px){#us_grid_1{--columns:4!important}}@media (max-width:479px){#us_grid_1{--columns:2!important}}.layout_gallery_default .w-grid-item-h{}<\/style><div class=\"w-grid-list\">\t<article class=\"w-grid-item size_1x1 post-6850 attachment type-attachment status-inherit hentry\" data-id=\"6850\">\r\n\t\t<div class=\"w-grid-item-h\">\r\n\t\t\t\t\t\t\t<a ref=\"magnificPopupGrid\" href=\"https:\/\/www.katunroads.me\/wp-content\/uploads\/2022\/07\/Radmance-Pentax-K-5-17.08.2011-16-15-16.jpeg\" class=\"w-grid-item-anchor\" aria-label=\"The pastures of Bihor, Moravac and Pe\u0161ter\"><\/a>\r\n\t\t\t\t\t\t<div class=\"w-post-elm post_image usg_post_image_1 stretched\"><img loading=\"lazy\" decoding=\"async\" width=\"350\" height=\"350\" src=\"https:\/\/www.katunroads.me\/wp-content\/uploads\/2022\/07\/Radmance-Pentax-K-5-17.08.2011-16-15-16-350x350.jpeg\" class=\"attachment-us_350_350_crop size-us_350_350_crop\" alt=\"\" srcset=\"https:\/\/www.katunroads.me\/wp-content\/uploads\/2022\/07\/Radmance-Pentax-K-5-17.08.2011-16-15-16-350x350.jpeg 350w, https:\/\/www.katunroads.me\/wp-content\/uploads\/2022\/07\/Radmance-Pentax-K-5-17.08.2011-16-15-16-150x150.jpeg 150w, https:\/\/www.katunroads.me\/wp-content\/uploads\/2022\/07\/Radmance-Pentax-K-5-17.08.2011-16-15-16-600x600.jpeg 600w\" sizes=\"auto, (max-width: 350px) 100vw, 350px\" \/><\/div>\t\t<\/div>\r\n\t\t\t<\/article>\r\n\t<article class=\"w-grid-item size_1x1 post-6844 attachment type-attachment status-inherit hentry\" data-id=\"6844\">\r\n\t\t<div class=\"w-grid-item-h\">\r\n\t\t\t\t\t\t\t<a ref=\"magnificPopupGrid\" href=\"https:\/\/www.katunroads.me\/wp-content\/uploads\/2022\/07\/Radmance-Pentax-K-5-17.08.2011-16-01-40.jpeg\" class=\"w-grid-item-anchor\" aria-label=\"The pastures of Bihor, Moravac and Pe\u0161ter\"><\/a>\r\n\t\t\t\t\t\t<div class=\"w-post-elm post_image usg_post_image_1 stretched\"><img loading=\"lazy\" decoding=\"async\" width=\"350\" height=\"350\" src=\"https:\/\/www.katunroads.me\/wp-content\/uploads\/2022\/07\/Radmance-Pentax-K-5-17.08.2011-16-01-40-350x350.jpeg\" class=\"attachment-us_350_350_crop size-us_350_350_crop\" alt=\"\" srcset=\"https:\/\/www.katunroads.me\/wp-content\/uploads\/2022\/07\/Radmance-Pentax-K-5-17.08.2011-16-01-40-350x350.jpeg 350w, https:\/\/www.katunroads.me\/wp-content\/uploads\/2022\/07\/Radmance-Pentax-K-5-17.08.2011-16-01-40-150x150.jpeg 150w, https:\/\/www.katunroads.me\/wp-content\/uploads\/2022\/07\/Radmance-Pentax-K-5-17.08.2011-16-01-40-600x600.jpeg 600w\" sizes=\"auto, (max-width: 350px) 100vw, 350px\" \/><\/div>\t\t<\/div>\r\n\t\t\t<\/article>\r\n\t<article class=\"w-grid-item size_1x1 post-6832 attachment type-attachment status-inherit hentry\" data-id=\"6832\">\r\n\t\t<div class=\"w-grid-item-h\">\r\n\t\t\t\t\t\t\t<a ref=\"magnificPopupGrid\" href=\"https:\/\/www.katunroads.me\/wp-content\/uploads\/2022\/07\/PENTAX-K-5-17-08-2011-16-23-45.jpeg\" class=\"w-grid-item-anchor\" aria-label=\"The pastures of Bihor, Moravac and Pe\u0161ter\"><\/a>\r\n\t\t\t\t\t\t<div class=\"w-post-elm post_image usg_post_image_1 stretched\"><img loading=\"lazy\" decoding=\"async\" width=\"350\" height=\"350\" src=\"https:\/\/www.katunroads.me\/wp-content\/uploads\/2022\/07\/PENTAX-K-5-17-08-2011-16-23-45-350x350.jpeg\" class=\"attachment-us_350_350_crop size-us_350_350_crop\" alt=\"\" srcset=\"https:\/\/www.katunroads.me\/wp-content\/uploads\/2022\/07\/PENTAX-K-5-17-08-2011-16-23-45-350x350.jpeg 350w, https:\/\/www.katunroads.me\/wp-content\/uploads\/2022\/07\/PENTAX-K-5-17-08-2011-16-23-45-150x150.jpeg 150w, https:\/\/www.katunroads.me\/wp-content\/uploads\/2022\/07\/PENTAX-K-5-17-08-2011-16-23-45-600x600.jpeg 600w\" sizes=\"auto, (max-width: 350px) 100vw, 350px\" \/><\/div>\t\t<\/div>\r\n\t\t\t<\/article>\r\n\t<article class=\"w-grid-item size_1x1 post-6624 attachment type-attachment status-inherit hentry\" data-id=\"6624\">\r\n\t\t<div class=\"w-grid-item-h\">\r\n\t\t\t\t\t\t\t<a ref=\"magnificPopupGrid\" href=\"https:\/\/www.katunroads.me\/wp-content\/uploads\/2022\/05\/ss2-3-1.jpeg\" class=\"w-grid-item-anchor\" aria-label=\"The pastures of Bihor, Moravac and Pe\u0161ter\"><\/a>\r\n\t\t\t\t\t\t<div class=\"w-post-elm post_image usg_post_image_1 stretched\"><img loading=\"lazy\" decoding=\"async\" width=\"350\" height=\"350\" src=\"https:\/\/www.katunroads.me\/wp-content\/uploads\/2022\/05\/ss2-3-1-350x350.jpeg\" class=\"attachment-us_350_350_crop size-us_350_350_crop\" alt=\"\" srcset=\"https:\/\/www.katunroads.me\/wp-content\/uploads\/2022\/05\/ss2-3-1-350x350.jpeg 350w, https:\/\/www.katunroads.me\/wp-content\/uploads\/2022\/05\/ss2-3-1-150x150.jpeg 150w, https:\/\/www.katunroads.me\/wp-content\/uploads\/2022\/05\/ss2-3-1-600x600.jpeg 600w\" sizes=\"auto, (max-width: 350px) 100vw, 350px\" \/><\/div>\t\t<\/div>\r\n\t\t\t<\/article>\r\n\t<article class=\"w-grid-item size_1x1 post-6793 attachment type-attachment status-inherit hentry\" data-id=\"6793\">\r\n\t\t<div class=\"w-grid-item-h\">\r\n\t\t\t\t\t\t\t<a ref=\"magnificPopupGrid\" href=\"https:\/\/www.katunroads.me\/wp-content\/uploads\/2022\/07\/PENTAX-K-5-2011_08_17_17_13.jpg\" class=\"w-grid-item-anchor\" aria-label=\"The pastures of Bihor, Moravac and Pe\u0161ter\"><\/a>\r\n\t\t\t\t\t\t<div class=\"w-post-elm post_image usg_post_image_1 stretched\"><img loading=\"lazy\" decoding=\"async\" width=\"350\" height=\"350\" src=\"https:\/\/www.katunroads.me\/wp-content\/uploads\/2022\/07\/PENTAX-K-5-2011_08_17_17_13-350x350.jpg\" class=\"attachment-us_350_350_crop size-us_350_350_crop\" alt=\"\" srcset=\"https:\/\/www.katunroads.me\/wp-content\/uploads\/2022\/07\/PENTAX-K-5-2011_08_17_17_13-350x350.jpg 350w, https:\/\/www.katunroads.me\/wp-content\/uploads\/2022\/07\/PENTAX-K-5-2011_08_17_17_13-150x150.jpg 150w, https:\/\/www.katunroads.me\/wp-content\/uploads\/2022\/07\/PENTAX-K-5-2011_08_17_17_13-600x600.jpg 600w\" sizes=\"auto, (max-width: 350px) 100vw, 350px\" \/><\/div>\t\t<\/div>\r\n\t\t\t<\/article>\r\n\t<article class=\"w-grid-item size_1x1 post-6847 attachment type-attachment status-inherit hentry\" data-id=\"6847\">\r\n\t\t<div class=\"w-grid-item-h\">\r\n\t\t\t\t\t\t\t<a ref=\"magnificPopupGrid\" href=\"https:\/\/www.katunroads.me\/wp-content\/uploads\/2022\/07\/Radmance-Pentax-K-5-17.08.2011-16-04-04.jpeg\" class=\"w-grid-item-anchor\" aria-label=\"The pastures of Bihor, Moravac and Pe\u0161ter\"><\/a>\r\n\t\t\t\t\t\t<div class=\"w-post-elm post_image usg_post_image_1 stretched\"><img loading=\"lazy\" decoding=\"async\" width=\"350\" height=\"350\" src=\"https:\/\/www.katunroads.me\/wp-content\/uploads\/2022\/07\/Radmance-Pentax-K-5-17.08.2011-16-04-04-350x350.jpeg\" class=\"attachment-us_350_350_crop size-us_350_350_crop\" alt=\"\" srcset=\"https:\/\/www.katunroads.me\/wp-content\/uploads\/2022\/07\/Radmance-Pentax-K-5-17.08.2011-16-04-04-350x350.jpeg 350w, https:\/\/www.katunroads.me\/wp-content\/uploads\/2022\/07\/Radmance-Pentax-K-5-17.08.2011-16-04-04-150x150.jpeg 150w, https:\/\/www.katunroads.me\/wp-content\/uploads\/2022\/07\/Radmance-Pentax-K-5-17.08.2011-16-04-04-600x600.jpeg 600w\" sizes=\"auto, (max-width: 350px) 100vw, 350px\" \/><\/div>\t\t<\/div>\r\n\t\t\t<\/article>\r\n<\/div>\t<div class=\"w-grid-preloader\">\r\n\t\t<div class=\"g-preloader type_5\">\r\n\t\t\t<div><\/div>\r\n\t\t<\/div>\r\n\t<\/div>\r\n\t\t<div class=\"w-grid-json hidden\" onclick='return {&quot;action&quot;:&quot;us_ajax_grid&quot;,&quot;infinite_scroll&quot;:0,&quot;max_num_pages&quot;:1,&quot;pagination&quot;:&quot;infinite&quot;,&quot;template_vars&quot;:{&quot;columns&quot;:&quot;6&quot;,&quot;exclude_items&quot;:&quot;none&quot;,&quot;img_size&quot;:&quot;us_350_350_crop&quot;,&quot;ignore_items_size&quot;:0,&quot;items_layout&quot;:&quot;gallery_default&quot;,&quot;items_offset&quot;:&quot;1&quot;,&quot;load_animation&quot;:&quot;none&quot;,&quot;overriding_link&quot;:&quot;%7B%22type%22%3A%22popup_image%22%7D&quot;,&quot;post_id&quot;:0,&quot;query_args&quot;:{&quot;post_type&quot;:[&quot;attachment&quot;],&quot;post__in&quot;:[&quot;6622&quot;,&quot;6791&quot;,&quot;6830&quot;,&quot;6842&quot;,&quot;6845&quot;,&quot;6848&quot;],&quot;post_status&quot;:&quot;inherit&quot;,&quot;post_mime_type&quot;:&quot;image&quot;,&quot;posts_per_page&quot;:999},&quot;orderby_query_args&quot;:{&quot;orderby&quot;:&quot;RAND(759249718)&quot;},&quot;type&quot;:&quot;grid&quot;,&quot;us_grid_post_type&quot;:&quot;attachment&quot;,&quot;us_grid_ajax_index&quot;:1,&quot;us_grid_filter_query_string&quot;:null,&quot;us_grid_index&quot;:1,&quot;page_args&quot;:[],&quot;lang&quot;:&quot;en&quot;}}'><\/div>\r\n\t<\/div><div class=\"w-separator size_medium\"><\/div><div class=\"wpb_text_column\"><div class=\"wpb_wrapper\"><h2>Archeological sites<\/h2>\n<p><strong>Torine<\/strong><\/p>\n<p>A site of a seasonal type, located at the entrance to Radmanska gorge, it spreads over a plateau, whose surface is six hectares. The site is characterized by a large number of pottery fragments. A large number of complete vessels have been found too, as well as a lot of bone objects and objects made of deer antlers, then some stone cuts and flint knives. All the objects are exhibited at the Polimski Museum in Berane.<\/p>\n<p><strong>Pe\u0107ina Grad. (Town Cave)<\/strong><\/p>\n<p>Located within the Radmanska gorge, municipality of Petnjica. It is a site situated within a cave. Initial research revealed a site from the Bronze Age, but later a fibula from Roman period was found. A wall separating the Town from the surroundings is also a proof that these remains originate from ancient times. The wall is up to 8 meters high in certain places. During systematic archeological exploration, several bronze coins were found, some arrowheads and fragmented pottery, that indicate the period between 4<sup>th<\/sup> and 6<sup>th<\/sup> century AD.<\/p>\n<p><strong>\u201eVila Rustika \u201c in Bistrica<\/strong><\/p>\n<p>This is a site located at a private property, and it is only partially explored. It is a Roman house situated in the territory of the municipality of Bijelo Polje. While researching, the explorers noticed this was not just a house of a rich Roman, it was a complete castle \u2013 habitat.<\/p>\n<p>Conservation works are being carried out on the excavation of an ancient wall, at the location called Gradina<strong>, <\/strong>on Gani\u0107a kr\u0161 in Ro\u017eaje.<\/p>\n<h2>Old Towns<\/h2>\n<p>There are many traces of old settlements, fortresses, churches and towns on the Pe\u0161ter highland and the surrounding villages spreading towards the river Lim. Their age is evidenced by the old graveyards, called Greek or Latin by the locals, as well as the tombstones, whose age has not been determined.<\/p>\n<p>This has always been a border region and an area of communication between a large number of towns. Here is a list of some of the fortified towns discovered in Polimlje so far: Tumbarice in Donja R\u017eanica, Gradac in Budimlja, Pe\u0107ina Grad (Town cave) in Radmanska gorge close to Petnjica, Gradina in Bihor, Samograd in the village of Brzava close to Bijelo Polje, archeologically unexplored Gradac above Godo\u010delje, close to Petnjica, Gradac in Crn\u010da close to Bijelo Polje, Gradina above the village of \u0160aboti\u0107i, and two more in the municipality of Bijelo Polje, Gradina in Korita, and Gradina in Ro\u017eaje.<\/p>\n<p><strong>Jerina&#8217;s town<\/strong><\/p>\n<p>There are some traces of a fortress in the village of Vrh, called Jerina\u2019s town or Fort by the locals. It was built on a limestone ridge that overlooked the village of Korita, on one side and the Bistrica valley, on the other side. It used to be a key point for watching over both areas. According to the remains, this fortification was very significant. It was made of a spacious tower, set in the most prominent part and of 60 to 70-meter-long ramparts spreading towards eastern, more accessible part of the fortress.<\/p>\n<p><strong>Bihor<\/strong><\/p>\n<p>The town of Bihor was the largest medieval town of the region. It was built at the summit of a steep hill called Gradina, above the village of Bio\u010de. The name of this town was first mentioned in the Dubrovnik archives from 1450, but it is known for sure that it had been built long before it was first mentioned. It was invaded by the Turks in 1455, because it was a strategically significant place, with a good view over the valley of the river Lim and its tributaries. The remains of the three towers and a water cistern can easily be seen, even though the town itself is ramshackle.\u00a0 It is situated in an inaccessible place, on the rocks, probably intentionally, for easier defense against any attack.<\/p>\n<\/div><\/div><div class=\"w-separator size_medium\"><\/div><div class=\"w-sharing type_outlined align_none color_default\"><div class=\"w-sharing-list\" data-content-image=\"true\"><a class=\"w-sharing-item email\" href=\"mailto:?subject=The+pastures+of+Bihor,+Moravac+and+Pe\u0161ter&amp;body=https:\/\/www.katunroads.me\/en\/wp-json\/wp\/v2\/pages\/6940\" title=\"Email this\" aria-label=\"Email this\"><i class=\"fas fa-envelope\"><\/i><\/a><a class=\"w-sharing-item facebook\" href=\"https:\/\/www.facebook.com\/sharer\/sharer.php?u=https:\/\/www.katunroads.me\/en\/wp-json\/wp\/v2\/pages\/6940&amp;quote=The+pastures+of+Bihor,+Moravac+and+Pe\u0161ter\" title=\"Share this\" aria-label=\"Share this\" onclick=\"window.open(this.href, &quot;facebook&quot;, &quot;toolbar=0,width=900,height=500&quot;); return false;\"><i class=\"fab fa-facebook\"><\/i><\/a><a class=\"w-sharing-item twitter\" href=\"https:\/\/twitter.com\/intent\/tweet?text=The+pastures+of+Bihor,+Moravac+and+Pe\u0161ter&amp;url=https:\/\/www.katunroads.me\/en\/wp-json\/wp\/v2\/pages\/6940\" title=\"Share this\" aria-label=\"Share this\" onclick=\"window.open(this.href, &quot;twitter&quot;, &quot;toolbar=0,width=650,height=360&quot;); return false;\"><i class=\"fab fa-x-twitter\"><svg style=\"width:1em; margin-bottom:-.1em;\" xmlns=\"http:\/\/www.w3.org\/2000\/svg\" viewBox=\"0 0 512 512\" role=\"presentation\"><path fill=\"currentColor\" d=\"M389.2 48h70.6L305.6 224.2 487 464H345L233.7 318.6 106.5 464H35.8L200.7 275.5 26.8 48H172.4L272.9 180.9 389.2 48zM364.4 421.8h39.1L151.1 88h-42L364.4 421.8z\"\/><\/svg><\/i><\/a><\/div><\/div><\/div><\/div><div class=\"wpb_column vc_column_container\"><div class=\"vc_column-inner\">[vc_wp_custommenu title=&#8221;Explore the Pe\u0161ter Pastures&#8221; nav_menu=&#8221;97&#8243;]<div class=\"w-separator size_medium\"><\/div><nav class=\"w-menu us_custom_eb849559 layout_ver style_blocks us_menu_1\" style=\"--main-gap:0.5rem;--main-ver-indent:0.8em;--main-hor-indent:0.8em;--main-bg-color:var(--color-header-transparent-bg);--main-color:var(--color-header-middle-text);--main-hover-bg-color:var(--color-header-middle-bg);--main-hover-color:var(--color-header-transparent-text);\"><ul id=\"menu-partnerski-portali-en\" class=\"menu\"><li id=\"menu-item-7914\" class=\"menu-item menu-item-type-custom menu-item-object-custom menu-item-7914\"><a href=\"https:\/\/www.montenegro.travel\/en\">NATIONAL TOURIST ORGANIZATION OF MONTENEGRO<\/a><\/li><li id=\"menu-item-6913\" class=\"menu-item menu-item-type-custom menu-item-object-custom menu-item-6913\"><a href=\"http:\/\/www.ruralholiday.me\/en\/\">RURALHOLIDAY.ME<\/a><\/li><li id=\"menu-item-6914\" class=\"menu-item menu-item-type-custom menu-item-object-custom menu-item-6914\"><a href=\"http:\/\/www.montegastro.me\/en\/\">MONTEGASTRO.ME<\/a><\/li><li id=\"menu-item-6915\" class=\"menu-item menu-item-type-custom menu-item-object-custom menu-item-6915\"><a href=\"http:\/\/www.accursed-mountains.me\/en\/\">ACCURSED-MOUNTAINS.ME<\/a><\/li><li id=\"menu-item-7135\" class=\"menu-item menu-item-type-custom menu-item-object-custom menu-item-7135\"><a href=\"http:\/\/www.pedalaj.me\/\">PEDALAJ.ME<\/a><\/li><\/ul><style>@media ( max-width:600px ){.us_menu_1 .menu{display:block!important}.us_menu_1 .menu>li:not(:last-child){margin:0 0 var(--main-gap,0.5rem)!important}}<\/style><\/nav><\/div><\/div><\/div><\/div><\/section>\n","protected":false},"excerpt":{"rendered":"","protected":false},"author":1,"featured_media":6624,"parent":6909,"menu_order":0,"comment_status":"closed","ping_status":"closed","template":"","meta":{"_acf_changed":false,"footnotes":""},"class_list":["post-6940","page","type-page","status-publish","has-post-thumbnail","hentry"],"acf":[],"_links":{"self":[{"href":"https:\/\/www.katunroads.me\/en\/wp-json\/wp\/v2\/pages\/6940","targetHints":{"allow":["GET"]}}],"collection":[{"href":"https:\/\/www.katunroads.me\/en\/wp-json\/wp\/v2\/pages"}],"about":[{"href":"https:\/\/www.katunroads.me\/en\/wp-json\/wp\/v2\/types\/page"}],"author":[{"embeddable":true,"href":"https:\/\/www.katunroads.me\/en\/wp-json\/wp\/v2\/users\/1"}],"replies":[{"embeddable":true,"href":"https:\/\/www.katunroads.me\/en\/wp-json\/wp\/v2\/comments?post=6940"}],"version-history":[{"count":3,"href":"https:\/\/www.katunroads.me\/en\/wp-json\/wp\/v2\/pages\/6940\/revisions"}],"predecessor-version":[{"id":6944,"href":"https:\/\/www.katunroads.me\/en\/wp-json\/wp\/v2\/pages\/6940\/revisions\/6944"}],"up":[{"embeddable":true,"href":"https:\/\/www.katunroads.me\/en\/wp-json\/wp\/v2\/pages\/6909"}],"wp:featuredmedia":[{"embeddable":true,"href":"https:\/\/www.katunroads.me\/en\/wp-json\/wp\/v2\/media\/6624"}],"wp:attachment":[{"href":"https:\/\/www.katunroads.me\/en\/wp-json\/wp\/v2\/media?parent=6940"}],"curies":[{"name":"wp","href":"https:\/\/api.w.org\/{rel}","templated":true}]}}