{"id":6992,"date":"2022-07-19T16:41:19","date_gmt":"2022-07-19T16:41:19","guid":{"rendered":"http:\/\/www.katunroads.me\/?page_id=6992"},"modified":"2022-07-19T16:42:02","modified_gmt":"2022-07-19T16:42:02","slug":"flora-and-fauna","status":"publish","type":"page","link":"https:\/\/www.katunroads.me\/en\/katun-road-untold-bjelasica\/flora-and-fauna\/","title":{"rendered":"Flora and Fauna"},"content":{"rendered":"<section class=\"l-section wpb_row height_medium width_full parallax_ver with_shape\"><div class=\"l-section-shape type_zigzag pos_bottom\" style=\"height:15vmin;\"><svg xmlns=\"http:\/\/www.w3.org\/2000\/svg\" viewBox=\"0 0 64 8\" preserveAspectRatio=\"none\" width=\"100%\" height=\"100%\">\r\n\t<path fill=\"currentColor\" d=\"M64 8 L0 8 L0 0 L20 7.9 L40 3 L48 5 L64 0 Z\"\/>\r\n<\/svg><\/div><div class=\"l-section-h i-cf\"><div class=\"g-cols vc_row via_grid cols_1 laptops-cols_inherit tablets-cols_inherit mobiles-cols_1 valign_top type_default stacking_default\"><div class=\"wpb_column vc_column_container\"><div class=\"vc_column-inner\"><\/div><\/div><\/div><\/div><\/section><section class=\"l-section wpb_row height_medium\"><div class=\"l-section-h i-cf\"><div class=\"g-cols vc_row via_grid cols_2-1 laptops-cols_inherit tablets-cols_inherit mobiles-cols_1 valign_top type_default stacking_default\"><div class=\"wpb_column vc_column_container\"><div class=\"vc_column-inner\"><div class=\"wpb_text_column\"><div class=\"wpb_wrapper\">\t\t\t<!-- Flexy Breadcrumb -->\r\n\t\t\t<div class=\"fbc fbc-page\">\r\n\r\n\t\t\t\t<!-- Breadcrumb wrapper -->\r\n\t\t\t\t<div class=\"fbc-wrap\">\r\n\r\n\t\t\t\t\t<!-- Ordered list-->\r\n\t\t\t\t\t<ol class=\"fbc-items\" itemscope itemtype=\"https:\/\/schema.org\/BreadcrumbList\">\r\n\t\t\t\t\t\t            <li itemprop=\"itemListElement\" itemscope itemtype=\"https:\/\/schema.org\/ListItem\">\r\n                <span itemprop=\"name\">\r\n                    <!-- Home Link -->\r\n                    <a itemprop=\"item\" href=\"http:\/\/www.katunroads.me\">\r\n                    \r\n                                                    <i class=\"fa fa-home\" aria-hidden=\"true\"><\/i>                    <\/a>\r\n                <\/span>\r\n                <meta itemprop=\"position\" content=\"1\" \/><!-- Meta Position-->\r\n             <\/li><li><span class=\"fbc-separator\">\/<\/span><\/li><li class=\"active\" itemprop=\"itemListElement\" itemscope itemtype=\"https:\/\/schema.org\/ListItem\"><span itemprop=\"name\" title=\"Flora and Fauna\">Flora and Fauna<\/span><meta itemprop=\"position\" content=\"2\" \/><\/li>\t\t\t\t\t<\/ol>\r\n\t\t\t\t\t<div class=\"clearfix\"><\/div>\r\n\t\t\t\t<\/div>\r\n\t\t\t<\/div>\r\n\t\t\t\n<\/div><\/div>[vc_custom_heading source=&#8221;post_title&#8221; font_container=&#8221;tag:h2|text_align:left|color:%23b2784c&#8221; use_theme_fonts=&#8221;yes&#8221; css=&#8221;%7B%22default%22%3A%7B%22color%22%3A%22%23b2784c%22%7D%7D&#8221;]<div class=\"w-separator size_medium\"><\/div><div class=\"w-grid us_grid type_grid layout_gallery_default cols_6 pagination_infinite preload_style_spinner\" id=\"us_grid_1\" style=\"--columns:6;--gap:4px;\" data-filterable=\"true\"><style>@media (max-width:767px){#us_grid_1{--columns:4!important}}@media (max-width:479px){#us_grid_1{--columns:2!important}}.layout_gallery_default .w-grid-item-h{}<\/style><div class=\"w-grid-list\">\t<article class=\"w-grid-item size_1x1 post-5876 attachment type-attachment status-inherit hentry\" data-id=\"5876\">\r\n\t\t<div class=\"w-grid-item-h\">\r\n\t\t\t\t\t\t\t<a ref=\"magnificPopupGrid\" href=\"https:\/\/www.katunroads.me\/wp-content\/uploads\/2022\/05\/BOR-KRIVULJ-\u2013-PINUS-MUGO.jpeg\" class=\"w-grid-item-anchor\" aria-label=\"BOR KRIVULJ \u2013 PINUS MUGO\"><\/a>\r\n\t\t\t\t\t\t<div class=\"w-post-elm post_image usg_post_image_1 stretched\"><img loading=\"lazy\" decoding=\"async\" width=\"350\" height=\"350\" src=\"https:\/\/www.katunroads.me\/wp-content\/uploads\/2022\/05\/BOR-KRIVULJ-\u2013-PINUS-MUGO-350x350.jpeg\" class=\"attachment-us_350_350_crop size-us_350_350_crop\" alt=\"\" srcset=\"https:\/\/www.katunroads.me\/wp-content\/uploads\/2022\/05\/BOR-KRIVULJ-\u2013-PINUS-MUGO-350x350.jpeg 350w, https:\/\/www.katunroads.me\/wp-content\/uploads\/2022\/05\/BOR-KRIVULJ-\u2013-PINUS-MUGO-150x150.jpeg 150w, https:\/\/www.katunroads.me\/wp-content\/uploads\/2022\/05\/BOR-KRIVULJ-\u2013-PINUS-MUGO-600x600.jpeg 600w\" sizes=\"auto, (max-width: 350px) 100vw, 350px\" \/><\/div>\t\t<\/div>\r\n\t\t\t<\/article>\r\n\t<article class=\"w-grid-item size_1x1 post-5853 attachment type-attachment status-inherit hentry\" data-id=\"5853\">\r\n\t\t<div class=\"w-grid-item-h\">\r\n\t\t\t\t\t\t\t<a ref=\"magnificPopupGrid\" href=\"https:\/\/www.katunroads.me\/wp-content\/uploads\/2022\/05\/shutterstock_1916724446.jpeg\" class=\"w-grid-item-anchor\" aria-label=\"Untold Bjelasica\"><\/a>\r\n\t\t\t\t\t\t<div class=\"w-post-elm post_image usg_post_image_1 stretched\"><img loading=\"lazy\" decoding=\"async\" width=\"350\" height=\"350\" src=\"https:\/\/www.katunroads.me\/wp-content\/uploads\/2022\/05\/shutterstock_1916724446-350x350.jpeg\" class=\"attachment-us_350_350_crop size-us_350_350_crop\" alt=\"\" srcset=\"https:\/\/www.katunroads.me\/wp-content\/uploads\/2022\/05\/shutterstock_1916724446-350x350.jpeg 350w, https:\/\/www.katunroads.me\/wp-content\/uploads\/2022\/05\/shutterstock_1916724446-150x150.jpeg 150w, https:\/\/www.katunroads.me\/wp-content\/uploads\/2022\/05\/shutterstock_1916724446-600x600.jpeg 600w\" sizes=\"auto, (max-width: 350px) 100vw, 350px\" \/><\/div>\t\t<\/div>\r\n\t\t\t<\/article>\r\n\t<article class=\"w-grid-item size_1x1 post-5856 attachment type-attachment status-inherit hentry\" data-id=\"5856\">\r\n\t\t<div class=\"w-grid-item-h\">\r\n\t\t\t\t\t\t\t<a ref=\"magnificPopupGrid\" href=\"https:\/\/www.katunroads.me\/wp-content\/uploads\/2022\/05\/ss-PENTAX-K-1-Mark-II-HD-PENTAX-D-FA-15-30mm-F2.8-ED-SDM-WR-15-17-05-20-13-55-10-1.jpeg\" class=\"w-grid-item-anchor\" aria-label=\"Untold Bjelasica\"><\/a>\r\n\t\t\t\t\t\t<div class=\"w-post-elm post_image usg_post_image_1 stretched\"><img loading=\"lazy\" decoding=\"async\" width=\"350\" height=\"350\" src=\"https:\/\/www.katunroads.me\/wp-content\/uploads\/2022\/05\/ss-PENTAX-K-1-Mark-II-HD-PENTAX-D-FA-15-30mm-F2.8-ED-SDM-WR-15-17-05-20-13-55-10-1-350x350.jpeg\" class=\"attachment-us_350_350_crop size-us_350_350_crop\" alt=\"\" srcset=\"https:\/\/www.katunroads.me\/wp-content\/uploads\/2022\/05\/ss-PENTAX-K-1-Mark-II-HD-PENTAX-D-FA-15-30mm-F2.8-ED-SDM-WR-15-17-05-20-13-55-10-1-350x350.jpeg 350w, https:\/\/www.katunroads.me\/wp-content\/uploads\/2022\/05\/ss-PENTAX-K-1-Mark-II-HD-PENTAX-D-FA-15-30mm-F2.8-ED-SDM-WR-15-17-05-20-13-55-10-1-150x150.jpeg 150w, https:\/\/www.katunroads.me\/wp-content\/uploads\/2022\/05\/ss-PENTAX-K-1-Mark-II-HD-PENTAX-D-FA-15-30mm-F2.8-ED-SDM-WR-15-17-05-20-13-55-10-1-600x600.jpeg 600w\" sizes=\"auto, (max-width: 350px) 100vw, 350px\" \/><\/div>\t\t<\/div>\r\n\t\t\t<\/article>\r\n\t<article class=\"w-grid-item size_1x1 post-5859 attachment type-attachment status-inherit hentry\" data-id=\"5859\">\r\n\t\t<div class=\"w-grid-item-h\">\r\n\t\t\t\t\t\t\t<a ref=\"magnificPopupGrid\" href=\"https:\/\/www.katunroads.me\/wp-content\/uploads\/2022\/05\/Grauwolf_P1130280.jpeg\" class=\"w-grid-item-anchor\" aria-label=\"Untold Bjelasica\"><\/a>\r\n\t\t\t\t\t\t<div class=\"w-post-elm post_image usg_post_image_1 stretched\"><img loading=\"lazy\" decoding=\"async\" width=\"350\" height=\"350\" src=\"https:\/\/www.katunroads.me\/wp-content\/uploads\/2022\/05\/Grauwolf_P1130280-350x350.jpeg\" class=\"attachment-us_350_350_crop size-us_350_350_crop\" alt=\"\" srcset=\"https:\/\/www.katunroads.me\/wp-content\/uploads\/2022\/05\/Grauwolf_P1130280-350x350.jpeg 350w, https:\/\/www.katunroads.me\/wp-content\/uploads\/2022\/05\/Grauwolf_P1130280-150x150.jpeg 150w, https:\/\/www.katunroads.me\/wp-content\/uploads\/2022\/05\/Grauwolf_P1130280-600x600.jpeg 600w\" sizes=\"auto, (max-width: 350px) 100vw, 350px\" \/><\/div>\t\t<\/div>\r\n\t\t\t<\/article>\r\n\t<article class=\"w-grid-item size_1x1 post-5862 attachment type-attachment status-inherit hentry\" data-id=\"5862\">\r\n\t\t<div class=\"w-grid-item-h\">\r\n\t\t\t\t\t\t\t<a ref=\"magnificPopupGrid\" href=\"https:\/\/www.katunroads.me\/wp-content\/uploads\/2022\/05\/Sarka-lat.-Vipera-berus-.jpeg\" class=\"w-grid-item-anchor\" aria-label=\"\u0160arka (lat. Vipera berus)\"><\/a>\r\n\t\t\t\t\t\t<div class=\"w-post-elm post_image usg_post_image_1 stretched\"><img loading=\"lazy\" decoding=\"async\" width=\"350\" height=\"350\" src=\"https:\/\/www.katunroads.me\/wp-content\/uploads\/2022\/05\/Sarka-lat.-Vipera-berus--350x350.jpeg\" class=\"attachment-us_350_350_crop size-us_350_350_crop\" alt=\"\" srcset=\"https:\/\/www.katunroads.me\/wp-content\/uploads\/2022\/05\/Sarka-lat.-Vipera-berus--350x350.jpeg 350w, https:\/\/www.katunroads.me\/wp-content\/uploads\/2022\/05\/Sarka-lat.-Vipera-berus--150x150.jpeg 150w, https:\/\/www.katunroads.me\/wp-content\/uploads\/2022\/05\/Sarka-lat.-Vipera-berus--600x600.jpeg 600w\" sizes=\"auto, (max-width: 350px) 100vw, 350px\" \/><\/div>\t\t<\/div>\r\n\t\t\t<\/article>\r\n\t<article class=\"w-grid-item size_1x1 post-5865 attachment type-attachment status-inherit hentry\" data-id=\"5865\">\r\n\t\t<div class=\"w-grid-item-h\">\r\n\t\t\t\t\t\t\t<a ref=\"magnificPopupGrid\" href=\"https:\/\/www.katunroads.me\/wp-content\/uploads\/2022\/05\/PROKLETIJE-AM-1.jpeg\" class=\"w-grid-item-anchor\" aria-label=\"Untold Bjelasica\"><\/a>\r\n\t\t\t\t\t\t<div class=\"w-post-elm post_image usg_post_image_1 stretched\"><img loading=\"lazy\" decoding=\"async\" width=\"350\" height=\"350\" src=\"https:\/\/www.katunroads.me\/wp-content\/uploads\/2022\/05\/PROKLETIJE-AM-1-350x350.jpeg\" class=\"attachment-us_350_350_crop size-us_350_350_crop\" alt=\"\" srcset=\"https:\/\/www.katunroads.me\/wp-content\/uploads\/2022\/05\/PROKLETIJE-AM-1-350x350.jpeg 350w, https:\/\/www.katunroads.me\/wp-content\/uploads\/2022\/05\/PROKLETIJE-AM-1-150x150.jpeg 150w, https:\/\/www.katunroads.me\/wp-content\/uploads\/2022\/05\/PROKLETIJE-AM-1-600x600.jpeg 600w\" sizes=\"auto, (max-width: 350px) 100vw, 350px\" \/><\/div>\t\t<\/div>\r\n\t\t\t<\/article>\r\n<\/div>\t<div class=\"w-grid-preloader\">\r\n\t\t<div class=\"g-preloader type_5\">\r\n\t\t\t<div><\/div>\r\n\t\t<\/div>\r\n\t<\/div>\r\n\t\t<div class=\"w-grid-json hidden\" onclick='return {&quot;action&quot;:&quot;us_ajax_grid&quot;,&quot;infinite_scroll&quot;:0,&quot;max_num_pages&quot;:1,&quot;pagination&quot;:&quot;infinite&quot;,&quot;template_vars&quot;:{&quot;columns&quot;:&quot;6&quot;,&quot;exclude_items&quot;:&quot;none&quot;,&quot;img_size&quot;:&quot;us_350_350_crop&quot;,&quot;ignore_items_size&quot;:0,&quot;items_layout&quot;:&quot;gallery_default&quot;,&quot;items_offset&quot;:&quot;1&quot;,&quot;load_animation&quot;:&quot;none&quot;,&quot;overriding_link&quot;:&quot;%7B%22type%22%3A%22popup_image%22%7D&quot;,&quot;post_id&quot;:0,&quot;query_args&quot;:{&quot;post_type&quot;:[&quot;attachment&quot;],&quot;post__in&quot;:[&quot;5851&quot;,&quot;5854&quot;,&quot;5857&quot;,&quot;5860&quot;,&quot;5863&quot;,&quot;5874&quot;],&quot;post_status&quot;:&quot;inherit&quot;,&quot;post_mime_type&quot;:&quot;image&quot;,&quot;posts_per_page&quot;:999},&quot;orderby_query_args&quot;:{&quot;orderby&quot;:&quot;RAND(961025137)&quot;},&quot;type&quot;:&quot;grid&quot;,&quot;us_grid_post_type&quot;:&quot;attachment&quot;,&quot;us_grid_ajax_index&quot;:1,&quot;us_grid_filter_query_string&quot;:null,&quot;us_grid_index&quot;:1,&quot;page_args&quot;:[],&quot;lang&quot;:&quot;en&quot;}}'><\/div>\r\n\t<\/div><div class=\"w-separator size_medium\"><\/div><div class=\"wpb_text_column\"><div class=\"wpb_wrapper\"><p>Bjelasica mountain, together with the Biogradska Gora National Park , is a unique environmental entity, a natural resource of exceptional importance, one of the centers of biological diversity of the Balkan\u2019s peninsula and beyond.<\/p>\n<p>The largest forest area is within the valley of Biogradska river, inside the National Park. The slopes and valleys turned to the north seem like they are scattered with dark \u201cpatches\u201d of bog pine or dwarf pine, following beech trees and conifers. The bog pine is nature\u2019s rarity and a true decoration of Bjelasica. It is especially true in the places where it is intertwined with green cress. Mountain curved beech and bog pine, i.e., their dark color is accountable for the names of the peaks they cover (Black head, Black peak). Bog pine is protected species and it is forbidden to cut it or burn it.<\/p>\n<p>Numerous endemic and rare species have a national protection status: Greek maple (Balkan endemic species), Macedonian pine \u00a0&#8211; endemic species of the Dinaric Alps (near Ursulova\u010dko lake); Yew &#8211; (in Medjedak &#8211; Zejnilove rupe, Jezerine &#8211; Vranjak); Allium brulloi \u2013 wild onion &#8211; Balkan endemic species (near \u0160i\u0161ko Lake); Great yellow gentian, the Spotted Gentian &#8211; (on the silicates of Troglava, Zekova glava, Lalevi\u0107a valleys, Bjelila); Red bladder-senna &#8211; Balkan endemic species (inside cracks in the limestone rocks of the subalpine belt); Black Poplar- (Ota\u0161evo lice and some other smaller localities); Daphne &#8211; Balkan endemic species (in the rainforest reserve, Strmenica, Struga, Krije\u0161teli holes); Queen -of-the -Alps; Balkan butterwort (rare insectivorous and endangered species, inhabits wetlands along springs and streams); Narthecium- Balkan endemic and glacial relict (silicate habitats on peat bogs along springs and streams); lily-of-the-valley bellflower &#8211; (as a subspecies of Montenegrina it is mentioned for Bjelasica: around springs and streams, as well as on the edges of mesophilic forests); Laku\u0161i\u0107&#8217;s carnation &#8211; (Lalovi\u0107a valleys); Potentilla montenegrina- Balkan endemic species; Verbascum durmitoreum- Montenegrin endemic species (Zekova glava); Valeriana Pancicii &#8211; Montenegrin endemic species (inside rock cracks); Viola orphanidis ssp. nicolai, Nikola\u2019s violet \u2013 endemic species of the Dinaric Alps (Jelovica). The rich flora contains a large number of medicinal, melliferous, aromatic, edible and other economically important species.<\/p>\n<p>So far, 47 species of mammals have been recorded on Bjelasica. Among them are: hedgehog, several species of moles and shrews, 13 species of bats, two of which are the only ones recorded here. Then there are some squirrels, edible dormouse and forest dormouse, rabbit, wild boar, deer and roe deer. Carnivores recorded are wolf, fox, brown bear, yellow-throated marten, white breasted marten, ermine &#8211; great weasel, weasel, ferret, otter, badger and wild cat.<\/p>\n<p>Numerous species of amphibians and reptiles can also be seen, many of which are protected. Insect fauna consists of as many as 350 species, many of which are endemic. 80 species of butterflies were observed, as well as autochthonous species of fish.<\/p>\n<p>Bjelasica has a significant and preserved habitats of forest and mountain birds. Among more than 200 species of birds, the golden eagle, Common swift, the raven, the yellow-billed chough, the alpine accentor, the little owl, Alauda, the horned lark, the wood grouse, the great spotted woodpecker, the spotted nutcracker, and the ring ouzel can be seen. There are also some representatives of deciduous forests that are recorded here: the northern goshawk, the tawny owl, the song thrush, the great tit and many others.<\/p>\n<\/div><\/div><div class=\"w-separator size_medium\"><\/div><div class=\"w-sharing type_outlined align_none color_default\"><div class=\"w-sharing-list\" data-content-image=\"true\"><a class=\"w-sharing-item email\" href=\"mailto:?subject=Untold+Bjelasica&amp;body=https:\/\/www.katunroads.me\/en\/wp-json\/wp\/v2\/pages\/6992\" title=\"Email this\" aria-label=\"Email this\"><i class=\"fas fa-envelope\"><\/i><\/a><a class=\"w-sharing-item facebook\" href=\"https:\/\/www.facebook.com\/sharer\/sharer.php?u=https:\/\/www.katunroads.me\/en\/wp-json\/wp\/v2\/pages\/6992&amp;quote=Untold+Bjelasica\" title=\"Share this\" aria-label=\"Share this\" onclick=\"window.open(this.href, &quot;facebook&quot;, &quot;toolbar=0,width=900,height=500&quot;); return false;\"><i class=\"fab fa-facebook\"><\/i><\/a><a class=\"w-sharing-item twitter\" href=\"https:\/\/twitter.com\/intent\/tweet?text=Untold+Bjelasica&amp;url=https:\/\/www.katunroads.me\/en\/wp-json\/wp\/v2\/pages\/6992\" title=\"Share this\" aria-label=\"Share this\" onclick=\"window.open(this.href, &quot;twitter&quot;, &quot;toolbar=0,width=650,height=360&quot;); return false;\"><i class=\"fab fa-x-twitter\"><svg style=\"width:1em; margin-bottom:-.1em;\" xmlns=\"http:\/\/www.w3.org\/2000\/svg\" viewBox=\"0 0 512 512\" role=\"presentation\"><path fill=\"currentColor\" d=\"M389.2 48h70.6L305.6 224.2 487 464H345L233.7 318.6 106.5 464H35.8L200.7 275.5 26.8 48H172.4L272.9 180.9 389.2 48zM364.4 421.8h39.1L151.1 88h-42L364.4 421.8z\"\/><\/svg><\/i><\/a><\/div><\/div><\/div><\/div><div class=\"wpb_column vc_column_container\"><div class=\"vc_column-inner\">[vc_wp_custommenu title=&#8221;Explore the Untold Bjelasica&#8221; nav_menu=&#8221;99&#8243;]<div class=\"w-separator size_medium\"><\/div><nav class=\"w-menu us_custom_eb849559 layout_ver style_blocks us_menu_1\" style=\"--main-gap:0.5rem;--main-ver-indent:0.8em;--main-hor-indent:0.8em;--main-bg-color:var(--color-header-transparent-bg);--main-color:var(--color-header-middle-text);--main-hover-bg-color:var(--color-header-middle-bg);--main-hover-color:var(--color-header-transparent-text);\"><ul id=\"menu-partnerski-portali-en\" class=\"menu\"><li id=\"menu-item-7914\" class=\"menu-item menu-item-type-custom menu-item-object-custom menu-item-7914\"><a href=\"https:\/\/www.montenegro.travel\/en\">NATIONAL TOURIST ORGANIZATION OF MONTENEGRO<\/a><\/li><li id=\"menu-item-6913\" class=\"menu-item menu-item-type-custom menu-item-object-custom menu-item-6913\"><a href=\"http:\/\/www.ruralholiday.me\/en\/\">RURALHOLIDAY.ME<\/a><\/li><li id=\"menu-item-6914\" class=\"menu-item menu-item-type-custom menu-item-object-custom menu-item-6914\"><a href=\"http:\/\/www.montegastro.me\/en\/\">MONTEGASTRO.ME<\/a><\/li><li id=\"menu-item-6915\" class=\"menu-item menu-item-type-custom menu-item-object-custom menu-item-6915\"><a href=\"http:\/\/www.accursed-mountains.me\/en\/\">ACCURSED-MOUNTAINS.ME<\/a><\/li><li id=\"menu-item-7135\" class=\"menu-item menu-item-type-custom menu-item-object-custom menu-item-7135\"><a href=\"http:\/\/www.pedalaj.me\/\">PEDALAJ.ME<\/a><\/li><\/ul><style>@media ( max-width:600px ){.us_menu_1 .menu{display:block!important}.us_menu_1 .menu>li:not(:last-child){margin:0 0 var(--main-gap,0.5rem)!important}}<\/style><\/nav><\/div><\/div><\/div><\/div><\/section>\n","protected":false},"excerpt":{"rendered":"","protected":false},"author":1,"featured_media":3130,"parent":6979,"menu_order":0,"comment_status":"closed","ping_status":"closed","template":"","meta":{"_acf_changed":false,"footnotes":""},"class_list":["post-6992","page","type-page","status-publish","has-post-thumbnail","hentry"],"acf":[],"_links":{"self":[{"href":"https:\/\/www.katunroads.me\/en\/wp-json\/wp\/v2\/pages\/6992","targetHints":{"allow":["GET"]}}],"collection":[{"href":"https:\/\/www.katunroads.me\/en\/wp-json\/wp\/v2\/pages"}],"about":[{"href":"https:\/\/www.katunroads.me\/en\/wp-json\/wp\/v2\/types\/page"}],"author":[{"embeddable":true,"href":"https:\/\/www.katunroads.me\/en\/wp-json\/wp\/v2\/users\/1"}],"replies":[{"embeddable":true,"href":"https:\/\/www.katunroads.me\/en\/wp-json\/wp\/v2\/comments?post=6992"}],"version-history":[{"count":2,"href":"https:\/\/www.katunroads.me\/en\/wp-json\/wp\/v2\/pages\/6992\/revisions"}],"predecessor-version":[{"id":6995,"href":"https:\/\/www.katunroads.me\/en\/wp-json\/wp\/v2\/pages\/6992\/revisions\/6995"}],"up":[{"embeddable":true,"href":"https:\/\/www.katunroads.me\/en\/wp-json\/wp\/v2\/pages\/6979"}],"wp:featuredmedia":[{"embeddable":true,"href":"https:\/\/www.katunroads.me\/en\/wp-json\/wp\/v2\/media\/3130"}],"wp:attachment":[{"href":"https:\/\/www.katunroads.me\/en\/wp-json\/wp\/v2\/media?parent=6992"}],"curies":[{"name":"wp","href":"https:\/\/api.w.org\/{rel}","templated":true}]}}