{"id":7002,"date":"2022-07-19T17:02:52","date_gmt":"2022-07-19T17:02:52","guid":{"rendered":"http:\/\/www.katunroads.me\/?page_id=7002"},"modified":"2022-07-19T17:02:54","modified_gmt":"2022-07-19T17:02:54","slug":"cultural-heritage","status":"publish","type":"page","link":"https:\/\/www.katunroads.me\/en\/katun-road-untold-bjelasica\/cultural-heritage\/","title":{"rendered":"Cultural Heritage"},"content":{"rendered":"<section class=\"l-section wpb_row height_medium width_full parallax_ver with_shape\"><div class=\"l-section-shape type_zigzag pos_bottom\" style=\"height:15vmin;\"><svg xmlns=\"http:\/\/www.w3.org\/2000\/svg\" viewBox=\"0 0 64 8\" preserveAspectRatio=\"none\" width=\"100%\" height=\"100%\">\r\n\t<path fill=\"currentColor\" d=\"M64 8 L0 8 L0 0 L20 7.9 L40 3 L48 5 L64 0 Z\"\/>\r\n<\/svg><\/div><div class=\"l-section-h i-cf\"><div class=\"g-cols vc_row via_grid cols_1 laptops-cols_inherit tablets-cols_inherit mobiles-cols_1 valign_top type_default stacking_default\"><div class=\"wpb_column vc_column_container\"><div class=\"vc_column-inner\"><\/div><\/div><\/div><\/div><\/section><section class=\"l-section wpb_row height_medium\"><div class=\"l-section-h i-cf\"><div class=\"g-cols vc_row via_grid cols_2-1 laptops-cols_inherit tablets-cols_inherit mobiles-cols_1 valign_top type_default stacking_default\"><div class=\"wpb_column vc_column_container\"><div class=\"vc_column-inner\"><div class=\"wpb_text_column\"><div class=\"wpb_wrapper\">\t\t\t<!-- Flexy Breadcrumb -->\r\n\t\t\t<div class=\"fbc fbc-page\">\r\n\r\n\t\t\t\t<!-- Breadcrumb wrapper -->\r\n\t\t\t\t<div class=\"fbc-wrap\">\r\n\r\n\t\t\t\t\t<!-- Ordered list-->\r\n\t\t\t\t\t<ol class=\"fbc-items\" itemscope itemtype=\"https:\/\/schema.org\/BreadcrumbList\">\r\n\t\t\t\t\t\t            <li itemprop=\"itemListElement\" itemscope itemtype=\"https:\/\/schema.org\/ListItem\">\r\n                <span itemprop=\"name\">\r\n                    <!-- Home Link -->\r\n                    <a itemprop=\"item\" href=\"http:\/\/www.katunroads.me\">\r\n                    \r\n                                                    <i class=\"fa fa-home\" aria-hidden=\"true\"><\/i>                    <\/a>\r\n                <\/span>\r\n                <meta itemprop=\"position\" content=\"1\" \/><!-- Meta Position-->\r\n             <\/li><li><span class=\"fbc-separator\">\/<\/span><\/li><li class=\"active\" itemprop=\"itemListElement\" itemscope itemtype=\"https:\/\/schema.org\/ListItem\"><span itemprop=\"name\" title=\"Cultural Heritage\">Cultural Heritage<\/span><meta itemprop=\"position\" content=\"2\" \/><\/li>\t\t\t\t\t<\/ol>\r\n\t\t\t\t\t<div class=\"clearfix\"><\/div>\r\n\t\t\t\t<\/div>\r\n\t\t\t<\/div>\r\n\t\t\t\n<\/div><\/div>[vc_custom_heading source=&#8221;post_title&#8221; font_container=&#8221;tag:h2|text_align:left|color:%23b2784c&#8221; use_theme_fonts=&#8221;yes&#8221; css=&#8221;%7B%22default%22%3A%7B%22color%22%3A%22%23b2784c%22%7D%7D&#8221;]<div class=\"w-separator size_medium\"><\/div><div class=\"w-grid us_grid type_grid layout_gallery_default cols_6 pagination_infinite preload_style_spinner\" id=\"us_grid_1\" style=\"--columns:6;--gap:4px;\" data-filterable=\"true\"><style>@media (max-width:767px){#us_grid_1{--columns:4!important}}@media (max-width:479px){#us_grid_1{--columns:2!important}}.layout_gallery_default .w-grid-item-h{}<\/style><div class=\"w-grid-list\">\t<article class=\"w-grid-item size_1x1 post-5991 attachment type-attachment status-inherit hentry\" data-id=\"5991\">\r\n\t\t<div class=\"w-grid-item-h\">\r\n\t\t\t\t\t\t\t<a ref=\"magnificPopupGrid\" href=\"https:\/\/www.katunroads.me\/wp-content\/uploads\/2022\/05\/PENTAX-K-1-Mark-II-HD-PENTAX-D-FA-15-30mm-F2.8-ED-SDM-WR-23-11-06-21-14-08-17-1.jpeg\" class=\"w-grid-item-anchor\" aria-label=\"Untold Bjelasica\"><\/a>\r\n\t\t\t\t\t\t<div class=\"w-post-elm post_image usg_post_image_1 stretched\"><img loading=\"lazy\" decoding=\"async\" width=\"350\" height=\"350\" src=\"https:\/\/www.katunroads.me\/wp-content\/uploads\/2022\/05\/PENTAX-K-1-Mark-II-HD-PENTAX-D-FA-15-30mm-F2.8-ED-SDM-WR-23-11-06-21-14-08-17-1-350x350.jpeg\" class=\"attachment-us_350_350_crop size-us_350_350_crop\" alt=\"\" srcset=\"https:\/\/www.katunroads.me\/wp-content\/uploads\/2022\/05\/PENTAX-K-1-Mark-II-HD-PENTAX-D-FA-15-30mm-F2.8-ED-SDM-WR-23-11-06-21-14-08-17-1-350x350.jpeg 350w, https:\/\/www.katunroads.me\/wp-content\/uploads\/2022\/05\/PENTAX-K-1-Mark-II-HD-PENTAX-D-FA-15-30mm-F2.8-ED-SDM-WR-23-11-06-21-14-08-17-1-150x150.jpeg 150w, https:\/\/www.katunroads.me\/wp-content\/uploads\/2022\/05\/PENTAX-K-1-Mark-II-HD-PENTAX-D-FA-15-30mm-F2.8-ED-SDM-WR-23-11-06-21-14-08-17-1-600x600.jpeg 600w\" sizes=\"auto, (max-width: 350px) 100vw, 350px\" \/><\/div>\t\t<\/div>\r\n\t\t\t<\/article>\r\n\t<article class=\"w-grid-item size_1x1 post-5254 attachment type-attachment status-inherit hentry\" data-id=\"5254\">\r\n\t\t<div class=\"w-grid-item-h\">\r\n\t\t\t\t\t\t\t<a ref=\"magnificPopupGrid\" href=\"https:\/\/www.katunroads.me\/wp-content\/uploads\/2022\/05\/Pesica-Jezero-Pentax-K-5-12.07.2011-21-06-16-1.jpeg\" class=\"w-grid-item-anchor\" aria-label=\"Untold Bjelasica\"><\/a>\r\n\t\t\t\t\t\t<div class=\"w-post-elm post_image usg_post_image_1 stretched\"><img loading=\"lazy\" decoding=\"async\" width=\"350\" height=\"350\" src=\"https:\/\/www.katunroads.me\/wp-content\/uploads\/2022\/05\/Pesica-Jezero-Pentax-K-5-12.07.2011-21-06-16-1-350x350.jpeg\" class=\"attachment-us_350_350_crop size-us_350_350_crop\" alt=\"\" srcset=\"https:\/\/www.katunroads.me\/wp-content\/uploads\/2022\/05\/Pesica-Jezero-Pentax-K-5-12.07.2011-21-06-16-1-350x350.jpeg 350w, https:\/\/www.katunroads.me\/wp-content\/uploads\/2022\/05\/Pesica-Jezero-Pentax-K-5-12.07.2011-21-06-16-1-150x150.jpeg 150w, https:\/\/www.katunroads.me\/wp-content\/uploads\/2022\/05\/Pesica-Jezero-Pentax-K-5-12.07.2011-21-06-16-1-600x600.jpeg 600w\" sizes=\"auto, (max-width: 350px) 100vw, 350px\" \/><\/div>\t\t<\/div>\r\n\t\t\t<\/article>\r\n\t<article class=\"w-grid-item size_1x1 post-5257 attachment type-attachment status-inherit hentry\" data-id=\"5257\">\r\n\t\t<div class=\"w-grid-item-h\">\r\n\t\t\t\t\t\t\t<a ref=\"magnificPopupGrid\" href=\"https:\/\/www.katunroads.me\/wp-content\/uploads\/2022\/05\/Pesica-Jezero-Pentax-K-5-12.07.2011-21-15-00-1.jpeg\" class=\"w-grid-item-anchor\" aria-label=\"Untold Bjelasica\"><\/a>\r\n\t\t\t\t\t\t<div class=\"w-post-elm post_image usg_post_image_1 stretched\"><img loading=\"lazy\" decoding=\"async\" width=\"350\" height=\"350\" src=\"https:\/\/www.katunroads.me\/wp-content\/uploads\/2022\/05\/Pesica-Jezero-Pentax-K-5-12.07.2011-21-15-00-1-350x350.jpeg\" class=\"attachment-us_350_350_crop size-us_350_350_crop\" alt=\"\" srcset=\"https:\/\/www.katunroads.me\/wp-content\/uploads\/2022\/05\/Pesica-Jezero-Pentax-K-5-12.07.2011-21-15-00-1-350x350.jpeg 350w, https:\/\/www.katunroads.me\/wp-content\/uploads\/2022\/05\/Pesica-Jezero-Pentax-K-5-12.07.2011-21-15-00-1-150x150.jpeg 150w, https:\/\/www.katunroads.me\/wp-content\/uploads\/2022\/05\/Pesica-Jezero-Pentax-K-5-12.07.2011-21-15-00-1-600x600.jpeg 600w\" sizes=\"auto, (max-width: 350px) 100vw, 350px\" \/><\/div>\t\t<\/div>\r\n\t\t\t<\/article>\r\n\t<article class=\"w-grid-item size_1x1 post-5174 attachment type-attachment status-inherit hentry\" data-id=\"5174\">\r\n\t\t<div class=\"w-grid-item-h\">\r\n\t\t\t\t\t\t\t<a ref=\"magnificPopupGrid\" href=\"https:\/\/www.katunroads.me\/wp-content\/uploads\/2022\/05\/PENTAX-K-1-Mark-II-HD-PENTAX-D-FA-15-30mm-F2.8-ED-SDM-WR-24-21-04-21-13-48-27.jpeg\" class=\"w-grid-item-anchor\" aria-label=\"Untold Bjelasica\"><\/a>\r\n\t\t\t\t\t\t<div class=\"w-post-elm post_image usg_post_image_1 stretched\"><img loading=\"lazy\" decoding=\"async\" width=\"350\" height=\"350\" src=\"https:\/\/www.katunroads.me\/wp-content\/uploads\/2022\/05\/PENTAX-K-1-Mark-II-HD-PENTAX-D-FA-15-30mm-F2.8-ED-SDM-WR-24-21-04-21-13-48-27-350x350.jpeg\" class=\"attachment-us_350_350_crop size-us_350_350_crop\" alt=\"\" srcset=\"https:\/\/www.katunroads.me\/wp-content\/uploads\/2022\/05\/PENTAX-K-1-Mark-II-HD-PENTAX-D-FA-15-30mm-F2.8-ED-SDM-WR-24-21-04-21-13-48-27-350x350.jpeg 350w, https:\/\/www.katunroads.me\/wp-content\/uploads\/2022\/05\/PENTAX-K-1-Mark-II-HD-PENTAX-D-FA-15-30mm-F2.8-ED-SDM-WR-24-21-04-21-13-48-27-150x150.jpeg 150w, https:\/\/www.katunroads.me\/wp-content\/uploads\/2022\/05\/PENTAX-K-1-Mark-II-HD-PENTAX-D-FA-15-30mm-F2.8-ED-SDM-WR-24-21-04-21-13-48-27-600x600.jpeg 600w\" sizes=\"auto, (max-width: 350px) 100vw, 350px\" \/><\/div>\t\t<\/div>\r\n\t\t\t<\/article>\r\n\t<article class=\"w-grid-item size_1x1 post-5994 attachment type-attachment status-inherit hentry\" data-id=\"5994\">\r\n\t\t<div class=\"w-grid-item-h\">\r\n\t\t\t\t\t\t\t<a ref=\"magnificPopupGrid\" href=\"https:\/\/www.katunroads.me\/wp-content\/uploads\/2022\/05\/PENTAX-K-5-08-07-2011-23-07-11.jpeg\" class=\"w-grid-item-anchor\" aria-label=\"Untold Bjelasica\"><\/a>\r\n\t\t\t\t\t\t<div class=\"w-post-elm post_image usg_post_image_1 stretched\"><img loading=\"lazy\" decoding=\"async\" width=\"350\" height=\"350\" src=\"https:\/\/www.katunroads.me\/wp-content\/uploads\/2022\/05\/PENTAX-K-5-08-07-2011-23-07-11-350x350.jpeg\" class=\"attachment-us_350_350_crop size-us_350_350_crop\" alt=\"\" srcset=\"https:\/\/www.katunroads.me\/wp-content\/uploads\/2022\/05\/PENTAX-K-5-08-07-2011-23-07-11-350x350.jpeg 350w, https:\/\/www.katunroads.me\/wp-content\/uploads\/2022\/05\/PENTAX-K-5-08-07-2011-23-07-11-150x150.jpeg 150w, https:\/\/www.katunroads.me\/wp-content\/uploads\/2022\/05\/PENTAX-K-5-08-07-2011-23-07-11-600x600.jpeg 600w\" sizes=\"auto, (max-width: 350px) 100vw, 350px\" \/><\/div>\t\t<\/div>\r\n\t\t\t<\/article>\r\n\t<article class=\"w-grid-item size_1x1 post-5988 attachment type-attachment status-inherit hentry\" data-id=\"5988\">\r\n\t\t<div class=\"w-grid-item-h\">\r\n\t\t\t\t\t\t\t<a ref=\"magnificPopupGrid\" href=\"https:\/\/www.katunroads.me\/wp-content\/uploads\/2022\/05\/PENTAX-K-1-Mark-II-HD-PENTAX-D-FA-15-30mm-F2.8-ED-SDM-WR-23-11-06-21-14-07-32.jpeg\" class=\"w-grid-item-anchor\" aria-label=\"Untold Bjelasica\"><\/a>\r\n\t\t\t\t\t\t<div class=\"w-post-elm post_image usg_post_image_1 stretched\"><img loading=\"lazy\" decoding=\"async\" width=\"350\" height=\"350\" src=\"https:\/\/www.katunroads.me\/wp-content\/uploads\/2022\/05\/PENTAX-K-1-Mark-II-HD-PENTAX-D-FA-15-30mm-F2.8-ED-SDM-WR-23-11-06-21-14-07-32-350x350.jpeg\" class=\"attachment-us_350_350_crop size-us_350_350_crop\" alt=\"\" srcset=\"https:\/\/www.katunroads.me\/wp-content\/uploads\/2022\/05\/PENTAX-K-1-Mark-II-HD-PENTAX-D-FA-15-30mm-F2.8-ED-SDM-WR-23-11-06-21-14-07-32-350x350.jpeg 350w, https:\/\/www.katunroads.me\/wp-content\/uploads\/2022\/05\/PENTAX-K-1-Mark-II-HD-PENTAX-D-FA-15-30mm-F2.8-ED-SDM-WR-23-11-06-21-14-07-32-150x150.jpeg 150w, https:\/\/www.katunroads.me\/wp-content\/uploads\/2022\/05\/PENTAX-K-1-Mark-II-HD-PENTAX-D-FA-15-30mm-F2.8-ED-SDM-WR-23-11-06-21-14-07-32-600x600.jpeg 600w\" sizes=\"auto, (max-width: 350px) 100vw, 350px\" \/><\/div>\t\t<\/div>\r\n\t\t\t<\/article>\r\n<\/div>\t<div class=\"w-grid-preloader\">\r\n\t\t<div class=\"g-preloader type_5\">\r\n\t\t\t<div><\/div>\r\n\t\t<\/div>\r\n\t<\/div>\r\n\t\t<div class=\"w-grid-json hidden\" onclick='return {&quot;action&quot;:&quot;us_ajax_grid&quot;,&quot;infinite_scroll&quot;:0,&quot;max_num_pages&quot;:1,&quot;pagination&quot;:&quot;infinite&quot;,&quot;template_vars&quot;:{&quot;columns&quot;:&quot;6&quot;,&quot;exclude_items&quot;:&quot;none&quot;,&quot;img_size&quot;:&quot;us_350_350_crop&quot;,&quot;ignore_items_size&quot;:0,&quot;items_layout&quot;:&quot;gallery_default&quot;,&quot;items_offset&quot;:&quot;1&quot;,&quot;load_animation&quot;:&quot;none&quot;,&quot;overriding_link&quot;:&quot;%7B%22type%22%3A%22popup_image%22%7D&quot;,&quot;post_id&quot;:0,&quot;query_args&quot;:{&quot;post_type&quot;:[&quot;attachment&quot;],&quot;post__in&quot;:[&quot;5986&quot;,&quot;5989&quot;,&quot;5252&quot;,&quot;5255&quot;,&quot;5172&quot;,&quot;5992&quot;],&quot;post_status&quot;:&quot;inherit&quot;,&quot;post_mime_type&quot;:&quot;image&quot;,&quot;posts_per_page&quot;:999},&quot;orderby_query_args&quot;:{&quot;orderby&quot;:&quot;RAND(2019409446)&quot;},&quot;type&quot;:&quot;grid&quot;,&quot;us_grid_post_type&quot;:&quot;attachment&quot;,&quot;us_grid_ajax_index&quot;:1,&quot;us_grid_filter_query_string&quot;:null,&quot;us_grid_index&quot;:1,&quot;page_args&quot;:[],&quot;lang&quot;:&quot;en&quot;}}'><\/div>\r\n\t<\/div><div class=\"w-separator size_medium\"><\/div><div class=\"wpb_text_column\"><div class=\"wpb_wrapper\"><p>Cultural and historical heritage of Bjelasica is made of archeological sites, sacral monuments, folk architecture. Numerous indigenous objects of folk architecture in the villages and katuns, such as houses, log cabins, towers, watermills, are scattered along the brim of the Biogradska Gora National Park and the mountain Bjelasica. Katuns such as Pe\u0161i\u0107a Rupe, Vranjak, \u0160i\u0161ka, Vragodo seem very picturesque and attractive.<\/p>\n<p>There are several necropolis sites within the park and its immediate surroundings. Since they haven\u2019t been archeologically researched, the period they belong to cannot be specified with certainty. Those sites are Bardov do, Sjerogo\u0161te, Kraljevo kolo, Ganova\u010da, Mican, Gradac, Svatovsko groblje (Wedding Cemetary).<\/p>\n<p>The remains of the medieval town Brskovo are situated on the slopes of Bjelasica, in the protected zone of the park, and they are a proof that this settlement used to be a large mining and commercial center. Excavations done on the surface, as well as the remnants of residential buildings located in \u0160i\u0161ka, indicate the presence of Saxon miners in Brskovo.<\/p>\n<p>Archetypal architecture is characterized by fashioning of numerous katuns, seasonal pastoral settlements of the nearby villages. These settlements, common for mountain regions, were usually built within sunny valleys and ravines of Bjelasica, with bountiful pastures.\u00a0 Their structure consists of log cabins with accompanying livestock facilities. The living cabins were built using natural materials, wood, stone and straw, covered with a complex wood shingle or clapboard. Savardak is the oldest and most typical example of this traditional seasonal building style of the region. It used to be a place where people lived throughout the year in the past.<\/p>\n<p>Folk handicraft of the local population, seen in crochet and knitting of woolen clothes, captivate with their beauty and way of manufacture. Homemade artisanship was dominant on Bjelasica and its surroundings \u2013 various objects, needed by the household, were made from natural materials. Women were mostly engaged in knitting and weaving. One can still find (rarely, though) a woman who is into weaving, more out of love and pleasure, making souvenirs. Men were skilled in woodworking, as well as in making traditional musical instrument \u2013 a fiddle.<\/p>\n<p>As to the traditional performing culture (songs and dance), rarely does one hear the flute playing, loud singing, or see a folk dance on the mountain. However, folklore ensembles in towns around Bjelasica hold on to the tradition and keep the old customs from oblivion. A substantial narrative tradition is made of legends, stories and anecdotes, which have been passed from generation to generation and are still present.<\/p>\n<h2>Tuti\u0107a katun<\/h2>\n<p>Tuti\u0107a katun is an interesting but barely researched location of Bjelasica. It is situated in the very heart of the mountain, in the center of the massif, an abandoned and dilapidated old katun nobody lives in. It is an interesting one due to the fact that, unlike other katuns where cabins were made from wood, they were made of stone in Tuti\u0107a katun. When you look down on it from one of the surrounding hills, it is clear that this used to be a large settlement, with many families living in it, and each and every building is clearly seen. No similar settlement can be seen anywhere nearby, not even in the wider region of Bjelasica. There are several theories about the origin of this katun, it is unclear which one is true. Some say it belonged to the tribes who had lived there before the Slavs came, others that these are remains from the time of the Turkish rule. In any case, original inhabitants of this katun are no longer with us, but the ragged walls of their huts are here to testify to their life in this area.<\/p>\n<h2>Abandoned katuns<\/h2>\n<p>Katuns and their huts are indispensable part of the cultural scenery of Bjelasica, whether they are lived in or abandoned. Unfortunately, numerous abandoned katuns can be found on Bjelasica, overgrown with grass and weed, but with wooden huts which still resist the tooth of time and testify of times gone by. Such are Mu\u0161ika, Ocka, Riva katuns, families would travel with their cattle for two days to reach them during their move to the mountain. Or Jaganj\u010darske rupe katun, a place from a fairytale, isolated and surrounded with rocks and stones, similar to a scene from sci-fi films, and yet tucked away and romantic in its solitude.<\/p>\n<\/div><\/div><div class=\"w-separator size_medium\"><\/div><div class=\"w-sharing type_outlined align_none color_default\"><div class=\"w-sharing-list\" data-content-image=\"true\"><a class=\"w-sharing-item email\" href=\"mailto:?subject=Untold+Bjelasica&amp;body=https:\/\/www.katunroads.me\/en\/wp-json\/wp\/v2\/pages\/7002\" title=\"Email this\" aria-label=\"Email this\"><i class=\"fas fa-envelope\"><\/i><\/a><a class=\"w-sharing-item facebook\" href=\"https:\/\/www.facebook.com\/sharer\/sharer.php?u=https:\/\/www.katunroads.me\/en\/wp-json\/wp\/v2\/pages\/7002&amp;quote=Untold+Bjelasica\" title=\"Share this\" aria-label=\"Share this\" onclick=\"window.open(this.href, &quot;facebook&quot;, &quot;toolbar=0,width=900,height=500&quot;); return false;\"><i class=\"fab fa-facebook\"><\/i><\/a><a class=\"w-sharing-item twitter\" href=\"https:\/\/twitter.com\/intent\/tweet?text=Untold+Bjelasica&amp;url=https:\/\/www.katunroads.me\/en\/wp-json\/wp\/v2\/pages\/7002\" title=\"Share this\" aria-label=\"Share this\" onclick=\"window.open(this.href, &quot;twitter&quot;, &quot;toolbar=0,width=650,height=360&quot;); return false;\"><i class=\"fab fa-x-twitter\"><svg style=\"width:1em; margin-bottom:-.1em;\" xmlns=\"http:\/\/www.w3.org\/2000\/svg\" viewBox=\"0 0 512 512\" role=\"presentation\"><path fill=\"currentColor\" d=\"M389.2 48h70.6L305.6 224.2 487 464H345L233.7 318.6 106.5 464H35.8L200.7 275.5 26.8 48H172.4L272.9 180.9 389.2 48zM364.4 421.8h39.1L151.1 88h-42L364.4 421.8z\"\/><\/svg><\/i><\/a><\/div><\/div><\/div><\/div><div class=\"wpb_column vc_column_container\"><div class=\"vc_column-inner\">[vc_wp_custommenu title=&#8221;Explore the Untold Bjelasica&#8221; nav_menu=&#8221;99&#8243;]<div class=\"w-separator size_medium\"><\/div><nav class=\"w-menu us_custom_eb849559 layout_ver style_blocks us_menu_1\" style=\"--main-gap:0.5rem;--main-ver-indent:0.8em;--main-hor-indent:0.8em;--main-bg-color:var(--color-header-transparent-bg);--main-color:var(--color-header-middle-text);--main-hover-bg-color:var(--color-header-middle-bg);--main-hover-color:var(--color-header-transparent-text);\"><ul id=\"menu-partnerski-portali-en\" class=\"menu\"><li id=\"menu-item-7914\" class=\"menu-item menu-item-type-custom menu-item-object-custom menu-item-7914\"><a href=\"https:\/\/www.montenegro.travel\/en\">NATIONAL TOURIST ORGANIZATION OF MONTENEGRO<\/a><\/li><li id=\"menu-item-6913\" class=\"menu-item menu-item-type-custom menu-item-object-custom menu-item-6913\"><a href=\"http:\/\/www.ruralholiday.me\/en\/\">RURALHOLIDAY.ME<\/a><\/li><li id=\"menu-item-6914\" class=\"menu-item menu-item-type-custom menu-item-object-custom menu-item-6914\"><a href=\"http:\/\/www.montegastro.me\/en\/\">MONTEGASTRO.ME<\/a><\/li><li id=\"menu-item-6915\" class=\"menu-item menu-item-type-custom menu-item-object-custom menu-item-6915\"><a href=\"http:\/\/www.accursed-mountains.me\/en\/\">ACCURSED-MOUNTAINS.ME<\/a><\/li><li id=\"menu-item-7135\" class=\"menu-item menu-item-type-custom menu-item-object-custom menu-item-7135\"><a href=\"http:\/\/www.pedalaj.me\/\">PEDALAJ.ME<\/a><\/li><\/ul><style>@media ( max-width:600px ){.us_menu_1 .menu{display:block!important}.us_menu_1 .menu>li:not(:last-child){margin:0 0 var(--main-gap,0.5rem)!important}}<\/style><\/nav><\/div><\/div><\/div><\/div><\/section>\n","protected":false},"excerpt":{"rendered":"","protected":false},"author":1,"featured_media":5299,"parent":6979,"menu_order":0,"comment_status":"closed","ping_status":"closed","template":"","meta":{"_acf_changed":false,"footnotes":""},"class_list":["post-7002","page","type-page","status-publish","has-post-thumbnail","hentry"],"acf":[],"_links":{"self":[{"href":"https:\/\/www.katunroads.me\/en\/wp-json\/wp\/v2\/pages\/7002","targetHints":{"allow":["GET"]}}],"collection":[{"href":"https:\/\/www.katunroads.me\/en\/wp-json\/wp\/v2\/pages"}],"about":[{"href":"https:\/\/www.katunroads.me\/en\/wp-json\/wp\/v2\/types\/page"}],"author":[{"embeddable":true,"href":"https:\/\/www.katunroads.me\/en\/wp-json\/wp\/v2\/users\/1"}],"replies":[{"embeddable":true,"href":"https:\/\/www.katunroads.me\/en\/wp-json\/wp\/v2\/comments?post=7002"}],"version-history":[{"count":1,"href":"https:\/\/www.katunroads.me\/en\/wp-json\/wp\/v2\/pages\/7002\/revisions"}],"predecessor-version":[{"id":7003,"href":"https:\/\/www.katunroads.me\/en\/wp-json\/wp\/v2\/pages\/7002\/revisions\/7003"}],"up":[{"embeddable":true,"href":"https:\/\/www.katunroads.me\/en\/wp-json\/wp\/v2\/pages\/6979"}],"wp:featuredmedia":[{"embeddable":true,"href":"https:\/\/www.katunroads.me\/en\/wp-json\/wp\/v2\/media\/5299"}],"wp:attachment":[{"href":"https:\/\/www.katunroads.me\/en\/wp-json\/wp\/v2\/media?parent=7002"}],"curies":[{"name":"wp","href":"https:\/\/api.w.org\/{rel}","templated":true}]}}