{"id":7011,"date":"2022-07-20T08:45:20","date_gmt":"2022-07-20T08:45:20","guid":{"rendered":"http:\/\/www.katunroads.me\/?page_id=7011"},"modified":"2022-07-20T08:58:51","modified_gmt":"2022-07-20T08:58:51","slug":"a-move-to-the-bjelasica-katuns-and-way-of-life-there","status":"publish","type":"page","link":"https:\/\/www.katunroads.me\/en\/katun-road-untold-bjelasica\/a-move-to-the-bjelasica-katuns-and-way-of-life-there\/","title":{"rendered":"A Move to the Bjelasica Katuns"},"content":{"rendered":"<section class=\"l-section wpb_row height_medium width_full parallax_ver with_shape\"><div class=\"l-section-shape type_zigzag pos_bottom\" style=\"height:15vmin;\"><svg xmlns=\"http:\/\/www.w3.org\/2000\/svg\" viewBox=\"0 0 64 8\" preserveAspectRatio=\"none\" width=\"100%\" height=\"100%\">\r\n\t<path fill=\"currentColor\" d=\"M64 8 L0 8 L0 0 L20 7.9 L40 3 L48 5 L64 0 Z\"\/>\r\n<\/svg><\/div><div class=\"l-section-h i-cf\"><div class=\"g-cols vc_row via_grid cols_1 laptops-cols_inherit tablets-cols_inherit mobiles-cols_1 valign_top type_default stacking_default\"><div class=\"wpb_column vc_column_container\"><div class=\"vc_column-inner\"><\/div><\/div><\/div><\/div><\/section><section class=\"l-section wpb_row height_medium\"><div class=\"l-section-h i-cf\"><div class=\"g-cols vc_row via_grid cols_2-1 laptops-cols_inherit tablets-cols_inherit mobiles-cols_1 valign_top type_default stacking_default\"><div class=\"wpb_column vc_column_container\"><div class=\"vc_column-inner\"><div class=\"wpb_text_column\"><div class=\"wpb_wrapper\">\t\t\t<!-- Flexy Breadcrumb -->\r\n\t\t\t<div class=\"fbc fbc-page\">\r\n\r\n\t\t\t\t<!-- Breadcrumb wrapper -->\r\n\t\t\t\t<div class=\"fbc-wrap\">\r\n\r\n\t\t\t\t\t<!-- Ordered list-->\r\n\t\t\t\t\t<ol class=\"fbc-items\" itemscope itemtype=\"https:\/\/schema.org\/BreadcrumbList\">\r\n\t\t\t\t\t\t            <li itemprop=\"itemListElement\" itemscope itemtype=\"https:\/\/schema.org\/ListItem\">\r\n                <span itemprop=\"name\">\r\n                    <!-- Home Link -->\r\n                    <a itemprop=\"item\" href=\"http:\/\/www.katunroads.me\">\r\n                    \r\n                                                    <i class=\"fa fa-home\" aria-hidden=\"true\"><\/i>                    <\/a>\r\n                <\/span>\r\n                <meta itemprop=\"position\" content=\"1\" \/><!-- Meta Position-->\r\n             <\/li><li><span class=\"fbc-separator\">\/<\/span><\/li><li class=\"active\" itemprop=\"itemListElement\" itemscope itemtype=\"https:\/\/schema.org\/ListItem\"><span itemprop=\"name\" title=\"A Move to the Bjelasica Katuns\">A Move to the...<\/span><meta itemprop=\"position\" content=\"2\" \/><\/li>\t\t\t\t\t<\/ol>\r\n\t\t\t\t\t<div class=\"clearfix\"><\/div>\r\n\t\t\t\t<\/div>\r\n\t\t\t<\/div>\r\n\t\t\t\n<\/div><\/div>[vc_custom_heading source=&#8221;post_title&#8221; font_container=&#8221;tag:h2|text_align:left|color:%23b2784c&#8221; use_theme_fonts=&#8221;yes&#8221; css=&#8221;%7B%22default%22%3A%7B%22color%22%3A%22%23b2784c%22%7D%7D&#8221;]<div class=\"w-separator size_medium\"><\/div><div class=\"w-grid us_grid type_grid layout_gallery_default cols_6 pagination_infinite preload_style_spinner\" id=\"us_grid_1\" style=\"--columns:6;--gap:4px;\" data-filterable=\"true\"><style>@media (max-width:767px){#us_grid_1{--columns:4!important}}@media (max-width:479px){#us_grid_1{--columns:2!important}}.layout_gallery_default .w-grid-item-h{}<\/style><div class=\"w-grid-list\">\t<article class=\"w-grid-item size_1x1 post-5203 attachment type-attachment status-inherit hentry\" data-id=\"5203\">\r\n\t\t<div class=\"w-grid-item-h\">\r\n\t\t\t\t\t\t\t<a ref=\"magnificPopupGrid\" href=\"https:\/\/www.katunroads.me\/wp-content\/uploads\/2022\/05\/PENTAX-K-5-12.10.13-15-33-53-2.jpeg\" class=\"w-grid-item-anchor\" aria-label=\"Untold Bjelasica\"><\/a>\r\n\t\t\t\t\t\t<div class=\"w-post-elm post_image usg_post_image_1 stretched\"><img loading=\"lazy\" decoding=\"async\" width=\"350\" height=\"350\" src=\"https:\/\/www.katunroads.me\/wp-content\/uploads\/2022\/05\/PENTAX-K-5-12.10.13-15-33-53-2-350x350.jpeg\" class=\"attachment-us_350_350_crop size-us_350_350_crop\" alt=\"\" srcset=\"https:\/\/www.katunroads.me\/wp-content\/uploads\/2022\/05\/PENTAX-K-5-12.10.13-15-33-53-2-350x350.jpeg 350w, https:\/\/www.katunroads.me\/wp-content\/uploads\/2022\/05\/PENTAX-K-5-12.10.13-15-33-53-2-150x150.jpeg 150w, https:\/\/www.katunroads.me\/wp-content\/uploads\/2022\/05\/PENTAX-K-5-12.10.13-15-33-53-2-600x600.jpeg 600w\" sizes=\"auto, (max-width: 350px) 100vw, 350px\" \/><\/div>\t\t<\/div>\r\n\t\t\t<\/article>\r\n\t<article class=\"w-grid-item size_1x1 post-5476 attachment type-attachment status-inherit hentry\" data-id=\"5476\">\r\n\t\t<div class=\"w-grid-item-h\">\r\n\t\t\t\t\t\t\t<a ref=\"magnificPopupGrid\" href=\"https:\/\/www.katunroads.me\/wp-content\/uploads\/2022\/05\/cropped-PENTAX-K-5-08-07-2011-18-08-26.jpg\" class=\"w-grid-item-anchor\" aria-label=\"cropped-PENTAX-K-5-08-07-2011-18-08-26\"><\/a>\r\n\t\t\t\t\t\t<div class=\"w-post-elm post_image usg_post_image_1 stretched\"><img loading=\"lazy\" decoding=\"async\" width=\"350\" height=\"350\" src=\"https:\/\/www.katunroads.me\/wp-content\/uploads\/2022\/05\/cropped-PENTAX-K-5-08-07-2011-18-08-26-350x350.jpg\" class=\"attachment-us_350_350_crop size-us_350_350_crop\" alt=\"\" srcset=\"https:\/\/www.katunroads.me\/wp-content\/uploads\/2022\/05\/cropped-PENTAX-K-5-08-07-2011-18-08-26-350x350.jpg 350w, https:\/\/www.katunroads.me\/wp-content\/uploads\/2022\/05\/cropped-PENTAX-K-5-08-07-2011-18-08-26-150x150.jpg 150w, https:\/\/www.katunroads.me\/wp-content\/uploads\/2022\/05\/cropped-PENTAX-K-5-08-07-2011-18-08-26-600x600.jpg 600w\" sizes=\"auto, (max-width: 350px) 100vw, 350px\" \/><\/div>\t\t<\/div>\r\n\t\t\t<\/article>\r\n\t<article class=\"w-grid-item size_1x1 post-5359 attachment type-attachment status-inherit hentry\" data-id=\"5359\">\r\n\t\t<div class=\"w-grid-item-h\">\r\n\t\t\t\t\t\t\t<a ref=\"magnificPopupGrid\" href=\"https:\/\/www.katunroads.me\/wp-content\/uploads\/2022\/05\/PENTAX-K-5-08-10-2011-12-39-20-2.jpeg\" class=\"w-grid-item-anchor\" aria-label=\"Untold Bjelasica\"><\/a>\r\n\t\t\t\t\t\t<div class=\"w-post-elm post_image usg_post_image_1 stretched\"><img loading=\"lazy\" decoding=\"async\" width=\"350\" height=\"350\" src=\"https:\/\/www.katunroads.me\/wp-content\/uploads\/2022\/05\/PENTAX-K-5-08-10-2011-12-39-20-2-350x350.jpeg\" class=\"attachment-us_350_350_crop size-us_350_350_crop\" alt=\"\" srcset=\"https:\/\/www.katunroads.me\/wp-content\/uploads\/2022\/05\/PENTAX-K-5-08-10-2011-12-39-20-2-350x350.jpeg 350w, https:\/\/www.katunroads.me\/wp-content\/uploads\/2022\/05\/PENTAX-K-5-08-10-2011-12-39-20-2-150x150.jpeg 150w, https:\/\/www.katunroads.me\/wp-content\/uploads\/2022\/05\/PENTAX-K-5-08-10-2011-12-39-20-2-600x600.jpeg 600w\" sizes=\"auto, (max-width: 350px) 100vw, 350px\" \/><\/div>\t\t<\/div>\r\n\t\t\t<\/article>\r\n\t<article class=\"w-grid-item size_1x1 post-5186 attachment type-attachment status-inherit hentry\" data-id=\"5186\">\r\n\t\t<div class=\"w-grid-item-h\">\r\n\t\t\t\t\t\t\t<a ref=\"magnificPopupGrid\" href=\"https:\/\/www.katunroads.me\/wp-content\/uploads\/2022\/05\/PENTAX-K-5-13-10-2012-16-48-43.jpeg\" class=\"w-grid-item-anchor\" aria-label=\"Untold Bjelasica\"><\/a>\r\n\t\t\t\t\t\t<div class=\"w-post-elm post_image usg_post_image_1 stretched\"><img loading=\"lazy\" decoding=\"async\" width=\"350\" height=\"350\" src=\"https:\/\/www.katunroads.me\/wp-content\/uploads\/2022\/05\/PENTAX-K-5-13-10-2012-16-48-43-350x350.jpeg\" class=\"attachment-us_350_350_crop size-us_350_350_crop\" alt=\"\" srcset=\"https:\/\/www.katunroads.me\/wp-content\/uploads\/2022\/05\/PENTAX-K-5-13-10-2012-16-48-43-350x350.jpeg 350w, https:\/\/www.katunroads.me\/wp-content\/uploads\/2022\/05\/PENTAX-K-5-13-10-2012-16-48-43-150x150.jpeg 150w, https:\/\/www.katunroads.me\/wp-content\/uploads\/2022\/05\/PENTAX-K-5-13-10-2012-16-48-43-600x600.jpeg 600w\" sizes=\"auto, (max-width: 350px) 100vw, 350px\" \/><\/div>\t\t<\/div>\r\n\t\t\t<\/article>\r\n\t<article class=\"w-grid-item size_1x1 post-5594 attachment type-attachment status-inherit hentry\" data-id=\"5594\">\r\n\t\t<div class=\"w-grid-item-h\">\r\n\t\t\t\t\t\t\t<a ref=\"magnificPopupGrid\" href=\"https:\/\/www.katunroads.me\/wp-content\/uploads\/2022\/05\/ss1-20.jpeg\" class=\"w-grid-item-anchor\" aria-label=\"ss1-20\"><\/a>\r\n\t\t\t\t\t\t<div class=\"w-post-elm post_image usg_post_image_1 stretched\"><img loading=\"lazy\" decoding=\"async\" width=\"350\" height=\"350\" src=\"https:\/\/www.katunroads.me\/wp-content\/uploads\/2022\/05\/ss1-20-350x350.jpeg\" class=\"attachment-us_350_350_crop size-us_350_350_crop\" alt=\"\" srcset=\"https:\/\/www.katunroads.me\/wp-content\/uploads\/2022\/05\/ss1-20-350x350.jpeg 350w, https:\/\/www.katunroads.me\/wp-content\/uploads\/2022\/05\/ss1-20-150x150.jpeg 150w, https:\/\/www.katunroads.me\/wp-content\/uploads\/2022\/05\/ss1-20-600x600.jpeg 600w\" sizes=\"auto, (max-width: 350px) 100vw, 350px\" \/><\/div>\t\t<\/div>\r\n\t\t\t<\/article>\r\n\t<article class=\"w-grid-item size_1x1 post-5891 attachment type-attachment status-inherit hentry\" data-id=\"5891\">\r\n\t\t<div class=\"w-grid-item-h\">\r\n\t\t\t\t\t\t\t<a ref=\"magnificPopupGrid\" href=\"https:\/\/www.katunroads.me\/wp-content\/uploads\/2022\/05\/ss1-3-1.jpeg\" class=\"w-grid-item-anchor\" aria-label=\"Untold Bjelasica\"><\/a>\r\n\t\t\t\t\t\t<div class=\"w-post-elm post_image usg_post_image_1 stretched\"><img loading=\"lazy\" decoding=\"async\" width=\"350\" height=\"350\" src=\"https:\/\/www.katunroads.me\/wp-content\/uploads\/2022\/05\/ss1-3-1-350x350.jpeg\" class=\"attachment-us_350_350_crop size-us_350_350_crop\" alt=\"\" srcset=\"https:\/\/www.katunroads.me\/wp-content\/uploads\/2022\/05\/ss1-3-1-350x350.jpeg 350w, https:\/\/www.katunroads.me\/wp-content\/uploads\/2022\/05\/ss1-3-1-150x150.jpeg 150w, https:\/\/www.katunroads.me\/wp-content\/uploads\/2022\/05\/ss1-3-1-600x600.jpeg 600w\" sizes=\"auto, (max-width: 350px) 100vw, 350px\" \/><\/div>\t\t<\/div>\r\n\t\t\t<\/article>\r\n<\/div>\t<div class=\"w-grid-preloader\">\r\n\t\t<div class=\"g-preloader type_5\">\r\n\t\t\t<div><\/div>\r\n\t\t<\/div>\r\n\t<\/div>\r\n\t\t<div class=\"w-grid-json hidden\" onclick='return {&quot;action&quot;:&quot;us_ajax_grid&quot;,&quot;infinite_scroll&quot;:0,&quot;max_num_pages&quot;:1,&quot;pagination&quot;:&quot;infinite&quot;,&quot;template_vars&quot;:{&quot;columns&quot;:&quot;6&quot;,&quot;exclude_items&quot;:&quot;none&quot;,&quot;img_size&quot;:&quot;us_350_350_crop&quot;,&quot;ignore_items_size&quot;:0,&quot;items_layout&quot;:&quot;gallery_default&quot;,&quot;items_offset&quot;:&quot;1&quot;,&quot;load_animation&quot;:&quot;none&quot;,&quot;overriding_link&quot;:&quot;%7B%22type%22%3A%22popup_image%22%7D&quot;,&quot;post_id&quot;:0,&quot;query_args&quot;:{&quot;post_type&quot;:[&quot;attachment&quot;],&quot;post__in&quot;:[&quot;5889&quot;,&quot;5357&quot;,&quot;5184&quot;,&quot;5201&quot;,&quot;5474&quot;,&quot;5592&quot;],&quot;post_status&quot;:&quot;inherit&quot;,&quot;post_mime_type&quot;:&quot;image&quot;,&quot;posts_per_page&quot;:999},&quot;orderby_query_args&quot;:{&quot;orderby&quot;:&quot;RAND(1146723284)&quot;},&quot;type&quot;:&quot;grid&quot;,&quot;us_grid_post_type&quot;:&quot;attachment&quot;,&quot;us_grid_ajax_index&quot;:1,&quot;us_grid_filter_query_string&quot;:null,&quot;us_grid_index&quot;:1,&quot;page_args&quot;:[],&quot;lang&quot;:&quot;en&quot;}}'><\/div>\r\n\t<\/div><div class=\"w-separator size_medium\"><\/div><div class=\"wpb_text_column\"><div class=\"wpb_wrapper\"><p>Husbandry has been the primary economic branch of the population living in the areas surrounding Tara and Lim since the old times. Traces of the old katuns can still be seen. A well-known katun Vranjak, one of the highest (situated at the altitude of 1,850 m) was mentioned as Vrana in the records from 1324.<\/p>\n<p>Numerous katuns are named after people from the Middle Ages first names: Desin do, Reljina, Rajkov do, Bratonjin vrh (first names Desa, Relja, Rajko, Bratota); or after family names and villages: katun Bojovi\u0107a, \u017darski, Prisoja\u010dki, Ravanjski, Muji\u0107ki; or Jelina katunina, after a woman called Jela. Some of the katuns are named after the surrounding places: \u0160i\u0161ki, Krivi do, Sedlo, Strmenica, Rupe.<\/p>\n<p>Every village, every family even, had katuns on the Bjelasica mountain. Certain families used to have more than a thousand sheep, as well as winter lodgings for the shepherds and cattle. Then, they would use the hay mowed during the summer with their families and friends. During their stay in winter lodgings, shepherds would spend time together, and help each other in those harsh conditions, away from their families and houses for months.<\/p>\n<p>Every household had to move to the mountain in the spring, usually somewhere around St. George\u2019s Day (May 6). The distance between the village and the mountain was at least 2 hours of tough walk. Two or three days before the day chosen for the move, older men would go to the mountain to visit and prepare the katun.<\/p>\n<p>Preparations would begin early in the morning: shepherds would set off with their flocks of sheep, goats and cattle, release the dogs that help them with moving the herds, men would load the horses with the necessities (vats, dishes, clothes, shoes, linen, kitchen equipment\u2026). Women looked after the children, and children led the sheepdog.<\/p>\n<p>Dwellings or huts were made of plank-covered logs. The interior of the dwelling was divided into two parts, one for dairy products and the second part was used for living. Smaller huts were built next to the dwelling, and cattle pens were situated behind them. At first, these pens were made of roughly cut young fir trees and later on from picket panels. They were moved from time to time, in order to maintain good hygiene. They had to be safeguarded by the dog, tied next to the pen.<\/p>\n<p>These dwellings were also called ba\u010dije. The name originates from the earliest times, this is the reason why one part of Bjelasica is called Ba\u010dko brdo.<\/p>\n<p>Many jobs are done in the katun: men prepare firewood, material for dwellings, shear sheep, mountain women milk animal two times, in the morning and in the evening, when the sheep return from the pasture. The milk is then strained, boiled, poured into wooden dishes, in order to make cheese or clotted cream.<\/p>\n<p>People used to say: while we have enough milk, we have medicine, too.<\/p>\n<\/div><\/div><div class=\"w-separator size_medium\"><\/div><div class=\"w-sharing type_outlined align_none color_default\"><div class=\"w-sharing-list\" data-content-image=\"true\"><a class=\"w-sharing-item email\" href=\"mailto:?subject=Untold+Bjelasica&amp;body=https:\/\/www.katunroads.me\/en\/wp-json\/wp\/v2\/pages\/7011\" title=\"Email this\" aria-label=\"Email this\"><i class=\"fas fa-envelope\"><\/i><\/a><a class=\"w-sharing-item facebook\" href=\"https:\/\/www.facebook.com\/sharer\/sharer.php?u=https:\/\/www.katunroads.me\/en\/wp-json\/wp\/v2\/pages\/7011&amp;quote=Untold+Bjelasica\" title=\"Share this\" aria-label=\"Share this\" onclick=\"window.open(this.href, &quot;facebook&quot;, &quot;toolbar=0,width=900,height=500&quot;); return false;\"><i class=\"fab fa-facebook\"><\/i><\/a><a class=\"w-sharing-item twitter\" href=\"https:\/\/twitter.com\/intent\/tweet?text=Untold+Bjelasica&amp;url=https:\/\/www.katunroads.me\/en\/wp-json\/wp\/v2\/pages\/7011\" title=\"Share this\" aria-label=\"Share this\" onclick=\"window.open(this.href, &quot;twitter&quot;, &quot;toolbar=0,width=650,height=360&quot;); return false;\"><i class=\"fab fa-x-twitter\"><svg style=\"width:1em; margin-bottom:-.1em;\" xmlns=\"http:\/\/www.w3.org\/2000\/svg\" viewBox=\"0 0 512 512\" role=\"presentation\"><path fill=\"currentColor\" d=\"M389.2 48h70.6L305.6 224.2 487 464H345L233.7 318.6 106.5 464H35.8L200.7 275.5 26.8 48H172.4L272.9 180.9 389.2 48zM364.4 421.8h39.1L151.1 88h-42L364.4 421.8z\"\/><\/svg><\/i><\/a><\/div><\/div><\/div><\/div><div class=\"wpb_column vc_column_container\"><div class=\"vc_column-inner\">[vc_wp_custommenu title=&#8221;Explore the Untold Bjelasica&#8221; nav_menu=&#8221;99&#8243;]<div class=\"w-separator size_medium\"><\/div><nav class=\"w-menu us_custom_eb849559 layout_ver style_blocks us_menu_1\" style=\"--main-gap:0.5rem;--main-ver-indent:0.8em;--main-hor-indent:0.8em;--main-bg-color:var(--color-header-transparent-bg);--main-color:var(--color-header-middle-text);--main-hover-bg-color:var(--color-header-middle-bg);--main-hover-color:var(--color-header-transparent-text);\"><ul id=\"menu-partnerski-portali-en\" class=\"menu\"><li id=\"menu-item-7914\" class=\"menu-item menu-item-type-custom menu-item-object-custom menu-item-7914\"><a href=\"https:\/\/www.montenegro.travel\/en\">NATIONAL TOURIST ORGANIZATION OF MONTENEGRO<\/a><\/li><li id=\"menu-item-6913\" class=\"menu-item menu-item-type-custom menu-item-object-custom menu-item-6913\"><a href=\"http:\/\/www.ruralholiday.me\/en\/\">RURALHOLIDAY.ME<\/a><\/li><li id=\"menu-item-6914\" class=\"menu-item menu-item-type-custom menu-item-object-custom menu-item-6914\"><a href=\"http:\/\/www.montegastro.me\/en\/\">MONTEGASTRO.ME<\/a><\/li><li id=\"menu-item-6915\" class=\"menu-item menu-item-type-custom menu-item-object-custom menu-item-6915\"><a href=\"http:\/\/www.accursed-mountains.me\/en\/\">ACCURSED-MOUNTAINS.ME<\/a><\/li><li id=\"menu-item-7135\" class=\"menu-item menu-item-type-custom menu-item-object-custom menu-item-7135\"><a href=\"http:\/\/www.pedalaj.me\/\">PEDALAJ.ME<\/a><\/li><\/ul><style>@media ( max-width:600px ){.us_menu_1 .menu{display:block!important}.us_menu_1 .menu>li:not(:last-child){margin:0 0 var(--main-gap,0.5rem)!important}}<\/style><\/nav><\/div><\/div><\/div><\/div><\/section>\n","protected":false},"excerpt":{"rendered":"","protected":false},"author":1,"featured_media":5186,"parent":6979,"menu_order":0,"comment_status":"closed","ping_status":"closed","template":"","meta":{"_acf_changed":false,"footnotes":""},"class_list":["post-7011","page","type-page","status-publish","has-post-thumbnail","hentry"],"acf":[],"_links":{"self":[{"href":"https:\/\/www.katunroads.me\/en\/wp-json\/wp\/v2\/pages\/7011","targetHints":{"allow":["GET"]}}],"collection":[{"href":"https:\/\/www.katunroads.me\/en\/wp-json\/wp\/v2\/pages"}],"about":[{"href":"https:\/\/www.katunroads.me\/en\/wp-json\/wp\/v2\/types\/page"}],"author":[{"embeddable":true,"href":"https:\/\/www.katunroads.me\/en\/wp-json\/wp\/v2\/users\/1"}],"replies":[{"embeddable":true,"href":"https:\/\/www.katunroads.me\/en\/wp-json\/wp\/v2\/comments?post=7011"}],"version-history":[{"count":4,"href":"https:\/\/www.katunroads.me\/en\/wp-json\/wp\/v2\/pages\/7011\/revisions"}],"predecessor-version":[{"id":7016,"href":"https:\/\/www.katunroads.me\/en\/wp-json\/wp\/v2\/pages\/7011\/revisions\/7016"}],"up":[{"embeddable":true,"href":"https:\/\/www.katunroads.me\/en\/wp-json\/wp\/v2\/pages\/6979"}],"wp:featuredmedia":[{"embeddable":true,"href":"https:\/\/www.katunroads.me\/en\/wp-json\/wp\/v2\/media\/5186"}],"wp:attachment":[{"href":"https:\/\/www.katunroads.me\/en\/wp-json\/wp\/v2\/media?parent=7011"}],"curies":[{"name":"wp","href":"https:\/\/api.w.org\/{rel}","templated":true}]}}