{"id":8301,"date":"2025-07-16T12:37:55","date_gmt":"2025-07-16T12:37:55","guid":{"rendered":"https:\/\/www.katunroads.me\/katun-road-the-great-highlands\/jezera\/"},"modified":"2025-10-08T08:51:33","modified_gmt":"2025-10-08T08:51:33","slug":"patchwork-of-lakes","status":"publish","type":"page","link":"https:\/\/www.katunroads.me\/en\/katun-road-the-great-highlands\/patchwork-of-lakes\/","title":{"rendered":"Lakes"},"content":{"rendered":"<section class=\"l-section wpb_row height_medium width_full parallax_ver with_shape\"><div class=\"l-section-shape type_zigzag pos_bottom\" style=\"height:15vmin;\"><svg xmlns=\"http:\/\/www.w3.org\/2000\/svg\" viewBox=\"0 0 64 8\" preserveAspectRatio=\"none\" width=\"100%\" height=\"100%\">\r\n\t<path fill=\"currentColor\" d=\"M64 8 L0 8 L0 0 L20 7.9 L40 3 L48 5 L64 0 Z\"\/>\r\n<\/svg><\/div><div class=\"l-section-h i-cf\"><div class=\"g-cols vc_row via_grid cols_1 laptops-cols_inherit tablets-cols_inherit mobiles-cols_1 valign_top type_default stacking_default\"><div class=\"wpb_column vc_column_container\"><div class=\"vc_column-inner\"><\/div><\/div><\/div><\/div><\/section><section class=\"l-section wpb_row height_medium\"><div class=\"l-section-h i-cf\"><div class=\"g-cols vc_row via_grid cols_2-1 laptops-cols_inherit tablets-cols_inherit mobiles-cols_1 valign_top type_default stacking_default\"><div class=\"wpb_column vc_column_container\"><div class=\"vc_column-inner\"><div class=\"wpb_text_column\"><div class=\"wpb_wrapper\">\t\t\t<!-- Flexy Breadcrumb -->\r\n\t\t\t<div class=\"fbc fbc-page\">\r\n\r\n\t\t\t\t<!-- Breadcrumb wrapper -->\r\n\t\t\t\t<div class=\"fbc-wrap\">\r\n\r\n\t\t\t\t\t<!-- Ordered list-->\r\n\t\t\t\t\t<ol class=\"fbc-items\" itemscope itemtype=\"https:\/\/schema.org\/BreadcrumbList\">\r\n\t\t\t\t\t\t            <li itemprop=\"itemListElement\" itemscope itemtype=\"https:\/\/schema.org\/ListItem\">\r\n                <span itemprop=\"name\">\r\n                    <!-- Home Link -->\r\n                    <a itemprop=\"item\" href=\"http:\/\/www.katunroads.me\">\r\n                    \r\n                                                    <i class=\"fa fa-home\" aria-hidden=\"true\"><\/i>                    <\/a>\r\n                <\/span>\r\n                <meta itemprop=\"position\" content=\"1\" \/><!-- Meta Position-->\r\n             <\/li><li><span class=\"fbc-separator\">\/<\/span><\/li><li class=\"active\" itemprop=\"itemListElement\" itemscope itemtype=\"https:\/\/schema.org\/ListItem\"><span itemprop=\"name\" title=\"Lakes\">Lakes<\/span><meta itemprop=\"position\" content=\"2\" \/><\/li>\t\t\t\t\t<\/ol>\r\n\t\t\t\t\t<div class=\"clearfix\"><\/div>\r\n\t\t\t\t<\/div>\r\n\t\t\t<\/div>\r\n\t\t\t\n<\/div><\/div>[vc_custom_heading source=&#8221;post_title&#8221; font_container=&#8221;tag:h2|text_align:left|color:%23b2784c&#8221; use_theme_fonts=&#8221;yes&#8221; css=&#8221;%7B%22default%22%3A%7B%22color%22%3A%22%23b2784c%22%7D%7D&#8221;]<div class=\"w-separator size_medium\"><\/div><div class=\"w-grid us_grid type_grid layout_gallery_default cols_6 preload_style_spinner\" id=\"us_grid_1\" style=\"--columns:6;--gap:4px;\" data-filterable=\"true\"><style>@media (max-width:767px){#us_grid_1{--columns:4!important}}@media (max-width:479px){#us_grid_1{--columns:2!important}}.layout_gallery_default .w-grid-item-h{}<\/style><div class=\"w-grid-list\">\t<article class=\"w-grid-item size_1x1 post-8183 attachment type-attachment status-inherit hentry\" data-id=\"8183\">\r\n\t\t<div class=\"w-grid-item-h\">\r\n\t\t\t\t\t\t\t<a ref=\"magnificPopupGrid\" href=\"https:\/\/www.katunroads.me\/wp-content\/uploads\/2025\/07\/ShSt-Durmitor-4-scaled.jpg\" class=\"w-grid-item-anchor\" aria-label=\"Black,Lake,In,Durmitor,National,Park,In,Montenegro.,Dramatic,Overcast\"><\/a>\r\n\t\t\t\t\t\t<div class=\"w-post-elm post_image usg_post_image_1 stretched\"><img loading=\"lazy\" decoding=\"async\" width=\"350\" height=\"350\" src=\"https:\/\/www.katunroads.me\/wp-content\/uploads\/2025\/07\/ShSt-Durmitor-4-350x350.jpg\" class=\"attachment-us_350_350_crop size-us_350_350_crop\" alt=\"\" srcset=\"https:\/\/www.katunroads.me\/wp-content\/uploads\/2025\/07\/ShSt-Durmitor-4-350x350.jpg 350w, https:\/\/www.katunroads.me\/wp-content\/uploads\/2025\/07\/ShSt-Durmitor-4-150x150.jpg 150w, https:\/\/www.katunroads.me\/wp-content\/uploads\/2025\/07\/ShSt-Durmitor-4-600x600.jpg 600w\" sizes=\"auto, (max-width: 350px) 100vw, 350px\" \/><\/div>\t\t<\/div>\r\n\t\t\t<\/article>\r\n\t<article class=\"w-grid-item size_1x1 post-8118 attachment type-attachment status-inherit hentry\" data-id=\"8118\">\r\n\t\t<div class=\"w-grid-item-h\">\r\n\t\t\t\t\t\t\t<a ref=\"magnificPopupGrid\" href=\"https:\/\/www.katunroads.me\/wp-content\/uploads\/2025\/07\/PENTAX-K-1-Mark-II-HD-PENTAX-D-FA-15-30mm-F2.8-ED-SDM-WR-30-30-10-20-11-43-06-scaled.jpg\" class=\"w-grid-item-anchor\" aria-label=\"PENTAX K-1 Mark II-HD PENTAX-D FA 15-30mm F2.8 ED SDM WR-30-30-10-20-11-43-06\"><\/a>\r\n\t\t\t\t\t\t<div class=\"w-post-elm post_image usg_post_image_1 stretched\"><img loading=\"lazy\" decoding=\"async\" width=\"350\" height=\"350\" src=\"https:\/\/www.katunroads.me\/wp-content\/uploads\/2025\/07\/PENTAX-K-1-Mark-II-HD-PENTAX-D-FA-15-30mm-F2.8-ED-SDM-WR-30-30-10-20-11-43-06-350x350.jpg\" class=\"attachment-us_350_350_crop size-us_350_350_crop\" alt=\"\" srcset=\"https:\/\/www.katunroads.me\/wp-content\/uploads\/2025\/07\/PENTAX-K-1-Mark-II-HD-PENTAX-D-FA-15-30mm-F2.8-ED-SDM-WR-30-30-10-20-11-43-06-350x350.jpg 350w, https:\/\/www.katunroads.me\/wp-content\/uploads\/2025\/07\/PENTAX-K-1-Mark-II-HD-PENTAX-D-FA-15-30mm-F2.8-ED-SDM-WR-30-30-10-20-11-43-06-150x150.jpg 150w, https:\/\/www.katunroads.me\/wp-content\/uploads\/2025\/07\/PENTAX-K-1-Mark-II-HD-PENTAX-D-FA-15-30mm-F2.8-ED-SDM-WR-30-30-10-20-11-43-06-600x600.jpg 600w\" sizes=\"auto, (max-width: 350px) 100vw, 350px\" \/><\/div>\t\t<\/div>\r\n\t\t\t<\/article>\r\n\t<article class=\"w-grid-item size_1x1 post-8043 attachment type-attachment status-inherit hentry\" data-id=\"8043\">\r\n\t\t<div class=\"w-grid-item-h\">\r\n\t\t\t\t\t\t\t<a ref=\"magnificPopupGrid\" href=\"https:\/\/www.katunroads.me\/wp-content\/uploads\/2025\/07\/dreamstime_xxl_12559347-scaled.jpg\" class=\"w-grid-item-anchor\" aria-label=\"dreamstime_xxl_12559347\"><\/a>\r\n\t\t\t\t\t\t<div class=\"w-post-elm post_image usg_post_image_1 stretched\"><img loading=\"lazy\" decoding=\"async\" width=\"350\" height=\"350\" src=\"https:\/\/www.katunroads.me\/wp-content\/uploads\/2025\/07\/dreamstime_xxl_12559347-350x350.jpg\" class=\"attachment-us_350_350_crop size-us_350_350_crop\" alt=\"\" srcset=\"https:\/\/www.katunroads.me\/wp-content\/uploads\/2025\/07\/dreamstime_xxl_12559347-350x350.jpg 350w, https:\/\/www.katunroads.me\/wp-content\/uploads\/2025\/07\/dreamstime_xxl_12559347-150x150.jpg 150w, https:\/\/www.katunroads.me\/wp-content\/uploads\/2025\/07\/dreamstime_xxl_12559347-600x600.jpg 600w\" sizes=\"auto, (max-width: 350px) 100vw, 350px\" \/><\/div>\t\t<\/div>\r\n\t\t\t<\/article>\r\n\t<article class=\"w-grid-item size_1x1 post-8052 attachment type-attachment status-inherit hentry\" data-id=\"8052\">\r\n\t\t<div class=\"w-grid-item-h\">\r\n\t\t\t\t\t\t\t<a ref=\"magnificPopupGrid\" href=\"https:\/\/www.katunroads.me\/wp-content\/uploads\/2025\/07\/dreamstime_xxl_57835495-scaled.jpg\" class=\"w-grid-item-anchor\" aria-label=\"dreamstime_xxl_57835495\"><\/a>\r\n\t\t\t\t\t\t<div class=\"w-post-elm post_image usg_post_image_1 stretched\"><img loading=\"lazy\" decoding=\"async\" width=\"350\" height=\"350\" src=\"https:\/\/www.katunroads.me\/wp-content\/uploads\/2025\/07\/dreamstime_xxl_57835495-350x350.jpg\" class=\"attachment-us_350_350_crop size-us_350_350_crop\" alt=\"\" srcset=\"https:\/\/www.katunroads.me\/wp-content\/uploads\/2025\/07\/dreamstime_xxl_57835495-350x350.jpg 350w, https:\/\/www.katunroads.me\/wp-content\/uploads\/2025\/07\/dreamstime_xxl_57835495-150x150.jpg 150w, https:\/\/www.katunroads.me\/wp-content\/uploads\/2025\/07\/dreamstime_xxl_57835495-600x600.jpg 600w\" sizes=\"auto, (max-width: 350px) 100vw, 350px\" \/><\/div>\t\t<\/div>\r\n\t\t\t<\/article>\r\n\t<article class=\"w-grid-item size_1x1 post-8067 attachment type-attachment status-inherit hentry\" data-id=\"8067\">\r\n\t\t<div class=\"w-grid-item-h\">\r\n\t\t\t\t\t\t\t<a ref=\"magnificPopupGrid\" href=\"https:\/\/www.katunroads.me\/wp-content\/uploads\/2025\/07\/dreamstime_xxl_229827985-scaled.jpg\" class=\"w-grid-item-anchor\" aria-label=\"dreamstime_xxl_229827985\"><\/a>\r\n\t\t\t\t\t\t<div class=\"w-post-elm post_image usg_post_image_1 stretched\"><img loading=\"lazy\" decoding=\"async\" width=\"350\" height=\"350\" src=\"https:\/\/www.katunroads.me\/wp-content\/uploads\/2025\/07\/dreamstime_xxl_229827985-350x350.jpg\" class=\"attachment-us_350_350_crop size-us_350_350_crop\" alt=\"\" srcset=\"https:\/\/www.katunroads.me\/wp-content\/uploads\/2025\/07\/dreamstime_xxl_229827985-350x350.jpg 350w, https:\/\/www.katunroads.me\/wp-content\/uploads\/2025\/07\/dreamstime_xxl_229827985-150x150.jpg 150w, https:\/\/www.katunroads.me\/wp-content\/uploads\/2025\/07\/dreamstime_xxl_229827985-600x600.jpg 600w\" sizes=\"auto, (max-width: 350px) 100vw, 350px\" \/><\/div>\t\t<\/div>\r\n\t\t\t<\/article>\r\n\t<article class=\"w-grid-item size_1x1 post-8034 attachment type-attachment status-inherit hentry\" data-id=\"8034\">\r\n\t\t<div class=\"w-grid-item-h\">\r\n\t\t\t\t\t\t\t<a ref=\"magnificPopupGrid\" href=\"https:\/\/www.katunroads.me\/wp-content\/uploads\/2025\/07\/6629bcdefg-9968-scaled.jpg\" class=\"w-grid-item-anchor\" aria-label=\"6629bcdefg-9968\"><\/a>\r\n\t\t\t\t\t\t<div class=\"w-post-elm post_image usg_post_image_1 stretched\"><img loading=\"lazy\" decoding=\"async\" width=\"350\" height=\"350\" src=\"https:\/\/www.katunroads.me\/wp-content\/uploads\/2025\/07\/6629bcdefg-9968-350x350.jpg\" class=\"attachment-us_350_350_crop size-us_350_350_crop\" alt=\"\" srcset=\"https:\/\/www.katunroads.me\/wp-content\/uploads\/2025\/07\/6629bcdefg-9968-350x350.jpg 350w, https:\/\/www.katunroads.me\/wp-content\/uploads\/2025\/07\/6629bcdefg-9968-150x150.jpg 150w, https:\/\/www.katunroads.me\/wp-content\/uploads\/2025\/07\/6629bcdefg-9968-600x600.jpg 600w\" sizes=\"auto, (max-width: 350px) 100vw, 350px\" \/><\/div>\t\t<\/div>\r\n\t\t\t<\/article>\r\n\t<article class=\"w-grid-item size_1x1 post-8082 attachment type-attachment status-inherit hentry\" data-id=\"8082\">\r\n\t\t<div class=\"w-grid-item-h\">\r\n\t\t\t\t\t\t\t<a ref=\"magnificPopupGrid\" href=\"https:\/\/www.katunroads.me\/wp-content\/uploads\/2025\/07\/L1D-20c-28mm-f_2.8-11-10.3-01-05-22-15-12-59-HDR-scaled.jpeg\" class=\"w-grid-item-anchor\" aria-label=\"L1D-20c-28mm f_2.8-11-10.3-01-05-22-15-12-59-HDR\"><\/a>\r\n\t\t\t\t\t\t<div class=\"w-post-elm post_image usg_post_image_1 stretched\"><img loading=\"lazy\" decoding=\"async\" width=\"350\" height=\"350\" src=\"https:\/\/www.katunroads.me\/wp-content\/uploads\/2025\/07\/L1D-20c-28mm-f_2.8-11-10.3-01-05-22-15-12-59-HDR-350x350.jpeg\" class=\"attachment-us_350_350_crop size-us_350_350_crop\" alt=\"\" srcset=\"https:\/\/www.katunroads.me\/wp-content\/uploads\/2025\/07\/L1D-20c-28mm-f_2.8-11-10.3-01-05-22-15-12-59-HDR-350x350.jpeg 350w, https:\/\/www.katunroads.me\/wp-content\/uploads\/2025\/07\/L1D-20c-28mm-f_2.8-11-10.3-01-05-22-15-12-59-HDR-150x150.jpeg 150w, https:\/\/www.katunroads.me\/wp-content\/uploads\/2025\/07\/L1D-20c-28mm-f_2.8-11-10.3-01-05-22-15-12-59-HDR-600x600.jpeg 600w\" sizes=\"auto, (max-width: 350px) 100vw, 350px\" \/><\/div>\t\t<\/div>\r\n\t\t\t<\/article>\r\n\t<article class=\"w-grid-item size_1x1 post-8195 attachment type-attachment status-inherit hentry\" data-id=\"8195\">\r\n\t\t<div class=\"w-grid-item-h\">\r\n\t\t\t\t\t\t\t<a ref=\"magnificPopupGrid\" href=\"https:\/\/www.katunroads.me\/wp-content\/uploads\/2025\/07\/ShSt-Durmitor-12-scaled.jpg\" class=\"w-grid-item-anchor\" aria-label=\"Aerial,Panorama,Of,Black,Lake,In,Durmitor,Park,,Montenegro\"><\/a>\r\n\t\t\t\t\t\t<div class=\"w-post-elm post_image usg_post_image_1 stretched\"><img loading=\"lazy\" decoding=\"async\" width=\"350\" height=\"350\" src=\"https:\/\/www.katunroads.me\/wp-content\/uploads\/2025\/07\/ShSt-Durmitor-12-350x350.jpg\" class=\"attachment-us_350_350_crop size-us_350_350_crop\" alt=\"\" srcset=\"https:\/\/www.katunroads.me\/wp-content\/uploads\/2025\/07\/ShSt-Durmitor-12-350x350.jpg 350w, https:\/\/www.katunroads.me\/wp-content\/uploads\/2025\/07\/ShSt-Durmitor-12-150x150.jpg 150w, https:\/\/www.katunroads.me\/wp-content\/uploads\/2025\/07\/ShSt-Durmitor-12-600x600.jpg 600w\" sizes=\"auto, (max-width: 350px) 100vw, 350px\" \/><\/div>\t\t<\/div>\r\n\t\t\t<\/article>\r\n\t<article class=\"w-grid-item size_1x1 post-8258 attachment type-attachment status-inherit hentry\" data-id=\"8258\">\r\n\t\t<div class=\"w-grid-item-h\">\r\n\t\t\t\t\t\t\t<a ref=\"magnificPopupGrid\" href=\"https:\/\/www.katunroads.me\/wp-content\/uploads\/2025\/07\/ss1-scaled.jpeg\" class=\"w-grid-item-anchor\" aria-label=\"ss1\"><\/a>\r\n\t\t\t\t\t\t<div class=\"w-post-elm post_image usg_post_image_1 stretched\"><img loading=\"lazy\" decoding=\"async\" width=\"350\" height=\"350\" src=\"https:\/\/www.katunroads.me\/wp-content\/uploads\/2025\/07\/ss1-350x350.jpeg\" class=\"attachment-us_350_350_crop size-us_350_350_crop\" alt=\"\" srcset=\"https:\/\/www.katunroads.me\/wp-content\/uploads\/2025\/07\/ss1-350x350.jpeg 350w, https:\/\/www.katunroads.me\/wp-content\/uploads\/2025\/07\/ss1-150x150.jpeg 150w, https:\/\/www.katunroads.me\/wp-content\/uploads\/2025\/07\/ss1-600x600.jpeg 600w\" sizes=\"auto, (max-width: 350px) 100vw, 350px\" \/><\/div>\t\t<\/div>\r\n\t\t\t<\/article>\r\n\t<article class=\"w-grid-item size_1x1 post-8267 attachment type-attachment status-inherit hentry\" data-id=\"8267\">\r\n\t\t<div class=\"w-grid-item-h\">\r\n\t\t\t\t\t\t\t<a ref=\"magnificPopupGrid\" href=\"https:\/\/www.katunroads.me\/wp-content\/uploads\/2025\/07\/ss4-scaled.jpeg\" class=\"w-grid-item-anchor\" aria-label=\"ss4\"><\/a>\r\n\t\t\t\t\t\t<div class=\"w-post-elm post_image usg_post_image_1 stretched\"><img loading=\"lazy\" decoding=\"async\" width=\"350\" height=\"350\" src=\"https:\/\/www.katunroads.me\/wp-content\/uploads\/2025\/07\/ss4-350x350.jpeg\" class=\"attachment-us_350_350_crop size-us_350_350_crop\" alt=\"\" srcset=\"https:\/\/www.katunroads.me\/wp-content\/uploads\/2025\/07\/ss4-350x350.jpeg 350w, https:\/\/www.katunroads.me\/wp-content\/uploads\/2025\/07\/ss4-150x150.jpeg 150w, https:\/\/www.katunroads.me\/wp-content\/uploads\/2025\/07\/ss4-600x600.jpeg 600w\" sizes=\"auto, (max-width: 350px) 100vw, 350px\" \/><\/div>\t\t<\/div>\r\n\t\t\t<\/article>\r\n\t<article class=\"w-grid-item size_1x1 post-8207 attachment type-attachment status-inherit hentry\" data-id=\"8207\">\r\n\t\t<div class=\"w-grid-item-h\">\r\n\t\t\t\t\t\t\t<a ref=\"magnificPopupGrid\" href=\"https:\/\/www.katunroads.me\/wp-content\/uploads\/2025\/07\/ShSt-Durmitor-25-scaled.jpg\" class=\"w-grid-item-anchor\" aria-label=\"Zabojsko,Lake,In,National,Park,Durmitor,,Montenegro,,Europe\"><\/a>\r\n\t\t\t\t\t\t<div class=\"w-post-elm post_image usg_post_image_1 stretched\"><img loading=\"lazy\" decoding=\"async\" width=\"350\" height=\"350\" src=\"https:\/\/www.katunroads.me\/wp-content\/uploads\/2025\/07\/ShSt-Durmitor-25-350x350.jpg\" class=\"attachment-us_350_350_crop size-us_350_350_crop\" alt=\"\" srcset=\"https:\/\/www.katunroads.me\/wp-content\/uploads\/2025\/07\/ShSt-Durmitor-25-350x350.jpg 350w, https:\/\/www.katunroads.me\/wp-content\/uploads\/2025\/07\/ShSt-Durmitor-25-150x150.jpg 150w, https:\/\/www.katunroads.me\/wp-content\/uploads\/2025\/07\/ShSt-Durmitor-25-600x600.jpg 600w\" sizes=\"auto, (max-width: 350px) 100vw, 350px\" \/><\/div>\t\t<\/div>\r\n\t\t\t<\/article>\r\n\t<article class=\"w-grid-item size_1x1 post-8234 attachment type-attachment status-inherit hentry\" data-id=\"8234\">\r\n\t\t<div class=\"w-grid-item-h\">\r\n\t\t\t\t\t\t\t<a ref=\"magnificPopupGrid\" href=\"https:\/\/www.katunroads.me\/wp-content\/uploads\/2025\/07\/L1D-20c-28mm-f_2.8-11-10.3-01-05-22-13-17-39-HDR-scaled.jpeg\" class=\"w-grid-item-anchor\" aria-label=\"L1D-20c-28mm f_2.8-11-10.3-01-05-22-13-17-39-HDR\"><\/a>\r\n\t\t\t\t\t\t<div class=\"w-post-elm post_image usg_post_image_1 stretched\"><img loading=\"lazy\" decoding=\"async\" width=\"350\" height=\"350\" src=\"https:\/\/www.katunroads.me\/wp-content\/uploads\/2025\/07\/L1D-20c-28mm-f_2.8-11-10.3-01-05-22-13-17-39-HDR-350x350.jpeg\" class=\"attachment-us_350_350_crop size-us_350_350_crop\" alt=\"\" srcset=\"https:\/\/www.katunroads.me\/wp-content\/uploads\/2025\/07\/L1D-20c-28mm-f_2.8-11-10.3-01-05-22-13-17-39-HDR-350x350.jpeg 350w, https:\/\/www.katunroads.me\/wp-content\/uploads\/2025\/07\/L1D-20c-28mm-f_2.8-11-10.3-01-05-22-13-17-39-HDR-150x150.jpeg 150w, https:\/\/www.katunroads.me\/wp-content\/uploads\/2025\/07\/L1D-20c-28mm-f_2.8-11-10.3-01-05-22-13-17-39-HDR-600x600.jpeg 600w\" sizes=\"auto, (max-width: 350px) 100vw, 350px\" \/><\/div>\t\t<\/div>\r\n\t\t\t<\/article>\r\n<\/div>\t<div class=\"w-grid-preloader\">\r\n\t\t<div class=\"g-preloader type_5\">\r\n\t\t\t<div><\/div>\r\n\t\t<\/div>\r\n\t<\/div>\r\n\t\t<div class=\"w-grid-json hidden\" onclick='return {&quot;action&quot;:&quot;us_ajax_grid&quot;,&quot;infinite_scroll&quot;:0,&quot;max_num_pages&quot;:1,&quot;pagination&quot;:&quot;none&quot;,&quot;template_vars&quot;:{&quot;columns&quot;:&quot;6&quot;,&quot;exclude_items&quot;:&quot;none&quot;,&quot;img_size&quot;:&quot;us_350_350_crop&quot;,&quot;ignore_items_size&quot;:0,&quot;items_layout&quot;:&quot;gallery_default&quot;,&quot;items_offset&quot;:&quot;1&quot;,&quot;load_animation&quot;:&quot;none&quot;,&quot;overriding_link&quot;:&quot;%7B%22type%22%3A%22popup_image%22%7D&quot;,&quot;post_id&quot;:0,&quot;query_args&quot;:{&quot;post_type&quot;:[&quot;attachment&quot;],&quot;post__in&quot;:[&quot;8181&quot;,&quot;8116&quot;,&quot;8041&quot;,&quot;8050&quot;,&quot;8065&quot;,&quot;8032&quot;,&quot;8080&quot;,&quot;8193&quot;,&quot;8256&quot;,&quot;8265&quot;,&quot;8205&quot;,&quot;8232&quot;],&quot;post_status&quot;:&quot;inherit&quot;,&quot;post_mime_type&quot;:&quot;image&quot;,&quot;posts_per_page&quot;:999},&quot;orderby_query_args&quot;:{&quot;orderby&quot;:{&quot;post__in&quot;:&quot;ASC&quot;},&quot;order&quot;:&quot;ASC&quot;},&quot;type&quot;:&quot;grid&quot;,&quot;us_grid_post_type&quot;:&quot;attachment&quot;,&quot;us_grid_ajax_index&quot;:1,&quot;us_grid_filter_query_string&quot;:null,&quot;us_grid_index&quot;:1,&quot;page_args&quot;:[],&quot;lang&quot;:&quot;en&quot;}}'><\/div>\r\n\t<\/div><div class=\"w-separator size_medium\"><\/div><div class=\"wpb_text_column\"><div class=\"wpb_wrapper\"><p>Te\u0161ko \u0107ete se odlu\u010diti i re\u0107i koje je jezero najljep\u0161e. Po \u010demu izabrati? Po smaragdnoj boji, obliku, sjenkama visokih, za\u0161titni\u010dkih stabala, okolnim stijenama, po bajkovitosti, legendama&#8230;?<\/p>\n<p>Sinjajevina se di\u010di ljepotom Zabojskog jezera. Lukavica ljepotom Kapetanovog jezera.<\/p>\n<p>Na Durmitoru, na relativno malom prostoru razasuto je osamnaest jezera. Razli\u010dita po mnogo \u010demu, sva imaju ne\u0161to zajedni\u010dko: savr\u0161eno \u010distu vodu. Jezera su sinonimi Durmitora. Ishodi\u0161te ne samo legendi i bajki, ve\u0107 i inspiracije umjetnika, istra\u017eiva\u010dke strasti nau\u010dnika, strpljivosti ribolovaca. Najpoznatije je Crno jezero, jedno od najve\u0107ih i najljep\u0161ih ledni\u010dkih jezera. Najzna\u010dajnija su: Zminje, Jezero pod Gredom, Vra\u017eje, Po\u0161\u0107ensko, Riblje jezero, Modro, Valovito, \u0160kr\u010dka jezera, Su\u0161i\u010dko, Barno, Srablje.<\/p>\n<p>Pivsko jezero \u2013 \u010dovjekovom voljom sputana rijeka Piva.<\/p>\n<h3><strong>ZABOJSKO<\/strong><\/h3>\n<p>Kao iz bajke. Zabojsko jezero okru\u017eeno je gustom \u010detinarskom i bukovom \u0161umom. Zbog izuzetnih prirodnih vrijednosti za\u0161ti\u0107eno je u okviru nacionalnog parka Durmitor strogim re\u017eimom za\u0161tite.<\/p>\n<p>Naziv mu poti\u010de od obli\u017enjeg katuna Zaboj, u kojem je nekada bilo dosta koliba, \u010dobana i stoke. (Legende, istina, imaju svoje verzije nastanka imena.)<\/p>\n<p>Nalazi se u sjeveroisto\u010dnom dijelu Sinjajevine, visoko iznad Dobrilovine, na 1.477 metara. Dugo je 265 m, \u0161iroko 165 m. Prosje\u010dno je duboko 6 metara, a najve\u0107a izmjerena dubina je 18,8 metara. Hrani se vodom od padavina i od izvora. Temperatura se u avgustu kre\u0107e oko 16\u00b0C. Povr\u0161ina jezera je tokom zime oko tri mjeseca zamrznuta. Voda Zabojskog jezera je blago alkalna, \u010dista, bistra i prozirna. U njoj se ogleda okolna \u0161uma u kojoj je u\u0161u\u0161kano, \u0161to mu daje veli\u010danstvenu boju.<\/p>\n<h3><strong>KAPETANOVO<\/strong><\/h3>\n<p>Omiljena destinacija ljubitelja prirode, Trebje\u0161ko ili Kapetanovo jezero se nalazi na oko 1.680 metara nadmorske visine. Njegova du\u017eina je 480 m, \u0161irina 330 m, a maksimalna dubina 37 m. Ledni\u010dkog je porijekla, a svoje drugo ime duguje nik\u0161i\u0107kom kapetanu Mu\u0161ovi\u0107u \u2013 ovi su predjeli za vrijeme osmanske vlasti bili rezervisani za ispa\u0161u stoke vladaju\u0107eg sloja stanovni\u0161ta, dok se pravoslavni \u017eivalj morao sklanjati dublje u planinu. Na oko 40 minuta hoda od Kapetanovog jezera nalazi se Manito jezero, na nadmorskoj visini od 1.773 m.<\/p>\n<h3><strong>PIVSKO JEZERO<\/strong><\/h3>\n<p>Piva je kod Mratinja, desetak kilometara od \u0160\u0107epan Polja, pregra\u0111ena. Brana hidrocentrale \u201ePiva\u201c, visine 220 metara, \u201evrhunsko ostvarenje hidrotehni\u010dkog konstrukterstva\u201c, pretvorila je rijeku Pivu u Pivsko jezero. Duboko preko 200 metara, duga\u010dko 46 kilometara. Kako nije svojom voljom nastalo, jezero je tiho, snebivljivo. Prekrasne tirkizne boje. Put prati pitomu, plemenitu rijeku-jezero, i vo\u017enja dosta dugo daruje o\u010dima mir svilenkaste povr\u0161i, ugla\u010dane jutarnjim suncem. Meko, opra\u0161taju\u0107i joj \u0161to se uz njih vinula navi\u0161e i \u0161tite\u0107i je i dalje, planine je sjen\u010de i pune, tje\u0161e, svojim liticama. Nisu je napustili ni borovi stra\u017eari. Obodom kanjonskog vijenca dostojanstveno osmatraju, prilagodiv\u0161i se surovim uslovima.<\/p>\n<h3><strong>SU\u0160I\u010cKO JEZERO<\/strong><\/h3>\n<p>Su\u0161i\u010dko jezero je periodi\u010dnog karaktera. Kada se tope snjegovi sa okolnih planina, jezero se napuni vodom, a tokom ljeta presu\u0161i i pretvara se u nevjerovatno lijepu dolinu, sa najfinijom travom. Posmatrajte jezero-dolinu odozgo, sa litica kanjona. Blagi vjetar talasa travu na dnu, pa ona vrlo delikatno mijenja boju. Kada dune u jednu stranu, boja trave je jarko zelena, a kada vjetar promijeni smjer, boja prelazi u smaragdnozelenu. Zbog ove \u010darolije, ne\u0107ete znati \u0161ta se talasa \u2013 trava ili voda (nevidljivog) jezera.<\/p>\n<\/div><\/div><div class=\"w-separator size_medium\"><\/div><div class=\"w-sharing type_outlined align_none color_default\"><div class=\"w-sharing-list\" data-content-image=\"true\"><a class=\"w-sharing-item email\" href=\"mailto:?subject=L1D-20c-28mm+f_2.8-11-10.3-01-05-22-13-17-39-HDR&amp;body=https:\/\/www.katunroads.me\/en\/wp-json\/wp\/v2\/pages\/8301\" title=\"Email this\" aria-label=\"Email this\"><i class=\"fas fa-envelope\"><\/i><\/a><a class=\"w-sharing-item facebook\" href=\"https:\/\/www.facebook.com\/sharer\/sharer.php?u=https:\/\/www.katunroads.me\/en\/wp-json\/wp\/v2\/pages\/8301&amp;quote=L1D-20c-28mm+f_2.8-11-10.3-01-05-22-13-17-39-HDR\" title=\"Share this\" aria-label=\"Share this\" onclick=\"window.open(this.href, &quot;facebook&quot;, &quot;toolbar=0,width=900,height=500&quot;); return false;\"><i class=\"fab fa-facebook\"><\/i><\/a><a class=\"w-sharing-item twitter\" href=\"https:\/\/twitter.com\/intent\/tweet?text=L1D-20c-28mm+f_2.8-11-10.3-01-05-22-13-17-39-HDR&amp;url=https:\/\/www.katunroads.me\/en\/wp-json\/wp\/v2\/pages\/8301\" title=\"Share this\" aria-label=\"Share this\" onclick=\"window.open(this.href, &quot;twitter&quot;, &quot;toolbar=0,width=650,height=360&quot;); return false;\"><i class=\"fab fa-x-twitter\"><svg style=\"width:1em; margin-bottom:-.1em;\" xmlns=\"http:\/\/www.w3.org\/2000\/svg\" viewBox=\"0 0 512 512\" role=\"presentation\"><path fill=\"currentColor\" d=\"M389.2 48h70.6L305.6 224.2 487 464H345L233.7 318.6 106.5 464H35.8L200.7 275.5 26.8 48H172.4L272.9 180.9 389.2 48zM364.4 421.8h39.1L151.1 88h-42L364.4 421.8z\"\/><\/svg><\/i><\/a><\/div><\/div><\/div><\/div><div class=\"wpb_column vc_column_container\"><div class=\"vc_column-inner\">[vc_wp_custommenu title=&#8221;Explore The Great Highlands&#8221; nav_menu=&#8221;105&#8243;]<\/div><\/div><\/div><\/div><\/section>\n","protected":false},"excerpt":{"rendered":"","protected":false},"author":1,"featured_media":8052,"parent":8293,"menu_order":0,"comment_status":"closed","ping_status":"closed","template":"","meta":{"_acf_changed":false,"footnotes":""},"class_list":["post-8301","page","type-page","status-publish","has-post-thumbnail","hentry"],"acf":[],"_links":{"self":[{"href":"https:\/\/www.katunroads.me\/en\/wp-json\/wp\/v2\/pages\/8301","targetHints":{"allow":["GET"]}}],"collection":[{"href":"https:\/\/www.katunroads.me\/en\/wp-json\/wp\/v2\/pages"}],"about":[{"href":"https:\/\/www.katunroads.me\/en\/wp-json\/wp\/v2\/types\/page"}],"author":[{"embeddable":true,"href":"https:\/\/www.katunroads.me\/en\/wp-json\/wp\/v2\/users\/1"}],"replies":[{"embeddable":true,"href":"https:\/\/www.katunroads.me\/en\/wp-json\/wp\/v2\/comments?post=8301"}],"version-history":[{"count":2,"href":"https:\/\/www.katunroads.me\/en\/wp-json\/wp\/v2\/pages\/8301\/revisions"}],"predecessor-version":[{"id":8315,"href":"https:\/\/www.katunroads.me\/en\/wp-json\/wp\/v2\/pages\/8301\/revisions\/8315"}],"up":[{"embeddable":true,"href":"https:\/\/www.katunroads.me\/en\/wp-json\/wp\/v2\/pages\/8293"}],"wp:featuredmedia":[{"embeddable":true,"href":"https:\/\/www.katunroads.me\/en\/wp-json\/wp\/v2\/media\/8052"}],"wp:attachment":[{"href":"https:\/\/www.katunroads.me\/en\/wp-json\/wp\/v2\/media?parent=8301"}],"curies":[{"name":"wp","href":"https:\/\/api.w.org\/{rel}","templated":true}]}}