{"id":3857,"date":"2017-02-18T09:31:09","date_gmt":"2017-02-18T09:31:09","guid":{"rendered":"http:\/\/www.katunroads.me\/katunski-put-kosovo\/"},"modified":"2022-07-20T18:29:04","modified_gmt":"2022-07-20T18:29:04","slug":"rruga-e-tebanave-kosove","status":"publish","type":"page","link":"https:\/\/www.katunroads.me\/sq\/rruga-e-tebanave-kosove\/","title":{"rendered":"Rruga e t\u00ebbanave Kosov\u00eb"},"content":{"rendered":"<section class=\"l-section wpb_row height_medium width_full parallax_ver with_shape\"><div class=\"l-section-shape type_zigzag pos_bottom\" style=\"height:15vmin;\"><svg xmlns=\"http:\/\/www.w3.org\/2000\/svg\" viewBox=\"0 0 64 8\" preserveAspectRatio=\"none\" width=\"100%\" height=\"100%\">\r\n\t<path fill=\"currentColor\" d=\"M64 8 L0 8 L0 0 L20 7.9 L40 3 L48 5 L64 0 Z\"\/>\r\n<\/svg><\/div><div class=\"l-section-h i-cf\"><div class=\"g-cols vc_row via_grid cols_1 laptops-cols_inherit tablets-cols_inherit mobiles-cols_1 valign_top type_default stacking_default\"><div class=\"wpb_column vc_column_container\"><div class=\"vc_column-inner\"><\/div><\/div><\/div><\/div><\/section><section class=\"l-section wpb_row height_medium\"><div class=\"l-section-h i-cf\"><div class=\"g-cols vc_row via_grid cols_2-1 laptops-cols_inherit tablets-cols_inherit mobiles-cols_1 valign_top type_default stacking_default\"><div class=\"wpb_column vc_column_container\"><div class=\"vc_column-inner\"><div class=\"wpb_text_column\"><div class=\"wpb_wrapper\">\t\t\t<!-- Flexy Breadcrumb -->\r\n\t\t\t<div class=\"fbc fbc-page\">\r\n\r\n\t\t\t\t<!-- Breadcrumb wrapper -->\r\n\t\t\t\t<div class=\"fbc-wrap\">\r\n\r\n\t\t\t\t\t<!-- Ordered list-->\r\n\t\t\t\t\t<ol class=\"fbc-items\" itemscope itemtype=\"https:\/\/schema.org\/BreadcrumbList\">\r\n\t\t\t\t\t\t            <li itemprop=\"itemListElement\" itemscope itemtype=\"https:\/\/schema.org\/ListItem\">\r\n                <span itemprop=\"name\">\r\n                    <!-- Home Link -->\r\n                    <a itemprop=\"item\" href=\"http:\/\/www.katunroads.me\">\r\n                    \r\n                                                    <i class=\"fa fa-home\" aria-hidden=\"true\"><\/i>                    <\/a>\r\n                <\/span>\r\n                <meta itemprop=\"position\" content=\"1\" \/><!-- Meta Position-->\r\n             <\/li><li><span class=\"fbc-separator\">\/<\/span><\/li><li class=\"active\" itemprop=\"itemListElement\" itemscope itemtype=\"https:\/\/schema.org\/ListItem\"><span itemprop=\"name\" title=\"Rruga e t\u00ebbanave Kosov\u00eb\">Rruga e t\u00ebbanave Kosov\u00eb<\/span><meta itemprop=\"position\" content=\"2\" \/><\/li>\t\t\t\t\t<\/ol>\r\n\t\t\t\t\t<div class=\"clearfix\"><\/div>\r\n\t\t\t\t<\/div>\r\n\t\t\t<\/div>\r\n\t\t\t\n<\/div><\/div>[vc_custom_heading source=&#8221;post_title&#8221; font_container=&#8221;tag:h2|text_align:left|color:%23b2784c&#8221; use_theme_fonts=&#8221;yes&#8221; css=&#8221;%7B%22default%22%3A%7B%22color%22%3A%22%23b2784c%22%7D%7D&#8221;]<div class=\"w-separator size_medium\"><\/div><div class=\"w-grid us_grid type_grid layout_gallery_default cols_6 preload_style_spinner\" id=\"us_grid_1\" style=\"--columns:6;--gap:4px;\" data-filterable=\"true\"><style>@media (max-width:767px){#us_grid_1{--columns:4!important}}@media (max-width:479px){#us_grid_1{--columns:2!important}}.layout_gallery_default .w-grid-item-h{}<\/style><div class=\"w-grid-list\">\t<article class=\"w-grid-item size_1x1 post-3265 attachment type-attachment status-inherit hentry\" data-id=\"3265\">\r\n\t\t<div class=\"w-grid-item-h\">\r\n\t\t\t\t\t\t\t<a ref=\"magnificPopupGrid\" href=\"https:\/\/www.katunroads.me\/wp-content\/uploads\/2017\/02\/20150625_153848.jpg\" class=\"w-grid-item-anchor\" aria-label=\"Rruga e t\u00ebbanave Kosov\u00eb\"><\/a>\r\n\t\t\t\t\t\t<div class=\"w-post-elm post_image usg_post_image_1 stretched\"><img loading=\"lazy\" decoding=\"async\" width=\"150\" height=\"150\" src=\"https:\/\/www.katunroads.me\/wp-content\/uploads\/2017\/02\/20150625_153848-150x150.jpg\" class=\"attachment-thumbnail size-thumbnail\" alt=\"\" srcset=\"https:\/\/www.katunroads.me\/wp-content\/uploads\/2017\/02\/20150625_153848-150x150.jpg 150w, https:\/\/www.katunroads.me\/wp-content\/uploads\/2017\/02\/20150625_153848-600x600.jpg 600w, https:\/\/www.katunroads.me\/wp-content\/uploads\/2017\/02\/20150625_153848-350x350.jpg 350w\" sizes=\"auto, (max-width: 150px) 100vw, 150px\" \/><\/div>\t\t<\/div>\r\n\t\t\t<\/article>\r\n\t<article class=\"w-grid-item size_1x1 post-3267 attachment type-attachment status-inherit hentry\" data-id=\"3267\">\r\n\t\t<div class=\"w-grid-item-h\">\r\n\t\t\t\t\t\t\t<a ref=\"magnificPopupGrid\" href=\"https:\/\/www.katunroads.me\/wp-content\/uploads\/2017\/02\/20150625_181145.jpg\" class=\"w-grid-item-anchor\" aria-label=\"Rruga e t\u00ebbanave Kosov\u00eb\"><\/a>\r\n\t\t\t\t\t\t<div class=\"w-post-elm post_image usg_post_image_1 stretched\"><img loading=\"lazy\" decoding=\"async\" width=\"150\" height=\"150\" src=\"https:\/\/www.katunroads.me\/wp-content\/uploads\/2017\/02\/20150625_181145-150x150.jpg\" class=\"attachment-thumbnail size-thumbnail\" alt=\"\" srcset=\"https:\/\/www.katunroads.me\/wp-content\/uploads\/2017\/02\/20150625_181145-150x150.jpg 150w, https:\/\/www.katunroads.me\/wp-content\/uploads\/2017\/02\/20150625_181145-600x600.jpg 600w, https:\/\/www.katunroads.me\/wp-content\/uploads\/2017\/02\/20150625_181145-350x350.jpg 350w\" sizes=\"auto, (max-width: 150px) 100vw, 150px\" \/><\/div>\t\t<\/div>\r\n\t\t\t<\/article>\r\n\t<article class=\"w-grid-item size_1x1 post-3269 attachment type-attachment status-inherit hentry\" data-id=\"3269\">\r\n\t\t<div class=\"w-grid-item-h\">\r\n\t\t\t\t\t\t\t<a ref=\"magnificPopupGrid\" href=\"https:\/\/www.katunroads.me\/wp-content\/uploads\/2017\/02\/IMG_4028.jpg\" class=\"w-grid-item-anchor\" aria-label=\"Rruga e t\u00ebbanave Kosov\u00eb\"><\/a>\r\n\t\t\t\t\t\t<div class=\"w-post-elm post_image usg_post_image_1 stretched\"><img loading=\"lazy\" decoding=\"async\" width=\"150\" height=\"150\" src=\"https:\/\/www.katunroads.me\/wp-content\/uploads\/2017\/02\/IMG_4028-150x150.jpg\" class=\"attachment-thumbnail size-thumbnail\" alt=\"\" srcset=\"https:\/\/www.katunroads.me\/wp-content\/uploads\/2017\/02\/IMG_4028-150x150.jpg 150w, https:\/\/www.katunroads.me\/wp-content\/uploads\/2017\/02\/IMG_4028-600x600.jpg 600w, https:\/\/www.katunroads.me\/wp-content\/uploads\/2017\/02\/IMG_4028-350x350.jpg 350w\" sizes=\"auto, (max-width: 150px) 100vw, 150px\" \/><\/div>\t\t<\/div>\r\n\t\t\t<\/article>\r\n\t<article class=\"w-grid-item size_1x1 post-3271 attachment type-attachment status-inherit hentry\" data-id=\"3271\">\r\n\t\t<div class=\"w-grid-item-h\">\r\n\t\t\t\t\t\t\t<a ref=\"magnificPopupGrid\" href=\"https:\/\/www.katunroads.me\/wp-content\/uploads\/2017\/02\/SDC10458.jpg\" class=\"w-grid-item-anchor\" aria-label=\"Rruga e t\u00ebbanave Kosov\u00eb\"><\/a>\r\n\t\t\t\t\t\t<div class=\"w-post-elm post_image usg_post_image_1 stretched\"><img loading=\"lazy\" decoding=\"async\" width=\"150\" height=\"150\" src=\"https:\/\/www.katunroads.me\/wp-content\/uploads\/2017\/02\/SDC10458-150x150.jpg\" class=\"attachment-thumbnail size-thumbnail\" alt=\"\" srcset=\"https:\/\/www.katunroads.me\/wp-content\/uploads\/2017\/02\/SDC10458-150x150.jpg 150w, https:\/\/www.katunroads.me\/wp-content\/uploads\/2017\/02\/SDC10458-600x600.jpg 600w, https:\/\/www.katunroads.me\/wp-content\/uploads\/2017\/02\/SDC10458-350x350.jpg 350w\" sizes=\"auto, (max-width: 150px) 100vw, 150px\" \/><\/div>\t\t<\/div>\r\n\t\t\t<\/article>\r\n\t<article class=\"w-grid-item size_1x1 post-3273 attachment type-attachment status-inherit hentry\" data-id=\"3273\">\r\n\t\t<div class=\"w-grid-item-h\">\r\n\t\t\t\t\t\t\t<a ref=\"magnificPopupGrid\" href=\"https:\/\/www.katunroads.me\/wp-content\/uploads\/2017\/02\/SDC10536.jpg\" class=\"w-grid-item-anchor\" aria-label=\"Rruga e t\u00ebbanave Kosov\u00eb\"><\/a>\r\n\t\t\t\t\t\t<div class=\"w-post-elm post_image usg_post_image_1 stretched\"><img loading=\"lazy\" decoding=\"async\" width=\"150\" height=\"150\" src=\"https:\/\/www.katunroads.me\/wp-content\/uploads\/2017\/02\/SDC10536-150x150.jpg\" class=\"attachment-thumbnail size-thumbnail\" alt=\"\" srcset=\"https:\/\/www.katunroads.me\/wp-content\/uploads\/2017\/02\/SDC10536-150x150.jpg 150w, https:\/\/www.katunroads.me\/wp-content\/uploads\/2017\/02\/SDC10536-600x600.jpg 600w, https:\/\/www.katunroads.me\/wp-content\/uploads\/2017\/02\/SDC10536-350x350.jpg 350w\" sizes=\"auto, (max-width: 150px) 100vw, 150px\" \/><\/div>\t\t<\/div>\r\n\t\t\t<\/article>\r\n\t<article class=\"w-grid-item size_1x1 post-3275 attachment type-attachment status-inherit hentry\" data-id=\"3275\">\r\n\t\t<div class=\"w-grid-item-h\">\r\n\t\t\t\t\t\t\t<a ref=\"magnificPopupGrid\" href=\"https:\/\/www.katunroads.me\/wp-content\/uploads\/2017\/02\/SDC10609.jpg\" class=\"w-grid-item-anchor\" aria-label=\"Rruga e t\u00ebbanave Kosov\u00eb\"><\/a>\r\n\t\t\t\t\t\t<div class=\"w-post-elm post_image usg_post_image_1 stretched\"><img loading=\"lazy\" decoding=\"async\" width=\"150\" height=\"150\" src=\"https:\/\/www.katunroads.me\/wp-content\/uploads\/2017\/02\/SDC10609-150x150.jpg\" class=\"attachment-thumbnail size-thumbnail\" alt=\"\" srcset=\"https:\/\/www.katunroads.me\/wp-content\/uploads\/2017\/02\/SDC10609-150x150.jpg 150w, https:\/\/www.katunroads.me\/wp-content\/uploads\/2017\/02\/SDC10609-600x600.jpg 600w, https:\/\/www.katunroads.me\/wp-content\/uploads\/2017\/02\/SDC10609-350x350.jpg 350w\" sizes=\"auto, (max-width: 150px) 100vw, 150px\" \/><\/div>\t\t<\/div>\r\n\t\t\t<\/article>\r\n<\/div>\t<div class=\"w-grid-preloader\">\r\n\t\t<div class=\"g-preloader type_5\">\r\n\t\t\t<div><\/div>\r\n\t\t<\/div>\r\n\t<\/div>\r\n\t\t<div class=\"w-grid-json hidden\" onclick='return {&quot;action&quot;:&quot;us_ajax_grid&quot;,&quot;infinite_scroll&quot;:0,&quot;max_num_pages&quot;:1,&quot;pagination&quot;:&quot;none&quot;,&quot;template_vars&quot;:{&quot;columns&quot;:&quot;6&quot;,&quot;exclude_items&quot;:&quot;none&quot;,&quot;img_size&quot;:&quot;thumbnail&quot;,&quot;ignore_items_size&quot;:0,&quot;items_layout&quot;:&quot;gallery_default&quot;,&quot;items_offset&quot;:&quot;1&quot;,&quot;load_animation&quot;:&quot;none&quot;,&quot;overriding_link&quot;:&quot;%7B%22type%22%3A%22popup_image%22%7D&quot;,&quot;post_id&quot;:0,&quot;query_args&quot;:{&quot;post_type&quot;:[&quot;attachment&quot;],&quot;post__in&quot;:[&quot;2611&quot;,&quot;2612&quot;,&quot;2613&quot;,&quot;2614&quot;,&quot;2615&quot;,&quot;2616&quot;],&quot;post_status&quot;:&quot;inherit&quot;,&quot;post_mime_type&quot;:&quot;image&quot;,&quot;posts_per_page&quot;:999},&quot;orderby_query_args&quot;:{&quot;orderby&quot;:{&quot;post__in&quot;:&quot;ASC&quot;},&quot;order&quot;:&quot;ASC&quot;},&quot;type&quot;:&quot;grid&quot;,&quot;us_grid_post_type&quot;:&quot;attachment&quot;,&quot;us_grid_ajax_index&quot;:1,&quot;us_grid_filter_query_string&quot;:null,&quot;us_grid_index&quot;:1,&quot;page_args&quot;:[],&quot;lang&quot;:&quot;sq&quot;}}'><\/div>\r\n\t<\/div><div class=\"w-separator size_medium\"><\/div><div class=\"wpb_text_column\"><div class=\"wpb_wrapper\"><p>N\u00ebse doni t\u00eb shijoni natyr\u00ebn e Bjeshk\u00ebve t\u00eb nemuna e cila do t\u00eb ju l\u00ebr\u00eb pa frym\u00eb, t\u00eb p\u00ebrzier me tradit\u00ebn dhe kultur\u00ebn shum\u00ebvje\u00e7are t\u00eb cil\u00ebn e ruajn\u00eb barinjt\u00eb lart\u00eb n\u00ebp\u00ebr bjeshk\u00eb, at\u00ebher\u00eb vizitoni rrug\u00ebn e t\u00ebbanave t\u00eb Kosov\u00ebs! Bjeshk\u00eb t\u00eb shumta tep\u00ebr t\u00eb bukura dhe t\u00eb pa eksploruara sikurse jan\u00eb Belegu, Bogiqevica, Rashkodoli dhe Mileshevci ju presin, kurse barinjt\u00eb mikprit\u00ebs t\u00eb cil\u00ebt verat i kalojn\u00eb n\u00eb k\u00ebto bjeshk\u00eb, do t\u00eb kujdesen q\u00eb t\u00eb mos jeni t\u00eb uritur dhe q\u00eb t\u00eb keni kulm mbi kok\u00eb derisa t\u00eb jeni duke eksploruar k\u00ebto zona. Dhe derisa jeni duke eksploruar, jeni t\u00eb v\u00ebmendsh\u00ebm p\u00ebr biodiversitetin e pasur dhe unik t\u00eb k\u00ebtyre viseve, k\u00ebnaquni n\u00eb shijen e harruar t\u00eb frutave t\u00eb egra t\u00eb pyllit dhe t\u00eb arom\u00ebs relaksuese t\u00eb \u00e7ajit i cili p\u00ebrgatitet nga bim\u00ebt mjek\u00ebsore t\u00eb cilat n\u00eb k\u00ebt\u00eb zon\u00eb t\u00eb paprekur rriten me shumic\u00eb.<\/p>\n<\/div><\/div><div class=\"w-separator size_medium\"><\/div><div class=\"w-sharing type_outlined align_none color_default\"><div class=\"w-sharing-list\" data-content-image=\"true\"><a class=\"w-sharing-item email\" href=\"mailto:?subject=Rruga+e+t\u00ebbanave+Kosov\u00eb&amp;body=https:\/\/www.katunroads.me\/sq\/wp-json\/wp\/v2\/pages\/3857\" title=\"Email this\" aria-label=\"Email this\"><i class=\"fas fa-envelope\"><\/i><\/a><a class=\"w-sharing-item facebook\" href=\"https:\/\/www.facebook.com\/sharer\/sharer.php?u=https:\/\/www.katunroads.me\/sq\/wp-json\/wp\/v2\/pages\/3857&amp;quote=Rruga+e+t\u00ebbanave+Kosov\u00eb\" title=\"Share this\" aria-label=\"Share this\" onclick=\"window.open(this.href, &quot;facebook&quot;, &quot;toolbar=0,width=900,height=500&quot;); return false;\"><i class=\"fab fa-facebook\"><\/i><\/a><a class=\"w-sharing-item twitter\" href=\"https:\/\/twitter.com\/intent\/tweet?text=Rruga+e+t\u00ebbanave+Kosov\u00eb&amp;url=https:\/\/www.katunroads.me\/sq\/wp-json\/wp\/v2\/pages\/3857\" title=\"Share this\" aria-label=\"Share this\" onclick=\"window.open(this.href, &quot;twitter&quot;, &quot;toolbar=0,width=650,height=360&quot;); return false;\"><i class=\"fab fa-x-twitter\"><svg style=\"width:1em; margin-bottom:-.1em;\" xmlns=\"http:\/\/www.w3.org\/2000\/svg\" viewBox=\"0 0 512 512\" role=\"presentation\"><path fill=\"currentColor\" d=\"M389.2 48h70.6L305.6 224.2 487 464H345L233.7 318.6 106.5 464H35.8L200.7 275.5 26.8 48H172.4L272.9 180.9 389.2 48zM364.4 421.8h39.1L151.1 88h-42L364.4 421.8z\"\/><\/svg><\/i><\/a><\/div><\/div><\/div><\/div><div class=\"wpb_column vc_column_container\"><div class=\"vc_column-inner\">[vc_wp_custommenu nav_menu=&#8221;100&#8243; title=&#8221;Istra\u017eite&#8221;]<\/div><\/div><\/div><\/div><\/section>\n","protected":false},"excerpt":{"rendered":"","protected":false},"author":1,"featured_media":3273,"parent":0,"menu_order":0,"comment_status":"closed","ping_status":"closed","template":"","meta":{"_acf_changed":false,"footnotes":""},"class_list":["post-3857","page","type-page","status-publish","has-post-thumbnail","hentry"],"acf":[],"_links":{"self":[{"href":"https:\/\/www.katunroads.me\/sq\/wp-json\/wp\/v2\/pages\/3857","targetHints":{"allow":["GET"]}}],"collection":[{"href":"https:\/\/www.katunroads.me\/sq\/wp-json\/wp\/v2\/pages"}],"about":[{"href":"https:\/\/www.katunroads.me\/sq\/wp-json\/wp\/v2\/types\/page"}],"author":[{"embeddable":true,"href":"https:\/\/www.katunroads.me\/sq\/wp-json\/wp\/v2\/users\/1"}],"replies":[{"embeddable":true,"href":"https:\/\/www.katunroads.me\/sq\/wp-json\/wp\/v2\/comments?post=3857"}],"version-history":[{"count":7,"href":"https:\/\/www.katunroads.me\/sq\/wp-json\/wp\/v2\/pages\/3857\/revisions"}],"predecessor-version":[{"id":7140,"href":"https:\/\/www.katunroads.me\/sq\/wp-json\/wp\/v2\/pages\/3857\/revisions\/7140"}],"wp:featuredmedia":[{"embeddable":true,"href":"https:\/\/www.katunroads.me\/sq\/wp-json\/wp\/v2\/media\/3273"}],"wp:attachment":[{"href":"https:\/\/www.katunroads.me\/sq\/wp-json\/wp\/v2\/media?parent=3857"}],"curies":[{"name":"wp","href":"https:\/\/api.w.org\/{rel}","templated":true}]}}