{"id":3861,"date":"2017-08-10T08:52:02","date_gmt":"2017-08-10T08:52:02","guid":{"rendered":"http:\/\/www.katunroads.me\/rruga-e-tebanave-kosove\/opste-informacije\/"},"modified":"2022-07-21T06:04:59","modified_gmt":"2022-07-21T06:04:59","slug":"informatat-e-pergjithshme","status":"publish","type":"page","link":"https:\/\/www.katunroads.me\/sq\/rruga-e-tebanave-kosove\/informatat-e-pergjithshme\/","title":{"rendered":"Informatat e p\u00ebrgjithshme"},"content":{"rendered":"<section class=\"l-section wpb_row height_medium width_full parallax_ver with_shape\"><div class=\"l-section-shape type_zigzag pos_bottom\" style=\"height:15vmin;\"><svg xmlns=\"http:\/\/www.w3.org\/2000\/svg\" viewBox=\"0 0 64 8\" preserveAspectRatio=\"none\" width=\"100%\" height=\"100%\">\r\n\t<path fill=\"currentColor\" d=\"M64 8 L0 8 L0 0 L20 7.9 L40 3 L48 5 L64 0 Z\"\/>\r\n<\/svg><\/div><div class=\"l-section-h i-cf\"><div class=\"g-cols vc_row via_grid cols_1 laptops-cols_inherit tablets-cols_inherit mobiles-cols_1 valign_top type_default stacking_default\"><div class=\"wpb_column vc_column_container\"><div class=\"vc_column-inner\"><\/div><\/div><\/div><\/div><\/section><section class=\"l-section wpb_row height_medium\"><div class=\"l-section-h i-cf\"><div class=\"g-cols vc_row via_grid cols_2-1 laptops-cols_inherit tablets-cols_inherit mobiles-cols_1 valign_top type_default stacking_default\"><div class=\"wpb_column vc_column_container\"><div class=\"vc_column-inner\"><div class=\"wpb_text_column\"><div class=\"wpb_wrapper\">\t\t\t<!-- Flexy Breadcrumb -->\r\n\t\t\t<div class=\"fbc fbc-page\">\r\n\r\n\t\t\t\t<!-- Breadcrumb wrapper -->\r\n\t\t\t\t<div class=\"fbc-wrap\">\r\n\r\n\t\t\t\t\t<!-- Ordered list-->\r\n\t\t\t\t\t<ol class=\"fbc-items\" itemscope itemtype=\"https:\/\/schema.org\/BreadcrumbList\">\r\n\t\t\t\t\t\t            <li itemprop=\"itemListElement\" itemscope itemtype=\"https:\/\/schema.org\/ListItem\">\r\n                <span itemprop=\"name\">\r\n                    <!-- Home Link -->\r\n                    <a itemprop=\"item\" href=\"http:\/\/www.katunroads.me\">\r\n                    \r\n                                                    <i class=\"fa fa-home\" aria-hidden=\"true\"><\/i>                    <\/a>\r\n                <\/span>\r\n                <meta itemprop=\"position\" content=\"1\" \/><!-- Meta Position-->\r\n             <\/li><li><span class=\"fbc-separator\">\/<\/span><\/li><li class=\"active\" itemprop=\"itemListElement\" itemscope itemtype=\"https:\/\/schema.org\/ListItem\"><span itemprop=\"name\" title=\"Informatat e p\u00ebrgjithshme\">Informatat e p\u00ebrgjithshme<\/span><meta itemprop=\"position\" content=\"2\" \/><\/li>\t\t\t\t\t<\/ol>\r\n\t\t\t\t\t<div class=\"clearfix\"><\/div>\r\n\t\t\t\t<\/div>\r\n\t\t\t<\/div>\r\n\t\t\t\n<\/div><\/div>[vc_custom_heading source=&#8221;post_title&#8221; font_container=&#8221;tag:h2|text_align:left|color:%23b2784c&#8221; use_theme_fonts=&#8221;yes&#8221; css=&#8221;%7B%22default%22%3A%7B%22color%22%3A%22%23b2784c%22%7D%7D&#8221;]<div class=\"wpb_text_column\"><div class=\"wpb_wrapper\"><p>Kosova ka resurse natyrore t\u00eb pasura dhe trash\u00ebgimi kulturore t\u00eb ve\u00e7ant\u00eb, \u00e7ka mund t\u00eb kontribuoj\u00eb n\u00eb zhvillim t\u00eb turizmit n\u00eb fshat gjat\u00eb t\u00eb gjitha stin\u00ebve t\u00eb vitit. P\u00ebrshkrimi i potencialeve p\u00ebr turiz\u00ebm n\u00eb Kosov\u00eb \u00ebsht\u00eb i lidhur gusht me pozit\u00ebn e saj gjeografike. Pozita e Kosov\u00ebs n\u00eb Evrop\u00ebn juglindore, me pozit\u00eb qendrore n\u00eb Gadishullin Ballkanik paraqet udh\u00ebkryq e cila daton historikisht q\u00eb nga koha e Ilir\u00ebve dhe Romak\u00ebve. Edhe pse Kosova \u00ebsht\u00eb hap\u00ebsir\u00eb e vog\u00ebl gjeografike, me burimet njer\u00ebzore dhe natyrore t\u00eb cilat i disponon, ofron mund\u00ebsi t\u00eb mira p\u00ebr zhvillim t\u00eb disa llojeve t\u00eb turizmit.<\/p>\n<p>Ky shkrim jep pasqyrimin e turizmit n\u00eb fshat, atraksioneve natyrore dhe kulturore t\u00eb cilat i ofrojn\u00eb komunat e De\u00e7anit dhe Junikut, mund\u00ebsin\u00eb e zhvillimit t\u00eb turizmit n\u00eb fshat, p\u00ebrpar\u00ebsit\u00eb e investimeve potenciale p\u00ebr sukses n\u00eb zhvillim t\u00eb turizmit.<\/p>\n<p>Gjithashtu, n\u00eb k\u00ebt\u00eb shkrim jan\u00eb t\u00eb p\u00ebrshkruara aktivitetett\u00eb cilat jan\u00eb t\u00eb p\u00ebrkrahura nga ana e projektit \u201cTurizmi n\u00eb fshat p\u00ebr zhvillimin ekonomik t\u00eb regjioneve nd\u00ebrkufitare t\u00eb Kosov\u00ebs dhe Malit t\u00eb Zi\u201d t\u00eb cilin e finacson Komisioni Evropian, dhe e zbaton organizata IADK n\u00eb bashk\u00ebpunim me Golden Honey.<\/p>\n<p>Turizmin n\u00eb fshat mund ta p\u00ebrkufizojm\u00eb si p\u00ebrvoj\u00eb t\u00eb nj\u00eb shteti e cila p\u00ebrfshin spekt\u00ebr t\u00eb gjer\u00eb t\u00eb aktiviteteve t\u00eb cilat zhvillohen n\u00eb zona bujq\u00ebsore dhe jourbane. Turizmi n\u00eb fshat nuk \u00ebsht\u00eb vet\u00ebm turiz\u00ebm n\u00eb ferma. Ai p\u00ebrfshin pushimet n\u00eb ferma, pushimet me interes t\u00eb ve\u00e7ant\u00eb n\u00eb natyr\u00eb dhe ekoturiz\u00ebm, ecje-sh\u00ebtitje, alpiniz\u00ebm, aventur\u00eb, sport dhe turiz\u00ebm sh\u00ebndet\u00ebsor, gjueti dhe peshkim, sh\u00ebtitje edukative, turiz\u00ebm artizanal dhe t\u00eb trash\u00ebgimis\u00eb kulturore, dhe n\u00eb disa regjione turiz\u00ebm etnik.<\/p>\n<p>Forma kryesore e turizmit \u00ebsht\u00eb agroturizmi i cili i referohet vizitave t\u00eb fermave t\u00eb pun\u00ebs apo aktiviteteve bujq\u00ebsore, hortikultur\u00ebs apo agrobiznesit me qellim t\u00eb k\u00ebnaqjes, edukimit apo pjes\u00ebmarrjes aktive n\u00eb aktivitete bujq\u00ebsore. Ekziston nj\u00eb spekt\u00ebr i gjer\u00eb i ofertave t\u00eb turizmit n\u00eb fshat. Kjo p\u00ebrfshin agroturizmin, festivalet bujq\u00ebsore, ngjarje t\u00eb ve\u00e7anta, panaire n\u00eb fshat, turne bujq\u00ebsore. N\u00eb k\u00ebt\u00eb pik\u00ebpamje, t\u00eb gjitha vet\u00ebqeverisjet lokale dhe komunitetet lokale duhet t\u00eb jen\u00eb t\u00eb ky\u00e7ura n\u00eb m\u00ebnyr\u00eb aktive n\u00eb shtrirje t\u00eb rrjetave dhe p\u00ebrkrahjes s\u00eb turizmit n\u00eb fshat dhe promovimit t\u00eb resurseve dhe pron\u00ebs s\u00eb k\u00ebtyre regjioneve.<\/p>\n<p>Projekti \u201cTurizmi n\u00eb fshat p\u00ebr zhvillimin ekonomik t\u00eb regjioneve nd\u00ebrkufitare t\u00eb Kosov\u00ebs dhe Malit t\u00eb Zi\u201d ka promovuar dhe nd\u00ebrtuar infrastruktur\u00ebn baz\u00eb p\u00ebr zhvillim t\u00eb turizmit malor dhe atij n\u00eb fshat n\u00eb komuna t\u00eb De\u00e7anit dhe Junikut. N\u00eb kuad\u00ebr t\u00eb projektit n\u00eb bashk\u00ebpunim me partner t\u00eb projektit, jan\u00eb identifikuar dit\u00ebt tradicionale t\u00eb komun\u00ebs De\u00e7an dhe jan\u00eb organizuar manifestime t\u00eb ndryshme. N\u00eb m\u00ebnyr\u00eb q\u00eb k\u00ebto dit\u00eb tradicionale t\u00eb mund t\u00eb sh\u00ebrbejn\u00eb p\u00ebr promovim t\u00eb turizmit, komunat n\u00eb fjal\u00eb duhet ti shpallin si dit\u00eb tradicionale dhe duhet t\u00eb p\u00ebrcaktojn\u00eb datat se kur do t\u00eb duhet t\u00eb mbaheshin k\u00ebto dit\u00eb, se kush i organizon, si dhe kritere tjera t\u00eb cilat ndikojn\u00eb n\u00eb promovim t\u00eb turizmit.<\/p>\n<\/div><\/div><div class=\"w-separator size_medium\"><\/div><div class=\"w-sharing type_outlined align_none color_default\"><div class=\"w-sharing-list\"><a class=\"w-sharing-item email\" href=\"mailto:?subject=Informatat+e+p\u00ebrgjithshme&amp;body=https:\/\/www.katunroads.me\/sq\/wp-json\/wp\/v2\/pages\/3861\" title=\"Email this\" aria-label=\"Email this\"><i class=\"fas fa-envelope\"><\/i><\/a><a class=\"w-sharing-item facebook\" href=\"https:\/\/www.facebook.com\/sharer\/sharer.php?u=https:\/\/www.katunroads.me\/sq\/wp-json\/wp\/v2\/pages\/3861&amp;quote=Informatat+e+p\u00ebrgjithshme\" title=\"Share this\" aria-label=\"Share this\" onclick=\"window.open(this.href, &quot;facebook&quot;, &quot;toolbar=0,width=900,height=500&quot;); return false;\"><i class=\"fab fa-facebook\"><\/i><\/a><a class=\"w-sharing-item twitter\" href=\"https:\/\/twitter.com\/intent\/tweet?text=Informatat+e+p\u00ebrgjithshme&amp;url=https:\/\/www.katunroads.me\/sq\/wp-json\/wp\/v2\/pages\/3861\" title=\"Share this\" aria-label=\"Share this\" onclick=\"window.open(this.href, &quot;twitter&quot;, &quot;toolbar=0,width=650,height=360&quot;); return false;\"><i class=\"fab fa-x-twitter\"><svg style=\"width:1em; margin-bottom:-.1em;\" xmlns=\"http:\/\/www.w3.org\/2000\/svg\" viewBox=\"0 0 512 512\" role=\"presentation\"><path fill=\"currentColor\" d=\"M389.2 48h70.6L305.6 224.2 487 464H345L233.7 318.6 106.5 464H35.8L200.7 275.5 26.8 48H172.4L272.9 180.9 389.2 48zM364.4 421.8h39.1L151.1 88h-42L364.4 421.8z\"\/><\/svg><\/i><\/a><\/div><\/div><\/div><\/div><div class=\"wpb_column vc_column_container\"><div class=\"vc_column-inner\">[vc_wp_custommenu nav_menu=&#8221;100&#8243; title=&#8221;Eksploro&#8221;]<\/div><\/div><\/div><\/div><\/section>\n","protected":false},"excerpt":{"rendered":"\/Informatat e p\u00ebrgjithshme [vc_custom_heading source=\"post_title\" font_container=\"tag:h2|text_align:left|color:%23b2784c\" use_theme_fonts=\"yes\" css=\"%7B%22default%22%3A%7B%22color%22%3A%22%23b2784c%22%7D%7D\"]Kosova ka resurse natyrore t\u00eb pasura dhe trash\u00ebgimi kulturore t\u00eb ve\u00e7ant\u00eb, \u00e7ka mund t\u00eb kontribuoj\u00eb n\u00eb zhvillim t\u00eb turizmit n\u00eb fshat gjat\u00eb t\u00eb gjitha stin\u00ebve t\u00eb vitit. P\u00ebrshkrimi i potencialeve p\u00ebr turiz\u00ebm n\u00eb Kosov\u00eb \u00ebsht\u00eb i lidhur gusht me pozit\u00ebn e saj gjeografike. Pozita e Kosov\u00ebs n\u00eb Evrop\u00ebn...","protected":false},"author":1,"featured_media":3271,"parent":3857,"menu_order":0,"comment_status":"closed","ping_status":"closed","template":"","meta":{"_acf_changed":false,"footnotes":""},"class_list":["post-3861","page","type-page","status-publish","has-post-thumbnail","hentry"],"acf":[],"_links":{"self":[{"href":"https:\/\/www.katunroads.me\/sq\/wp-json\/wp\/v2\/pages\/3861","targetHints":{"allow":["GET"]}}],"collection":[{"href":"https:\/\/www.katunroads.me\/sq\/wp-json\/wp\/v2\/pages"}],"about":[{"href":"https:\/\/www.katunroads.me\/sq\/wp-json\/wp\/v2\/types\/page"}],"author":[{"embeddable":true,"href":"https:\/\/www.katunroads.me\/sq\/wp-json\/wp\/v2\/users\/1"}],"replies":[{"embeddable":true,"href":"https:\/\/www.katunroads.me\/sq\/wp-json\/wp\/v2\/comments?post=3861"}],"version-history":[{"count":6,"href":"https:\/\/www.katunroads.me\/sq\/wp-json\/wp\/v2\/pages\/3861\/revisions"}],"predecessor-version":[{"id":7142,"href":"https:\/\/www.katunroads.me\/sq\/wp-json\/wp\/v2\/pages\/3861\/revisions\/7142"}],"up":[{"embeddable":true,"href":"https:\/\/www.katunroads.me\/sq\/wp-json\/wp\/v2\/pages\/3857"}],"wp:featuredmedia":[{"embeddable":true,"href":"https:\/\/www.katunroads.me\/sq\/wp-json\/wp\/v2\/media\/3271"}],"wp:attachment":[{"href":"https:\/\/www.katunroads.me\/sq\/wp-json\/wp\/v2\/media?parent=3861"}],"curies":[{"name":"wp","href":"https:\/\/api.w.org\/{rel}","templated":true}]}}