{"id":3866,"date":"2017-08-10T08:56:44","date_gmt":"2017-08-10T08:56:44","guid":{"rendered":"http:\/\/www.katunroads.me\/rruga-e-tebanave-kosove\/planine\/"},"modified":"2022-07-21T06:08:14","modified_gmt":"2022-07-21T06:08:14","slug":"bjeshket","status":"publish","type":"page","link":"https:\/\/www.katunroads.me\/sq\/rruga-e-tebanave-kosove\/bjeshket\/","title":{"rendered":"Bjeshk\u00ebt"},"content":{"rendered":"<section class=\"l-section wpb_row height_medium width_full parallax_ver with_shape\"><div class=\"l-section-shape type_zigzag pos_bottom\" style=\"height:15vmin;\"><svg xmlns=\"http:\/\/www.w3.org\/2000\/svg\" viewBox=\"0 0 64 8\" preserveAspectRatio=\"none\" width=\"100%\" height=\"100%\">\r\n\t<path fill=\"currentColor\" d=\"M64 8 L0 8 L0 0 L20 7.9 L40 3 L48 5 L64 0 Z\"\/>\r\n<\/svg><\/div><div class=\"l-section-h i-cf\"><div class=\"g-cols vc_row via_grid cols_1 laptops-cols_inherit tablets-cols_inherit mobiles-cols_1 valign_top type_default stacking_default\"><div class=\"wpb_column vc_column_container\"><div class=\"vc_column-inner\"><\/div><\/div><\/div><\/div><\/section><section class=\"l-section wpb_row height_medium\"><div class=\"l-section-h i-cf\"><div class=\"g-cols vc_row via_grid cols_2-1 laptops-cols_inherit tablets-cols_inherit mobiles-cols_1 valign_top type_default stacking_default\"><div class=\"wpb_column vc_column_container\"><div class=\"vc_column-inner\"><div class=\"wpb_text_column\"><div class=\"wpb_wrapper\">\t\t\t<!-- Flexy Breadcrumb -->\r\n\t\t\t<div class=\"fbc fbc-page\">\r\n\r\n\t\t\t\t<!-- Breadcrumb wrapper -->\r\n\t\t\t\t<div class=\"fbc-wrap\">\r\n\r\n\t\t\t\t\t<!-- Ordered list-->\r\n\t\t\t\t\t<ol class=\"fbc-items\" itemscope itemtype=\"https:\/\/schema.org\/BreadcrumbList\">\r\n\t\t\t\t\t\t            <li itemprop=\"itemListElement\" itemscope itemtype=\"https:\/\/schema.org\/ListItem\">\r\n                <span itemprop=\"name\">\r\n                    <!-- Home Link -->\r\n                    <a itemprop=\"item\" href=\"http:\/\/www.katunroads.me\">\r\n                    \r\n                                                    <i class=\"fa fa-home\" aria-hidden=\"true\"><\/i>                    <\/a>\r\n                <\/span>\r\n                <meta itemprop=\"position\" content=\"1\" \/><!-- Meta Position-->\r\n             <\/li><li><span class=\"fbc-separator\">\/<\/span><\/li><li class=\"active\" itemprop=\"itemListElement\" itemscope itemtype=\"https:\/\/schema.org\/ListItem\"><span itemprop=\"name\" title=\"Bjeshk\u00ebt\">Bjeshk\u00ebt<\/span><meta itemprop=\"position\" content=\"2\" \/><\/li>\t\t\t\t\t<\/ol>\r\n\t\t\t\t\t<div class=\"clearfix\"><\/div>\r\n\t\t\t\t<\/div>\r\n\t\t\t<\/div>\r\n\t\t\t\n<\/div><\/div>[vc_custom_heading source=&#8221;post_title&#8221; font_container=&#8221;tag:h2|text_align:left|color:%23b2784c&#8221; use_theme_fonts=&#8221;yes&#8221; css=&#8221;%7B%22default%22%3A%7B%22color%22%3A%22%23b2784c%22%7D%7D&#8221;]<div class=\"wpb_text_column\"><div class=\"wpb_wrapper\"><p>Bjeshk\u00ebt n\u00eb komun\u00eb t\u00eb De\u00e7anit dhe Junikut kan\u00eb bukuri t\u00eb radha natyrore. Lokalitetet t\u00eb cilat ju k\u00ebshillojm\u00eb q\u00eb ti vizitoni jan\u00eb:<\/p>\n<ul>\n<li><strong>Lugina e Lumbardhit<\/strong> ndodhet n\u00eb De\u00e7an, n\u00eb mes dy maleve, Kozhnjerit dhe Marjashit. Ka sip\u00ebrfaqe prej 278,3 Km.<\/li>\n<li>Lokaliteti turistik i <strong>Radoniqit<\/strong><\/li>\n<li>Lokaliteti turistik <strong>Podi i G\u00ebshtenjave<\/strong> \u00ebsht\u00eb potencial turistik i komun\u00ebs De\u00e7an, nj\u00eb atraksion natyror i cili u mund\u00ebson shum\u00eb familjeve t\u00eb k\u00ebsaj komune q\u00eb t\u00eb ushqejn\u00eb familjet e tyre me grumbullim dhe shitje t\u00eb g\u00ebshtenj\u00ebs.<\/li>\n<li>Lokaliteti turistik <strong>Pishat e De\u00e7anit<\/strong> ka sip\u00ebrfaqe prej 15 hektar\u00ebsh, dhe kjo zon\u00eb natyrore e Kosov\u00ebs \u00ebsht\u00eb e mbrojtur q\u00eb nga viti 1968. Kjo zon\u00eb tek Manastiri i De\u00e7anit \u00ebsht\u00eb e mbuluar me pisha t\u00eb zeza. Pishat e De\u00e7anit jan\u00eb resurs i radhe natyror me veti sh\u00ebruese dhe shfryt\u00ebzohen p\u00ebr turiz\u00ebm sh\u00ebndet\u00ebsor.<\/li>\n<li>Lokaliteti turistik <strong>Belaja dhe Pleqa<\/strong><\/li>\n<li>Lokaliteti turistik <strong>Kozhnjer<\/strong> ndodhet brenda komun\u00ebs s\u00eb De\u00e7anit dhe \u00ebsht\u00eb zon\u00eb e mbrojtur q\u00eb nga viti 1955. Ky regjion \u00ebsht\u00eb i njohur p\u00ebr num\u00ebr t\u00eb madh t\u00eb dhive t\u00eb egra(Rupicapra rupicapra L).<\/li>\n<li><strong>Maja malore Belegu &#8211; Majat<\/strong> e bjeshk\u00ebs s\u00eb Belegut jan\u00eb shk\u00ebmbore por jan\u00eb t\u00eb njohura p\u00ebr pasurit\u00eb dhe llojllojshm\u00ebrin\u00eb e elementeve estetiko &#8211; dekorative. Kjo zon\u00eb \u00ebsht\u00eb karakteristike p\u00ebr kontrast t\u00eb madh t\u00eb pejzazheve, me forma karakteristike, shpesh me lugina jomikprit\u00ebse dhe me maja t\u00eb pjerr\u00ebta dhe t\u00eb mprehta. N\u00eb bjeshk\u00ebn e Belegut jan\u00eb t\u00eb ruajtura flora dhe vegjetacioni sub-polar, dhe \u00ebsht\u00eb e pasur me kullota t\u00eb pasura me reshje bore dhe shiu.<\/li>\n<li><strong>BJESHKA MILISHEVC<\/strong>&#8211; Kjo bjeshk\u00eb \u00ebsht\u00eb mjaft e madhe sikurse edhe t\u00eb gjitha malet e Alpeve shqiptare, e karakterizojn\u00eb pejzashe tep\u00ebr t\u00eb bukura dhe begatia e flor\u00ebs dhe faun\u00ebs. P\u00ebrpos n\u00eb q\u00ebllime turistike, bjeshka shfryt\u00ebzohet edhe p\u00ebr kullota.<\/li>\n<li><strong>GJERAVICA<\/strong> me lart\u00ebsi 2656 m \u00ebsht\u00eb maja m\u00eb e lart\u00eb e Alpeve shqiptare (Bjeshk\u00ebve t\u00eb nemuna) nga ana e Kosov\u00ebs, edhe pse lart\u00ebsia e maj\u00ebs mund t\u00eb jet\u00eb edhe ndonj\u00eb met\u00ebr m\u00eb e madhe, por kjo nuk \u00ebsht\u00eb konfirmuar nga matjet me GPS. Sipas lart\u00ebsis\u00eb \u00ebsht\u00eb maja e tret\u00eb e Bjeshk\u00ebve t\u00eb nemuna mbas Korabit dhe Jezercit i cili ndodhet n\u00eb Alpet shqiptare dhe \u00ebsht\u00eb 2764 metra i lart\u00eb&#8230; Kjo maj\u00eb malore ndodhet n\u00eb per\u00ebndim t\u00eb Kosov\u00ebs, n\u00eb regjionin e Bjeshk\u00ebve t\u00eb nemuna dhe paraqet kufirin n\u00eb mes komun\u00ebs s\u00eb De\u00e7anit dhe Shqip\u00ebris\u00eb. Vet\u00eb maja e Gjeravic\u00ebs i p\u00ebrket territorit t\u00eb komun\u00ebs s\u00eb De\u00e7anit, e menj\u00ebher\u00eb af\u00ebr tij \u00ebsht\u00eb edhe maja Gusani. T\u00eb dyja k\u00ebto bjeshk\u00eb jan\u00eb jasht\u00ebzakonisht t\u00eb pasura me flor\u00eb dhe faun\u00eb.<\/li>\n<\/ul>\n<\/div><\/div><div class=\"w-separator size_medium\"><\/div><div class=\"w-sharing type_outlined align_none color_default\"><div class=\"w-sharing-list\"><a class=\"w-sharing-item email\" href=\"mailto:?subject=Bjeshk\u00ebt&amp;body=https:\/\/www.katunroads.me\/sq\/wp-json\/wp\/v2\/pages\/3866\" title=\"Email this\" aria-label=\"Email this\"><i class=\"fas fa-envelope\"><\/i><\/a><a class=\"w-sharing-item facebook\" href=\"https:\/\/www.facebook.com\/sharer\/sharer.php?u=https:\/\/www.katunroads.me\/sq\/wp-json\/wp\/v2\/pages\/3866&amp;quote=Bjeshk\u00ebt\" title=\"Share this\" aria-label=\"Share this\" onclick=\"window.open(this.href, &quot;facebook&quot;, &quot;toolbar=0,width=900,height=500&quot;); return false;\"><i class=\"fab fa-facebook\"><\/i><\/a><a class=\"w-sharing-item twitter\" href=\"https:\/\/twitter.com\/intent\/tweet?text=Bjeshk\u00ebt&amp;url=https:\/\/www.katunroads.me\/sq\/wp-json\/wp\/v2\/pages\/3866\" title=\"Share this\" aria-label=\"Share this\" onclick=\"window.open(this.href, &quot;twitter&quot;, &quot;toolbar=0,width=650,height=360&quot;); return false;\"><i class=\"fab fa-x-twitter\"><svg style=\"width:1em; margin-bottom:-.1em;\" xmlns=\"http:\/\/www.w3.org\/2000\/svg\" viewBox=\"0 0 512 512\" role=\"presentation\"><path fill=\"currentColor\" d=\"M389.2 48h70.6L305.6 224.2 487 464H345L233.7 318.6 106.5 464H35.8L200.7 275.5 26.8 48H172.4L272.9 180.9 389.2 48zM364.4 421.8h39.1L151.1 88h-42L364.4 421.8z\"\/><\/svg><\/i><\/a><\/div><\/div><\/div><\/div><div class=\"wpb_column vc_column_container\"><div class=\"vc_column-inner\">[vc_wp_custommenu title=&#8221;High Hopes&#8221; nav_menu=&#8221;100&#8243;]<\/div><\/div><\/div><\/div><\/section>\n","protected":false},"excerpt":{"rendered":"\/Bjeshk\u00ebt [vc_custom_heading source=\"post_title\" font_container=\"tag:h2|text_align:left|color:%23b2784c\" use_theme_fonts=\"yes\" css=\"%7B%22default%22%3A%7B%22color%22%3A%22%23b2784c%22%7D%7D\"]Bjeshk\u00ebt n\u00eb komun\u00eb t\u00eb De\u00e7anit dhe Junikut kan\u00eb bukuri t\u00eb radha natyrore. Lokalitetet t\u00eb cilat ju k\u00ebshillojm\u00eb q\u00eb ti vizitoni jan\u00eb: Lugina e Lumbardhit ndodhet n\u00eb De\u00e7an, n\u00eb mes dy maleve, Kozhnjerit dhe Marjashit. Ka sip\u00ebrfaqe prej 278,3 Km. Lokaliteti turistik i Radoniqit Lokaliteti turistik Podi i G\u00ebshtenjave \u00ebsht\u00eb potencial...","protected":false},"author":1,"featured_media":3269,"parent":3857,"menu_order":0,"comment_status":"closed","ping_status":"closed","template":"","meta":{"_acf_changed":false,"footnotes":""},"class_list":["post-3866","page","type-page","status-publish","has-post-thumbnail","hentry"],"acf":[],"_links":{"self":[{"href":"https:\/\/www.katunroads.me\/sq\/wp-json\/wp\/v2\/pages\/3866","targetHints":{"allow":["GET"]}}],"collection":[{"href":"https:\/\/www.katunroads.me\/sq\/wp-json\/wp\/v2\/pages"}],"about":[{"href":"https:\/\/www.katunroads.me\/sq\/wp-json\/wp\/v2\/types\/page"}],"author":[{"embeddable":true,"href":"https:\/\/www.katunroads.me\/sq\/wp-json\/wp\/v2\/users\/1"}],"replies":[{"embeddable":true,"href":"https:\/\/www.katunroads.me\/sq\/wp-json\/wp\/v2\/comments?post=3866"}],"version-history":[{"count":5,"href":"https:\/\/www.katunroads.me\/sq\/wp-json\/wp\/v2\/pages\/3866\/revisions"}],"predecessor-version":[{"id":7143,"href":"https:\/\/www.katunroads.me\/sq\/wp-json\/wp\/v2\/pages\/3866\/revisions\/7143"}],"up":[{"embeddable":true,"href":"https:\/\/www.katunroads.me\/sq\/wp-json\/wp\/v2\/pages\/3857"}],"wp:featuredmedia":[{"embeddable":true,"href":"https:\/\/www.katunroads.me\/sq\/wp-json\/wp\/v2\/media\/3269"}],"wp:attachment":[{"href":"https:\/\/www.katunroads.me\/sq\/wp-json\/wp\/v2\/media?parent=3866"}],"curies":[{"name":"wp","href":"https:\/\/api.w.org\/{rel}","templated":true}]}}