{"id":3873,"date":"2017-08-10T09:01:11","date_gmt":"2017-08-10T09:01:11","guid":{"rendered":"http:\/\/www.katunroads.me\/rruga-e-tebanave-kosove\/ruralne-manifestacije\/"},"modified":"2022-07-21T06:11:26","modified_gmt":"2022-07-21T06:11:26","slug":"evenimentet-rurale","status":"publish","type":"page","link":"https:\/\/www.katunroads.me\/sq\/rruga-e-tebanave-kosove\/evenimentet-rurale\/","title":{"rendered":"Evenimentet rurale"},"content":{"rendered":"<section class=\"l-section wpb_row height_medium width_full parallax_ver with_shape\"><div class=\"l-section-shape type_zigzag pos_bottom\" style=\"height:15vmin;\"><svg xmlns=\"http:\/\/www.w3.org\/2000\/svg\" viewBox=\"0 0 64 8\" preserveAspectRatio=\"none\" width=\"100%\" height=\"100%\">\r\n\t<path fill=\"currentColor\" d=\"M64 8 L0 8 L0 0 L20 7.9 L40 3 L48 5 L64 0 Z\"\/>\r\n<\/svg><\/div><div class=\"l-section-h i-cf\"><div class=\"g-cols vc_row via_grid cols_1 laptops-cols_inherit tablets-cols_inherit mobiles-cols_1 valign_top type_default stacking_default\"><div class=\"wpb_column vc_column_container\"><div class=\"vc_column-inner\"><\/div><\/div><\/div><\/div><\/section><section class=\"l-section wpb_row height_medium\"><div class=\"l-section-h i-cf\"><div class=\"g-cols vc_row via_grid cols_2-1 laptops-cols_inherit tablets-cols_inherit mobiles-cols_1 valign_top type_default stacking_default\"><div class=\"wpb_column vc_column_container\"><div class=\"vc_column-inner\"><div class=\"wpb_text_column\"><div class=\"wpb_wrapper\">\t\t\t<!-- Flexy Breadcrumb -->\r\n\t\t\t<div class=\"fbc fbc-page\">\r\n\r\n\t\t\t\t<!-- Breadcrumb wrapper -->\r\n\t\t\t\t<div class=\"fbc-wrap\">\r\n\r\n\t\t\t\t\t<!-- Ordered list-->\r\n\t\t\t\t\t<ol class=\"fbc-items\" itemscope itemtype=\"https:\/\/schema.org\/BreadcrumbList\">\r\n\t\t\t\t\t\t            <li itemprop=\"itemListElement\" itemscope itemtype=\"https:\/\/schema.org\/ListItem\">\r\n                <span itemprop=\"name\">\r\n                    <!-- Home Link -->\r\n                    <a itemprop=\"item\" href=\"http:\/\/www.katunroads.me\">\r\n                    \r\n                                                    <i class=\"fa fa-home\" aria-hidden=\"true\"><\/i>                    <\/a>\r\n                <\/span>\r\n                <meta itemprop=\"position\" content=\"1\" \/><!-- Meta Position-->\r\n             <\/li><li><span class=\"fbc-separator\">\/<\/span><\/li><li class=\"active\" itemprop=\"itemListElement\" itemscope itemtype=\"https:\/\/schema.org\/ListItem\"><span itemprop=\"name\" title=\"Evenimentet rurale\">Evenimentet rurale<\/span><meta itemprop=\"position\" content=\"2\" \/><\/li>\t\t\t\t\t<\/ol>\r\n\t\t\t\t\t<div class=\"clearfix\"><\/div>\r\n\t\t\t\t<\/div>\r\n\t\t\t<\/div>\r\n\t\t\t\n<\/div><\/div>[vc_custom_heading source=&#8221;post_title&#8221; font_container=&#8221;tag:h2|text_align:left|color:%23b2784c&#8221; use_theme_fonts=&#8221;yes&#8221; css=&#8221;%7B%22default%22%3A%7B%22color%22%3A%22%23b2784c%22%7D%7D&#8221;]<div class=\"wpb_text_column\"><div class=\"wpb_wrapper\"><p><strong>Dita e qethjes s\u00eb deleve<\/strong><\/p>\n<p>Sipas tradit\u00ebs, kjo dit\u00eb \u00ebsht\u00eb organizuar n\u00eb t\u00ebbana gjat\u00eb q\u00ebndrimit t\u00eb blegtor\u00ebve n\u00eb bjeshk\u00eb. N\u00eb k\u00ebt\u00eb dit\u00eb vizitor\u00ebt mund t\u00eb njoftohen me tradit\u00ebn shum\u00ebvje\u00e7are t\u00eb qethjes s\u00eb deleve n\u00eb m\u00ebnyr\u00eb tradicionale, ku qeth\u00ebsit profesionist shprehin aft\u00ebsit\u00eb e veta gjat\u00eb qethjes s\u00eb deleve. Kjo metod\u00eb e t\u00eb qethurit \u00ebsht\u00eb i kultivuar me gjenerata dhe q\u00ebllimi i k\u00ebtij aktiviteti \u00ebsht\u00eb q\u00eb kjo tradit\u00eb t\u00eb kultivohet dhe t\u00eb bartet n\u00eb gjenerata t\u00eb reja. N\u00eb kuad\u00ebr t\u00eb projektit \u00ebsht\u00eb organizuar Dita e qethjes s\u00eb deleve e cila \u00ebsht\u00eb mbajtur n\u00eb bjeshk\u00eb t\u00eb Isniqit duke p\u00ebrfshir\u00eb edhe gara n\u00eb t\u00eb qethur t\u00eb deleve.<\/p>\n<p><strong>Dita e g\u00ebshtenj\u00ebs<\/strong><\/p>\n<p>Komuna e De\u00e7anit dhe Junikut jan\u00eb t\u00eb njohura p\u00ebr g\u00ebshtenja dhe prodhime tjera q\u00eb kan\u00eb ashtu q\u00eb nj\u00eb dit\u00eb e k\u00ebtill\u00eb p\u00ebr prezantim t\u00eb prodhimeve do t\u00eb stimuloj\u00eb interesimin e vizitor\u00ebve q\u00eb t\u00eb vizitojn\u00eb k\u00ebto komuna. N\u00eb at\u00eb kuptim, komunat n\u00eb bashk\u00ebpunim me akter\u00ebt tjer\u00eb duhet q\u00eb t\u00eb pasurojn\u00eb at\u00eb dit\u00eb edhe me aktivitete dhe oferta tjera.<\/p>\n<p><strong>Darka e korrjes<\/strong><\/p>\n<p>\u201cDarka e lam\u00ebs\u201d\u00a0 \u00ebsht\u00eb fest\u00eb tradicionale shqiptare e cila zakonisht mbahet kah fundi i sezonit kur grumbullohen frytet e pun\u00ebs verore. Quhet \u201cDarka e lam\u00ebs\u201d sepse lama \u00ebsht\u00eb nj\u00eb truall i rrafsh\u00ebt n\u00eb fshatra t\u00eb bjeshk\u00ebve ku kryhej shirja e grurit dhe prodhimeve tjera bujq\u00ebsore. N\u00eb kuad\u00ebr t\u00eb projektit \u201cTurizmi n\u00eb fshat p\u00ebr zhvillim ekonomik t\u00eb regjionit nd\u00ebrkufitar t\u00eb Kosov\u00ebs dhe Malit t\u00eb Zi\u201d \u00ebsht\u00eb organizuar darka e lam\u00ebs e cila \u00ebsht\u00eb mbajtur n\u00eb kull\u00ebn \u201cMazrekaj\u201d. Gjat\u00eb k\u00ebsaj ceremonie jan\u00eb p\u00ebrzgjedh bujqit m\u00eb t\u00eb mir\u00eb t\u00eb cil\u00ebt kan\u00eb kontribuar n\u00eb zhvillim t\u00eb bujq\u00ebsis\u00eb dhe turizmit n\u00eb fshat.<\/p>\n<\/div><\/div><div class=\"w-separator size_medium\"><\/div><div class=\"w-sharing type_outlined align_none color_default\"><div class=\"w-sharing-list\"><a class=\"w-sharing-item email\" href=\"mailto:?subject=Evenimentet+rurale&amp;body=https:\/\/www.katunroads.me\/sq\/wp-json\/wp\/v2\/pages\/3873\" title=\"Email this\" aria-label=\"Email this\"><i class=\"fas fa-envelope\"><\/i><\/a><a class=\"w-sharing-item facebook\" href=\"https:\/\/www.facebook.com\/sharer\/sharer.php?u=https:\/\/www.katunroads.me\/sq\/wp-json\/wp\/v2\/pages\/3873&amp;quote=Evenimentet+rurale\" title=\"Share this\" aria-label=\"Share this\" onclick=\"window.open(this.href, &quot;facebook&quot;, &quot;toolbar=0,width=900,height=500&quot;); return false;\"><i class=\"fab fa-facebook\"><\/i><\/a><a class=\"w-sharing-item twitter\" href=\"https:\/\/twitter.com\/intent\/tweet?text=Evenimentet+rurale&amp;url=https:\/\/www.katunroads.me\/sq\/wp-json\/wp\/v2\/pages\/3873\" title=\"Share this\" aria-label=\"Share this\" onclick=\"window.open(this.href, &quot;twitter&quot;, &quot;toolbar=0,width=650,height=360&quot;); return false;\"><i class=\"fab fa-x-twitter\"><svg style=\"width:1em; margin-bottom:-.1em;\" xmlns=\"http:\/\/www.w3.org\/2000\/svg\" viewBox=\"0 0 512 512\" role=\"presentation\"><path fill=\"currentColor\" d=\"M389.2 48h70.6L305.6 224.2 487 464H345L233.7 318.6 106.5 464H35.8L200.7 275.5 26.8 48H172.4L272.9 180.9 389.2 48zM364.4 421.8h39.1L151.1 88h-42L364.4 421.8z\"\/><\/svg><\/i><\/a><\/div><\/div><\/div><\/div><div class=\"wpb_column vc_column_container\"><div class=\"vc_column-inner\">[vc_wp_custommenu title=&#8221;High Hopes&#8221; nav_menu=&#8221;100&#8243;]<\/div><\/div><\/div><\/div><\/section>\n","protected":false},"excerpt":{"rendered":"\/Evenimentet rurale [vc_custom_heading source=\"post_title\" font_container=\"tag:h2|text_align:left|color:%23b2784c\" use_theme_fonts=\"yes\" css=\"%7B%22default%22%3A%7B%22color%22%3A%22%23b2784c%22%7D%7D\"]Dita e qethjes s\u00eb deleve Sipas tradit\u00ebs, kjo dit\u00eb \u00ebsht\u00eb organizuar n\u00eb t\u00ebbana gjat\u00eb q\u00ebndrimit t\u00eb blegtor\u00ebve n\u00eb bjeshk\u00eb. N\u00eb k\u00ebt\u00eb dit\u00eb vizitor\u00ebt mund t\u00eb njoftohen me tradit\u00ebn shum\u00ebvje\u00e7are t\u00eb qethjes s\u00eb deleve n\u00eb m\u00ebnyr\u00eb tradicionale, ku qeth\u00ebsit profesionist shprehin aft\u00ebsit\u00eb e veta gjat\u00eb qethjes s\u00eb deleve. Kjo metod\u00eb...","protected":false},"author":1,"featured_media":3275,"parent":3857,"menu_order":0,"comment_status":"closed","ping_status":"closed","template":"","meta":{"_acf_changed":false,"footnotes":""},"class_list":["post-3873","page","type-page","status-publish","has-post-thumbnail","hentry"],"acf":[],"_links":{"self":[{"href":"https:\/\/www.katunroads.me\/sq\/wp-json\/wp\/v2\/pages\/3873","targetHints":{"allow":["GET"]}}],"collection":[{"href":"https:\/\/www.katunroads.me\/sq\/wp-json\/wp\/v2\/pages"}],"about":[{"href":"https:\/\/www.katunroads.me\/sq\/wp-json\/wp\/v2\/types\/page"}],"author":[{"embeddable":true,"href":"https:\/\/www.katunroads.me\/sq\/wp-json\/wp\/v2\/users\/1"}],"replies":[{"embeddable":true,"href":"https:\/\/www.katunroads.me\/sq\/wp-json\/wp\/v2\/comments?post=3873"}],"version-history":[{"count":6,"href":"https:\/\/www.katunroads.me\/sq\/wp-json\/wp\/v2\/pages\/3873\/revisions"}],"predecessor-version":[{"id":7145,"href":"https:\/\/www.katunroads.me\/sq\/wp-json\/wp\/v2\/pages\/3873\/revisions\/7145"}],"up":[{"embeddable":true,"href":"https:\/\/www.katunroads.me\/sq\/wp-json\/wp\/v2\/pages\/3857"}],"wp:featuredmedia":[{"embeddable":true,"href":"https:\/\/www.katunroads.me\/sq\/wp-json\/wp\/v2\/media\/3275"}],"wp:attachment":[{"href":"https:\/\/www.katunroads.me\/sq\/wp-json\/wp\/v2\/media?parent=3873"}],"curies":[{"name":"wp","href":"https:\/\/api.w.org\/{rel}","templated":true}]}}