{"id":3877,"date":"2017-08-10T09:03:55","date_gmt":"2017-08-10T09:03:55","guid":{"rendered":"http:\/\/www.katunroads.me\/rruga-e-tebanave-kosove\/smjestaj-kosovo\/"},"modified":"2022-07-21T06:15:05","modified_gmt":"2022-07-21T06:15:05","slug":"strehimi","status":"publish","type":"page","link":"https:\/\/www.katunroads.me\/sq\/rruga-e-tebanave-kosove\/strehimi\/","title":{"rendered":"Strehimi"},"content":{"rendered":"<section class=\"l-section wpb_row height_medium width_full parallax_ver with_shape\"><div class=\"l-section-shape type_zigzag pos_bottom\" style=\"height:15vmin;\"><svg xmlns=\"http:\/\/www.w3.org\/2000\/svg\" viewBox=\"0 0 64 8\" preserveAspectRatio=\"none\" width=\"100%\" height=\"100%\">\r\n\t<path fill=\"currentColor\" d=\"M64 8 L0 8 L0 0 L20 7.9 L40 3 L48 5 L64 0 Z\"\/>\r\n<\/svg><\/div><div class=\"l-section-h i-cf\"><div class=\"g-cols vc_row via_grid cols_1 laptops-cols_inherit tablets-cols_inherit mobiles-cols_1 valign_top type_default stacking_default\"><div class=\"wpb_column vc_column_container\"><div class=\"vc_column-inner\"><\/div><\/div><\/div><\/div><\/section><section class=\"l-section wpb_row height_medium\"><div class=\"l-section-h i-cf\"><div class=\"g-cols vc_row via_grid cols_2-1 laptops-cols_inherit tablets-cols_inherit mobiles-cols_1 valign_top type_default stacking_default\"><div class=\"wpb_column vc_column_container\"><div class=\"vc_column-inner\"><div class=\"wpb_text_column\"><div class=\"wpb_wrapper\">\t\t\t<!-- Flexy Breadcrumb -->\r\n\t\t\t<div class=\"fbc fbc-page\">\r\n\r\n\t\t\t\t<!-- Breadcrumb wrapper -->\r\n\t\t\t\t<div class=\"fbc-wrap\">\r\n\r\n\t\t\t\t\t<!-- Ordered list-->\r\n\t\t\t\t\t<ol class=\"fbc-items\" itemscope itemtype=\"https:\/\/schema.org\/BreadcrumbList\">\r\n\t\t\t\t\t\t            <li itemprop=\"itemListElement\" itemscope itemtype=\"https:\/\/schema.org\/ListItem\">\r\n                <span itemprop=\"name\">\r\n                    <!-- Home Link -->\r\n                    <a itemprop=\"item\" href=\"http:\/\/www.katunroads.me\">\r\n                    \r\n                                                    <i class=\"fa fa-home\" aria-hidden=\"true\"><\/i>                    <\/a>\r\n                <\/span>\r\n                <meta itemprop=\"position\" content=\"1\" \/><!-- Meta Position-->\r\n             <\/li><li><span class=\"fbc-separator\">\/<\/span><\/li><li class=\"active\" itemprop=\"itemListElement\" itemscope itemtype=\"https:\/\/schema.org\/ListItem\"><span itemprop=\"name\" title=\"Strehimi\">Strehimi<\/span><meta itemprop=\"position\" content=\"2\" \/><\/li>\t\t\t\t\t<\/ol>\r\n\t\t\t\t\t<div class=\"clearfix\"><\/div>\r\n\t\t\t\t<\/div>\r\n\t\t\t<\/div>\r\n\t\t\t\n<\/div><\/div>[vc_custom_heading source=&#8221;post_title&#8221; font_container=&#8221;tag:h2|text_align:left|color:%23b2784c&#8221; use_theme_fonts=&#8221;yes&#8221; css=&#8221;%7B%22default%22%3A%7B%22color%22%3A%22%23b2784c%22%7D%7D&#8221;]<div class=\"wpb_text_column\"><div class=\"wpb_wrapper\"><p><strong>ZEKI AHMETGJEKAJ<\/strong><\/p>\n<p>Ekzistojn\u00eb disa pika turistike t\u00eb quajtura \u201cBujtina\u201d \u2013 Bujtina LOJZA n\u00eb Zllanopoj, mal t\u00eb Roshkodollit e cila mund t\u00eb p\u00ebrdoret gjat\u00eb gjith\u00eb vitit dhe e cila ofron akomodim komfort. \u00cbsht\u00eb e pajisur me hap\u00ebsir\u00eb p\u00ebr kuzhin\u00eb dhe banjo.<\/p>\n<p>P\u00ebr q\u00ebndrim nj\u00ebditor\u00eb ofron gjysm\u00eb pansion p\u00ebr m\u00ebngjes, drek dhe dark\u00eb, ushqimi i ofruar nga kjo pik\u00eb turistike \u00ebsht\u00eb tradicional, si: fli, byrek\u00eb, salc\u00eb, ajk\u00eb, kos, byrek me lakra, speca, gjithashtu ofron edhe shum\u00eb ushqime tjera. Gjithashtu, t\u00ebbana grumbullon produkte nga fermer\u00ebt tjer\u00eb dhe ua sh\u00ebrben turist\u00ebve, \u00e7ka do t\u00eb thot\u00eb se komuniteti p\u00ebrreth ka dobi nga t\u00ebbana. T\u00ebbana ofron mish t\u00eb pjekur n\u00ebn sa\u00e7 p\u00ebr turist q\u00eb jan\u00eb t\u00eb pasionuar mbas p\u00ebrgatitjes s\u00eb ushqimit.<\/p>\n<p>Ky vend gjithashtu ofron edhe aktivitete t\u00eb ndryshme si shtigje ecjesh etj.<\/p>\n<p><strong>ISUF MEHMETAJ- Mali Roshkodoll<\/strong><\/p>\n<p>Isuf Mehmetaj ka dy t\u00ebbana n\u00eb lokalitete t\u00eb ndryshme, dhe k\u00ebto t\u00ebbana ua ofron turist\u00ebve. Ato ndodhen n\u00eb malin Roshkodoll, n\u00eb Zllanopoj\u00eb.<\/p>\n<p>Sezoni fillon q\u00eb nga mesi i korrikut dhe zgjat\u00eb deri n\u00eb fillim t\u00eb n\u00ebntorit, dhe ata ofrojn\u00eb akomodim t\u00eb pajisur me ambient fjetje, kuzhin\u00eb dhe banjo. P\u00ebr q\u00ebndrim nj\u00ebditor kan\u00eb gjysm\u00eb pension: m\u00ebngjes, dark\u00eb dhe fjetje. Ai sh\u00ebrben ushqime tradicionale si: fli, buk\u00eb sht\u00ebpiake, byrek me lakra, djath\u00eb, spinaq t\u00eb pjekur n\u00ebn sa\u00e7, speca me ajk\u00eb, djath\u00eb tradicional nga kjo zon\u00eb, mish qengji dhe edhi t\u00eb pjekura n\u00ebn sa\u00e7, dhe shum\u00eb ushqime tjera karakteristike p\u00ebr k\u00ebt\u00eb zon\u00eb.<\/p>\n<p>Gjithashtu ata ofrojn\u00eb kal\u00ebrim dhe sh\u00ebtitje n\u00eb k\u00ebmb\u00eb.<\/p>\n<\/div><\/div><div class=\"w-separator size_medium\"><\/div><div class=\"w-sharing type_outlined align_none color_default\"><div class=\"w-sharing-list\"><a class=\"w-sharing-item email\" href=\"mailto:?subject=Strehimi&amp;body=https:\/\/www.katunroads.me\/sq\/wp-json\/wp\/v2\/pages\/3877\" title=\"Email this\" aria-label=\"Email this\"><i class=\"fas fa-envelope\"><\/i><\/a><a class=\"w-sharing-item facebook\" href=\"https:\/\/www.facebook.com\/sharer\/sharer.php?u=https:\/\/www.katunroads.me\/sq\/wp-json\/wp\/v2\/pages\/3877&amp;quote=Strehimi\" title=\"Share this\" aria-label=\"Share this\" onclick=\"window.open(this.href, &quot;facebook&quot;, &quot;toolbar=0,width=900,height=500&quot;); return false;\"><i class=\"fab fa-facebook\"><\/i><\/a><a class=\"w-sharing-item twitter\" href=\"https:\/\/twitter.com\/intent\/tweet?text=Strehimi&amp;url=https:\/\/www.katunroads.me\/sq\/wp-json\/wp\/v2\/pages\/3877\" title=\"Share this\" aria-label=\"Share this\" onclick=\"window.open(this.href, &quot;twitter&quot;, &quot;toolbar=0,width=650,height=360&quot;); return false;\"><i class=\"fab fa-x-twitter\"><svg style=\"width:1em; margin-bottom:-.1em;\" xmlns=\"http:\/\/www.w3.org\/2000\/svg\" viewBox=\"0 0 512 512\" role=\"presentation\"><path fill=\"currentColor\" d=\"M389.2 48h70.6L305.6 224.2 487 464H345L233.7 318.6 106.5 464H35.8L200.7 275.5 26.8 48H172.4L272.9 180.9 389.2 48zM364.4 421.8h39.1L151.1 88h-42L364.4 421.8z\"\/><\/svg><\/i><\/a><\/div><\/div><\/div><\/div><div class=\"wpb_column vc_column_container\"><div class=\"vc_column-inner\">[vc_wp_custommenu title=&#8221;High Hopes&#8221; nav_menu=&#8221;100&#8243;]<\/div><\/div><\/div><\/div><\/section>\n","protected":false},"excerpt":{"rendered":"\/Strehimi [vc_custom_heading source=\"post_title\" font_container=\"tag:h2|text_align:left|color:%23b2784c\" use_theme_fonts=\"yes\" css=\"%7B%22default%22%3A%7B%22color%22%3A%22%23b2784c%22%7D%7D\"]ZEKI AHMETGJEKAJ Ekzistojn\u00eb disa pika turistike t\u00eb quajtura \u201cBujtina\u201d \u2013 Bujtina LOJZA n\u00eb Zllanopoj, mal t\u00eb Roshkodollit e cila mund t\u00eb p\u00ebrdoret gjat\u00eb gjith\u00eb vitit dhe e cila ofron akomodim komfort. \u00cbsht\u00eb e pajisur me hap\u00ebsir\u00eb p\u00ebr kuzhin\u00eb dhe banjo. P\u00ebr q\u00ebndrim nj\u00ebditor\u00eb ofron gjysm\u00eb pansion p\u00ebr m\u00ebngjes, drek dhe...","protected":false},"author":1,"featured_media":3265,"parent":3857,"menu_order":0,"comment_status":"closed","ping_status":"closed","template":"","meta":{"_acf_changed":false,"footnotes":""},"class_list":["post-3877","page","type-page","status-publish","has-post-thumbnail","hentry"],"acf":[],"_links":{"self":[{"href":"https:\/\/www.katunroads.me\/sq\/wp-json\/wp\/v2\/pages\/3877","targetHints":{"allow":["GET"]}}],"collection":[{"href":"https:\/\/www.katunroads.me\/sq\/wp-json\/wp\/v2\/pages"}],"about":[{"href":"https:\/\/www.katunroads.me\/sq\/wp-json\/wp\/v2\/types\/page"}],"author":[{"embeddable":true,"href":"https:\/\/www.katunroads.me\/sq\/wp-json\/wp\/v2\/users\/1"}],"replies":[{"embeddable":true,"href":"https:\/\/www.katunroads.me\/sq\/wp-json\/wp\/v2\/comments?post=3877"}],"version-history":[{"count":8,"href":"https:\/\/www.katunroads.me\/sq\/wp-json\/wp\/v2\/pages\/3877\/revisions"}],"predecessor-version":[{"id":7148,"href":"https:\/\/www.katunroads.me\/sq\/wp-json\/wp\/v2\/pages\/3877\/revisions\/7148"}],"up":[{"embeddable":true,"href":"https:\/\/www.katunroads.me\/sq\/wp-json\/wp\/v2\/pages\/3857"}],"wp:featuredmedia":[{"embeddable":true,"href":"https:\/\/www.katunroads.me\/sq\/wp-json\/wp\/v2\/media\/3265"}],"wp:attachment":[{"href":"https:\/\/www.katunroads.me\/sq\/wp-json\/wp\/v2\/media?parent=3877"}],"curies":[{"name":"wp","href":"https:\/\/api.w.org\/{rel}","templated":true}]}}