{"id":3882,"date":"2017-08-10T09:05:35","date_gmt":"2017-08-10T09:05:35","guid":{"rendered":"http:\/\/www.katunroads.me\/rruga-e-tebanave-kosove\/seoski-turizam\/"},"modified":"2022-07-21T06:17:18","modified_gmt":"2022-07-21T06:17:18","slug":"turizmit-ne-fshat","status":"publish","type":"page","link":"https:\/\/www.katunroads.me\/sq\/rruga-e-tebanave-kosove\/turizmit-ne-fshat\/","title":{"rendered":"Turizmit n\u00eb fshat"},"content":{"rendered":"<section class=\"l-section wpb_row height_medium width_full parallax_ver with_shape\"><div class=\"l-section-shape type_zigzag pos_bottom\" style=\"height:15vmin;\"><svg xmlns=\"http:\/\/www.w3.org\/2000\/svg\" viewBox=\"0 0 64 8\" preserveAspectRatio=\"none\" width=\"100%\" height=\"100%\">\r\n\t<path fill=\"currentColor\" d=\"M64 8 L0 8 L0 0 L20 7.9 L40 3 L48 5 L64 0 Z\"\/>\r\n<\/svg><\/div><div class=\"l-section-h i-cf\"><div class=\"g-cols vc_row via_grid cols_1 laptops-cols_inherit tablets-cols_inherit mobiles-cols_1 valign_top type_default stacking_default\"><div class=\"wpb_column vc_column_container\"><div class=\"vc_column-inner\"><\/div><\/div><\/div><\/div><\/section><section class=\"l-section wpb_row height_medium\"><div class=\"l-section-h i-cf\"><div class=\"g-cols vc_row via_grid cols_2-1 laptops-cols_inherit tablets-cols_inherit mobiles-cols_1 valign_top type_default stacking_default\"><div class=\"wpb_column vc_column_container\"><div class=\"vc_column-inner\"><div class=\"wpb_text_column\"><div class=\"wpb_wrapper\">\t\t\t<!-- Flexy Breadcrumb -->\r\n\t\t\t<div class=\"fbc fbc-page\">\r\n\r\n\t\t\t\t<!-- Breadcrumb wrapper -->\r\n\t\t\t\t<div class=\"fbc-wrap\">\r\n\r\n\t\t\t\t\t<!-- Ordered list-->\r\n\t\t\t\t\t<ol class=\"fbc-items\" itemscope itemtype=\"https:\/\/schema.org\/BreadcrumbList\">\r\n\t\t\t\t\t\t            <li itemprop=\"itemListElement\" itemscope itemtype=\"https:\/\/schema.org\/ListItem\">\r\n                <span itemprop=\"name\">\r\n                    <!-- Home Link -->\r\n                    <a itemprop=\"item\" href=\"http:\/\/www.katunroads.me\">\r\n                    \r\n                                                    <i class=\"fa fa-home\" aria-hidden=\"true\"><\/i>                    <\/a>\r\n                <\/span>\r\n                <meta itemprop=\"position\" content=\"1\" \/><!-- Meta Position-->\r\n             <\/li><li><span class=\"fbc-separator\">\/<\/span><\/li><li class=\"active\" itemprop=\"itemListElement\" itemscope itemtype=\"https:\/\/schema.org\/ListItem\"><span itemprop=\"name\" title=\"Turizmit n\u00eb fshat\">Turizmit n\u00eb fshat<\/span><meta itemprop=\"position\" content=\"2\" \/><\/li>\t\t\t\t\t<\/ol>\r\n\t\t\t\t\t<div class=\"clearfix\"><\/div>\r\n\t\t\t\t<\/div>\r\n\t\t\t<\/div>\r\n\t\t\t\n<\/div><\/div>[vc_custom_heading source=&#8221;post_title&#8221; font_container=&#8221;tag:h2|text_align:left|color:%23b2784c&#8221; use_theme_fonts=&#8221;yes&#8221; css=&#8221;%7B%22default%22%3A%7B%22color%22%3A%22%23b2784c%22%7D%7D&#8221;]<div class=\"wpb_text_column\"><div class=\"wpb_wrapper\"><p>Potencial tjet\u00ebr i turizmit n\u00eb fshat \u00ebsht\u00eb agroturizmi, i cili i referohet faktit t\u00eb vizit\u00ebs s\u00eb fermave n\u00eb pun\u00eb, qofshin ato aktivitete bujq\u00ebsore, hortikulturore apo t\u00eb agrobiznesit me qellim t\u00eb d\u00ebfrimit, edukimit apo pjes\u00ebmarrjes aktive n\u00eb ato aktivitete. Kjo p\u00ebrfshin pjes\u00ebmarrjen n\u00eb spekt\u00ebr t\u00eb gjer\u00eb t\u00eb aktiviteteve baz\u00eb n\u00eb ferm\u00eb, p\u00ebrfshir\u00eb edhe ato n\u00eb tregje t\u00eb bujqve, angazhim n\u00eb ferm\u00eb apo q\u00ebndrim n\u00eb to. Komunat e De\u00e7anit dhe Junikut kan\u00eb llojllojshm\u00ebri t\u00eb fermave ku vizitor\u00ebt njoftohen me tradit\u00ebn e p\u00ebrpunimit t\u00eb qum\u00ebshtit t\u00eb ras\u00ebs autoktone Bardhok\u00ebs, grumbullimin e g\u00ebshtenj\u00ebs dhe aktivitete dhe atraksione t\u00eb shumta t\u00eb cilat i ofron agroturizmi. N\u00ebse jeni t\u00eb interesuar p\u00ebr agroturiz\u00ebm, ju rekomandojm\u00eb q\u00eb t\u00eb vizitoni fermat vijuese:<\/p>\n<ul>\n<li><strong>Rustem Dervishaj<\/strong>, fshati Isniq, i cili \u00ebsht\u00eb pronar i 70 krer\u00eb lop\u00eb, dhe gjat\u00eb ver\u00ebs del n\u00eb t\u00ebban\u00eb n\u00eb bjeshk\u00eb t\u00eb Isniqit s\u00eb bashku me bag\u00ebtit\u00eb. Gjithashtu, ky fshatar investon n\u00eb kasolle druri p\u00ebr strehim t\u00eb turist\u00ebve e gjithashtu p\u00ebrgatit ushqim tradicional dhe p\u00ebrpunon qum\u00ebshtin duke fituar djath\u00eb shum\u00eb t\u00eb mir\u00eb, ajk\u00eb, etj., kurse nga projekti \u00ebsht\u00eb p\u00ebrkrahur me pajisje p\u00ebr p\u00ebrpunim t\u00eb qum\u00ebshtit dhe panelet diellore p\u00ebr furnizim me energji elektrike.<\/li>\n<li><strong>Fadil Bajraktari<\/strong> nga fshati Isniq, ka 37 krer\u00eb lop\u00eb, dhe gjithashtu gjat\u00eb sezonit veror del n\u00eb t\u00ebbane n\u00eb bjeshk\u00eb dhe ofron strehim, ushqim dhe prodhime nga qum\u00ebshti.<\/li>\n<li><strong>Burim Dervishaj, <\/strong>nga fshati Rzniq, komuna e De\u00e7anit, i cili merret me blegtori dhe ka 42 krer\u00eb lop\u00eb dhe merret me p\u00ebrpunim t\u00eb prodhimeve t\u00eb tyre.<\/li>\n<li><strong>Ali Ismalaj <\/strong>nga fshati Ratish, komuna De\u00e7an, i cili ka 30 krer\u00eb lop\u00eb dhe prodhon djath\u00eb dhe prodhime tjera sipas k\u00ebrkesave t\u00eb klient\u00ebve.<\/li>\n<li><strong>Neki Go\u00e7aj, <\/strong>Junik, ka 21 krer\u00eb lop\u00eb dhe merret me p\u00ebrpunim t\u00eb qum\u00ebshtit, djathit dhe ajk\u00ebs.<\/li>\n<\/ul>\n<\/div><\/div><div class=\"w-separator size_medium\"><\/div><div class=\"w-sharing type_outlined align_none color_default\"><div class=\"w-sharing-list\"><a class=\"w-sharing-item email\" href=\"mailto:?subject=Turizmit+n\u00eb+fshat&amp;body=https:\/\/www.katunroads.me\/sq\/wp-json\/wp\/v2\/pages\/3882\" title=\"Email this\" aria-label=\"Email this\"><i class=\"fas fa-envelope\"><\/i><\/a><a class=\"w-sharing-item facebook\" href=\"https:\/\/www.facebook.com\/sharer\/sharer.php?u=https:\/\/www.katunroads.me\/sq\/wp-json\/wp\/v2\/pages\/3882&amp;quote=Turizmit+n\u00eb+fshat\" title=\"Share this\" aria-label=\"Share this\" onclick=\"window.open(this.href, &quot;facebook&quot;, &quot;toolbar=0,width=900,height=500&quot;); return false;\"><i class=\"fab fa-facebook\"><\/i><\/a><a class=\"w-sharing-item twitter\" href=\"https:\/\/twitter.com\/intent\/tweet?text=Turizmit+n\u00eb+fshat&amp;url=https:\/\/www.katunroads.me\/sq\/wp-json\/wp\/v2\/pages\/3882\" title=\"Share this\" aria-label=\"Share this\" onclick=\"window.open(this.href, &quot;twitter&quot;, &quot;toolbar=0,width=650,height=360&quot;); return false;\"><i class=\"fab fa-x-twitter\"><svg style=\"width:1em; margin-bottom:-.1em;\" xmlns=\"http:\/\/www.w3.org\/2000\/svg\" viewBox=\"0 0 512 512\" role=\"presentation\"><path fill=\"currentColor\" d=\"M389.2 48h70.6L305.6 224.2 487 464H345L233.7 318.6 106.5 464H35.8L200.7 275.5 26.8 48H172.4L272.9 180.9 389.2 48zM364.4 421.8h39.1L151.1 88h-42L364.4 421.8z\"\/><\/svg><\/i><\/a><\/div><\/div><\/div><\/div><div class=\"wpb_column vc_column_container\"><div class=\"vc_column-inner\">[vc_wp_custommenu title=&#8221;High Hopes&#8221; nav_menu=&#8221;100&#8243;]<\/div><\/div><\/div><\/div><\/section>\n","protected":false},"excerpt":{"rendered":"\/Turizmit n\u00eb fshat [vc_custom_heading source=\"post_title\" font_container=\"tag:h2|text_align:left|color:%23b2784c\" use_theme_fonts=\"yes\" css=\"%7B%22default%22%3A%7B%22color%22%3A%22%23b2784c%22%7D%7D\"]Potencial tjet\u00ebr i turizmit n\u00eb fshat \u00ebsht\u00eb agroturizmi, i cili i referohet faktit t\u00eb vizit\u00ebs s\u00eb fermave n\u00eb pun\u00eb, qofshin ato aktivitete bujq\u00ebsore, hortikulturore apo t\u00eb agrobiznesit me qellim t\u00eb d\u00ebfrimit, edukimit apo pjes\u00ebmarrjes aktive n\u00eb ato aktivitete. Kjo p\u00ebrfshin pjes\u00ebmarrjen n\u00eb spekt\u00ebr t\u00eb gjer\u00eb t\u00eb aktiviteteve baz\u00eb...","protected":false},"author":1,"featured_media":3271,"parent":3857,"menu_order":0,"comment_status":"closed","ping_status":"closed","template":"","meta":{"_acf_changed":false,"footnotes":""},"class_list":["post-3882","page","type-page","status-publish","has-post-thumbnail","hentry"],"acf":[],"_links":{"self":[{"href":"https:\/\/www.katunroads.me\/sq\/wp-json\/wp\/v2\/pages\/3882","targetHints":{"allow":["GET"]}}],"collection":[{"href":"https:\/\/www.katunroads.me\/sq\/wp-json\/wp\/v2\/pages"}],"about":[{"href":"https:\/\/www.katunroads.me\/sq\/wp-json\/wp\/v2\/types\/page"}],"author":[{"embeddable":true,"href":"https:\/\/www.katunroads.me\/sq\/wp-json\/wp\/v2\/users\/1"}],"replies":[{"embeddable":true,"href":"https:\/\/www.katunroads.me\/sq\/wp-json\/wp\/v2\/comments?post=3882"}],"version-history":[{"count":6,"href":"https:\/\/www.katunroads.me\/sq\/wp-json\/wp\/v2\/pages\/3882\/revisions"}],"predecessor-version":[{"id":7150,"href":"https:\/\/www.katunroads.me\/sq\/wp-json\/wp\/v2\/pages\/3882\/revisions\/7150"}],"up":[{"embeddable":true,"href":"https:\/\/www.katunroads.me\/sq\/wp-json\/wp\/v2\/pages\/3857"}],"wp:featuredmedia":[{"embeddable":true,"href":"https:\/\/www.katunroads.me\/sq\/wp-json\/wp\/v2\/media\/3271"}],"wp:attachment":[{"href":"https:\/\/www.katunroads.me\/sq\/wp-json\/wp\/v2\/media?parent=3882"}],"curies":[{"name":"wp","href":"https:\/\/api.w.org\/{rel}","templated":true}]}}