{"id":3932,"date":"2017-02-18T09:42:40","date_gmt":"2017-02-18T09:42:40","guid":{"rendered":"http:\/\/www.katunroads.me\/rruga-e-tebanave-mali-i-zi\/biodiverzitet\/"},"modified":"2022-05-04T08:47:54","modified_gmt":"2022-05-04T08:47:54","slug":"biodiversiteti","status":"publish","type":"page","link":"https:\/\/www.katunroads.me\/sq\/rruga-e-tebanave-mali-i-zi\/biodiversiteti\/","title":{"rendered":"Biodiversiteti"},"content":{"rendered":"<section class=\"l-section wpb_row height_medium\"><div class=\"l-section-h i-cf\"><div class=\"g-cols vc_row via_grid cols_2-1 laptops-cols_inherit tablets-cols_inherit mobiles-cols_1 valign_top type_default stacking_default\"><div class=\"wpb_column vc_column_container\"><div class=\"vc_column-inner\"><div class=\"wpb_text_column\"><div class=\"wpb_wrapper\">\t\t\t<!-- Flexy Breadcrumb -->\r\n\t\t\t<div class=\"fbc fbc-page\">\r\n\r\n\t\t\t\t<!-- Breadcrumb wrapper -->\r\n\t\t\t\t<div class=\"fbc-wrap\">\r\n\r\n\t\t\t\t\t<!-- Ordered list-->\r\n\t\t\t\t\t<ol class=\"fbc-items\" itemscope itemtype=\"https:\/\/schema.org\/BreadcrumbList\">\r\n\t\t\t\t\t\t            <li itemprop=\"itemListElement\" itemscope itemtype=\"https:\/\/schema.org\/ListItem\">\r\n                <span itemprop=\"name\">\r\n                    <!-- Home Link -->\r\n                    <a itemprop=\"item\" href=\"http:\/\/www.katunroads.me\">\r\n                    \r\n                                                    <i class=\"fa fa-home\" aria-hidden=\"true\"><\/i>                    <\/a>\r\n                <\/span>\r\n                <meta itemprop=\"position\" content=\"1\" \/><!-- Meta Position-->\r\n             <\/li><li><span class=\"fbc-separator\">\/<\/span><\/li><li class=\"active\" itemprop=\"itemListElement\" itemscope itemtype=\"https:\/\/schema.org\/ListItem\"><span itemprop=\"name\" title=\"Biodiversiteti\">Biodiversiteti<\/span><meta itemprop=\"position\" content=\"2\" \/><\/li>\t\t\t\t\t<\/ol>\r\n\t\t\t\t\t<div class=\"clearfix\"><\/div>\r\n\t\t\t\t<\/div>\r\n\t\t\t<\/div>\r\n\t\t\t\n<\/div><\/div>[vc_custom_heading source=&#8221;post_title&#8221; font_container=&#8221;tag:h2|text_align:left|color:%23b2784c&#8221; use_theme_fonts=&#8221;yes&#8221; css=&#8221;%7B%22default%22%3A%7B%22color%22%3A%22%23b2784c%22%7D%7D&#8221;]<div class=\"w-separator size_medium\"><\/div><div class=\"w-grid us_grid type_grid layout_gallery_default cols_6 preload_style_spinner\" id=\"us_grid_1\" style=\"--columns:6;--gap:4px;\" data-filterable=\"true\"><style>@media (max-width:767px){#us_grid_1{--columns:4!important}}@media (max-width:479px){#us_grid_1{--columns:2!important}}.layout_gallery_default .w-grid-item-h{}<\/style><div class=\"w-grid-list\">\t<article class=\"w-grid-item size_1x1 post-3025 attachment type-attachment status-inherit hentry\" data-id=\"3025\">\r\n\t\t<div class=\"w-grid-item-h\">\r\n\t\t\t\t\t\t\t<a ref=\"magnificPopupGrid\" href=\"https:\/\/www.katunroads.me\/wp-content\/uploads\/2017\/06\/Vuk-lat.-Canis-lupus.jpg\" class=\"w-grid-item-anchor\" aria-label=\"Canis lupus\"><\/a>\r\n\t\t\t\t\t\t<div class=\"w-post-elm post_image usg_post_image_1 stretched\"><img loading=\"lazy\" decoding=\"async\" width=\"350\" height=\"233\" src=\"https:\/\/www.katunroads.me\/wp-content\/uploads\/2017\/06\/Vuk-lat.-Canis-lupus.jpg\" class=\"attachment-us_350_350_crop size-us_350_350_crop\" alt=\"\" srcset=\"https:\/\/www.katunroads.me\/wp-content\/uploads\/2017\/06\/Vuk-lat.-Canis-lupus.jpg 1620w, https:\/\/www.katunroads.me\/wp-content\/uploads\/2017\/06\/Vuk-lat.-Canis-lupus-300x200.jpg 300w, https:\/\/www.katunroads.me\/wp-content\/uploads\/2017\/06\/Vuk-lat.-Canis-lupus-768x512.jpg 768w, https:\/\/www.katunroads.me\/wp-content\/uploads\/2017\/06\/Vuk-lat.-Canis-lupus-1024x683.jpg 1024w, https:\/\/www.katunroads.me\/wp-content\/uploads\/2017\/06\/Vuk-lat.-Canis-lupus-600x400.jpg 600w\" sizes=\"auto, (max-width: 350px) 100vw, 350px\" \/><\/div>\t\t<\/div>\r\n\t\t\t<\/article>\r\n\t<article class=\"w-grid-item size_1x1 post-3027 attachment type-attachment status-inherit hentry\" data-id=\"3027\">\r\n\t\t<div class=\"w-grid-item-h\">\r\n\t\t\t\t\t\t\t<a ref=\"magnificPopupGrid\" href=\"https:\/\/www.katunroads.me\/wp-content\/uploads\/2017\/06\/Balkanski-ris-Lynx-lynx-ssp.-balcanicus.jpg\" class=\"w-grid-item-anchor\" aria-label=\"Lynx lynx\"><\/a>\r\n\t\t\t\t\t\t<div class=\"w-post-elm post_image usg_post_image_1 stretched\"><img loading=\"lazy\" decoding=\"async\" width=\"350\" height=\"236\" src=\"https:\/\/www.katunroads.me\/wp-content\/uploads\/2017\/06\/Balkanski-ris-Lynx-lynx-ssp.-balcanicus.jpg\" class=\"attachment-us_350_350_crop size-us_350_350_crop\" alt=\"\" srcset=\"https:\/\/www.katunroads.me\/wp-content\/uploads\/2017\/06\/Balkanski-ris-Lynx-lynx-ssp.-balcanicus.jpg 960w, https:\/\/www.katunroads.me\/wp-content\/uploads\/2017\/06\/Balkanski-ris-Lynx-lynx-ssp.-balcanicus-300x203.jpg 300w, https:\/\/www.katunroads.me\/wp-content\/uploads\/2017\/06\/Balkanski-ris-Lynx-lynx-ssp.-balcanicus-768x518.jpg 768w, https:\/\/www.katunroads.me\/wp-content\/uploads\/2017\/06\/Balkanski-ris-Lynx-lynx-ssp.-balcanicus-600x405.jpg 600w\" sizes=\"auto, (max-width: 350px) 100vw, 350px\" \/><\/div>\t\t<\/div>\r\n\t\t\t<\/article>\r\n\t<article class=\"w-grid-item size_1x1 post-3023 attachment type-attachment status-inherit hentry\" data-id=\"3023\">\r\n\t\t<div class=\"w-grid-item-h\">\r\n\t\t\t\t\t\t\t<a ref=\"magnificPopupGrid\" href=\"https:\/\/www.katunroads.me\/wp-content\/uploads\/2017\/06\/Mrki-medvjed-lat.-Ursus-arctos.jpg\" class=\"w-grid-item-anchor\" aria-label=\"Ursus arctos\"><\/a>\r\n\t\t\t\t\t\t<div class=\"w-post-elm post_image usg_post_image_1 stretched\"><img loading=\"lazy\" decoding=\"async\" width=\"350\" height=\"233\" src=\"https:\/\/www.katunroads.me\/wp-content\/uploads\/2017\/06\/Mrki-medvjed-lat.-Ursus-arctos.jpg\" class=\"attachment-us_350_350_crop size-us_350_350_crop\" alt=\"\" srcset=\"https:\/\/www.katunroads.me\/wp-content\/uploads\/2017\/06\/Mrki-medvjed-lat.-Ursus-arctos.jpg 1200w, https:\/\/www.katunroads.me\/wp-content\/uploads\/2017\/06\/Mrki-medvjed-lat.-Ursus-arctos-300x200.jpg 300w, https:\/\/www.katunroads.me\/wp-content\/uploads\/2017\/06\/Mrki-medvjed-lat.-Ursus-arctos-768x512.jpg 768w, https:\/\/www.katunroads.me\/wp-content\/uploads\/2017\/06\/Mrki-medvjed-lat.-Ursus-arctos-1024x683.jpg 1024w, https:\/\/www.katunroads.me\/wp-content\/uploads\/2017\/06\/Mrki-medvjed-lat.-Ursus-arctos-600x400.jpg 600w\" sizes=\"auto, (max-width: 350px) 100vw, 350px\" \/><\/div>\t\t<\/div>\r\n\t\t\t<\/article>\r\n\t<article class=\"w-grid-item size_1x1 post-3003 attachment type-attachment status-inherit hentry\" data-id=\"3003\">\r\n\t\t<div class=\"w-grid-item-h\">\r\n\t\t\t\t\t\t\t<a ref=\"magnificPopupGrid\" href=\"https:\/\/www.katunroads.me\/wp-content\/uploads\/2017\/06\/Vaccinium-myrtillus-Borovnica.jpg\" class=\"w-grid-item-anchor\" aria-label=\"Vaccinium myrtillus\"><\/a>\r\n\t\t\t\t\t\t<div class=\"w-post-elm post_image usg_post_image_1 stretched\"><img loading=\"lazy\" decoding=\"async\" width=\"350\" height=\"186\" src=\"https:\/\/www.katunroads.me\/wp-content\/uploads\/2017\/06\/Vaccinium-myrtillus-Borovnica.jpg\" class=\"attachment-us_350_350_crop size-us_350_350_crop\" alt=\"\" srcset=\"https:\/\/www.katunroads.me\/wp-content\/uploads\/2017\/06\/Vaccinium-myrtillus-Borovnica.jpg 1280w, https:\/\/www.katunroads.me\/wp-content\/uploads\/2017\/06\/Vaccinium-myrtillus-Borovnica-300x159.jpg 300w, https:\/\/www.katunroads.me\/wp-content\/uploads\/2017\/06\/Vaccinium-myrtillus-Borovnica-768x408.jpg 768w, https:\/\/www.katunroads.me\/wp-content\/uploads\/2017\/06\/Vaccinium-myrtillus-Borovnica-1024x544.jpg 1024w, https:\/\/www.katunroads.me\/wp-content\/uploads\/2017\/06\/Vaccinium-myrtillus-Borovnica-600x319.jpg 600w\" sizes=\"auto, (max-width: 350px) 100vw, 350px\" \/><\/div>\t\t<\/div>\r\n\t\t\t<\/article>\r\n\t<article class=\"w-grid-item size_1x1 post-2943 attachment type-attachment status-inherit hentry\" data-id=\"2943\">\r\n\t\t<div class=\"w-grid-item-h\">\r\n\t\t\t\t\t\t\t<a ref=\"magnificPopupGrid\" href=\"https:\/\/www.katunroads.me\/wp-content\/uploads\/2017\/06\/ALPSKI-ZVEZDAN-\u2013-ASTER-ALPINUS.jpg\" class=\"w-grid-item-anchor\" aria-label=\"Aster alpinus\"><\/a>\r\n\t\t\t\t\t\t<div class=\"w-post-elm post_image usg_post_image_1 stretched\"><img loading=\"lazy\" decoding=\"async\" width=\"350\" height=\"263\" src=\"https:\/\/www.katunroads.me\/wp-content\/uploads\/2017\/06\/ALPSKI-ZVEZDAN-\u2013-ASTER-ALPINUS.jpg\" class=\"attachment-us_350_350_crop size-us_350_350_crop\" alt=\"\" srcset=\"https:\/\/www.katunroads.me\/wp-content\/uploads\/2017\/06\/ALPSKI-ZVEZDAN-\u2013-ASTER-ALPINUS.jpg 1280w, https:\/\/www.katunroads.me\/wp-content\/uploads\/2017\/06\/ALPSKI-ZVEZDAN-\u2013-ASTER-ALPINUS-300x225.jpg 300w, https:\/\/www.katunroads.me\/wp-content\/uploads\/2017\/06\/ALPSKI-ZVEZDAN-\u2013-ASTER-ALPINUS-768x576.jpg 768w, https:\/\/www.katunroads.me\/wp-content\/uploads\/2017\/06\/ALPSKI-ZVEZDAN-\u2013-ASTER-ALPINUS-1024x768.jpg 1024w, https:\/\/www.katunroads.me\/wp-content\/uploads\/2017\/06\/ALPSKI-ZVEZDAN-\u2013-ASTER-ALPINUS-600x450.jpg 600w\" sizes=\"auto, (max-width: 350px) 100vw, 350px\" \/><\/div>\t\t<\/div>\r\n\t\t\t<\/article>\r\n\t<article class=\"w-grid-item size_1x1 post-2937 attachment type-attachment status-inherit hentry\" data-id=\"2937\">\r\n\t\t<div class=\"w-grid-item-h\">\r\n\t\t\t\t\t\t\t<a ref=\"magnificPopupGrid\" href=\"https:\/\/www.katunroads.me\/wp-content\/uploads\/2017\/06\/\u010cUVARKU\u0106A-KO\u0160ANINOVA-\u2013-SEMPERVIVUM-KOSANINI-.jpg\" class=\"w-grid-item-anchor\" aria-label=\"Sempervivum Kosanini\"><\/a>\r\n\t\t\t\t\t\t<div class=\"w-post-elm post_image usg_post_image_1 stretched\"><img loading=\"lazy\" decoding=\"async\" width=\"350\" height=\"263\" src=\"https:\/\/www.katunroads.me\/wp-content\/uploads\/2017\/06\/\u010cUVARKU\u0106A-KO\u0160ANINOVA-\u2013-SEMPERVIVUM-KOSANINI-.jpg\" class=\"attachment-us_350_350_crop size-us_350_350_crop\" alt=\"\" srcset=\"https:\/\/www.katunroads.me\/wp-content\/uploads\/2017\/06\/\u010cUVARKU\u0106A-KO\u0160ANINOVA-\u2013-SEMPERVIVUM-KOSANINI-.jpg 1200w, https:\/\/www.katunroads.me\/wp-content\/uploads\/2017\/06\/\u010cUVARKU\u0106A-KO\u0160ANINOVA-\u2013-SEMPERVIVUM-KOSANINI--300x225.jpg 300w, https:\/\/www.katunroads.me\/wp-content\/uploads\/2017\/06\/\u010cUVARKU\u0106A-KO\u0160ANINOVA-\u2013-SEMPERVIVUM-KOSANINI--768x576.jpg 768w, https:\/\/www.katunroads.me\/wp-content\/uploads\/2017\/06\/\u010cUVARKU\u0106A-KO\u0160ANINOVA-\u2013-SEMPERVIVUM-KOSANINI--1024x768.jpg 1024w, https:\/\/www.katunroads.me\/wp-content\/uploads\/2017\/06\/\u010cUVARKU\u0106A-KO\u0160ANINOVA-\u2013-SEMPERVIVUM-KOSANINI--600x450.jpg 600w\" sizes=\"auto, (max-width: 350px) 100vw, 350px\" \/><\/div>\t\t<\/div>\r\n\t\t\t<\/article>\r\n<\/div>\t<div class=\"w-grid-preloader\">\r\n\t\t<div class=\"g-preloader type_5\">\r\n\t\t\t<div><\/div>\r\n\t\t<\/div>\r\n\t<\/div>\r\n\t\t<div class=\"w-grid-json hidden\" onclick='return {&quot;action&quot;:&quot;us_ajax_grid&quot;,&quot;infinite_scroll&quot;:0,&quot;max_num_pages&quot;:1,&quot;pagination&quot;:&quot;none&quot;,&quot;template_vars&quot;:{&quot;columns&quot;:&quot;6&quot;,&quot;exclude_items&quot;:&quot;none&quot;,&quot;img_size&quot;:&quot;us_350_350_crop&quot;,&quot;ignore_items_size&quot;:0,&quot;items_layout&quot;:&quot;gallery_default&quot;,&quot;items_offset&quot;:&quot;1&quot;,&quot;load_animation&quot;:&quot;none&quot;,&quot;overriding_link&quot;:&quot;%7B%22type%22%3A%22popup_image%22%7D&quot;,&quot;post_id&quot;:0,&quot;query_args&quot;:{&quot;post_type&quot;:[&quot;attachment&quot;],&quot;post__in&quot;:[&quot;2017&quot;,&quot;2019&quot;,&quot;2015&quot;,&quot;1997&quot;,&quot;1943&quot;,&quot;1925&quot;],&quot;post_status&quot;:&quot;inherit&quot;,&quot;post_mime_type&quot;:&quot;image&quot;,&quot;posts_per_page&quot;:999},&quot;orderby_query_args&quot;:{&quot;orderby&quot;:{&quot;post__in&quot;:&quot;ASC&quot;},&quot;order&quot;:&quot;ASC&quot;},&quot;type&quot;:&quot;grid&quot;,&quot;us_grid_post_type&quot;:&quot;attachment&quot;,&quot;us_grid_ajax_index&quot;:1,&quot;us_grid_filter_query_string&quot;:null,&quot;us_grid_index&quot;:1,&quot;page_args&quot;:[],&quot;lang&quot;:&quot;sq&quot;}}'><\/div>\r\n\t<\/div><div class=\"w-separator size_medium\"><\/div><div class=\"wpb_text_column\"><div class=\"wpb_wrapper\"><p>P\u00ebr shkak t\u00eb natyr\u00ebs s\u00eb eg\u00ebr, klim\u00ebs s\u00eb vrazhd\u00eb dhe rreziqeve q\u00eb ishin t\u00eb pranishme p\u00ebr shkak t\u00eb kafsh\u00ebve t\u00eb egra, posa\u00e7\u00ebrisht ariut, rr\u00ebqebullit, ujkut dhe eg\u00ebrsirave tjera, blegtor\u00ebt k\u00ebt\u00eb masiv malor q\u00eb moti e kan\u00eb quajtur \u201cBjeshk\u00ebt e nemuna\u201d e m\u00eb von\u00eb populli shkurtimisht i ka quajtur \u201cT\u00eb nemunat\u201d.<\/p>\n<p>Regjioni nga Hajla deri n\u00eb \u00c7akorr, p\u00ebrbri Mokra dhe Smilevica, p\u00ebrb\u00ebjn\u00eb deg\u00ebn veriore t\u00eb Bjeshk\u00ebve t\u00eb nemuna, t\u00eb cilat si sistem i p\u00ebrgjithsh\u00ebm i Bjeshk\u00ebve t\u00eb nemuna i p\u00ebrket Dinarikeve.<\/p>\n<p>\u00cbsht\u00eb interesant tregimi mbi krijimin e k\u00ebtyre bjeshk\u00ebve: Bjeshk\u00ebt e nemuna sikurse edhe krejt viset e larta t\u00eb Dinarikeve, jan\u00eb krijuar me rrudhje si pasoj\u00eb e kontaktit t\u00eb pllak\u00ebs tektonike afrikane e cila ka hyr\u00eb n\u00ebn pllak\u00ebn evropiane \u2013 \u201cndeshja e titan\u00ebve\u201d! Ajo ndeshje tektonike n\u00eb buz\u00ebn e skajshme t\u00eb Dinarikeve ka krijuar deviacion t\u00eb truallit, duke krijuar m\u00eb tutje l\u00ebvizje zigzage t\u00eb pazakont\u00eb t\u00eb vargjeve t\u00eb bjeshk\u00ebve t\u00eb nemuna.<\/p>\n<p>Si pasoj\u00eb e asaj ndeshje t\u00eb vigan\u00ebve tok\u00ebsor, paraqiten forma t\u00eb ndryshme t\u00eb reliefit: tektonik, vullkanor, glacial, fluvial, karstik, eroziv dhe t\u00eb tjera. Sipas Jovan Cvijiqit, epoka e akullnajave t\u00eb Bjeshk\u00ebve t\u00eb nemuna ka qen\u00eb m\u00eb intensive sesa ajo e sotmja n\u00eb Alpe. Si rrjedhoj\u00eb, form\u00ebn themelore t\u00eb fizionomis\u00eb s\u00eb Bjeshk\u00ebve t\u00eb nemuna ia japin format fosile t\u00eb erozionit dhe akumulacionit glacial. N\u00eb asnj\u00eb regjion t\u00eb gadishullit Ballkanik akullnajat nuk kan\u00eb l\u00ebn\u00eb gjurm\u00eb aq t\u00eb thella dhe markante sa n\u00eb Bjeshk\u00eb t\u00eb nemuna.<\/p>\n<p>Duke iu fal\u00ebnderuar atyre proceseve t\u00eb vrullshme n\u00eb t\u00eb kaluar\u00ebn, Bjeshk\u00ebt e nemuna n\u00eb p\u00ebrgjith\u00ebsi, duke p\u00ebrfshir\u00eb edhe deg\u00ebn e tyre n\u00eb veri, sipas mendimit t\u00eb biolog\u00ebve t\u00eb ndrysh\u00ebm, paraqesin nj\u00eb nga qendrat m\u00eb t\u00eb m\u00ebdha t\u00eb biodiversiteti, posa\u00e7\u00ebrisht diversitetit floristik, n\u00eb Ballkan por edhe n\u00eb Evrop\u00eb.<\/p>\n<p>Kjo \u201cperl\u00eb evropiane e natyr\u00ebs\u201d si\u00e7 jan\u00eb quajtur Bjeshk\u00ebt e nemuna, ve\u00e7ohen n\u00eb kushte evropiane me llojllojshm\u00ebri t\u00eb paarritshme t\u00eb flor\u00ebs, faun\u00ebs, vegjetacionit, biocenoz\u00ebs dhe ekosistemit n\u00eb t\u00ebr\u00ebsi.<\/p>\n<p>Edhe pse disa nga figurat e njohura t\u00eb shkenc\u00ebs i kan\u00eb hulumtuar Bjeshk\u00ebt e nemuna: Jovan Cvijiq, Josif Pan\u00e7iq, Ivo Horvat, Branisllav Gushiq, Miodrag Jankoviq dhe t\u00eb tjer\u00eb, prap\u00ebseprap\u00eb ka mbetur edhe shum\u00eb\u00e7ka t\u00eb hulumtohet, t\u00eb zbulohet dhe ti paraqitet bot\u00ebs&#8230;<\/p>\n<p>Bil\u00ebs, disa thon\u00eb se Bjeshk\u00ebt e nemuna jan\u00eb nj\u00eb nga cepat e fundit t\u00eb pa hulumtuara t\u00eb planetit Tok\u00eb. Dhe pse e thon\u00eb k\u00ebt\u00eb? Deri para nj\u00ebzet e disa vite asnj\u00eb alpinist, eksplorues apo kureshtar\u00eb i r\u00ebndomt\u00eb nuk i ka vizituar k\u00ebto vise. Ka qen\u00eb ky regjion i \u201croj\u00ebs s\u00eb vdekur\u201d dhe posto blloqeve kufitare \u2013 karaullave ushtarake n\u00eb koh\u00ebn e RSFJ-s\u00eb dhe regjimit t\u00eb Enver Hoxh\u00ebs n\u00eb Shqip\u00ebri. Shkurtimisht, Bjeshk\u00ebt e nemuna kan\u00eb qen\u00eb \u201cBjeshk\u00eb t\u00eb ndaluara\u201d.<\/p>\n<p>Ajo periudh\u00eb ka zgjatur me decenie, dhe vet\u00ebm n\u00eb dhjet\u00eb vitet e fundit alpinist\u00ebt, biolog\u00ebt, eksploruesit, me nj\u00eb fjal\u00eb, t\u00eb dashuruarit n\u00eb natyr\u00eb, kan\u00eb filluar t\u00eb marshojn\u00eb n\u00eb Bjeshk\u00eb t\u00eb nemuna duke zbuluar magjin\u00eb, bukurin\u00eb, pasurin\u00eb&#8230; e tyre.<\/p>\n<p>As ju nuk u mbetet gj\u00eb tjet\u00ebr vet\u00ebm t\u00eb niseni n\u00eb k\u00ebt\u00eb rrug\u00eb nga Hajla deri n\u00eb \u00c7akorr dhe t\u00eb hedhni nj\u00eb sy n\u00ebp\u00ebr vrim\u00eb t\u00eb \u00e7el\u00ebsit n\u00eb \u201cbukurin\u00eb e eg\u00ebr\u201d t\u00eb cil\u00ebn Natyra na e ka dhuruar, duke ushqyer me shikim shpirtin, duke shikuar livadhet p\u00ebrplot me luleyll, aster alpin, manushaqes s\u00eb Nikoll\u00ebs.. duke kaluar n\u00ebp\u00ebr pyje t\u00eb rrobullit dhe arnenit, duke d\u00ebgjuar thirrjen e pulegr\u00ebs.. duke u frikuar se mos po hasni n\u00eb ujkun apo ariun e murrm\u00eb&#8230;<\/p>\n<\/div><\/div><div class=\"w-separator size_medium\"><\/div><div class=\"w-tabs style_default switch_click accordion has_scrolling\" style=\"--sections-title-size:inherit\"><div class=\"w-tabs-sections titles-align_none icon_chevron cpos_right\"><div class=\"w-tabs-section\" id=\"d917\"><button class=\"w-tabs-section-header with_icon\" aria-controls=\"content-d917\" aria-expanded=\"false\"><i class=\"fas fa-map\"><\/i><div class=\"w-tabs-section-title\">HARTA E BIODIVERSITETIT T\u00cb RRUG\u00cbVE T\u00cb T\u00cbBANAVE<\/div><div class=\"w-tabs-section-control\"><\/div><\/button><div  class=\"w-tabs-section-content\" id=\"content-d917\"><div class=\"w-tabs-section-content-h i-cf\"><div class=\"wpb_text_column\"><div class=\"wpb_wrapper\"><div class=\"issuuembed\" style=\"width: auto; height: 500px;\" data-configid=\"11427251\/54241936\"><\/div>\n<p><script type=\"text\/javascript\" src=\"\/\/e.issuu.com\/embed.js\" async=\"true\"><\/script><\/p>\n<\/div><\/div><\/div><\/div><\/div><\/div><\/div><div class=\"w-separator size_medium\"><\/div><div class=\"w-sharing type_outlined align_none color_default\"><div class=\"w-sharing-list\" data-content-image=\"true\"><a class=\"w-sharing-item email\" href=\"mailto:?subject=Sempervivum+Kosanini&amp;body=https:\/\/www.katunroads.me\/sq\/wp-json\/wp\/v2\/pages\/3932\" title=\"Email this\" aria-label=\"Email this\"><i class=\"fas fa-envelope\"><\/i><\/a><a class=\"w-sharing-item facebook\" href=\"https:\/\/www.facebook.com\/sharer\/sharer.php?u=https:\/\/www.katunroads.me\/sq\/wp-json\/wp\/v2\/pages\/3932&amp;quote=Sempervivum+Kosanini\" title=\"Share this\" aria-label=\"Share this\" onclick=\"window.open(this.href, &quot;facebook&quot;, &quot;toolbar=0,width=900,height=500&quot;); return false;\"><i class=\"fab fa-facebook\"><\/i><\/a><a class=\"w-sharing-item twitter\" href=\"https:\/\/twitter.com\/intent\/tweet?text=Sempervivum+Kosanini&amp;url=https:\/\/www.katunroads.me\/sq\/wp-json\/wp\/v2\/pages\/3932\" title=\"Share this\" aria-label=\"Share this\" onclick=\"window.open(this.href, &quot;twitter&quot;, &quot;toolbar=0,width=650,height=360&quot;); return false;\"><i class=\"fab fa-x-twitter\"><svg style=\"width:1em; margin-bottom:-.1em;\" xmlns=\"http:\/\/www.w3.org\/2000\/svg\" viewBox=\"0 0 512 512\" role=\"presentation\"><path fill=\"currentColor\" d=\"M389.2 48h70.6L305.6 224.2 487 464H345L233.7 318.6 106.5 464H35.8L200.7 275.5 26.8 48H172.4L272.9 180.9 389.2 48zM364.4 421.8h39.1L151.1 88h-42L364.4 421.8z\"\/><\/svg><\/i><\/a><\/div><\/div><\/div><\/div><div class=\"wpb_column vc_column_container\"><div class=\"vc_column-inner\">[vc_wp_custommenu nav_menu=&#8221;47&#8243; title=&#8221;Vrste u biodiverzitetu&#8221;]<div class=\"w-separator size_large\"><\/div>[vc_wp_custommenu title=&#8221;Istra\u017eite Grani\u010dne visove&#8221; nav_menu=&#8221;52&#8243;]<div class=\"w-separator size_large\"><\/div><\/div><\/div><\/div><\/div><\/section>\n","protected":false},"excerpt":{"rendered":"","protected":false},"author":1,"featured_media":2995,"parent":3894,"menu_order":0,"comment_status":"closed","ping_status":"closed","template":"","meta":{"_acf_changed":false,"footnotes":""},"class_list":["post-3932","page","type-page","status-publish","has-post-thumbnail","hentry"],"acf":[],"_links":{"self":[{"href":"https:\/\/www.katunroads.me\/sq\/wp-json\/wp\/v2\/pages\/3932","targetHints":{"allow":["GET"]}}],"collection":[{"href":"https:\/\/www.katunroads.me\/sq\/wp-json\/wp\/v2\/pages"}],"about":[{"href":"https:\/\/www.katunroads.me\/sq\/wp-json\/wp\/v2\/types\/page"}],"author":[{"embeddable":true,"href":"https:\/\/www.katunroads.me\/sq\/wp-json\/wp\/v2\/users\/1"}],"replies":[{"embeddable":true,"href":"https:\/\/www.katunroads.me\/sq\/wp-json\/wp\/v2\/comments?post=3932"}],"version-history":[{"count":9,"href":"https:\/\/www.katunroads.me\/sq\/wp-json\/wp\/v2\/pages\/3932\/revisions"}],"predecessor-version":[{"id":5000,"href":"https:\/\/www.katunroads.me\/sq\/wp-json\/wp\/v2\/pages\/3932\/revisions\/5000"}],"up":[{"embeddable":true,"href":"https:\/\/www.katunroads.me\/sq\/wp-json\/wp\/v2\/pages\/3894"}],"wp:featuredmedia":[{"embeddable":true,"href":"https:\/\/www.katunroads.me\/sq\/wp-json\/wp\/v2\/media\/2995"}],"wp:attachment":[{"href":"https:\/\/www.katunroads.me\/sq\/wp-json\/wp\/v2\/media?parent=3932"}],"curies":[{"name":"wp","href":"https:\/\/api.w.org\/{rel}","templated":true}]}}