{"id":4150,"date":"2017-06-23T06:36:55","date_gmt":"2017-06-23T06:36:55","guid":{"rendered":"http:\/\/www.katunroads.me\/rruga-e-tebanave-mali-i-zi\/biodiversiteti\/faune\/mammals\/"},"modified":"2022-05-04T08:47:57","modified_gmt":"2022-05-04T08:47:57","slug":"gjitaret","status":"publish","type":"page","link":"https:\/\/www.katunroads.me\/sq\/rruga-e-tebanave-mali-i-zi\/biodiversiteti\/faune\/gjitaret\/","title":{"rendered":"Gjitar\u00ebt"},"content":{"rendered":"<section class=\"l-section wpb_row height_medium\"><div class=\"l-section-h i-cf\"><div class=\"g-cols vc_row via_grid cols_2-1 laptops-cols_inherit tablets-cols_inherit mobiles-cols_1 valign_top type_default stacking_default\"><div class=\"wpb_column vc_column_container\"><div class=\"vc_column-inner\"><div class=\"wpb_text_column\"><div class=\"wpb_wrapper\">\t\t\t<!-- Flexy Breadcrumb -->\r\n\t\t\t<div class=\"fbc fbc-page\">\r\n\r\n\t\t\t\t<!-- Breadcrumb wrapper -->\r\n\t\t\t\t<div class=\"fbc-wrap\">\r\n\r\n\t\t\t\t\t<!-- Ordered list-->\r\n\t\t\t\t\t<ol class=\"fbc-items\" itemscope itemtype=\"https:\/\/schema.org\/BreadcrumbList\">\r\n\t\t\t\t\t\t            <li itemprop=\"itemListElement\" itemscope itemtype=\"https:\/\/schema.org\/ListItem\">\r\n                <span itemprop=\"name\">\r\n                    <!-- Home Link -->\r\n                    <a itemprop=\"item\" href=\"http:\/\/www.katunroads.me\">\r\n                    \r\n                                                    <i class=\"fa fa-home\" aria-hidden=\"true\"><\/i>                    <\/a>\r\n                <\/span>\r\n                <meta itemprop=\"position\" content=\"1\" \/><!-- Meta Position-->\r\n             <\/li><li><span class=\"fbc-separator\">\/<\/span><\/li><li class=\"active\" itemprop=\"itemListElement\" itemscope itemtype=\"https:\/\/schema.org\/ListItem\"><span itemprop=\"name\" title=\"Gjitar\u00ebt\">Gjitar\u00ebt<\/span><meta itemprop=\"position\" content=\"2\" \/><\/li>\t\t\t\t\t<\/ol>\r\n\t\t\t\t\t<div class=\"clearfix\"><\/div>\r\n\t\t\t\t<\/div>\r\n\t\t\t<\/div>\r\n\t\t\t\n<\/div><\/div>[vc_custom_heading source=&#8221;post_title&#8221; font_container=&#8221;tag:h2|text_align:left|color:%23b2784c&#8221; use_theme_fonts=&#8221;yes&#8221; css=&#8221;%7B%22default%22%3A%7B%22color%22%3A%22%23b2784c%22%7D%7D&#8221;]<div class=\"wpb_text_column\"><div class=\"wpb_wrapper\"><p><strong>ARIU I MURRM\u00cb (lat. Ursus arctos) <\/strong><\/p>\n<p>Edhe p\u00ebrkund\u00ebr vrasjes s\u00eb pakontrolluar t\u00eb arinjve dhe shkat\u00ebrrimit sistematik t\u00eb sip\u00ebrfaqeve t\u00eb m\u00ebdha t\u00eb pyjeve, habitatit t\u00eb tij natyror, bisha m\u00eb e madhe tok\u00ebsore e cila dikur ka qen\u00eb e p\u00ebrhapur n\u00eb t\u00ebr\u00eb Euro-Azi dhe Amerik\u00eb t\u00eb veriut, prap\u00ebseprap\u00eb ka arritur t\u00eb mbijetoj\u00eb n\u00eb pjes\u00eb t\u00eb caktuara t\u00eb Evrop\u00ebs (regjionet e Dinarikeve, Skandinavia dhe Karpatet). Sot ajo \u00ebsht\u00eb kafsh\u00eb e rrall\u00eb dhe e mbrojtur. Edhe pse b\u00ebn pjes\u00eb n\u00eb rend t\u00eb mishngr\u00ebn\u00ebsve m\u00eb t\u00eb m\u00ebdhenj tok\u00ebsor me dh\u00ebmb\u00eb syri t\u00eb fort\u00eb dhe sistem t\u00eb shkurt\u00ebr t\u00eb tretjes, tipik p\u00ebr mishngr\u00ebn\u00ebs, ushqimi i ariut t\u00eb murrm\u00eb p\u00ebrb\u00ebhet, mbi 90 %, nga bim\u00ebt. Edhe kundrejt historive t\u00eb ndryshme mbi agresivitetin e tij, e v\u00ebrteta \u00ebsht\u00eb ndryshe: Ariu n\u00eb natyr\u00eb ik\u00ebn nga njeriu, t\u00eb cilin, duke iu fal\u00ebnderuar aft\u00ebsis\u00eb s\u00eb jasht\u00ebzakonshme t\u00eb nuhatjes, mund ta dalloj\u00eb n\u00eb distanc\u00eb t\u00eb madhe. \u00cbsht\u00eb agresive vet\u00ebm e \u00ebma, edhe ata n\u00eb raste kur i ka t\u00eb rrezikuar k\u00eblysh\u00ebt.<\/p>\n<p><strong>UJKU (lat. Canis lupus)<\/strong><\/p>\n<p>Ujku deri n\u00eb fillim t\u00eb bujq\u00ebsis\u00eb dhe blegtoris\u00eb intensive ka qen\u00eb bisha m\u00eb e p\u00ebrhapur n\u00eb planet (ka qen\u00eb i num\u00ebrt n\u00eb t\u00eb gjith\u00eb Evrop\u00ebn, Azi si dhe Amerik\u00eb t\u00eb veriut). Sot \u00ebsht\u00eb i njohur si kafsh\u00eb pylli, si pasoj\u00eb e faktit se njeriu q\u00eb n\u00eb koh\u00eb t\u00eb lashta e ka d\u00ebbuar nga regjionet e hapura. R\u00ebnia drastike e numrit t\u00eb tyre ka shkaktuar q\u00eb n\u00eb Evrop\u00eb, vitet e fundit ujku t\u00eb jen\u00eb i mbrojtur me tre marr\u00ebveshje nd\u00ebrshtet\u00ebrore. Ujku \u00ebsht\u00eb kafsh\u00eb shoq\u00ebrore e cila jeton n\u00eb tuf\u00eb n\u00eb t\u00eb cilat vlejn\u00eb rregulla t\u00eb caktuara t\u00eb cilave u p\u00ebrmbahen t\u00eb gjith\u00eb an\u00ebtar\u00ebt e asaj shoq\u00ebrie.<\/p>\n<p><strong>RR\u00cbQEBULLI BALLKANIK (Lynx lynx ssp. balcanicus)<\/strong><\/p>\n<p>n\u00eb vitin 2015 \u00ebsht\u00eb sh\u00ebnuar n\u00eb Librin e kuq IUCN si lloj i rrezikuar n\u00eb m\u00ebnyr\u00eb kritike. Mund t\u00eb arrij\u00eb lart\u00ebsin\u00eb deri n\u00eb 65 centimetra dhe pesh\u00ebn deri n\u00eb 25 kilogram, e \u00ebsht\u00eb i dalluesh\u00ebm me vesh\u00ebt n\u00eb form\u00eb trek\u00ebnd\u00ebshi me tufa n\u00eb maj\u00eb, bishtin e shkurt\u00ebr dhe g\u00ebzofin n\u00eb t\u00eb verdh\u00eb me lara t\u00eb err\u00ebta. Hulumtimet e kryera n\u00eb vitet e kaluara n\u00eb Mal t\u00eb Zi, Maqedoni, Shqip\u00ebri dhe Kosov\u00eb kan\u00eb treguar se numri i ekzemplar\u00ebve t\u00eb pjekur m\u00eb i ul\u00ebt se 50. N\u00eb Parkun komb\u00ebtar t\u00eb Bjeshk\u00ebve t\u00eb nemuna n\u00eb Kosov\u00eb, kamerat n\u00eb vitin 2014 e kan\u00eb fokusuar nj\u00eb ekzemplar.<\/p>\n<p><strong>KAPROLLI (lat. Capreolus capreolus) <\/strong><\/p>\n<p>\u00ebsht\u00eb kafsh\u00eb e eg\u00ebr e skajeve t\u00eb pyllit e cila \u00ebsht\u00eb e p\u00ebrhapur n\u00eb regjionin e Evrop\u00ebs qendrore dhe Azis\u00eb. Sjellja e kaprollit b\u00ebn pjes\u00eb n\u00eb t\u00eb ashtuquajturin tipin Distancial, sepse shmang jet\u00ebn n\u00eb formacione m\u00eb t\u00eb m\u00ebdha shoq\u00ebrore. Mir\u00ebpo, n\u00eb vjesht\u00eb t\u00eb vonshme e tutje grumbullohet n\u00eb kope dhe mbetet n\u00eb to deri n\u00eb pranver\u00eb. Ky shoq\u00ebrim \u00ebsht\u00eb instinktiv dhe arsyetohet me ndikimin negativ t\u00eb faktor\u00ebve t\u00eb jasht\u00ebm. N\u00eb kope ekziston organizimi i brendsh\u00ebm e cila mban s\u00eb bashku dhe ofron ndjenj\u00eb sigurie. Udh\u00ebheq\u00ebsi i kopes\u00eb, sipas rregullit, \u00ebsht\u00eb Kaprollja n\u00ebn\u00eb e cila i paraprin\u00eb Kaprro\u00e7it t\u00eb vog\u00ebl. Vet\u00ebm pak para pjelljes s\u00eb re, kaprollja e shk\u00ebput lidhjen me kaprro\u00e7in e vitit t\u00eb m\u00ebparsh\u00ebm.<\/p>\n<p><strong>DHIA E EG\u00cbR BALLKANIKE (lat. Rupicapra rupicapra balcanica)\u00a0<\/strong><\/p>\n<p>\u00ebsht\u00eb n\u00ebnlloj e dhis\u00eb s\u00eb eg\u00ebr e cila rritet n\u00eb Serbi, veri t\u00eb Greqis\u00eb (Pind), Maqedoni, Shqip\u00ebri, Mal t\u00eb Zi dhe Slloveni. N\u00eb t\u00eb kaluar\u00ebn kan\u00eb qen\u00eb t\u00eb p\u00ebrhapura n\u00eb pyje, por si pasoj\u00eb e aktiviteteve t\u00eb njeriut, \u00ebsht\u00eb d\u00ebbuar n\u00eb bjeshk\u00eb t\u00eb larta. Tani paraqesin lloj t\u00eb rrezikuar t\u00eb thundrakeve. Jasht\u00eb Evrop\u00ebs jeton vet\u00ebm edhe n\u00eb Zeland\u00eb t\u00eb Re. Atje e kan\u00eb importuar n\u00eb vitin 1907 si dhurat\u00eb e mbretit austriak Franc Jozefit t\u00eb I-r\u00eb. Ngase dhit\u00eb e egra atje kan\u00eb hasur n\u00eb kushte shum\u00eb t\u00eb mira jet\u00ebsore, numri i tyre \u00ebsht\u00eb shtuar shum\u00eb shpejt\u00eb dhe sot ai lloj nuk \u00ebsht\u00eb i rrezikuar. Bil\u00ebs, Enti i tyre p\u00ebr mbrojtje inkurajon gjuetin\u00eb e k\u00ebtyre kafsh\u00ebve t\u00eb egra n\u00eb m\u00ebnyr\u00eb q\u00eb t\u00eb ruhet bota bimore.<\/p>\n<\/div><\/div><div class=\"w-separator size_medium\"><\/div><div class=\"w-sharing type_outlined align_none color_default\"><div class=\"w-sharing-list\"><a class=\"w-sharing-item email\" href=\"mailto:?subject=Gjitar\u00ebt&amp;body=https:\/\/www.katunroads.me\/sq\/wp-json\/wp\/v2\/pages\/4150\" title=\"Email this\" aria-label=\"Email this\"><i class=\"fas fa-envelope\"><\/i><\/a><a class=\"w-sharing-item facebook\" href=\"https:\/\/www.facebook.com\/sharer\/sharer.php?u=https:\/\/www.katunroads.me\/sq\/wp-json\/wp\/v2\/pages\/4150&amp;quote=Gjitar\u00ebt\" title=\"Share this\" aria-label=\"Share this\" onclick=\"window.open(this.href, &quot;facebook&quot;, &quot;toolbar=0,width=900,height=500&quot;); return false;\"><i class=\"fab fa-facebook\"><\/i><\/a><a class=\"w-sharing-item twitter\" href=\"https:\/\/twitter.com\/intent\/tweet?text=Gjitar\u00ebt&amp;url=https:\/\/www.katunroads.me\/sq\/wp-json\/wp\/v2\/pages\/4150\" title=\"Share this\" aria-label=\"Share this\" onclick=\"window.open(this.href, &quot;twitter&quot;, &quot;toolbar=0,width=650,height=360&quot;); return false;\"><i class=\"fab fa-x-twitter\"><svg style=\"width:1em; margin-bottom:-.1em;\" xmlns=\"http:\/\/www.w3.org\/2000\/svg\" viewBox=\"0 0 512 512\" role=\"presentation\"><path fill=\"currentColor\" d=\"M389.2 48h70.6L305.6 224.2 487 464H345L233.7 318.6 106.5 464H35.8L200.7 275.5 26.8 48H172.4L272.9 180.9 389.2 48zM364.4 421.8h39.1L151.1 88h-42L364.4 421.8z\"\/><\/svg><\/i><\/a><\/div><\/div><\/div><\/div><div class=\"wpb_column vc_column_container\"><div class=\"vc_column-inner\">[vc_wp_custommenu title=&#8221;Vrste&#8221; nav_menu=&#8221;49&#8243;]<div class=\"w-separator size_large\"><\/div><div class=\"g-cols wpb_row via_grid cols_1 laptops-cols_inherit tablets-cols_inherit mobiles-cols_1 valign_top type_default stacking_default\" style=\"--columns-gap:3rem;\"><div class=\"wpb_column vc_column_container\"><div class=\"vc_column-inner\">[vc_custom_heading text=&#8221;Fotografit\u00eb&#8221; font_container=&#8221;tag:h4|text_align:left&#8221; use_theme_fonts=&#8221;yes&#8221;]<div class=\"w-grid us_grid type_grid layout_gallery_with_titles_over cols_2 overflow_hidden preload_style_spinner\" id=\"us_grid_1\" style=\"--columns:2;\" data-filterable=\"true\"><style>.layout_gallery_with_titles_over .w-grid-item-h{}.layout_gallery_with_titles_over .usg_vwrapper_1{position:absolute!important;right:0!important;bottom:0!important;left:0!important;background:linear-gradient(transparent,rgba(30,30,30,0.8))!important;padding:15% 7% 6% 7%!important}.layout_gallery_with_titles_over .usg_post_title_1{color:#fff!important;font-size:0.8rem!important;line-height:1.6!important;margin-bottom:0!important}.layout_gallery_with_titles_over .usg_post_custom_field_1{color:#fff!important;font-size:0.8rem!important;line-height:1.6!important;margin-bottom:0!important}.layout_gallery_with_titles_over .usg_post_content_1{color:#fff!important;font-size:0.8rem!important;line-height:1.6!important;margin-bottom:0!important}.layout_gallery_with_titles_over .usg_post_content_2{color:rgba(255,255,255,0.5)!important;font-size:0.8rem!important;line-height:1.6!important;margin-top:0.2rem!important;margin-bottom:0.2rem!important}<\/style><div class=\"w-grid-list\">\t<article class=\"w-grid-item size_1x1 post-3023 attachment type-attachment status-inherit hentry\" data-id=\"3023\">\r\n\t\t<div class=\"w-grid-item-h\">\r\n\t\t\t\t\t\t\t<a ref=\"magnificPopupGrid\" href=\"https:\/\/www.katunroads.me\/wp-content\/uploads\/2017\/06\/Mrki-medvjed-lat.-Ursus-arctos.jpg\" class=\"w-grid-item-anchor\" aria-label=\"Ursus arctos\"><\/a>\r\n\t\t\t\t\t\t<div class=\"w-post-elm post_image usg_post_image_1 has_ratio\"><img loading=\"lazy\" decoding=\"async\" width=\"350\" height=\"233\" src=\"https:\/\/www.katunroads.me\/wp-content\/uploads\/2017\/06\/Mrki-medvjed-lat.-Ursus-arctos.jpg\" class=\"attachment-us_350_350_crop size-us_350_350_crop\" alt=\"\" \/><div style=\"padding-bottom:100%\"><\/div><\/div><div class=\"w-vwrapper usg_vwrapper_1 align_none valign_top\"><div class=\"w-post-elm post_title usg_post_title_1 hide_if_not_first has_text_color entry-title color_link_inherit\">Ursus arctos<\/div><\/div>\t\t<\/div>\r\n\t\t\t<\/article>\r\n\t<article class=\"w-grid-item size_1x1 post-3025 attachment type-attachment status-inherit hentry\" data-id=\"3025\">\r\n\t\t<div class=\"w-grid-item-h\">\r\n\t\t\t\t\t\t\t<a ref=\"magnificPopupGrid\" href=\"https:\/\/www.katunroads.me\/wp-content\/uploads\/2017\/06\/Vuk-lat.-Canis-lupus.jpg\" class=\"w-grid-item-anchor\" aria-label=\"Canis lupus\"><\/a>\r\n\t\t\t\t\t\t<div class=\"w-post-elm post_image usg_post_image_1 has_ratio\"><img loading=\"lazy\" decoding=\"async\" width=\"350\" height=\"233\" src=\"https:\/\/www.katunroads.me\/wp-content\/uploads\/2017\/06\/Vuk-lat.-Canis-lupus.jpg\" class=\"attachment-us_350_350_crop size-us_350_350_crop\" alt=\"\" \/><div style=\"padding-bottom:100%\"><\/div><\/div><div class=\"w-vwrapper usg_vwrapper_1 align_none valign_top\"><div class=\"w-post-elm post_title usg_post_title_1 hide_if_not_first has_text_color entry-title color_link_inherit\">Canis lupus<\/div><\/div>\t\t<\/div>\r\n\t\t\t<\/article>\r\n\t<article class=\"w-grid-item size_1x1 post-3027 attachment type-attachment status-inherit hentry\" data-id=\"3027\">\r\n\t\t<div class=\"w-grid-item-h\">\r\n\t\t\t\t\t\t\t<a ref=\"magnificPopupGrid\" href=\"https:\/\/www.katunroads.me\/wp-content\/uploads\/2017\/06\/Balkanski-ris-Lynx-lynx-ssp.-balcanicus.jpg\" class=\"w-grid-item-anchor\" aria-label=\"Lynx lynx\"><\/a>\r\n\t\t\t\t\t\t<div class=\"w-post-elm post_image usg_post_image_1 has_ratio\"><img loading=\"lazy\" decoding=\"async\" width=\"350\" height=\"236\" src=\"https:\/\/www.katunroads.me\/wp-content\/uploads\/2017\/06\/Balkanski-ris-Lynx-lynx-ssp.-balcanicus.jpg\" class=\"attachment-us_350_350_crop size-us_350_350_crop\" alt=\"\" \/><div style=\"padding-bottom:100%\"><\/div><\/div><div class=\"w-vwrapper usg_vwrapper_1 align_none valign_top\"><div class=\"w-post-elm post_title usg_post_title_1 hide_if_not_first has_text_color entry-title color_link_inherit\">Lynx lynx<\/div><\/div>\t\t<\/div>\r\n\t\t\t<\/article>\r\n\t<article class=\"w-grid-item size_1x1 post-3029 attachment type-attachment status-inherit hentry\" data-id=\"3029\">\r\n\t\t<div class=\"w-grid-item-h\">\r\n\t\t\t\t\t\t\t<a ref=\"magnificPopupGrid\" href=\"https:\/\/www.katunroads.me\/wp-content\/uploads\/2017\/06\/Srnda\u0107-lat.-Capreolus-capreolus-.jpg\" class=\"w-grid-item-anchor\" aria-label=\"Capreolus capreolus\"><\/a>\r\n\t\t\t\t\t\t<div class=\"w-post-elm post_image usg_post_image_1 has_ratio\"><img loading=\"lazy\" decoding=\"async\" width=\"350\" height=\"202\" src=\"https:\/\/www.katunroads.me\/wp-content\/uploads\/2017\/06\/Srnda\u0107-lat.-Capreolus-capreolus-.jpg\" class=\"attachment-us_350_350_crop size-us_350_350_crop\" alt=\"\" \/><div style=\"padding-bottom:100%\"><\/div><\/div><div class=\"w-vwrapper usg_vwrapper_1 align_none valign_top\"><div class=\"w-post-elm post_title usg_post_title_1 hide_if_not_first has_text_color entry-title color_link_inherit\">Capreolus capreolus<\/div><\/div>\t\t<\/div>\r\n\t\t\t<\/article>\r\n\t<article class=\"w-grid-item size_1x1 post-3031 attachment type-attachment status-inherit hentry\" data-id=\"3031\">\r\n\t\t<div class=\"w-grid-item-h\">\r\n\t\t\t\t\t\t\t<a ref=\"magnificPopupGrid\" href=\"https:\/\/www.katunroads.me\/wp-content\/uploads\/2017\/06\/Divokoza-balkanska-lat.-Rupicapra-rupicapra-balcanica.jpg\" class=\"w-grid-item-anchor\" aria-label=\"Rupicapra rupicapra balcanica\"><\/a>\r\n\t\t\t\t\t\t<div class=\"w-post-elm post_image usg_post_image_1 has_ratio\"><img loading=\"lazy\" decoding=\"async\" width=\"350\" height=\"247\" src=\"https:\/\/www.katunroads.me\/wp-content\/uploads\/2017\/06\/Divokoza-balkanska-lat.-Rupicapra-rupicapra-balcanica.jpg\" class=\"attachment-us_350_350_crop size-us_350_350_crop\" alt=\"\" \/><div style=\"padding-bottom:100%\"><\/div><\/div><div class=\"w-vwrapper usg_vwrapper_1 align_none valign_top\"><div class=\"w-post-elm post_title usg_post_title_1 hide_if_not_first has_text_color entry-title color_link_inherit\">Rupicapra rupicapra balcanica<\/div><\/div>\t\t<\/div>\r\n\t\t\t<\/article>\r\n<\/div>\t<div class=\"w-grid-preloader\">\r\n\t\t<div class=\"g-preloader type_5\">\r\n\t\t\t<div><\/div>\r\n\t\t<\/div>\r\n\t<\/div>\r\n\t\t<div class=\"w-grid-json hidden\" onclick='return {&quot;action&quot;:&quot;us_ajax_grid&quot;,&quot;infinite_scroll&quot;:0,&quot;max_num_pages&quot;:1,&quot;pagination&quot;:&quot;none&quot;,&quot;template_vars&quot;:{&quot;columns&quot;:&quot;2&quot;,&quot;exclude_items&quot;:&quot;none&quot;,&quot;img_size&quot;:&quot;us_350_350_crop&quot;,&quot;ignore_items_size&quot;:0,&quot;items_layout&quot;:&quot;gallery_with_titles_over&quot;,&quot;items_offset&quot;:&quot;1&quot;,&quot;load_animation&quot;:&quot;none&quot;,&quot;overriding_link&quot;:&quot;%7B%22type%22%3A%22popup_image%22%7D&quot;,&quot;post_id&quot;:0,&quot;query_args&quot;:{&quot;post_type&quot;:[&quot;attachment&quot;],&quot;post__in&quot;:[&quot;2015&quot;,&quot;2017&quot;,&quot;2019&quot;,&quot;2020&quot;,&quot;2021&quot;],&quot;post_status&quot;:&quot;inherit&quot;,&quot;post_mime_type&quot;:&quot;image&quot;,&quot;posts_per_page&quot;:999},&quot;orderby_query_args&quot;:{&quot;orderby&quot;:{&quot;post__in&quot;:&quot;ASC&quot;},&quot;order&quot;:&quot;ASC&quot;},&quot;type&quot;:&quot;grid&quot;,&quot;us_grid_post_type&quot;:&quot;attachment&quot;,&quot;us_grid_ajax_index&quot;:1,&quot;us_grid_filter_query_string&quot;:null,&quot;us_grid_index&quot;:1,&quot;page_args&quot;:[],&quot;lang&quot;:&quot;sq&quot;}}'><\/div>\r\n\t<\/div><\/div><\/div><\/div><div class=\"w-separator size_large\"><\/div>[vc_wp_custommenu title=&#8221;Biodiverzitet&#8221; nav_menu=&#8221;47&#8243;]<\/div><\/div><\/div><\/div><\/section>\n","protected":false},"excerpt":{"rendered":"","protected":false},"author":1,"featured_media":3023,"parent":4146,"menu_order":0,"comment_status":"closed","ping_status":"closed","template":"","meta":{"_acf_changed":false,"footnotes":""},"class_list":["post-4150","page","type-page","status-publish","has-post-thumbnail","hentry"],"acf":[],"_links":{"self":[{"href":"https:\/\/www.katunroads.me\/sq\/wp-json\/wp\/v2\/pages\/4150","targetHints":{"allow":["GET"]}}],"collection":[{"href":"https:\/\/www.katunroads.me\/sq\/wp-json\/wp\/v2\/pages"}],"about":[{"href":"https:\/\/www.katunroads.me\/sq\/wp-json\/wp\/v2\/types\/page"}],"author":[{"embeddable":true,"href":"https:\/\/www.katunroads.me\/sq\/wp-json\/wp\/v2\/users\/1"}],"replies":[{"embeddable":true,"href":"https:\/\/www.katunroads.me\/sq\/wp-json\/wp\/v2\/comments?post=4150"}],"version-history":[{"count":8,"href":"https:\/\/www.katunroads.me\/sq\/wp-json\/wp\/v2\/pages\/4150\/revisions"}],"predecessor-version":[{"id":5021,"href":"https:\/\/www.katunroads.me\/sq\/wp-json\/wp\/v2\/pages\/4150\/revisions\/5021"}],"up":[{"embeddable":true,"href":"https:\/\/www.katunroads.me\/sq\/wp-json\/wp\/v2\/pages\/4146"}],"wp:featuredmedia":[{"embeddable":true,"href":"https:\/\/www.katunroads.me\/sq\/wp-json\/wp\/v2\/media\/3023"}],"wp:attachment":[{"href":"https:\/\/www.katunroads.me\/sq\/wp-json\/wp\/v2\/media?parent=4150"}],"curies":[{"name":"wp","href":"https:\/\/api.w.org\/{rel}","templated":true}]}}