{"id":4159,"date":"2017-06-23T06:37:42","date_gmt":"2017-06-23T06:37:42","guid":{"rendered":"http:\/\/www.katunroads.me\/rruga-e-tebanave-mali-i-zi\/biodiversiteti\/faune\/birds\/"},"modified":"2022-05-04T08:47:57","modified_gmt":"2022-05-04T08:47:57","slug":"shpendet","status":"publish","type":"page","link":"https:\/\/www.katunroads.me\/sq\/rruga-e-tebanave-mali-i-zi\/biodiversiteti\/faune\/shpendet\/","title":{"rendered":"Shpend\u00ebt"},"content":{"rendered":"<section class=\"l-section wpb_row height_medium\"><div class=\"l-section-h i-cf\"><div class=\"g-cols vc_row via_grid cols_2-1 laptops-cols_inherit tablets-cols_inherit mobiles-cols_1 valign_top type_default stacking_default\"><div class=\"wpb_column vc_column_container\"><div class=\"vc_column-inner\"><div class=\"wpb_text_column\"><div class=\"wpb_wrapper\">\t\t\t<!-- Flexy Breadcrumb -->\r\n\t\t\t<div class=\"fbc fbc-page\">\r\n\r\n\t\t\t\t<!-- Breadcrumb wrapper -->\r\n\t\t\t\t<div class=\"fbc-wrap\">\r\n\r\n\t\t\t\t\t<!-- Ordered list-->\r\n\t\t\t\t\t<ol class=\"fbc-items\" itemscope itemtype=\"https:\/\/schema.org\/BreadcrumbList\">\r\n\t\t\t\t\t\t            <li itemprop=\"itemListElement\" itemscope itemtype=\"https:\/\/schema.org\/ListItem\">\r\n                <span itemprop=\"name\">\r\n                    <!-- Home Link -->\r\n                    <a itemprop=\"item\" href=\"http:\/\/www.katunroads.me\">\r\n                    \r\n                                                    <i class=\"fa fa-home\" aria-hidden=\"true\"><\/i>                    <\/a>\r\n                <\/span>\r\n                <meta itemprop=\"position\" content=\"1\" \/><!-- Meta Position-->\r\n             <\/li><li><span class=\"fbc-separator\">\/<\/span><\/li><li class=\"active\" itemprop=\"itemListElement\" itemscope itemtype=\"https:\/\/schema.org\/ListItem\"><span itemprop=\"name\" title=\"Shpend\u00ebt\">Shpend\u00ebt<\/span><meta itemprop=\"position\" content=\"2\" \/><\/li>\t\t\t\t\t<\/ol>\r\n\t\t\t\t\t<div class=\"clearfix\"><\/div>\r\n\t\t\t\t<\/div>\r\n\t\t\t<\/div>\r\n\t\t\t\n<\/div><\/div>[vc_custom_heading source=&#8221;post_title&#8221; font_container=&#8221;tag:h2|text_align:left|color:%23b2784c&#8221; use_theme_fonts=&#8221;yes&#8221; css=&#8221;%7B%22default%22%3A%7B%22color%22%3A%22%23b2784c%22%7D%7D&#8221;]<div class=\"wpb_text_column\"><div class=\"wpb_wrapper\"><p><strong>GJELI EG\u00cbR (lat. Tetrao urogallus)<\/strong><\/p>\n<p>pulegra \u00ebsht\u00eb zog pylli nga familja e pulave e cila b\u00ebn pjes\u00eb n\u00eb rend t\u00eb llojeve shum\u00eb t\u00eb rrezikuara. Mund t\u00eb thuhet se \u00ebsht\u00eb stoli dhe perl\u00eb e habitatit t\u00eb larta t\u00eb bjeshk\u00ebve. P\u00ebrpos dashamir\u00ebsve t\u00eb natyr\u00ebs, pulegra ka grabitur dhe grabit kujdesin e artist\u00ebve, si shkrimtar\u00ebve ashtu edhe piktor\u00ebve. \u00cbsht\u00eb posa\u00e7\u00ebrisht interesant p\u00ebr shkak t\u00eb k\u00ebndimit t\u00eb paharruesh\u00ebm t\u00eb pulegr\u00ebs gjat\u00eb sezonit t\u00eb \u00e7ift\u00ebzimit.<\/p>\n<p><strong>SHQIPONJA BONELLIS (lat. Aquila fasciata)<\/strong><\/p>\n<p>\u00ebsht\u00eb m\u00eb e vog\u00ebl sesa shqiponja mesatarisht e madhe nga familja e kokoshar\u00ebve. \u00cbsht\u00eb zog joshtegtar q\u00eb ngrit fole n\u00eb regjione pyjore e shpesh edhe malore. Ka spekt\u00ebr t\u00eb gjer\u00eb t\u00eb pres\u00eb t\u00eb cilin e nx\u00ebn t\u00eb gjall\u00eb. Zakonisht gjuan nga strehimet, nga kurora e pem\u00ebve, por nganj\u00ebher\u00eb e nx\u00ebn pren\u00eb edhe duke u v\u00ebrsulur nga ajri n\u00eb tok\u00eb sikurse edhe shqiponjat tjera.<\/p>\n<p><strong>TH\u00cbLL\u00cbNXA E PYLLIT (lat. Tetrastes bonasia)<\/strong><\/p>\n<p>N\u00eb popull e quajn\u00eb edhe pula e pyllit. \u00cbsht\u00eb banore e regjioneve pyjore \u2013 malore. P\u00ebr shkak t\u00eb mishit t\u00eb shijsh\u00ebm \u00ebsht\u00eb e rrezikuar me gjueti. Meshkujt jan\u00eb shum\u00eb luftarak dhe nuk lejojn\u00eb prani t\u00eb mashkullit tjet\u00ebr n\u00eb af\u00ebrsi.<\/p>\n<p><strong>QUKAPIKU TREGISHTOR\u00cb (lat. Picoides tridactylus) <\/strong><\/p>\n<p>P\u00ebr dallim nga qukapik\u00ebt tjer\u00eb t\u00eb Ballkanit, nuk ka pika t\u00eb kuqe t\u00eb err\u00ebta n\u00eb kok\u00eb dhe rreth bishtit, kurse meshkujt e m\u00ebdhenj kan\u00eb kapele t\u00eb verdh\u00eb mbi kok\u00eb. B\u00ebn pjes\u00eb n\u00eb lloje t\u00eb k\u00ebrc\u00ebnuara. Jeton n\u00eb pyje halore, posa\u00e7\u00ebrisht n\u00eb ato t\u00eb sulmuara nga insektet mbas zjarreve apo p\u00ebrmbytjeve me t\u00eb cil\u00ebt ushqehet. I p\u00eblqen edhe pem\u00ebt dhe l\u00ebngjet e pem\u00ebve. Punon fole n\u00eb pem\u00eb n\u00eb vrima t\u00eb cilat i \u00e7el\u00eb rishtas \u00e7do vit. Derisa k\u00ebrkon insekte n\u00eb l\u00ebkur\u00eb t\u00eb pem\u00ebve, b\u00ebn vrima n\u00eb rend ashtu q\u00eb l\u00ebkura e drurit duket sikur ka brazda t\u00eb gjata. Vrimat i \u00e7el edhe n\u00eb shtylla druri.<\/p>\n<\/div><\/div><div class=\"w-separator size_medium\"><\/div><div class=\"w-sharing type_outlined align_none color_default\"><div class=\"w-sharing-list\"><a class=\"w-sharing-item email\" href=\"mailto:?subject=Shpend\u00ebt&amp;body=https:\/\/www.katunroads.me\/sq\/wp-json\/wp\/v2\/pages\/4159\" title=\"Email this\" aria-label=\"Email this\"><i class=\"fas fa-envelope\"><\/i><\/a><a class=\"w-sharing-item facebook\" href=\"https:\/\/www.facebook.com\/sharer\/sharer.php?u=https:\/\/www.katunroads.me\/sq\/wp-json\/wp\/v2\/pages\/4159&amp;quote=Shpend\u00ebt\" title=\"Share this\" aria-label=\"Share this\" onclick=\"window.open(this.href, &quot;facebook&quot;, &quot;toolbar=0,width=900,height=500&quot;); return false;\"><i class=\"fab fa-facebook\"><\/i><\/a><a class=\"w-sharing-item twitter\" href=\"https:\/\/twitter.com\/intent\/tweet?text=Shpend\u00ebt&amp;url=https:\/\/www.katunroads.me\/sq\/wp-json\/wp\/v2\/pages\/4159\" title=\"Share this\" aria-label=\"Share this\" onclick=\"window.open(this.href, &quot;twitter&quot;, &quot;toolbar=0,width=650,height=360&quot;); return false;\"><i class=\"fab fa-x-twitter\"><svg style=\"width:1em; margin-bottom:-.1em;\" xmlns=\"http:\/\/www.w3.org\/2000\/svg\" viewBox=\"0 0 512 512\" role=\"presentation\"><path fill=\"currentColor\" d=\"M389.2 48h70.6L305.6 224.2 487 464H345L233.7 318.6 106.5 464H35.8L200.7 275.5 26.8 48H172.4L272.9 180.9 389.2 48zM364.4 421.8h39.1L151.1 88h-42L364.4 421.8z\"\/><\/svg><\/i><\/a><\/div><\/div><\/div><\/div><div class=\"wpb_column vc_column_container\"><div class=\"vc_column-inner\">[vc_wp_custommenu title=&#8221;Vrste&#8221; nav_menu=&#8221;49&#8243;]<div class=\"w-separator size_large\"><\/div><div class=\"g-cols wpb_row via_grid cols_1 laptops-cols_inherit tablets-cols_inherit mobiles-cols_1 valign_top type_default stacking_default\" style=\"--columns-gap:3rem;\"><div class=\"wpb_column vc_column_container\"><div class=\"vc_column-inner\">[vc_custom_heading text=&#8221;Fotografit\u00eb&#8221; font_container=&#8221;tag:h4|text_align:left&#8221; use_theme_fonts=&#8221;yes&#8221;]<div class=\"w-grid us_grid type_grid layout_gallery_with_titles_over cols_2 overflow_hidden preload_style_spinner\" id=\"us_grid_1\" style=\"--columns:2;\" data-filterable=\"true\"><style>.layout_gallery_with_titles_over .w-grid-item-h{}.layout_gallery_with_titles_over .usg_vwrapper_1{position:absolute!important;right:0!important;bottom:0!important;left:0!important;background:linear-gradient(transparent,rgba(30,30,30,0.8))!important;padding:15% 7% 6% 7%!important}.layout_gallery_with_titles_over .usg_post_title_1{color:#fff!important;font-size:0.8rem!important;line-height:1.6!important;margin-bottom:0!important}.layout_gallery_with_titles_over .usg_post_custom_field_1{color:#fff!important;font-size:0.8rem!important;line-height:1.6!important;margin-bottom:0!important}.layout_gallery_with_titles_over .usg_post_content_1{color:#fff!important;font-size:0.8rem!important;line-height:1.6!important;margin-bottom:0!important}.layout_gallery_with_titles_over .usg_post_content_2{color:rgba(255,255,255,0.5)!important;font-size:0.8rem!important;line-height:1.6!important;margin-top:0.2rem!important;margin-bottom:0.2rem!important}<\/style><div class=\"w-grid-list\">\t<article class=\"w-grid-item size_1x1 post-3123 attachment type-attachment status-inherit hentry\" data-id=\"3123\">\r\n\t\t<div class=\"w-grid-item-h\">\r\n\t\t\t\t\t\t\t<a ref=\"magnificPopupGrid\" href=\"https:\/\/www.katunroads.me\/wp-content\/uploads\/2017\/06\/Veliki-tetrijeb-lat.-Tetrao-urogallus.jpg\" class=\"w-grid-item-anchor\" aria-label=\"Tetrao urogallus\"><\/a>\r\n\t\t\t\t\t\t<div class=\"w-post-elm post_image usg_post_image_1 has_ratio\"><img loading=\"lazy\" decoding=\"async\" width=\"350\" height=\"233\" src=\"https:\/\/www.katunroads.me\/wp-content\/uploads\/2017\/06\/Veliki-tetrijeb-lat.-Tetrao-urogallus.jpg\" class=\"attachment-us_350_350_crop size-us_350_350_crop\" alt=\"\" \/><div style=\"padding-bottom:100%\"><\/div><\/div><div class=\"w-vwrapper usg_vwrapper_1 align_none valign_top\"><div class=\"w-post-elm post_title usg_post_title_1 hide_if_not_first has_text_color entry-title color_link_inherit\">Tetrao urogallus<\/div><\/div>\t\t<\/div>\r\n\t\t\t<\/article>\r\n\t<article class=\"w-grid-item size_1x1 post-3125 attachment type-attachment status-inherit hentry\" data-id=\"3125\">\r\n\t\t<div class=\"w-grid-item-h\">\r\n\t\t\t\t\t\t\t<a ref=\"magnificPopupGrid\" href=\"https:\/\/www.katunroads.me\/wp-content\/uploads\/2017\/06\/Planinski-orao-lat.-Aquila-fasciata.jpg\" class=\"w-grid-item-anchor\" aria-label=\"Aquila fasciata\"><\/a>\r\n\t\t\t\t\t\t<div class=\"w-post-elm post_image usg_post_image_1 has_ratio\"><img loading=\"lazy\" decoding=\"async\" width=\"350\" height=\"233\" src=\"https:\/\/www.katunroads.me\/wp-content\/uploads\/2017\/06\/Planinski-orao-lat.-Aquila-fasciata.jpg\" class=\"attachment-us_350_350_crop size-us_350_350_crop\" alt=\"\" \/><div style=\"padding-bottom:100%\"><\/div><\/div><div class=\"w-vwrapper usg_vwrapper_1 align_none valign_top\"><div class=\"w-post-elm post_title usg_post_title_1 hide_if_not_first has_text_color entry-title color_link_inherit\">Aquila fasciata<\/div><\/div>\t\t<\/div>\r\n\t\t\t<\/article>\r\n\t<article class=\"w-grid-item size_1x1 post-3127 attachment type-attachment status-inherit hentry\" data-id=\"3127\">\r\n\t\t<div class=\"w-grid-item-h\">\r\n\t\t\t\t\t\t\t<a ref=\"magnificPopupGrid\" href=\"https:\/\/www.katunroads.me\/wp-content\/uploads\/2017\/06\/Lje\u0161tarka-lat.-Tetrastes-bonasia.jpg\" class=\"w-grid-item-anchor\" aria-label=\"Tetrastes bonasia\"><\/a>\r\n\t\t\t\t\t\t<div class=\"w-post-elm post_image usg_post_image_1 has_ratio\"><img loading=\"lazy\" decoding=\"async\" width=\"350\" height=\"263\" src=\"https:\/\/www.katunroads.me\/wp-content\/uploads\/2017\/06\/Lje\u0161tarka-lat.-Tetrastes-bonasia.jpg\" class=\"attachment-us_350_350_crop size-us_350_350_crop\" alt=\"\" \/><div style=\"padding-bottom:100%\"><\/div><\/div><div class=\"w-vwrapper usg_vwrapper_1 align_none valign_top\"><div class=\"w-post-elm post_title usg_post_title_1 hide_if_not_first has_text_color entry-title color_link_inherit\">Tetrastes bonasia<\/div><\/div>\t\t<\/div>\r\n\t\t\t<\/article>\r\n\t<article class=\"w-grid-item size_1x1 post-3129 attachment type-attachment status-inherit hentry\" data-id=\"3129\">\r\n\t\t<div class=\"w-grid-item-h\">\r\n\t\t\t\t\t\t\t<a ref=\"magnificPopupGrid\" href=\"https:\/\/www.katunroads.me\/wp-content\/uploads\/2017\/06\/Troprsti-djetli\u0107-lat.-Picoides-tridactylus.jpg\" class=\"w-grid-item-anchor\" aria-label=\"Picoides tridactylus\"><\/a>\r\n\t\t\t\t\t\t<div class=\"w-post-elm post_image usg_post_image_1 has_ratio\"><img loading=\"lazy\" decoding=\"async\" width=\"350\" height=\"263\" src=\"https:\/\/www.katunroads.me\/wp-content\/uploads\/2017\/06\/Troprsti-djetli\u0107-lat.-Picoides-tridactylus.jpg\" class=\"attachment-us_350_350_crop size-us_350_350_crop\" alt=\"\" \/><div style=\"padding-bottom:100%\"><\/div><\/div><div class=\"w-vwrapper usg_vwrapper_1 align_none valign_top\"><div class=\"w-post-elm post_title usg_post_title_1 hide_if_not_first has_text_color entry-title color_link_inherit\">Picoides tridactylus<\/div><\/div>\t\t<\/div>\r\n\t\t\t<\/article>\r\n<\/div>\t<div class=\"w-grid-preloader\">\r\n\t\t<div class=\"g-preloader type_5\">\r\n\t\t\t<div><\/div>\r\n\t\t<\/div>\r\n\t<\/div>\r\n\t\t<div class=\"w-grid-json hidden\" onclick='return {&quot;action&quot;:&quot;us_ajax_grid&quot;,&quot;infinite_scroll&quot;:0,&quot;max_num_pages&quot;:1,&quot;pagination&quot;:&quot;none&quot;,&quot;template_vars&quot;:{&quot;columns&quot;:&quot;2&quot;,&quot;exclude_items&quot;:&quot;none&quot;,&quot;img_size&quot;:&quot;us_350_350_crop&quot;,&quot;ignore_items_size&quot;:0,&quot;items_layout&quot;:&quot;gallery_with_titles_over&quot;,&quot;items_offset&quot;:&quot;1&quot;,&quot;load_animation&quot;:&quot;none&quot;,&quot;overriding_link&quot;:&quot;%7B%22type%22%3A%22popup_image%22%7D&quot;,&quot;post_id&quot;:0,&quot;query_args&quot;:{&quot;post_type&quot;:[&quot;attachment&quot;],&quot;post__in&quot;:[&quot;2413&quot;,&quot;2415&quot;,&quot;2416&quot;,&quot;2417&quot;],&quot;post_status&quot;:&quot;inherit&quot;,&quot;post_mime_type&quot;:&quot;image&quot;,&quot;posts_per_page&quot;:999},&quot;orderby_query_args&quot;:{&quot;orderby&quot;:{&quot;post__in&quot;:&quot;ASC&quot;},&quot;order&quot;:&quot;ASC&quot;},&quot;type&quot;:&quot;grid&quot;,&quot;us_grid_post_type&quot;:&quot;attachment&quot;,&quot;us_grid_ajax_index&quot;:1,&quot;us_grid_filter_query_string&quot;:null,&quot;us_grid_index&quot;:1,&quot;page_args&quot;:[],&quot;lang&quot;:&quot;sq&quot;}}'><\/div>\r\n\t<\/div><\/div><\/div><\/div><div class=\"w-separator size_large\"><\/div>[vc_wp_custommenu title=&#8221;Biodiverzitet&#8221; nav_menu=&#8221;47&#8243;]<\/div><\/div><\/div><\/div><\/section>\n","protected":false},"excerpt":{"rendered":"","protected":false},"author":1,"featured_media":3125,"parent":4146,"menu_order":0,"comment_status":"closed","ping_status":"closed","template":"","meta":{"_acf_changed":false,"footnotes":""},"class_list":["post-4159","page","type-page","status-publish","has-post-thumbnail","hentry"],"acf":[],"_links":{"self":[{"href":"https:\/\/www.katunroads.me\/sq\/wp-json\/wp\/v2\/pages\/4159","targetHints":{"allow":["GET"]}}],"collection":[{"href":"https:\/\/www.katunroads.me\/sq\/wp-json\/wp\/v2\/pages"}],"about":[{"href":"https:\/\/www.katunroads.me\/sq\/wp-json\/wp\/v2\/types\/page"}],"author":[{"embeddable":true,"href":"https:\/\/www.katunroads.me\/sq\/wp-json\/wp\/v2\/users\/1"}],"replies":[{"embeddable":true,"href":"https:\/\/www.katunroads.me\/sq\/wp-json\/wp\/v2\/comments?post=4159"}],"version-history":[{"count":6,"href":"https:\/\/www.katunroads.me\/sq\/wp-json\/wp\/v2\/pages\/4159\/revisions"}],"predecessor-version":[{"id":5022,"href":"https:\/\/www.katunroads.me\/sq\/wp-json\/wp\/v2\/pages\/4159\/revisions\/5022"}],"up":[{"embeddable":true,"href":"https:\/\/www.katunroads.me\/sq\/wp-json\/wp\/v2\/pages\/4146"}],"wp:featuredmedia":[{"embeddable":true,"href":"https:\/\/www.katunroads.me\/sq\/wp-json\/wp\/v2\/media\/3125"}],"wp:attachment":[{"href":"https:\/\/www.katunroads.me\/sq\/wp-json\/wp\/v2\/media?parent=4159"}],"curies":[{"name":"wp","href":"https:\/\/api.w.org\/{rel}","templated":true}]}}