{"id":4174,"date":"2017-06-23T06:39:47","date_gmt":"2017-06-23T06:39:47","guid":{"rendered":"http:\/\/www.katunroads.me\/rruga-e-tebanave-mali-i-zi\/biodiversiteti\/faune\/amphibians\/"},"modified":"2022-05-04T08:48:10","modified_gmt":"2022-05-04T08:48:10","slug":"bretkoret","status":"publish","type":"page","link":"https:\/\/www.katunroads.me\/sq\/rruga-e-tebanave-mali-i-zi\/biodiversiteti\/faune\/bretkoret\/","title":{"rendered":"Bretkor\u00ebt"},"content":{"rendered":"<section class=\"l-section wpb_row height_medium\"><div class=\"l-section-h i-cf\"><div class=\"g-cols vc_row via_grid cols_2-1 laptops-cols_inherit tablets-cols_inherit mobiles-cols_1 valign_top type_default stacking_default\"><div class=\"wpb_column vc_column_container\"><div class=\"vc_column-inner\"><div class=\"wpb_text_column\"><div class=\"wpb_wrapper\">\t\t\t<!-- Flexy Breadcrumb -->\r\n\t\t\t<div class=\"fbc fbc-page\">\r\n\r\n\t\t\t\t<!-- Breadcrumb wrapper -->\r\n\t\t\t\t<div class=\"fbc-wrap\">\r\n\r\n\t\t\t\t\t<!-- Ordered list-->\r\n\t\t\t\t\t<ol class=\"fbc-items\" itemscope itemtype=\"https:\/\/schema.org\/BreadcrumbList\">\r\n\t\t\t\t\t\t            <li itemprop=\"itemListElement\" itemscope itemtype=\"https:\/\/schema.org\/ListItem\">\r\n                <span itemprop=\"name\">\r\n                    <!-- Home Link -->\r\n                    <a itemprop=\"item\" href=\"http:\/\/www.katunroads.me\">\r\n                    \r\n                                                    <i class=\"fa fa-home\" aria-hidden=\"true\"><\/i>                    <\/a>\r\n                <\/span>\r\n                <meta itemprop=\"position\" content=\"1\" \/><!-- Meta Position-->\r\n             <\/li><li><span class=\"fbc-separator\">\/<\/span><\/li><li class=\"active\" itemprop=\"itemListElement\" itemscope itemtype=\"https:\/\/schema.org\/ListItem\"><span itemprop=\"name\" title=\"Bretkor\u00ebt\">Bretkor\u00ebt<\/span><meta itemprop=\"position\" content=\"2\" \/><\/li>\t\t\t\t\t<\/ol>\r\n\t\t\t\t\t<div class=\"clearfix\"><\/div>\r\n\t\t\t\t<\/div>\r\n\t\t\t<\/div>\r\n\t\t\t\n<\/div><\/div>[vc_custom_heading source=&#8221;post_title&#8221; font_container=&#8221;tag:h2|text_align:left|color:%23b2784c&#8221; use_theme_fonts=&#8221;yes&#8221; css=&#8221;%7B%22default%22%3A%7B%22color%22%3A%22%23b2784c%22%7D%7D&#8221;]<div class=\"wpb_text_column\"><div class=\"wpb_wrapper\"><p><strong>PIC\u00cbRRAKU I ZI (lat. Salamandra atra) <\/strong><\/p>\n<p>ata q\u00eb e dallon nga pic\u00ebrrak\u00ebt e tjer\u00eb \u00ebsht\u00eb gj\u00ebndrat e shprehura parotide mbas kok\u00ebs, si dhe kat\u00ebr rende t\u00eb gj\u00ebndrave helmuese t\u00eb cilat p\u00ebrshkojn\u00eb p\u00ebrgjat\u00eb trupit. N\u00eb to sintetizohet helmi neurotoksik. P\u00ebr dallim nga shumica e bretkor\u00ebve t\u00eb tjer\u00eb, ky lloj \u00ebsht\u00eb gjall\u00ebpjell\u00ebs. Ata do t\u00eb thot\u00eb se femra nuk hedh vez\u00eb por n\u00eb jet\u00eb sjell nj\u00eb deri n\u00eb dy pasardh\u00ebs plot\u00ebsisht t\u00eb zhvilluar. Jeton n\u00eb pyje t\u00eb p\u00ebrziera(n\u00eb lart\u00ebsi mbidetare t\u00eb ul\u00ebta), por mund ta hasim edhe n\u00eb lart\u00ebsi m\u00eb t\u00eb larta mbidetare. \u00cbsht\u00eb lloj i rrall\u00eb dhe i rrezikuar.<\/p>\n<p><strong>TRITONI I PYLLIT (lat. Ichthyosaurus alpestris) <\/strong><\/p>\n<p>N\u00eb fillim t\u00eb vitit, gjat\u00eb sezonit t\u00eb \u00e7ift\u00ebzimit, meshkujt dallohen p\u00ebr kresht\u00ebn n\u00eb shpin\u00eb dhe koloritin q\u00eb bie n\u00eb sy. Shpina fiton ngjyr\u00eb t\u00eb kalt\u00ebr t\u00eb err\u00ebt, kurse n\u00eb bark dallohen vija t\u00eb kaltra t\u00eb \u00e7elura apo ngjyr\u00eb portokalli. Me t\u00eb kaluar t\u00eb sezonit t\u00eb \u00e7ift\u00ebzimit edhe meshkujt edhe femrat kan\u00eb boj\u00eb dheu. Jetojn\u00eb n\u00eb lart\u00ebsi t\u00eb m\u00ebdha mbidetare.<\/p>\n<p><strong>YELLOW-BELLIED TOAD (lat. Bombina variegata)\u00a0 <\/strong><\/p>\n<p>Bretkosa barkverdh\u00eb \u00ebsht\u00eb n\u00eb pjes\u00eb t\u00eb ep\u00ebrme me l\u00ebkur\u00eb t\u00eb dreg\u00ebzuar, me ngjyr\u00eb gri \u2013kafe, shpesh me njolla t\u00eb ndritshme. Nga ana e poshtme, p\u00ebrfshir\u00eb edhe ij\u00ebt, ngjyra e tyre \u00ebsht\u00eb e kalt\u00ebr e \u00e7elur me njolla ndrit\u00ebse t\u00eb verdha ose ngjyr\u00eb portokalli. K\u00ebto njolla kan\u00eb p\u00ebr qellim t\u00eb frikojn\u00eb predatorin eventual. Arm\u00eb shtes\u00eb e k\u00ebsaj bretkose \u00ebsht\u00eb l\u00ebngu me arom\u00eb refuzuese e cila irriton syt\u00eb , dhe t\u00eb cil\u00ebn ua l\u00ebshon sulmuesve.<\/p>\n<\/div><\/div><div class=\"w-separator size_medium\"><\/div><div class=\"w-sharing type_outlined align_none color_default\"><div class=\"w-sharing-list\"><a class=\"w-sharing-item email\" href=\"mailto:?subject=Bretkor\u00ebt&amp;body=https:\/\/www.katunroads.me\/sq\/wp-json\/wp\/v2\/pages\/4174\" title=\"Email this\" aria-label=\"Email this\"><i class=\"fas fa-envelope\"><\/i><\/a><a class=\"w-sharing-item facebook\" href=\"https:\/\/www.facebook.com\/sharer\/sharer.php?u=https:\/\/www.katunroads.me\/sq\/wp-json\/wp\/v2\/pages\/4174&amp;quote=Bretkor\u00ebt\" title=\"Share this\" aria-label=\"Share this\" onclick=\"window.open(this.href, &quot;facebook&quot;, &quot;toolbar=0,width=900,height=500&quot;); return false;\"><i class=\"fab fa-facebook\"><\/i><\/a><a class=\"w-sharing-item twitter\" href=\"https:\/\/twitter.com\/intent\/tweet?text=Bretkor\u00ebt&amp;url=https:\/\/www.katunroads.me\/sq\/wp-json\/wp\/v2\/pages\/4174\" title=\"Share this\" aria-label=\"Share this\" onclick=\"window.open(this.href, &quot;twitter&quot;, &quot;toolbar=0,width=650,height=360&quot;); return false;\"><i class=\"fab fa-x-twitter\"><svg style=\"width:1em; margin-bottom:-.1em;\" xmlns=\"http:\/\/www.w3.org\/2000\/svg\" viewBox=\"0 0 512 512\" role=\"presentation\"><path fill=\"currentColor\" d=\"M389.2 48h70.6L305.6 224.2 487 464H345L233.7 318.6 106.5 464H35.8L200.7 275.5 26.8 48H172.4L272.9 180.9 389.2 48zM364.4 421.8h39.1L151.1 88h-42L364.4 421.8z\"\/><\/svg><\/i><\/a><\/div><\/div><\/div><\/div><div class=\"wpb_column vc_column_container\"><div class=\"vc_column-inner\">[vc_wp_custommenu title=&#8221;Vrste&#8221; nav_menu=&#8221;49&#8243;]<div class=\"w-separator size_large\"><\/div>[vc_custom_heading text=&#8221;Fotografit\u00eb&#8221; font_container=&#8221;tag:h4|text_align:left&#8221; use_theme_fonts=&#8221;yes&#8221;]<div class=\"w-grid us_grid type_grid layout_gallery_with_titles_over cols_2 overflow_hidden preload_style_spinner\" id=\"us_grid_1\" style=\"--columns:2;\" data-filterable=\"true\"><style>.layout_gallery_with_titles_over .w-grid-item-h{}.layout_gallery_with_titles_over .usg_vwrapper_1{position:absolute!important;right:0!important;bottom:0!important;left:0!important;background:linear-gradient(transparent,rgba(30,30,30,0.8))!important;padding:15% 7% 6% 7%!important}.layout_gallery_with_titles_over .usg_post_title_1{color:#fff!important;font-size:0.8rem!important;line-height:1.6!important;margin-bottom:0!important}.layout_gallery_with_titles_over .usg_post_custom_field_1{color:#fff!important;font-size:0.8rem!important;line-height:1.6!important;margin-bottom:0!important}.layout_gallery_with_titles_over .usg_post_content_1{color:#fff!important;font-size:0.8rem!important;line-height:1.6!important;margin-bottom:0!important}.layout_gallery_with_titles_over .usg_post_content_2{color:rgba(255,255,255,0.5)!important;font-size:0.8rem!important;line-height:1.6!important;margin-top:0.2rem!important;margin-bottom:0.2rem!important}<\/style><div class=\"w-grid-list\">\t<article class=\"w-grid-item size_1x1 post-3133 attachment type-attachment status-inherit hentry\" data-id=\"3133\">\r\n\t\t<div class=\"w-grid-item-h\">\r\n\t\t\t\t\t\t\t<a ref=\"magnificPopupGrid\" href=\"https:\/\/www.katunroads.me\/wp-content\/uploads\/2017\/06\/Crni-da\u017edevnjak-lat.-Salamandra-atra-1.jpg\" class=\"w-grid-item-anchor\" aria-label=\"Salamandra atra\"><\/a>\r\n\t\t\t\t\t\t<div class=\"w-post-elm post_image usg_post_image_1 has_ratio\"><img loading=\"lazy\" decoding=\"async\" width=\"600\" height=\"450\" src=\"https:\/\/www.katunroads.me\/wp-content\/uploads\/2017\/06\/Crni-da\u017edevnjak-lat.-Salamandra-atra-1.jpg\" class=\"attachment-us_600_600_crop size-us_600_600_crop\" alt=\"\" \/><div style=\"padding-bottom:100%\"><\/div><\/div><div class=\"w-vwrapper usg_vwrapper_1 align_none valign_top\"><div class=\"w-post-elm post_content usg_post_content_1 has_text_color\"><p>Salamandra atra<\/p>\n<\/div><div class=\"w-post-elm post_title usg_post_title_1 hide_if_not_first has_text_color entry-title color_link_inherit\">Salamandra atra<\/div><\/div>\t\t<\/div>\r\n\t\t\t<\/article>\r\n\t<article class=\"w-grid-item size_1x1 post-3135 attachment type-attachment status-inherit hentry\" data-id=\"3135\">\r\n\t\t<div class=\"w-grid-item-h\">\r\n\t\t\t\t\t\t\t<a ref=\"magnificPopupGrid\" href=\"https:\/\/www.katunroads.me\/wp-content\/uploads\/2017\/06\/Planinski-mrmoljak-lat.-Ichthyosaurus-alpestris.jpg\" class=\"w-grid-item-anchor\" aria-label=\"Ichthyosaurus alpestris\"><\/a>\r\n\t\t\t\t\t\t<div class=\"w-post-elm post_image usg_post_image_1 has_ratio\"><img loading=\"lazy\" decoding=\"async\" width=\"600\" height=\"353\" src=\"https:\/\/www.katunroads.me\/wp-content\/uploads\/2017\/06\/Planinski-mrmoljak-lat.-Ichthyosaurus-alpestris.jpg\" class=\"attachment-us_600_600_crop size-us_600_600_crop\" alt=\"\" \/><div style=\"padding-bottom:100%\"><\/div><\/div><div class=\"w-vwrapper usg_vwrapper_1 align_none valign_top\"><div class=\"w-post-elm post_title usg_post_title_1 hide_if_not_first has_text_color entry-title color_link_inherit\">Ichthyosaurus alpestris<\/div><\/div>\t\t<\/div>\r\n\t\t\t<\/article>\r\n\t<article class=\"w-grid-item size_1x1 post-3137 attachment type-attachment status-inherit hentry\" data-id=\"3137\">\r\n\t\t<div class=\"w-grid-item-h\">\r\n\t\t\t\t\t\t\t<a ref=\"magnificPopupGrid\" href=\"https:\/\/www.katunroads.me\/wp-content\/uploads\/2017\/06\/Muka\u010d-lat.-Bombina-variegata.jpg\" class=\"w-grid-item-anchor\" aria-label=\"Bombina variegata\"><\/a>\r\n\t\t\t\t\t\t<div class=\"w-post-elm post_image usg_post_image_1 has_ratio\"><img loading=\"lazy\" decoding=\"async\" width=\"600\" height=\"450\" src=\"https:\/\/www.katunroads.me\/wp-content\/uploads\/2017\/06\/Muka\u010d-lat.-Bombina-variegata.jpg\" class=\"attachment-us_600_600_crop size-us_600_600_crop\" alt=\"\" \/><div style=\"padding-bottom:100%\"><\/div><\/div><div class=\"w-vwrapper usg_vwrapper_1 align_none valign_top\"><div class=\"w-post-elm post_title usg_post_title_1 hide_if_not_first has_text_color entry-title color_link_inherit\">Bombina variegata<\/div><\/div>\t\t<\/div>\r\n\t\t\t<\/article>\r\n<\/div>\t<div class=\"w-grid-preloader\">\r\n\t\t<div class=\"g-preloader type_5\">\r\n\t\t\t<div><\/div>\r\n\t\t<\/div>\r\n\t<\/div>\r\n\t\t<div class=\"w-grid-json hidden\" onclick='return {&quot;action&quot;:&quot;us_ajax_grid&quot;,&quot;infinite_scroll&quot;:0,&quot;max_num_pages&quot;:1,&quot;pagination&quot;:&quot;none&quot;,&quot;template_vars&quot;:{&quot;columns&quot;:&quot;2&quot;,&quot;exclude_items&quot;:&quot;none&quot;,&quot;img_size&quot;:&quot;us_600_600_crop&quot;,&quot;ignore_items_size&quot;:0,&quot;items_layout&quot;:&quot;gallery_with_titles_over&quot;,&quot;items_offset&quot;:&quot;1&quot;,&quot;load_animation&quot;:&quot;none&quot;,&quot;overriding_link&quot;:&quot;%7B%22type%22%3A%22popup_image%22%7D&quot;,&quot;post_id&quot;:0,&quot;query_args&quot;:{&quot;post_type&quot;:[&quot;attachment&quot;],&quot;post__in&quot;:[&quot;2423&quot;,&quot;2424&quot;,&quot;2425&quot;],&quot;post_status&quot;:&quot;inherit&quot;,&quot;post_mime_type&quot;:&quot;image&quot;,&quot;posts_per_page&quot;:999},&quot;orderby_query_args&quot;:{&quot;orderby&quot;:{&quot;post__in&quot;:&quot;ASC&quot;},&quot;order&quot;:&quot;ASC&quot;},&quot;type&quot;:&quot;grid&quot;,&quot;us_grid_post_type&quot;:&quot;attachment&quot;,&quot;us_grid_ajax_index&quot;:1,&quot;us_grid_filter_query_string&quot;:null,&quot;us_grid_index&quot;:1,&quot;page_args&quot;:[],&quot;lang&quot;:&quot;sq&quot;}}'><\/div>\r\n\t<\/div><div class=\"w-separator size_large\"><\/div>[vc_wp_custommenu title=&#8221;Biodiverzitet&#8221; nav_menu=&#8221;47&#8243;]<\/div><\/div><\/div><\/div><\/section>\n","protected":false},"excerpt":{"rendered":"","protected":false},"author":1,"featured_media":3131,"parent":4146,"menu_order":0,"comment_status":"closed","ping_status":"closed","template":"","meta":{"_acf_changed":false,"footnotes":""},"class_list":["post-4174","page","type-page","status-publish","has-post-thumbnail","hentry"],"acf":[],"_links":{"self":[{"href":"https:\/\/www.katunroads.me\/sq\/wp-json\/wp\/v2\/pages\/4174","targetHints":{"allow":["GET"]}}],"collection":[{"href":"https:\/\/www.katunroads.me\/sq\/wp-json\/wp\/v2\/pages"}],"about":[{"href":"https:\/\/www.katunroads.me\/sq\/wp-json\/wp\/v2\/types\/page"}],"author":[{"embeddable":true,"href":"https:\/\/www.katunroads.me\/sq\/wp-json\/wp\/v2\/users\/1"}],"replies":[{"embeddable":true,"href":"https:\/\/www.katunroads.me\/sq\/wp-json\/wp\/v2\/comments?post=4174"}],"version-history":[{"count":5,"href":"https:\/\/www.katunroads.me\/sq\/wp-json\/wp\/v2\/pages\/4174\/revisions"}],"predecessor-version":[{"id":5025,"href":"https:\/\/www.katunroads.me\/sq\/wp-json\/wp\/v2\/pages\/4174\/revisions\/5025"}],"up":[{"embeddable":true,"href":"https:\/\/www.katunroads.me\/sq\/wp-json\/wp\/v2\/pages\/4146"}],"wp:featuredmedia":[{"embeddable":true,"href":"https:\/\/www.katunroads.me\/sq\/wp-json\/wp\/v2\/media\/3131"}],"wp:attachment":[{"href":"https:\/\/www.katunroads.me\/sq\/wp-json\/wp\/v2\/media?parent=4174"}],"curies":[{"name":"wp","href":"https:\/\/api.w.org\/{rel}","templated":true}]}}