{"id":4189,"date":"2017-06-23T06:33:53","date_gmt":"2017-06-23T06:33:53","guid":{"rendered":"http:\/\/www.katunroads.me\/rruga-e-tebanave-mali-i-zi\/biodiversiteti\/flore\/endemic-and-relict-plants-species\/"},"modified":"2022-05-04T08:48:11","modified_gmt":"2022-05-04T08:48:11","slug":"bimet-endemike-dhe-relikte","status":"publish","type":"page","link":"https:\/\/www.katunroads.me\/sq\/rruga-e-tebanave-mali-i-zi\/biodiversiteti\/flore\/bimet-endemike-dhe-relikte\/","title":{"rendered":"Bim\u00ebt endemike dhe relikte"},"content":{"rendered":"<section class=\"l-section wpb_row height_medium\"><div class=\"l-section-h i-cf\"><div class=\"g-cols vc_row via_grid cols_2-1 laptops-cols_inherit tablets-cols_inherit mobiles-cols_1 valign_top type_default stacking_default\"><div class=\"wpb_column vc_column_container\"><div class=\"vc_column-inner\"><div class=\"wpb_text_column\"><div class=\"wpb_wrapper\">\t\t\t<!-- Flexy Breadcrumb -->\r\n\t\t\t<div class=\"fbc fbc-page\">\r\n\r\n\t\t\t\t<!-- Breadcrumb wrapper -->\r\n\t\t\t\t<div class=\"fbc-wrap\">\r\n\r\n\t\t\t\t\t<!-- Ordered list-->\r\n\t\t\t\t\t<ol class=\"fbc-items\" itemscope itemtype=\"https:\/\/schema.org\/BreadcrumbList\">\r\n\t\t\t\t\t\t            <li itemprop=\"itemListElement\" itemscope itemtype=\"https:\/\/schema.org\/ListItem\">\r\n                <span itemprop=\"name\">\r\n                    <!-- Home Link -->\r\n                    <a itemprop=\"item\" href=\"http:\/\/www.katunroads.me\">\r\n                    \r\n                                                    <i class=\"fa fa-home\" aria-hidden=\"true\"><\/i>                    <\/a>\r\n                <\/span>\r\n                <meta itemprop=\"position\" content=\"1\" \/><!-- Meta Position-->\r\n             <\/li><li><span class=\"fbc-separator\">\/<\/span><\/li><li class=\"active\" itemprop=\"itemListElement\" itemscope itemtype=\"https:\/\/schema.org\/ListItem\"><span itemprop=\"name\" title=\"Bim\u00ebt endemike dhe relikte\">Bim\u00ebt endemike dhe relikte<\/span><meta itemprop=\"position\" content=\"2\" \/><\/li>\t\t\t\t\t<\/ol>\r\n\t\t\t\t\t<div class=\"clearfix\"><\/div>\r\n\t\t\t\t<\/div>\r\n\t\t\t<\/div>\r\n\t\t\t\n<\/div><\/div>[vc_custom_heading source=&#8221;post_title&#8221; font_container=&#8221;tag:h2|text_align:left|color:%23b2784c&#8221; use_theme_fonts=&#8221;yes&#8221; css=&#8221;%7B%22default%22%3A%7B%22color%22%3A%22%23b2784c%22%7D%7D&#8221;]<div class=\"wpb_text_column\"><div class=\"wpb_wrapper\"><p><strong>BAR\u00cb PEZMI GJUH\u00cbZ \u2013 ACHILLEA LINGULLATA <\/strong><\/p>\n<p>Konstrukti i luleve dhe fryteve e tradhtojn\u00eb se kjo bim\u00eb i takon familjes s\u00eb bar\u00eb pezmit. Popullon plisin e barit malor n\u00eb truallin acidik, t\u00eb thell\u00eb. I duron shum\u00eb mir\u00eb ndryshimet e temperatur\u00ebs gjat\u00eb vitit.<\/p>\n<p><strong>ZAMBAKU SHQIPTAR &#8211; LILIUM ALBANICUM<\/strong><\/p>\n<p>Posedon kok\u00eb luleje jasht\u00ebzakonisht dekorative, t\u00eb cilash n\u00eb nj\u00eb bim\u00eb mund t\u00eb ket\u00eb edhe deri n\u00eb 10 cop\u00eb. \u00cbsht\u00eb endem i Dinarikeve juglindore.<\/p>\n<p><strong>M\u00cbLAKA BULLGARE \u2013 GEUM BULGARICUM <\/strong><\/p>\n<p>Duke eksploruar flor\u00ebn e Bullgaris\u00eb, botanisti i njohur Josif Pan\u00e7iq n\u00eb vitin 1883 ka zbuluar k\u00ebt\u00eb lloj endemik t\u00eb gadishullit Ballkanik. I popullon \u00e7arjet e shk\u00ebmbinjve g\u00eblqeror, plisat e barit t\u00eb brezit subalpin dhe alpin, si dhe pjerr\u00ebsit\u00eb e qeta.<\/p>\n<p><strong>GJETHEDELL SI VESHKA \u2013 PLANTAGO RENIFORMIS <\/strong><\/p>\n<p>N\u00eb vende mesatarisht t\u00eb lag\u00ebshta, me humus dhe n\u00ebn hije rritet gjethe delli shum\u00eb interesant me gjethe n\u00eb form\u00eb veshke, p\u00ebr \u00e7 arsye edhe em\u00ebrtohet ashtu. E ka p\u00ebrshkruar botanisti austriak G. Beck n\u00eb vitin 1887, duke e gjetur p\u00ebr her\u00eb t\u00eb par\u00eb n\u00eb malin Hranisav mbi Tar\u00e7in (Bosnje dhe Hercegovin\u00eb). I p\u00ebrket elementit floristik endemik t\u00eb Dinarikeve.<\/p>\n<p><strong>PANJA E HELDRAHUT \u2013 ACER HELDREICHI<\/strong><\/p>\n<p>Ky lloj gjethor fisnik rritet n\u00eb lloje t\u00eb ndryshme t\u00eb truallit, m\u00eb s\u00eb shpeshti n\u00eb ekspozimet veriore dhe n\u00eb lugina ku mbet bora m\u00eb gjat\u00eb. \u00cbsht\u00eb shum\u00eb dekorativee n\u00eb vjesht\u00eb kur gjethet e fitojn\u00eb nj\u00eb ngjyr\u00eb ari. \u00cbsht\u00eb lloj endemik i Gadishullit Ballkanik.<\/p>\n<p><strong>BARPEZMI \u2013 ACHILLEA ABROTANOIDES<\/strong><\/p>\n<p>Popullon g\u00eblqeroret dhe g\u00ebrmallat prej nga ku shum\u00eb bim\u00eb \u201cikin\u201d. Arrin edhe deri n\u00eb 2000 m lmd dhe kjo \u00ebsht\u00eb edhe nj\u00eb lloj endemik i pjes\u00ebs per\u00ebndimore t\u00eb gadishullit Ballkanik. Vendndodhja klasike \u00ebsht\u00eb Orieni, dhe e ka p\u00ebrshkruar R. Visiani n\u00eb vitin 1847. Ka zbatim n\u00eb mjek\u00ebsi popullore.<\/p>\n<p><strong>DREDHAKU &#8211; PINUS MUGO <\/strong><\/p>\n<p>Em\u00ebrtimi mugo rrjedh nga em\u00ebrtimi popullor \u201cmughus\u201d si\u00e7 quhet kjo pish\u00eb n\u00eb Alpe. P\u00ebr dallim nga llojet tjera t\u00eb pishave, ka sistem rr\u00ebnjor me rr\u00ebnj\u00eb an\u00ebsore t\u00eb shumta t\u00eb cil\u00ebt shp\u00ebrndahen n\u00eb m\u00ebnyr\u00eb hap\u00ebsinore duke mbuluar sip\u00ebrfaqe edhe deri n\u00eb 10 m. Duke iu fal\u00ebnderuar k\u00ebsaj ve\u00e7ori, kjo bim\u00eb \u00ebsht\u00eb me r\u00ebnd\u00ebsi t\u00eb jasht\u00ebzakonshme p\u00ebr parandalim t\u00eb erozionit t\u00eb truallit, posa\u00e7\u00ebrisht kur fillojn\u00eb v\u00ebrshimet dhe ortek\u00ebt e bor\u00ebs. \u00cbsht\u00eb karakteristik p\u00ebr Bjeshk\u00ebt e nemuna t\u00eb Kosov\u00ebs.<\/p>\n<p><strong>RROBULLI \u2013 PINUS HELDREICHII<\/strong><\/p>\n<p>Lloj endemik i pjes\u00ebs qendrore dhe per\u00ebndimore t\u00eb Gadishullit Ballkanik dhe pjes\u00ebs jugore t\u00eb Gadishullit Apenin. Popullon terrene shk\u00ebmbore dhe gurore, shpeshher\u00eb shum\u00eb ekstreme. L\u00ebkura e vjet\u00ebr plasaritet n\u00eb form\u00eb t\u00eb pllakave t\u00eb korac\u00ebs mesjetare t\u00eb kalor\u00ebsit, e nga aty edhe em\u00ebrtimi \u201cpish\u00eb pancir\u201d. Mund t\u00eb p\u00ebrjetoj\u00eb mosh\u00eb shum\u00eb t\u00eb vjet\u00ebr.<\/p>\n<p><strong>ARNENI \u2013 PINUS PEUCE<\/strong><\/p>\n<p>Pish\u00eb pes\u00eb gjembore e p\u00ebrshkruar n\u00eb vitin 1838 nga botaniku gjerman Grisebach. Paraqitet n\u00eb shtresa silikate, m\u00eb rrall\u00eb n\u00eb g\u00eblqeror. K\u00ebrkon trualle t\u00eb fresk\u00ebta, t\u00eb thella dhe t\u00eb lag\u00ebshta. \u00cbsht\u00eb Endem i pjes\u00ebs qendrore t\u00eb Gadishullit Ballkanik, dhe \u00ebsht\u00eb relikt terciar.<\/p>\n<p><strong>LULE FENIKSI SERBE \u2013 RAMONDIA SERBICA<\/strong><\/p>\n<p>K\u00ebt\u00eb lloj bimor shum\u00eb interesant e ka zbuluar Josif Pan\u00e7iq n\u00eb vitin 1855. Ka p\u00ebrjetuar epok\u00ebn glaciale, dhe n\u00eb vitin 1928 Pavlle \u00c7ernjavski e zbulon se kjo bim\u00eb ka ve\u00e7ori antibiotike, \u00e7ka do t\u00eb thot\u00eb se mund t\u00eb kthehet n\u00eb jet\u00eb mbas vdekjes aparente \u2013 duke i shtuar uj\u00eb.<\/p>\n<p><strong>KLOK\u00cbZA E SENTNERIT &#8211; SILENE SENDTNERI<\/strong><\/p>\n<p>Ky lloj endemik i Dinarideve popullon livadhet dhe plisat e barit t\u00eb bjeshk\u00ebve. N\u00eb maj\u00eb t\u00eb bim\u00ebs dallohet kok\u00ebza me lule.<\/p>\n<p><strong>VULFENIA E BLE\u00c7IQIT &#8211; WULFENIA BLECICI <\/strong><\/p>\n<p>Lloj bimor shum\u00eb i bukur i cili rritet n\u00eb terrene g\u00eblqerore dhe silikate. \u00cbsht\u00eb endem i Bjeshk\u00ebve t\u00eb nemuna dhe nj\u00ebkoh\u00ebsisht lloj bimor i mbrojtur.<\/p>\n<\/div><\/div><div class=\"w-separator size_medium\"><\/div><div class=\"w-sharing type_outlined align_none color_default\"><div class=\"w-sharing-list\"><a class=\"w-sharing-item email\" href=\"mailto:?subject=Bim\u00ebt+endemike+dhe+relikte&amp;body=https:\/\/www.katunroads.me\/sq\/wp-json\/wp\/v2\/pages\/4189\" title=\"Email this\" aria-label=\"Email this\"><i class=\"fas fa-envelope\"><\/i><\/a><a class=\"w-sharing-item facebook\" href=\"https:\/\/www.facebook.com\/sharer\/sharer.php?u=https:\/\/www.katunroads.me\/sq\/wp-json\/wp\/v2\/pages\/4189&amp;quote=Bim\u00ebt+endemike+dhe+relikte\" title=\"Share this\" aria-label=\"Share this\" onclick=\"window.open(this.href, &quot;facebook&quot;, &quot;toolbar=0,width=900,height=500&quot;); return false;\"><i class=\"fab fa-facebook\"><\/i><\/a><a class=\"w-sharing-item twitter\" href=\"https:\/\/twitter.com\/intent\/tweet?text=Bim\u00ebt+endemike+dhe+relikte&amp;url=https:\/\/www.katunroads.me\/sq\/wp-json\/wp\/v2\/pages\/4189\" title=\"Share this\" aria-label=\"Share this\" onclick=\"window.open(this.href, &quot;twitter&quot;, &quot;toolbar=0,width=650,height=360&quot;); return false;\"><i class=\"fab fa-x-twitter\"><svg style=\"width:1em; margin-bottom:-.1em;\" xmlns=\"http:\/\/www.w3.org\/2000\/svg\" viewBox=\"0 0 512 512\" role=\"presentation\"><path fill=\"currentColor\" d=\"M389.2 48h70.6L305.6 224.2 487 464H345L233.7 318.6 106.5 464H35.8L200.7 275.5 26.8 48H172.4L272.9 180.9 389.2 48zM364.4 421.8h39.1L151.1 88h-42L364.4 421.8z\"\/><\/svg><\/i><\/a><\/div><\/div><\/div><\/div><div class=\"wpb_column vc_column_container\"><div class=\"vc_column-inner\">[vc_wp_custommenu title=&#8221;Vrste&#8221; nav_menu=&#8221;48&#8243;]<div class=\"w-separator size_large\"><\/div><div class=\"g-cols wpb_row via_grid cols_1 laptops-cols_inherit tablets-cols_inherit mobiles-cols_1 valign_top type_default stacking_default\" style=\"--columns-gap:3rem;\"><div class=\"wpb_column vc_column_container\"><div class=\"vc_column-inner\">[vc_custom_heading text=&#8221;Fotografit\u00eb&#8221; font_container=&#8221;tag:h4|text_align:left&#8221; use_theme_fonts=&#8221;yes&#8221;]<div class=\"w-grid us_grid type_grid layout_gallery_with_titles_over cols_2 overflow_hidden preload_style_spinner\" id=\"us_grid_1\" style=\"--columns:2;\" data-filterable=\"true\"><style>.layout_gallery_with_titles_over .w-grid-item-h{}.layout_gallery_with_titles_over .usg_vwrapper_1{position:absolute!important;right:0!important;bottom:0!important;left:0!important;background:linear-gradient(transparent,rgba(30,30,30,0.8))!important;padding:15% 7% 6% 7%!important}.layout_gallery_with_titles_over .usg_post_title_1{color:#fff!important;font-size:0.8rem!important;line-height:1.6!important;margin-bottom:0!important}.layout_gallery_with_titles_over .usg_post_custom_field_1{color:#fff!important;font-size:0.8rem!important;line-height:1.6!important;margin-bottom:0!important}.layout_gallery_with_titles_over .usg_post_content_1{color:#fff!important;font-size:0.8rem!important;line-height:1.6!important;margin-bottom:0!important}.layout_gallery_with_titles_over .usg_post_content_2{color:rgba(255,255,255,0.5)!important;font-size:0.8rem!important;line-height:1.6!important;margin-top:0.2rem!important;margin-bottom:0.2rem!important}<\/style><div class=\"w-grid-list\">\t<article class=\"w-grid-item size_1x1 post-2957 attachment type-attachment status-inherit hentry\" data-id=\"2957\">\r\n\t\t<div class=\"w-grid-item-h\">\r\n\t\t\t\t\t\t\t<a ref=\"magnificPopupGrid\" href=\"https:\/\/www.katunroads.me\/wp-content\/uploads\/2017\/06\/Achillea-lingulata.jpg\" class=\"w-grid-item-anchor\" aria-label=\"Achillea lingullata\"><\/a>\r\n\t\t\t\t\t\t<div class=\"w-post-elm post_image usg_post_image_1 has_ratio\"><img loading=\"lazy\" decoding=\"async\" width=\"234\" height=\"350\" src=\"https:\/\/www.katunroads.me\/wp-content\/uploads\/2017\/06\/Achillea-lingulata.jpg\" class=\"attachment-us_350_350_crop size-us_350_350_crop\" alt=\"\" \/><div style=\"padding-bottom:100%\"><\/div><\/div><div class=\"w-vwrapper usg_vwrapper_1 align_none valign_top\"><div class=\"w-post-elm post_title usg_post_title_1 hide_if_not_first has_text_color entry-title color_link_inherit\">Achillea lingullata<\/div><\/div>\t\t<\/div>\r\n\t\t\t<\/article>\r\n\t<article class=\"w-grid-item size_1x1 post-2959 attachment type-attachment status-inherit hentry\" data-id=\"2959\">\r\n\t\t<div class=\"w-grid-item-h\">\r\n\t\t\t\t\t\t\t<a ref=\"magnificPopupGrid\" href=\"https:\/\/www.katunroads.me\/wp-content\/uploads\/2017\/06\/Albanski-ljiljan.jpg\" class=\"w-grid-item-anchor\" aria-label=\"Lilium albanicum\"><\/a>\r\n\t\t\t\t\t\t<div class=\"w-post-elm post_image usg_post_image_1 has_ratio\"><img loading=\"lazy\" decoding=\"async\" width=\"350\" height=\"254\" src=\"https:\/\/www.katunroads.me\/wp-content\/uploads\/2017\/06\/Albanski-ljiljan.jpg\" class=\"attachment-us_350_350_crop size-us_350_350_crop\" alt=\"\" \/><div style=\"padding-bottom:100%\"><\/div><\/div><div class=\"w-vwrapper usg_vwrapper_1 align_none valign_top\"><div class=\"w-post-elm post_title usg_post_title_1 hide_if_not_first has_text_color entry-title color_link_inherit\">Lilium albanicum<\/div><\/div>\t\t<\/div>\r\n\t\t\t<\/article>\r\n\t<article class=\"w-grid-item size_1x1 post-2963 attachment type-attachment status-inherit hentry\" data-id=\"2963\">\r\n\t\t<div class=\"w-grid-item-h\">\r\n\t\t\t\t\t\t\t<a ref=\"magnificPopupGrid\" href=\"https:\/\/www.katunroads.me\/wp-content\/uploads\/2017\/06\/Geum-bulgaricum-P7240167-1.jpg\" class=\"w-grid-item-anchor\" aria-label=\"Geum Bulgaricum\"><\/a>\r\n\t\t\t\t\t\t<div class=\"w-post-elm post_image usg_post_image_1 has_ratio\"><img loading=\"lazy\" decoding=\"async\" width=\"350\" height=\"263\" src=\"https:\/\/www.katunroads.me\/wp-content\/uploads\/2017\/06\/Geum-bulgaricum-P7240167-1.jpg\" class=\"attachment-us_350_350_crop size-us_350_350_crop\" alt=\"\" \/><div style=\"padding-bottom:100%\"><\/div><\/div><div class=\"w-vwrapper usg_vwrapper_1 align_none valign_top\"><div class=\"w-post-elm post_title usg_post_title_1 hide_if_not_first has_text_color entry-title color_link_inherit\">Geum Bulgaricum<\/div><\/div>\t\t<\/div>\r\n\t\t\t<\/article>\r\n\t<article class=\"w-grid-item size_1x1 post-2965 attachment type-attachment status-inherit hentry\" data-id=\"2965\">\r\n\t\t<div class=\"w-grid-item-h\">\r\n\t\t\t\t\t\t\t<a ref=\"magnificPopupGrid\" href=\"https:\/\/www.katunroads.me\/wp-content\/uploads\/2017\/06\/Plantago-reniformis-P1010110.jpg\" class=\"w-grid-item-anchor\" aria-label=\"Plantago reniformis\"><\/a>\r\n\t\t\t\t\t\t<div class=\"w-post-elm post_image usg_post_image_1 has_ratio\"><img loading=\"lazy\" decoding=\"async\" width=\"263\" height=\"350\" src=\"https:\/\/www.katunroads.me\/wp-content\/uploads\/2017\/06\/Plantago-reniformis-P1010110.jpg\" class=\"attachment-us_350_350_crop size-us_350_350_crop\" alt=\"\" \/><div style=\"padding-bottom:100%\"><\/div><\/div><div class=\"w-vwrapper usg_vwrapper_1 align_none valign_top\"><div class=\"w-post-elm post_title usg_post_title_1 hide_if_not_first has_text_color entry-title color_link_inherit\">Plantago reniformis<\/div><\/div>\t\t<\/div>\r\n\t\t\t<\/article>\r\n\t<article class=\"w-grid-item size_1x1 post-2967 attachment type-attachment status-inherit hentry\" data-id=\"2967\">\r\n\t\t<div class=\"w-grid-item-h\">\r\n\t\t\t\t\t\t\t<a ref=\"magnificPopupGrid\" href=\"https:\/\/www.katunroads.me\/wp-content\/uploads\/2017\/06\/Acer-heldreichii.jpg\" class=\"w-grid-item-anchor\" aria-label=\"Acer heldreichi &#8211; Planinski javor\"><\/a>\r\n\t\t\t\t\t\t<div class=\"w-post-elm post_image usg_post_image_1 has_ratio\"><img loading=\"lazy\" decoding=\"async\" width=\"350\" height=\"263\" src=\"https:\/\/www.katunroads.me\/wp-content\/uploads\/2017\/06\/Acer-heldreichii.jpg\" class=\"attachment-us_350_350_crop size-us_350_350_crop\" alt=\"\" \/><div style=\"padding-bottom:100%\"><\/div><\/div><div class=\"w-vwrapper usg_vwrapper_1 align_none valign_top\"><div class=\"w-post-elm post_title usg_post_title_1 hide_if_not_first has_text_color entry-title color_link_inherit\">Acer heldreichi &#8211; Planinski javor<\/div><\/div>\t\t<\/div>\r\n\t\t\t<\/article>\r\n\t<article class=\"w-grid-item size_1x1 post-2969 attachment type-attachment status-inherit hentry\" data-id=\"2969\">\r\n\t\t<div class=\"w-grid-item-h\">\r\n\t\t\t\t\t\t\t<a ref=\"magnificPopupGrid\" href=\"https:\/\/www.katunroads.me\/wp-content\/uploads\/2017\/06\/SIPARSKA-HAJDU\u010cICA-\u2013-ACHILLEA-ABROTANOIDES.jpg\" class=\"w-grid-item-anchor\" aria-label=\"Achillea abrotanoides\"><\/a>\r\n\t\t\t\t\t\t<div class=\"w-post-elm post_image usg_post_image_1 has_ratio\"><img loading=\"lazy\" decoding=\"async\" width=\"350\" height=\"263\" src=\"https:\/\/www.katunroads.me\/wp-content\/uploads\/2017\/06\/SIPARSKA-HAJDU\u010cICA-\u2013-ACHILLEA-ABROTANOIDES.jpg\" class=\"attachment-us_350_350_crop size-us_350_350_crop\" alt=\"\" \/><div style=\"padding-bottom:100%\"><\/div><\/div><div class=\"w-vwrapper usg_vwrapper_1 align_none valign_top\"><div class=\"w-post-elm post_title usg_post_title_1 hide_if_not_first has_text_color entry-title color_link_inherit\">Achillea abrotanoides<\/div><\/div>\t\t<\/div>\r\n\t\t\t<\/article>\r\n\t<article class=\"w-grid-item size_1x1 post-2971 attachment type-attachment status-inherit hentry\" data-id=\"2971\">\r\n\t\t<div class=\"w-grid-item-h\">\r\n\t\t\t\t\t\t\t<a ref=\"magnificPopupGrid\" href=\"https:\/\/www.katunroads.me\/wp-content\/uploads\/2017\/06\/BOR-KRIVULJ-\u2013-PINUS-MUGO.jpg\" class=\"w-grid-item-anchor\" aria-label=\"Pinus mugo\"><\/a>\r\n\t\t\t\t\t\t<div class=\"w-post-elm post_image usg_post_image_1 has_ratio\"><img loading=\"lazy\" decoding=\"async\" width=\"350\" height=\"263\" src=\"https:\/\/www.katunroads.me\/wp-content\/uploads\/2017\/06\/BOR-KRIVULJ-\u2013-PINUS-MUGO.jpg\" class=\"attachment-us_350_350_crop size-us_350_350_crop\" alt=\"\" \/><div style=\"padding-bottom:100%\"><\/div><\/div><div class=\"w-vwrapper usg_vwrapper_1 align_none valign_top\"><div class=\"w-post-elm post_title usg_post_title_1 hide_if_not_first has_text_color entry-title color_link_inherit\">Pinus mugo<\/div><\/div>\t\t<\/div>\r\n\t\t\t<\/article>\r\n\t<article class=\"w-grid-item size_1x1 post-2973 attachment type-attachment status-inherit hentry\" data-id=\"2973\">\r\n\t\t<div class=\"w-grid-item-h\">\r\n\t\t\t\t\t\t\t<a ref=\"magnificPopupGrid\" href=\"https:\/\/www.katunroads.me\/wp-content\/uploads\/2017\/06\/Pinus-heldreichii.jpg\" class=\"w-grid-item-anchor\" aria-label=\"Pinus heldreichii\"><\/a>\r\n\t\t\t\t\t\t<div class=\"w-post-elm post_image usg_post_image_1 has_ratio\"><img loading=\"lazy\" decoding=\"async\" width=\"350\" height=\"263\" src=\"https:\/\/www.katunroads.me\/wp-content\/uploads\/2017\/06\/Pinus-heldreichii.jpg\" class=\"attachment-us_350_350_crop size-us_350_350_crop\" alt=\"\" \/><div style=\"padding-bottom:100%\"><\/div><\/div><div class=\"w-vwrapper usg_vwrapper_1 align_none valign_top\"><div class=\"w-post-elm post_title usg_post_title_1 hide_if_not_first has_text_color entry-title color_link_inherit\">Pinus heldreichii<\/div><\/div>\t\t<\/div>\r\n\t\t\t<\/article>\r\n\t<article class=\"w-grid-item size_1x1 post-2977 attachment type-attachment status-inherit hentry\" data-id=\"2977\">\r\n\t\t<div class=\"w-grid-item-h\">\r\n\t\t\t\t\t\t\t<a ref=\"magnificPopupGrid\" href=\"https:\/\/www.katunroads.me\/wp-content\/uploads\/2017\/06\/Pinus-peuce-P7240017.jpg\" class=\"w-grid-item-anchor\" aria-label=\"Pinus peuce\"><\/a>\r\n\t\t\t\t\t\t<div class=\"w-post-elm post_image usg_post_image_1 has_ratio\"><img loading=\"lazy\" decoding=\"async\" width=\"263\" height=\"350\" src=\"https:\/\/www.katunroads.me\/wp-content\/uploads\/2017\/06\/Pinus-peuce-P7240017.jpg\" class=\"attachment-us_350_350_crop size-us_350_350_crop\" alt=\"\" \/><div style=\"padding-bottom:100%\"><\/div><\/div><div class=\"w-vwrapper usg_vwrapper_1 align_none valign_top\"><div class=\"w-post-elm post_title usg_post_title_1 hide_if_not_first has_text_color entry-title color_link_inherit\">Pinus peuce<\/div><\/div>\t\t<\/div>\r\n\t\t\t<\/article>\r\n\t<article class=\"w-grid-item size_1x1 post-2975 attachment type-attachment status-inherit hentry\" data-id=\"2975\">\r\n\t\t<div class=\"w-grid-item-h\">\r\n\t\t\t\t\t\t\t<a ref=\"magnificPopupGrid\" href=\"https:\/\/www.katunroads.me\/wp-content\/uploads\/2017\/06\/Pinus-peuce-P1010068.jpg\" class=\"w-grid-item-anchor\" aria-label=\"Pinus peuce\"><\/a>\r\n\t\t\t\t\t\t<div class=\"w-post-elm post_image usg_post_image_1 has_ratio\"><img loading=\"lazy\" decoding=\"async\" width=\"350\" height=\"263\" src=\"https:\/\/www.katunroads.me\/wp-content\/uploads\/2017\/06\/Pinus-peuce-P1010068.jpg\" class=\"attachment-us_350_350_crop size-us_350_350_crop\" alt=\"\" \/><div style=\"padding-bottom:100%\"><\/div><\/div><div class=\"w-vwrapper usg_vwrapper_1 align_none valign_top\"><div class=\"w-post-elm post_title usg_post_title_1 hide_if_not_first has_text_color entry-title color_link_inherit\">Pinus peuce<\/div><\/div>\t\t<\/div>\r\n\t\t\t<\/article>\r\n\t<article class=\"w-grid-item size_1x1 post-2979 attachment type-attachment status-inherit hentry\" data-id=\"2979\">\r\n\t\t<div class=\"w-grid-item-h\">\r\n\t\t\t\t\t\t\t<a ref=\"magnificPopupGrid\" href=\"https:\/\/www.katunroads.me\/wp-content\/uploads\/2017\/06\/RAMONDIJA-\u2013-RAMONDIA-SERBICA.jpg\" class=\"w-grid-item-anchor\" aria-label=\"Ramondia Serbica\"><\/a>\r\n\t\t\t\t\t\t<div class=\"w-post-elm post_image usg_post_image_1 has_ratio\"><img loading=\"lazy\" decoding=\"async\" width=\"350\" height=\"233\" src=\"https:\/\/www.katunroads.me\/wp-content\/uploads\/2017\/06\/RAMONDIJA-\u2013-RAMONDIA-SERBICA.jpg\" class=\"attachment-us_350_350_crop size-us_350_350_crop\" alt=\"\" \/><div style=\"padding-bottom:100%\"><\/div><\/div><div class=\"w-vwrapper usg_vwrapper_1 align_none valign_top\"><div class=\"w-post-elm post_title usg_post_title_1 hide_if_not_first has_text_color entry-title color_link_inherit\">Ramondia Serbica<\/div><\/div>\t\t<\/div>\r\n\t\t\t<\/article>\r\n\t<article class=\"w-grid-item size_1x1 post-2981 attachment type-attachment status-inherit hentry\" data-id=\"2981\">\r\n\t\t<div class=\"w-grid-item-h\">\r\n\t\t\t\t\t\t\t<a ref=\"magnificPopupGrid\" href=\"https:\/\/www.katunroads.me\/wp-content\/uploads\/2017\/06\/SENTNEROVA-PU\u0160INA-SILENE-SENDTNERI.jpg\" class=\"w-grid-item-anchor\" aria-label=\"Silene sendtneri\"><\/a>\r\n\t\t\t\t\t\t<div class=\"w-post-elm post_image usg_post_image_1 has_ratio\"><img loading=\"lazy\" decoding=\"async\" width=\"285\" height=\"350\" src=\"https:\/\/www.katunroads.me\/wp-content\/uploads\/2017\/06\/SENTNEROVA-PU\u0160INA-SILENE-SENDTNERI.jpg\" class=\"attachment-us_350_350_crop size-us_350_350_crop\" alt=\"\" \/><div style=\"padding-bottom:100%\"><\/div><\/div><div class=\"w-vwrapper usg_vwrapper_1 align_none valign_top\"><div class=\"w-post-elm post_title usg_post_title_1 hide_if_not_first has_text_color entry-title color_link_inherit\">Silene sendtneri<\/div><\/div>\t\t<\/div>\r\n\t\t\t<\/article>\r\n\t<article class=\"w-grid-item size_1x1 post-2983 attachment type-attachment status-inherit hentry\" data-id=\"2983\">\r\n\t\t<div class=\"w-grid-item-h\">\r\n\t\t\t\t\t\t\t<a ref=\"magnificPopupGrid\" href=\"https:\/\/www.katunroads.me\/wp-content\/uploads\/2017\/06\/Wulfenia-blecici.jpg\" class=\"w-grid-item-anchor\" aria-label=\"Wulfenia Blecici\"><\/a>\r\n\t\t\t\t\t\t<div class=\"w-post-elm post_image usg_post_image_1 has_ratio\"><img loading=\"lazy\" decoding=\"async\" width=\"269\" height=\"350\" src=\"https:\/\/www.katunroads.me\/wp-content\/uploads\/2017\/06\/Wulfenia-blecici.jpg\" class=\"attachment-us_350_350_crop size-us_350_350_crop\" alt=\"\" \/><div style=\"padding-bottom:100%\"><\/div><\/div><div class=\"w-vwrapper usg_vwrapper_1 align_none valign_top\"><div class=\"w-post-elm post_title usg_post_title_1 hide_if_not_first has_text_color entry-title color_link_inherit\">Wulfenia Blecici<\/div><\/div>\t\t<\/div>\r\n\t\t\t<\/article>\r\n<\/div>\t<div class=\"w-grid-preloader\">\r\n\t\t<div class=\"g-preloader type_5\">\r\n\t\t\t<div><\/div>\r\n\t\t<\/div>\r\n\t<\/div>\r\n\t\t<div class=\"w-grid-json hidden\" onclick='return {&quot;action&quot;:&quot;us_ajax_grid&quot;,&quot;infinite_scroll&quot;:0,&quot;max_num_pages&quot;:1,&quot;pagination&quot;:&quot;none&quot;,&quot;template_vars&quot;:{&quot;columns&quot;:&quot;2&quot;,&quot;exclude_items&quot;:&quot;none&quot;,&quot;img_size&quot;:&quot;us_350_350_crop&quot;,&quot;ignore_items_size&quot;:0,&quot;items_layout&quot;:&quot;gallery_with_titles_over&quot;,&quot;items_offset&quot;:&quot;1&quot;,&quot;load_animation&quot;:&quot;none&quot;,&quot;overriding_link&quot;:&quot;%7B%22type%22%3A%22popup_image%22%7D&quot;,&quot;post_id&quot;:0,&quot;query_args&quot;:{&quot;post_type&quot;:[&quot;attachment&quot;],&quot;post__in&quot;:[&quot;1958&quot;,&quot;1961&quot;,&quot;1964&quot;,&quot;1966&quot;,&quot;1967&quot;,&quot;1969&quot;,&quot;1971&quot;,&quot;1972&quot;,&quot;1975&quot;,&quot;1973&quot;,&quot;1977&quot;,&quot;1978&quot;,&quot;1979&quot;],&quot;post_status&quot;:&quot;inherit&quot;,&quot;post_mime_type&quot;:&quot;image&quot;,&quot;posts_per_page&quot;:999},&quot;orderby_query_args&quot;:{&quot;orderby&quot;:{&quot;post__in&quot;:&quot;ASC&quot;},&quot;order&quot;:&quot;ASC&quot;},&quot;type&quot;:&quot;grid&quot;,&quot;us_grid_post_type&quot;:&quot;attachment&quot;,&quot;us_grid_ajax_index&quot;:1,&quot;us_grid_filter_query_string&quot;:null,&quot;us_grid_index&quot;:1,&quot;page_args&quot;:[],&quot;lang&quot;:&quot;sq&quot;}}'><\/div>\r\n\t<\/div><\/div><\/div><\/div><div class=\"w-separator size_large\"><\/div>[vc_wp_custommenu title=&#8221;Biodiverzitet&#8221; nav_menu=&#8221;47&#8243;]<\/div><\/div><\/div><\/div><\/section>\n","protected":false},"excerpt":{"rendered":"","protected":false},"author":1,"featured_media":2971,"parent":4179,"menu_order":0,"comment_status":"closed","ping_status":"closed","template":"","meta":{"_acf_changed":false,"footnotes":""},"class_list":["post-4189","page","type-page","status-publish","has-post-thumbnail","hentry"],"acf":[],"_links":{"self":[{"href":"https:\/\/www.katunroads.me\/sq\/wp-json\/wp\/v2\/pages\/4189","targetHints":{"allow":["GET"]}}],"collection":[{"href":"https:\/\/www.katunroads.me\/sq\/wp-json\/wp\/v2\/pages"}],"about":[{"href":"https:\/\/www.katunroads.me\/sq\/wp-json\/wp\/v2\/types\/page"}],"author":[{"embeddable":true,"href":"https:\/\/www.katunroads.me\/sq\/wp-json\/wp\/v2\/users\/1"}],"replies":[{"embeddable":true,"href":"https:\/\/www.katunroads.me\/sq\/wp-json\/wp\/v2\/comments?post=4189"}],"version-history":[{"count":6,"href":"https:\/\/www.katunroads.me\/sq\/wp-json\/wp\/v2\/pages\/4189\/revisions"}],"predecessor-version":[{"id":5028,"href":"https:\/\/www.katunroads.me\/sq\/wp-json\/wp\/v2\/pages\/4189\/revisions\/5028"}],"up":[{"embeddable":true,"href":"https:\/\/www.katunroads.me\/sq\/wp-json\/wp\/v2\/pages\/4179"}],"wp:featuredmedia":[{"embeddable":true,"href":"https:\/\/www.katunroads.me\/sq\/wp-json\/wp\/v2\/media\/2971"}],"wp:attachment":[{"href":"https:\/\/www.katunroads.me\/sq\/wp-json\/wp\/v2\/media?parent=4189"}],"curies":[{"name":"wp","href":"https:\/\/api.w.org\/{rel}","templated":true}]}}