{"id":4198,"date":"2017-06-23T06:07:10","date_gmt":"2017-06-23T06:07:10","guid":{"rendered":"http:\/\/www.katunroads.me\/rruga-e-tebanave-mali-i-zi\/biodiversiteti\/flore\/toxic-species\/"},"modified":"2022-05-04T08:48:12","modified_gmt":"2022-05-04T08:48:12","slug":"llojet-bimore-helmuese-toksike","status":"publish","type":"page","link":"https:\/\/www.katunroads.me\/sq\/rruga-e-tebanave-mali-i-zi\/biodiversiteti\/flore\/llojet-bimore-helmuese-toksike\/","title":{"rendered":"Llojet bimore helmuese &#8211; toksike"},"content":{"rendered":"<section class=\"l-section wpb_row height_medium\"><div class=\"l-section-h i-cf\"><div class=\"g-cols vc_row via_grid cols_2-1 laptops-cols_inherit tablets-cols_inherit mobiles-cols_1 valign_top type_default stacking_default\"><div class=\"wpb_column vc_column_container\"><div class=\"vc_column-inner\"><div class=\"wpb_text_column\"><div class=\"wpb_wrapper\">\t\t\t<!-- Flexy Breadcrumb -->\r\n\t\t\t<div class=\"fbc fbc-page\">\r\n\r\n\t\t\t\t<!-- Breadcrumb wrapper -->\r\n\t\t\t\t<div class=\"fbc-wrap\">\r\n\r\n\t\t\t\t\t<!-- Ordered list-->\r\n\t\t\t\t\t<ol class=\"fbc-items\" itemscope itemtype=\"https:\/\/schema.org\/BreadcrumbList\">\r\n\t\t\t\t\t\t            <li itemprop=\"itemListElement\" itemscope itemtype=\"https:\/\/schema.org\/ListItem\">\r\n                <span itemprop=\"name\">\r\n                    <!-- Home Link -->\r\n                    <a itemprop=\"item\" href=\"http:\/\/www.katunroads.me\">\r\n                    \r\n                                                    <i class=\"fa fa-home\" aria-hidden=\"true\"><\/i>                    <\/a>\r\n                <\/span>\r\n                <meta itemprop=\"position\" content=\"1\" \/><!-- Meta Position-->\r\n             <\/li><li><span class=\"fbc-separator\">\/<\/span><\/li><li class=\"active\" itemprop=\"itemListElement\" itemscope itemtype=\"https:\/\/schema.org\/ListItem\"><span itemprop=\"name\" title=\"Llojet bimore helmuese &#8211; toksike\">Llojet bimore helmuese &#8211;...<\/span><meta itemprop=\"position\" content=\"2\" \/><\/li>\t\t\t\t\t<\/ol>\r\n\t\t\t\t\t<div class=\"clearfix\"><\/div>\r\n\t\t\t\t<\/div>\r\n\t\t\t<\/div>\r\n\t\t\t\n<\/div><\/div>[vc_custom_heading source=&#8221;post_title&#8221; font_container=&#8221;tag:h2|text_align:left|color:%23b2784c&#8221; use_theme_fonts=&#8221;yes&#8221; css=&#8221;%7B%22default%22%3A%7B%22color%22%3A%22%23b2784c%22%7D%7D&#8221;]<div class=\"wpb_text_column\"><div class=\"wpb_wrapper\"><p><strong>HELMARINA \u2013 ATROPA BELLADONNA<\/strong><\/p>\n<p>Kjo bim\u00eb duket madh\u00ebshtore n\u00eb vjesht\u00eb kur i piqet fruti \u2013 kokrrizat. Pik\u00ebrisht at\u00ebher\u00eb duhet t\u00eb jemi t\u00eb kujdessh\u00ebm me grumbullimin e frytave ushqimore t\u00eb disa bim\u00ebve. Alkaloidi \u2013 Atropini q\u00eb fitohet nga kjo bim\u00eb p\u00ebrdoret n\u00eb okulistik p\u00ebr zgjerim t\u00eb beb\u00ebzave t\u00eb syrit, kurse tek popujt e lasht\u00eb e kan\u00eb shfryt\u00ebzuar femrat p\u00ebr dukje m\u00eb t\u00eb bukur t\u00eb syrit.<\/p>\n<p><strong>AKONITI I PANTO\u00c7EKUT \u2013 ACONITUM VULPERIA SUBSP. PANTOCSKIANUM<\/strong><\/p>\n<p>Ky takson paraqet n\u00ebnllojin endemik t\u00eb p\u00ebrhapur n\u00ebp\u00ebr male t\u00eb Evrop\u00ebs jugore dhe qendrore. T\u00eb gjitha pjes\u00ebt e bim\u00ebs p\u00ebrmbajn\u00eb akonit shum\u00eb helmues, ashtu q\u00eb me t\u00eb gjitha gjasa b\u00ebhet fjal\u00eb p\u00ebr bim\u00ebn m\u00eb helmuese t\u00eb Evrop\u00ebs.<\/p>\n<p><strong>SHTARA \u2013 VERATRUM ALBUM<\/strong><\/p>\n<p>Lloj mjaft i njohur n\u00eb popull dhe mjaft i p\u00ebrhapur n[ bjeshk\u00ebt tona. Bag\u00ebtia nuk e han, por njer\u00ebzit munden duke e p\u00ebrzier at\u00eb derisa i ka gjethet e im\u00ebta dhe t\u00eb reja me gjethe t\u00eb hudhr\u00ebs s\u00eb ariut, \u00e7ka mund t\u00eb shpjer\u00eb deri tek helmimi i cili manifestohet me kok\u00ebdhimbje, vjellje, temperatur\u00eb t\u00eb lart\u00eb etj.<\/p>\n<p><strong>LULEMUSTAKU ( Lonicera alpigena )<\/strong><\/p>\n<p>Gjethor q\u00eb lulon gjat\u00eb muajit maj. Lulet jan\u00eb t\u00eb ngjyr\u00ebs roz\u00eb, kurse frytet e pjekura jan\u00eb me ngjyr\u00eb t\u00eb kuqe t\u00eb err\u00ebt dhe nuk hahen.<\/p>\n<p><strong>DAFIN\u00cb \u2013 DAPHNE MEZEREUM <\/strong><\/p>\n<p>Em\u00ebrtimi i k\u00ebsaj bime rrjedh nga vlera e saj e p\u00ebrdorimit. Sipas tregimeve, hajdut\u00ebt kan\u00eb p\u00ebrdorur l\u00ebkur\u00ebn e saj p\u00ebr t\u00eb lidhur k\u00ebpuc\u00ebt \u2013 opingat. Lul\u00ebzon vet\u00ebm n\u00eb pranver\u00eb, kurse rrethlulja \u00ebsht\u00eb me ngjyr\u00eb t\u00eb gjall\u00eb p\u00ebr \u00e7 arsye n\u00eb disa vise e quajn\u00eb edhe \u201cjargavan pylli\u201d.<\/p>\n<p><strong>LULE SH\u00cbN GJERGJI \u2013 CONVALLARIA MAJALIS<\/strong><\/p>\n<p>Lul\u00ebzon rreth Sh\u00ebn Gjergjit, ashtu q\u00eb nga ky fakt e ka edhe emrin e atill\u00eb (n\u00eb gjuh\u00eb sllave). Lulet i ka n\u00eb form\u00eb kambane dhe t\u00eb bardh\u00eb, kurse gjethet jan\u00eb shum\u00eb t\u00eb ngjash\u00ebm me gjethe t\u00eb hudhr\u00ebs s\u00eb ariut, ashtu q\u00eb kur grumbullohet hudhra e ariut duhet t\u00eb jemi shum\u00eb t\u00eb kujdessh\u00ebm. Ngase p\u00ebrmban alkaloid\u00eb glikozide helmuese, p\u00ebrdoret n\u00eb mjek\u00ebsin\u00eb zyrtare p\u00ebr mjekim t\u00eb pengesave kardiake, p\u00ebr \u00e7 arsye n\u00eb habitatet natyrore \u00ebsht\u00eb e rrall\u00eb.<\/p>\n<\/div><\/div><div class=\"w-separator size_medium\"><\/div><div class=\"w-sharing type_outlined align_none color_default\"><div class=\"w-sharing-list\"><a class=\"w-sharing-item email\" href=\"mailto:?subject=Llojet+bimore+helmuese+&#8211;+toksike&amp;body=https:\/\/www.katunroads.me\/sq\/wp-json\/wp\/v2\/pages\/4198\" title=\"Email this\" aria-label=\"Email this\"><i class=\"fas fa-envelope\"><\/i><\/a><a class=\"w-sharing-item facebook\" href=\"https:\/\/www.facebook.com\/sharer\/sharer.php?u=https:\/\/www.katunroads.me\/sq\/wp-json\/wp\/v2\/pages\/4198&amp;quote=Llojet+bimore+helmuese+&#8211;+toksike\" title=\"Share this\" aria-label=\"Share this\" onclick=\"window.open(this.href, &quot;facebook&quot;, &quot;toolbar=0,width=900,height=500&quot;); return false;\"><i class=\"fab fa-facebook\"><\/i><\/a><a class=\"w-sharing-item twitter\" href=\"https:\/\/twitter.com\/intent\/tweet?text=Llojet+bimore+helmuese+&#8211;+toksike&amp;url=https:\/\/www.katunroads.me\/sq\/wp-json\/wp\/v2\/pages\/4198\" title=\"Share this\" aria-label=\"Share this\" onclick=\"window.open(this.href, &quot;twitter&quot;, &quot;toolbar=0,width=650,height=360&quot;); return false;\"><i class=\"fab fa-x-twitter\"><svg style=\"width:1em; margin-bottom:-.1em;\" xmlns=\"http:\/\/www.w3.org\/2000\/svg\" viewBox=\"0 0 512 512\" role=\"presentation\"><path fill=\"currentColor\" d=\"M389.2 48h70.6L305.6 224.2 487 464H345L233.7 318.6 106.5 464H35.8L200.7 275.5 26.8 48H172.4L272.9 180.9 389.2 48zM364.4 421.8h39.1L151.1 88h-42L364.4 421.8z\"\/><\/svg><\/i><\/a><\/div><\/div><\/div><\/div><div class=\"wpb_column vc_column_container\"><div class=\"vc_column-inner\">[vc_wp_custommenu title=&#8221;Vrste&#8221; nav_menu=&#8221;48&#8243;]<div class=\"w-separator size_large\"><\/div><div class=\"g-cols wpb_row via_grid cols_1 laptops-cols_inherit tablets-cols_inherit mobiles-cols_1 valign_top type_default stacking_default\" style=\"--columns-gap:3rem;\"><div class=\"wpb_column vc_column_container\"><div class=\"vc_column-inner\">[vc_custom_heading text=&#8221;Fotografit\u00eb&#8221; font_container=&#8221;tag:h4|text_align:left&#8221; use_theme_fonts=&#8221;yes&#8221;]<div class=\"w-grid us_grid type_grid layout_gallery_with_titles_over cols_2 overflow_hidden preload_style_spinner\" id=\"us_grid_1\" style=\"--columns:2;\" data-filterable=\"true\"><style>.layout_gallery_with_titles_over .w-grid-item-h{}.layout_gallery_with_titles_over .usg_vwrapper_1{position:absolute!important;right:0!important;bottom:0!important;left:0!important;background:linear-gradient(transparent,rgba(30,30,30,0.8))!important;padding:15% 7% 6% 7%!important}.layout_gallery_with_titles_over .usg_post_title_1{color:#fff!important;font-size:0.8rem!important;line-height:1.6!important;margin-bottom:0!important}.layout_gallery_with_titles_over .usg_post_custom_field_1{color:#fff!important;font-size:0.8rem!important;line-height:1.6!important;margin-bottom:0!important}.layout_gallery_with_titles_over .usg_post_content_1{color:#fff!important;font-size:0.8rem!important;line-height:1.6!important;margin-bottom:0!important}.layout_gallery_with_titles_over .usg_post_content_2{color:rgba(255,255,255,0.5)!important;font-size:0.8rem!important;line-height:1.6!important;margin-top:0.2rem!important;margin-bottom:0.2rem!important}<\/style><div class=\"w-grid-list\">\t<article class=\"w-grid-item size_1x1 post-3011 attachment type-attachment status-inherit hentry\" data-id=\"3011\">\r\n\t\t<div class=\"w-grid-item-h\">\r\n\t\t\t\t\t\t\t<a ref=\"magnificPopupGrid\" href=\"https:\/\/www.katunroads.me\/wp-content\/uploads\/2017\/06\/Atropa-belladonna-Velebilje.jpg\" class=\"w-grid-item-anchor\" aria-label=\"Atropa belladonna\"><\/a>\r\n\t\t\t\t\t\t<div class=\"w-post-elm post_image usg_post_image_1 has_ratio\"><img loading=\"lazy\" decoding=\"async\" width=\"350\" height=\"263\" src=\"https:\/\/www.katunroads.me\/wp-content\/uploads\/2017\/06\/Atropa-belladonna-Velebilje.jpg\" class=\"attachment-us_350_350_crop size-us_350_350_crop\" alt=\"\" \/><div style=\"padding-bottom:100%\"><\/div><\/div><div class=\"w-vwrapper usg_vwrapper_1 align_none valign_top\"><div class=\"w-post-elm post_title usg_post_title_1 hide_if_not_first has_text_color entry-title color_link_inherit\">Atropa belladonna<\/div><\/div>\t\t<\/div>\r\n\t\t\t<\/article>\r\n\t<article class=\"w-grid-item size_1x1 post-3013 attachment type-attachment status-inherit hentry\" data-id=\"3013\">\r\n\t\t<div class=\"w-grid-item-h\">\r\n\t\t\t\t\t\t\t<a ref=\"magnificPopupGrid\" href=\"https:\/\/www.katunroads.me\/wp-content\/uploads\/2017\/06\/Aconitum-vulparia-pantocsekianum-P1010168.jpg\" class=\"w-grid-item-anchor\" aria-label=\"Aconitum vulperia\"><\/a>\r\n\t\t\t\t\t\t<div class=\"w-post-elm post_image usg_post_image_1 has_ratio\"><img loading=\"lazy\" decoding=\"async\" width=\"263\" height=\"350\" src=\"https:\/\/www.katunroads.me\/wp-content\/uploads\/2017\/06\/Aconitum-vulparia-pantocsekianum-P1010168.jpg\" class=\"attachment-us_350_350_crop size-us_350_350_crop\" alt=\"\" \/><div style=\"padding-bottom:100%\"><\/div><\/div><div class=\"w-vwrapper usg_vwrapper_1 align_none valign_top\"><div class=\"w-post-elm post_title usg_post_title_1 hide_if_not_first has_text_color entry-title color_link_inherit\">Aconitum vulperia<\/div><\/div>\t\t<\/div>\r\n\t\t\t<\/article>\r\n\t<article class=\"w-grid-item size_1x1 post-3015 attachment type-attachment status-inherit hentry\" data-id=\"3015\">\r\n\t\t<div class=\"w-grid-item-h\">\r\n\t\t\t\t\t\t\t<a ref=\"magnificPopupGrid\" href=\"https:\/\/www.katunroads.me\/wp-content\/uploads\/2017\/06\/Veratrum-album-\u010cemerika-Bijela.jpg\" class=\"w-grid-item-anchor\" aria-label=\"Veratrum album\"><\/a>\r\n\t\t\t\t\t\t<div class=\"w-post-elm post_image usg_post_image_1 has_ratio\"><img loading=\"lazy\" decoding=\"async\" width=\"350\" height=\"233\" src=\"https:\/\/www.katunroads.me\/wp-content\/uploads\/2017\/06\/Veratrum-album-\u010cemerika-Bijela.jpg\" class=\"attachment-us_350_350_crop size-us_350_350_crop\" alt=\"\" \/><div style=\"padding-bottom:100%\"><\/div><\/div><div class=\"w-vwrapper usg_vwrapper_1 align_none valign_top\"><div class=\"w-post-elm post_title usg_post_title_1 hide_if_not_first has_text_color entry-title color_link_inherit\">Veratrum album<\/div><\/div>\t\t<\/div>\r\n\t\t\t<\/article>\r\n\t<article class=\"w-grid-item size_1x1 post-3017 attachment type-attachment status-inherit hentry\" data-id=\"3017\">\r\n\t\t<div class=\"w-grid-item-h\">\r\n\t\t\t\t\t\t\t<a ref=\"magnificPopupGrid\" href=\"https:\/\/www.katunroads.me\/wp-content\/uploads\/2017\/06\/Lonicera-alpigena.jpg\" class=\"w-grid-item-anchor\" aria-label=\"Lonicera Alpigena\"><\/a>\r\n\t\t\t\t\t\t<div class=\"w-post-elm post_image usg_post_image_1 has_ratio\"><img loading=\"lazy\" decoding=\"async\" width=\"350\" height=\"263\" src=\"https:\/\/www.katunroads.me\/wp-content\/uploads\/2017\/06\/Lonicera-alpigena.jpg\" class=\"attachment-us_350_350_crop size-us_350_350_crop\" alt=\"\" \/><div style=\"padding-bottom:100%\"><\/div><\/div><div class=\"w-vwrapper usg_vwrapper_1 align_none valign_top\"><div class=\"w-post-elm post_title usg_post_title_1 hide_if_not_first has_text_color entry-title color_link_inherit\">Lonicera Alpigena<\/div><\/div>\t\t<\/div>\r\n\t\t\t<\/article>\r\n\t<article class=\"w-grid-item size_1x1 post-3019 attachment type-attachment status-inherit hentry\" data-id=\"3019\">\r\n\t\t<div class=\"w-grid-item-h\">\r\n\t\t\t\t\t\t\t<a ref=\"magnificPopupGrid\" href=\"https:\/\/www.katunroads.me\/wp-content\/uploads\/2017\/06\/Daphne-Mezereum-Hajdu\u010dka-Oputa.jpg\" class=\"w-grid-item-anchor\" aria-label=\"Daphne Mezereum\"><\/a>\r\n\t\t\t\t\t\t<div class=\"w-post-elm post_image usg_post_image_1 has_ratio\"><img loading=\"lazy\" decoding=\"async\" width=\"350\" height=\"263\" src=\"https:\/\/www.katunroads.me\/wp-content\/uploads\/2017\/06\/Daphne-Mezereum-Hajdu\u010dka-Oputa.jpg\" class=\"attachment-us_350_350_crop size-us_350_350_crop\" alt=\"\" \/><div style=\"padding-bottom:100%\"><\/div><\/div><div class=\"w-vwrapper usg_vwrapper_1 align_none valign_top\"><div class=\"w-post-elm post_title usg_post_title_1 hide_if_not_first has_text_color entry-title color_link_inherit\">Daphne Mezereum<\/div><\/div>\t\t<\/div>\r\n\t\t\t<\/article>\r\n\t<article class=\"w-grid-item size_1x1 post-3021 attachment type-attachment status-inherit hentry\" data-id=\"3021\">\r\n\t\t<div class=\"w-grid-item-h\">\r\n\t\t\t\t\t\t\t<a ref=\"magnificPopupGrid\" href=\"https:\/\/www.katunroads.me\/wp-content\/uploads\/2017\/06\/Convallaria-majalis.jpg\" class=\"w-grid-item-anchor\" aria-label=\"Convallaria Majalis\"><\/a>\r\n\t\t\t\t\t\t<div class=\"w-post-elm post_image usg_post_image_1 has_ratio\"><img loading=\"lazy\" decoding=\"async\" width=\"350\" height=\"264\" src=\"https:\/\/www.katunroads.me\/wp-content\/uploads\/2017\/06\/Convallaria-majalis.jpg\" class=\"attachment-us_350_350_crop size-us_350_350_crop\" alt=\"\" \/><div style=\"padding-bottom:100%\"><\/div><\/div><div class=\"w-vwrapper usg_vwrapper_1 align_none valign_top\"><div class=\"w-post-elm post_title usg_post_title_1 hide_if_not_first has_text_color entry-title color_link_inherit\">Convallaria Majalis<\/div><\/div>\t\t<\/div>\r\n\t\t\t<\/article>\r\n<\/div>\t<div class=\"w-grid-preloader\">\r\n\t\t<div class=\"g-preloader type_5\">\r\n\t\t\t<div><\/div>\r\n\t\t<\/div>\r\n\t<\/div>\r\n\t\t<div class=\"w-grid-json hidden\" onclick='return {&quot;action&quot;:&quot;us_ajax_grid&quot;,&quot;infinite_scroll&quot;:0,&quot;max_num_pages&quot;:1,&quot;pagination&quot;:&quot;none&quot;,&quot;template_vars&quot;:{&quot;columns&quot;:&quot;2&quot;,&quot;exclude_items&quot;:&quot;none&quot;,&quot;img_size&quot;:&quot;us_350_350_crop&quot;,&quot;ignore_items_size&quot;:0,&quot;items_layout&quot;:&quot;gallery_with_titles_over&quot;,&quot;items_offset&quot;:&quot;1&quot;,&quot;load_animation&quot;:&quot;none&quot;,&quot;overriding_link&quot;:&quot;%7B%22type%22%3A%22popup_image%22%7D&quot;,&quot;post_id&quot;:0,&quot;query_args&quot;:{&quot;post_type&quot;:[&quot;attachment&quot;],&quot;post__in&quot;:[&quot;2004&quot;,&quot;2005&quot;,&quot;2006&quot;,&quot;2007&quot;,&quot;2009&quot;,&quot;2010&quot;],&quot;post_status&quot;:&quot;inherit&quot;,&quot;post_mime_type&quot;:&quot;image&quot;,&quot;posts_per_page&quot;:999},&quot;orderby_query_args&quot;:{&quot;orderby&quot;:{&quot;post__in&quot;:&quot;ASC&quot;},&quot;order&quot;:&quot;ASC&quot;},&quot;type&quot;:&quot;grid&quot;,&quot;us_grid_post_type&quot;:&quot;attachment&quot;,&quot;us_grid_ajax_index&quot;:1,&quot;us_grid_filter_query_string&quot;:null,&quot;us_grid_index&quot;:1,&quot;page_args&quot;:[],&quot;lang&quot;:&quot;sq&quot;}}'><\/div>\r\n\t<\/div><\/div><\/div><\/div><div class=\"w-separator size_large\"><\/div>[vc_wp_custommenu title=&#8221;Biodiverzitet&#8221; nav_menu=&#8221;47&#8243;]<\/div><\/div><\/div><\/div><\/section>\n","protected":false},"excerpt":{"rendered":"","protected":false},"author":1,"featured_media":3021,"parent":4179,"menu_order":0,"comment_status":"closed","ping_status":"closed","template":"","meta":{"_acf_changed":false,"footnotes":""},"class_list":["post-4198","page","type-page","status-publish","has-post-thumbnail","hentry"],"acf":[],"_links":{"self":[{"href":"https:\/\/www.katunroads.me\/sq\/wp-json\/wp\/v2\/pages\/4198","targetHints":{"allow":["GET"]}}],"collection":[{"href":"https:\/\/www.katunroads.me\/sq\/wp-json\/wp\/v2\/pages"}],"about":[{"href":"https:\/\/www.katunroads.me\/sq\/wp-json\/wp\/v2\/types\/page"}],"author":[{"embeddable":true,"href":"https:\/\/www.katunroads.me\/sq\/wp-json\/wp\/v2\/users\/1"}],"replies":[{"embeddable":true,"href":"https:\/\/www.katunroads.me\/sq\/wp-json\/wp\/v2\/comments?post=4198"}],"version-history":[{"count":7,"href":"https:\/\/www.katunroads.me\/sq\/wp-json\/wp\/v2\/pages\/4198\/revisions"}],"predecessor-version":[{"id":5030,"href":"https:\/\/www.katunroads.me\/sq\/wp-json\/wp\/v2\/pages\/4198\/revisions\/5030"}],"up":[{"embeddable":true,"href":"https:\/\/www.katunroads.me\/sq\/wp-json\/wp\/v2\/pages\/4179"}],"wp:featuredmedia":[{"embeddable":true,"href":"https:\/\/www.katunroads.me\/sq\/wp-json\/wp\/v2\/media\/3021"}],"wp:attachment":[{"href":"https:\/\/www.katunroads.me\/sq\/wp-json\/wp\/v2\/media?parent=4198"}],"curies":[{"name":"wp","href":"https:\/\/api.w.org\/{rel}","templated":true}]}}