{"id":4209,"date":"2017-06-23T06:44:34","date_gmt":"2017-06-23T06:44:34","guid":{"rendered":"http:\/\/www.katunroads.me\/rruga-e-tebanave-mali-i-zi\/biodiversiteti\/kerpudhat\/jestive-gljive\/"},"modified":"2022-05-04T08:48:12","modified_gmt":"2022-05-04T08:48:12","slug":"kerpudhat-johelmuese","status":"publish","type":"page","link":"https:\/\/www.katunroads.me\/sq\/rruga-e-tebanave-mali-i-zi\/biodiversiteti\/kerpudhat\/kerpudhat-johelmuese\/","title":{"rendered":"K\u00ebrpudhat johelmuese"},"content":{"rendered":"<section class=\"l-section wpb_row height_medium\"><div class=\"l-section-h i-cf\"><div class=\"g-cols vc_row via_grid cols_2-1 laptops-cols_inherit tablets-cols_inherit mobiles-cols_1 valign_top type_default stacking_default\"><div class=\"wpb_column vc_column_container\"><div class=\"vc_column-inner\"><div class=\"wpb_text_column\"><div class=\"wpb_wrapper\">\t\t\t<!-- Flexy Breadcrumb -->\r\n\t\t\t<div class=\"fbc fbc-page\">\r\n\r\n\t\t\t\t<!-- Breadcrumb wrapper -->\r\n\t\t\t\t<div class=\"fbc-wrap\">\r\n\r\n\t\t\t\t\t<!-- Ordered list-->\r\n\t\t\t\t\t<ol class=\"fbc-items\" itemscope itemtype=\"https:\/\/schema.org\/BreadcrumbList\">\r\n\t\t\t\t\t\t            <li itemprop=\"itemListElement\" itemscope itemtype=\"https:\/\/schema.org\/ListItem\">\r\n                <span itemprop=\"name\">\r\n                    <!-- Home Link -->\r\n                    <a itemprop=\"item\" href=\"http:\/\/www.katunroads.me\">\r\n                    \r\n                                                    <i class=\"fa fa-home\" aria-hidden=\"true\"><\/i>                    <\/a>\r\n                <\/span>\r\n                <meta itemprop=\"position\" content=\"1\" \/><!-- Meta Position-->\r\n             <\/li><li><span class=\"fbc-separator\">\/<\/span><\/li><li class=\"active\" itemprop=\"itemListElement\" itemscope itemtype=\"https:\/\/schema.org\/ListItem\"><span itemprop=\"name\" title=\"K\u00ebrpudhat johelmuese\">K\u00ebrpudhat johelmuese<\/span><meta itemprop=\"position\" content=\"2\" \/><\/li>\t\t\t\t\t<\/ol>\r\n\t\t\t\t\t<div class=\"clearfix\"><\/div>\r\n\t\t\t\t<\/div>\r\n\t\t\t<\/div>\r\n\t\t\t\n<\/div><\/div>[vc_custom_heading source=&#8221;post_title&#8221; font_container=&#8221;tag:h2|text_align:left|color:%23b2784c&#8221; use_theme_fonts=&#8221;yes&#8221; css=&#8221;%7B%22default%22%3A%7B%22color%22%3A%22%23b2784c%22%7D%7D&#8221;]<div class=\"wpb_text_column\"><div class=\"wpb_wrapper\"><p><strong>BOLETI (lat. Boletus edulis Bull ex Fr) <\/strong><\/p>\n<p>shpesh e quajtur si k\u00ebrpudha e v\u00ebrtet\u00eb, ndodhet n\u00eb l\u00ebndina dhe shpate t\u00eb mbuluara me myshk nga vera deri n\u00eb vjesht\u00eb. Rritet p\u00ebrbri qarrit dhe lisit n\u00eb brend\u00ebsi dhe n\u00eb trualle acidike, n\u00eb g\u00eblqerore, dolomit\u00eb, e posa\u00e7\u00ebrisht n\u00eb morene. Kjo k\u00ebrpudh\u00eb \u00ebsht\u00eb shum\u00eb e shijshme dhe ndodhet n\u00eb menyn\u00eb e restoranteve t\u00eb shumta.<\/p>\n<p><strong>SPUNGE KONIKE (lat. Morchella conica Fr. Ex. Persoon) <\/strong><\/p>\n<p>rriten kryesisht n\u00eb pyje halore, n\u00eb lart\u00ebsi t\u00eb larta mbidetare, por edhe n\u00eb pyje t\u00eb p\u00ebrziera. Ndodhen edhe n\u00ebp\u00ebr skaje t\u00eb pyllit, n\u00eb shkrepe, gryka, rreth gropave dhe n\u00eb vende krejt\u00ebsisht t\u00eb papritura. Rritet m\u00eb s\u00eb shumti n\u00eb grupime nga 15-20 cop\u00eb. N\u00eb rrafshina i parap\u00eblqen p\u00ebrrenjt\u00eb, af\u00ebrsit\u00eb e lumenjve, grumbuj t\u00eb mbeturinave t\u00eb hedhura , mbeturinave nga druri. Krejt trupi \u00ebsht\u00eb i zbraz\u00ebt, mishi i zbeht\u00eb, me konstrukt i ngjash\u00ebm me t\u00eb dyllit, por \u00ebsht\u00eb i fort\u00eb si k\u00ebrcor. Ka arom\u00eb unike e cila intensifikohet kur \u00ebsht\u00eb i thar\u00eb. At\u00ebher\u00eb \u00ebsht\u00eb m\u00eb i vler\u00ebsuari si shtes\u00eb n\u00eb salca, supe dhe n\u00eb t\u00eb gjitha mrekullit\u00eb e gastronomis\u00eb.<\/p>\n<p><strong>DHELPRUSHA (lat. Cantharellus cibarius Fr<\/strong>.)<\/p>\n<p>Me form\u00eb konike, me ngjyr\u00eb portokall n\u00eb t\u00eb verdh\u00eb, rritet zakonisht n\u00eb grup t\u00eb k\u00ebrpudhave nga e nj\u00ebjta familje, n\u00eb simbioz\u00eb me rr\u00ebnj\u00ebt e bim\u00ebve gjether\u00ebn\u00ebse dhe gjethembajt\u00ebse, m\u00eb s\u00eb shpeshti qarrit dhe bredhit. \u00cbsht\u00eb nj\u00eb nga llojet m\u00eb t\u00eb bukura dhe m\u00eb t\u00eb vler\u00ebsuara t\u00eb k\u00ebrpudhave q\u00eb p\u00ebrdoren si ushqim. \u00cbsht\u00eb e pasur me vitamin\u00eb C. P\u00ebr shkak t\u00eb mishit t\u00eb gjall\u00eb, tretet pak m\u00eb v\u00ebshtir\u00eb, por \u00ebsht\u00eb e p\u00ebrshtatshme p\u00ebr m\u00ebnyra t\u00eb ndryshme t\u00eb p\u00ebrgatitjes, \u00ebsht\u00eb e mir\u00eb p\u00ebr tharje dhe marinim.<\/p>\n<p><strong>K\u00cbRPUDHA \u00c7AD\u00cbR (lat. Macrolepiota procera) <\/strong><\/p>\n<p>\u00ebsht\u00eb lloj i k\u00ebrpudhave q\u00eb hahen dhe jan\u00eb t\u00eb kualitetit t\u00eb shk\u00eblqyesh\u00ebm. \u00cbsht\u00eb nj\u00eb nga k\u00ebrpudhat m\u00eb t\u00eb m\u00ebdha, dhe \u00ebsht\u00eb interesante sepse p\u00ebrkujton n\u00eb \u00e7ad\u00ebr zonjash, prej nga e ka fituar edhe emrin. Aroma e k\u00ebrpudh\u00ebs \u00ebsht\u00eb e k\u00ebndshme dhe t\u00eb p\u00ebrkujton n\u00eb lajthia. Rritet n\u00eb t\u00eb gjitha pyjet, gjat\u00eb ver\u00ebs dhe vjesht\u00ebs.<\/p>\n<p><strong>LOP\u00cbZA PISH\u00cbKUQE (lat. Lactorius deliciosus)<\/strong><\/p>\n<p>\u00ebsht\u00eb lloj i k\u00ebrpudh\u00ebs johelmuese dhe shum\u00eb e shijshme. Rritet nga vera deri n\u00eb fund t\u00eb vjesht\u00ebs n\u00eb pyje halore, e posa\u00e7\u00ebrisht n\u00ebn pisha, n\u00eb l\u00ebndina t\u00eb lag\u00ebshta dhe af\u00ebr pyllit. Kapela tek k\u00ebrpudhat e vogla \u00ebsht\u00eb konvekse, e m\u00eb von\u00eb ulet n\u00eb form\u00eb hinke dhe fiton ngjyr\u00eb portokalli n\u00eb t\u00eb kuqe. Dallohen qart\u00eb rrath\u00ebt koncentrik t\u00eb cil\u00ebt kur plaket k\u00ebrpudha, shnd\u00ebrrohen n\u00eb njolla t\u00eb gjelbra. K\u00ebrcelli ka form\u00eb cilindrike, dhe n\u00eb fund \u00ebsht\u00eb pak\u00ebz m\u00eb i holl\u00eb, ka ngjyr\u00eb portokalli. \u00cbsht\u00eb i plot\u00eb derisa \u00ebsht\u00eb k\u00ebrpudha e re, por b\u00ebhet i zbraz\u00ebt kur plaket.<\/p>\n<p><strong>AMANITA RUBESKE (lat. Amanita rubescens) <\/strong><\/p>\n<p>\u00ebsht\u00eb e ve\u00e7ant\u00eb p\u00ebr faktin se mishi i saj n\u00eb prerje skuqet, fiton ngjyr\u00ebn e v\u00ebr\u00ebs. Ky \u00ebsht\u00eb dallimi i vet\u00ebm i duksh\u00ebm n\u00eb krahasim me t\u00eb gjitha amanitet tjera, e posa\u00e7\u00ebrisht me Amanita Pantherina e cila \u00ebsht\u00eb shum\u00eb e ngjashme dhe shum\u00eb helmuese. Shum\u00eb t\u00ebrheqin v\u00ebmendjen mbi nevoj\u00ebn q\u00eb para p\u00ebrdorimit t\u00eb p\u00ebrpunohet mir\u00eb termikisht, gjegj\u00ebsisht e kusht\u00ebzojn\u00eb p\u00ebrdorimin e tyre si ushqim.<\/p>\n<\/div><\/div><div class=\"w-separator size_medium\"><\/div><div class=\"w-sharing type_outlined align_none color_default\"><div class=\"w-sharing-list\"><a class=\"w-sharing-item email\" href=\"mailto:?subject=K\u00ebrpudhat+johelmuese&amp;body=https:\/\/www.katunroads.me\/sq\/wp-json\/wp\/v2\/pages\/4209\" title=\"Email this\" aria-label=\"Email this\"><i class=\"fas fa-envelope\"><\/i><\/a><a class=\"w-sharing-item facebook\" href=\"https:\/\/www.facebook.com\/sharer\/sharer.php?u=https:\/\/www.katunroads.me\/sq\/wp-json\/wp\/v2\/pages\/4209&amp;quote=K\u00ebrpudhat+johelmuese\" title=\"Share this\" aria-label=\"Share this\" onclick=\"window.open(this.href, &quot;facebook&quot;, &quot;toolbar=0,width=900,height=500&quot;); return false;\"><i class=\"fab fa-facebook\"><\/i><\/a><a class=\"w-sharing-item twitter\" href=\"https:\/\/twitter.com\/intent\/tweet?text=K\u00ebrpudhat+johelmuese&amp;url=https:\/\/www.katunroads.me\/sq\/wp-json\/wp\/v2\/pages\/4209\" title=\"Share this\" aria-label=\"Share this\" onclick=\"window.open(this.href, &quot;twitter&quot;, &quot;toolbar=0,width=650,height=360&quot;); return false;\"><i class=\"fab fa-x-twitter\"><svg style=\"width:1em; margin-bottom:-.1em;\" xmlns=\"http:\/\/www.w3.org\/2000\/svg\" viewBox=\"0 0 512 512\" role=\"presentation\"><path fill=\"currentColor\" d=\"M389.2 48h70.6L305.6 224.2 487 464H345L233.7 318.6 106.5 464H35.8L200.7 275.5 26.8 48H172.4L272.9 180.9 389.2 48zM364.4 421.8h39.1L151.1 88h-42L364.4 421.8z\"\/><\/svg><\/i><\/a><\/div><\/div><\/div><\/div><div class=\"wpb_column vc_column_container\"><div class=\"vc_column-inner\">[vc_wp_custommenu title=&#8221;Vrste&#8221; nav_menu=&#8221;78&#8243;]<div class=\"w-separator size_medium\"><\/div>[vc_custom_heading text=&#8221;Fotografit\u00eb&#8221; font_container=&#8221;tag:h4|text_align:left&#8221; use_theme_fonts=&#8221;yes&#8221;]<div class=\"w-grid us_grid type_grid layout_gallery_with_titles_over cols_2 overflow_hidden preload_style_spinner\" id=\"us_grid_1\" style=\"--columns:2;\" data-filterable=\"true\"><style>.layout_gallery_with_titles_over .w-grid-item-h{}.layout_gallery_with_titles_over .usg_vwrapper_1{position:absolute!important;right:0!important;bottom:0!important;left:0!important;background:linear-gradient(transparent,rgba(30,30,30,0.8))!important;padding:15% 7% 6% 7%!important}.layout_gallery_with_titles_over .usg_post_title_1{color:#fff!important;font-size:0.8rem!important;line-height:1.6!important;margin-bottom:0!important}.layout_gallery_with_titles_over .usg_post_custom_field_1{color:#fff!important;font-size:0.8rem!important;line-height:1.6!important;margin-bottom:0!important}.layout_gallery_with_titles_over .usg_post_content_1{color:#fff!important;font-size:0.8rem!important;line-height:1.6!important;margin-bottom:0!important}.layout_gallery_with_titles_over .usg_post_content_2{color:rgba(255,255,255,0.5)!important;font-size:0.8rem!important;line-height:1.6!important;margin-top:0.2rem!important;margin-bottom:0.2rem!important}<\/style><div class=\"w-grid-list\">\t<article class=\"w-grid-item size_1x1 post-3151 attachment type-attachment status-inherit hentry\" data-id=\"3151\">\r\n\t\t<div class=\"w-grid-item-h\">\r\n\t\t\t\t\t\t\t<a ref=\"magnificPopupGrid\" href=\"https:\/\/www.katunroads.me\/wp-content\/uploads\/2017\/06\/Bisernica-lat.-Amanita-rubescens.jpg\" class=\"w-grid-item-anchor\" aria-label=\"Amanita rubescens\"><\/a>\r\n\t\t\t\t\t\t<div class=\"w-post-elm post_image usg_post_image_1 has_ratio\"><img loading=\"lazy\" decoding=\"async\" width=\"600\" height=\"450\" src=\"https:\/\/www.katunroads.me\/wp-content\/uploads\/2017\/06\/Bisernica-lat.-Amanita-rubescens.jpg\" class=\"attachment-us_600_600_crop size-us_600_600_crop\" alt=\"\" \/><div style=\"padding-bottom:100%\"><\/div><\/div><div class=\"w-vwrapper usg_vwrapper_1 align_none valign_top\"><div class=\"w-post-elm post_title usg_post_title_1 hide_if_not_first has_text_color entry-title color_link_inherit\">Amanita rubescens<\/div><\/div>\t\t<\/div>\r\n\t\t\t<\/article>\r\n\t<article class=\"w-grid-item size_1x1 post-3149 attachment type-attachment status-inherit hentry\" data-id=\"3149\">\r\n\t\t<div class=\"w-grid-item-h\">\r\n\t\t\t\t\t\t\t<a ref=\"magnificPopupGrid\" href=\"https:\/\/www.katunroads.me\/wp-content\/uploads\/2017\/06\/Rujnica-lat.-Lactorius-deliciosus.jpg\" class=\"w-grid-item-anchor\" aria-label=\"Lactorius deliciosus\"><\/a>\r\n\t\t\t\t\t\t<div class=\"w-post-elm post_image usg_post_image_1 has_ratio\"><img loading=\"lazy\" decoding=\"async\" width=\"600\" height=\"400\" src=\"https:\/\/www.katunroads.me\/wp-content\/uploads\/2017\/06\/Rujnica-lat.-Lactorius-deliciosus.jpg\" class=\"attachment-us_600_600_crop size-us_600_600_crop\" alt=\"\" \/><div style=\"padding-bottom:100%\"><\/div><\/div><div class=\"w-vwrapper usg_vwrapper_1 align_none valign_top\"><div class=\"w-post-elm post_title usg_post_title_1 hide_if_not_first has_text_color entry-title color_link_inherit\">Lactorius deliciosus<\/div><\/div>\t\t<\/div>\r\n\t\t\t<\/article>\r\n\t<article class=\"w-grid-item size_1x1 post-3147 attachment type-attachment status-inherit hentry\" data-id=\"3147\">\r\n\t\t<div class=\"w-grid-item-h\">\r\n\t\t\t\t\t\t\t<a ref=\"magnificPopupGrid\" href=\"https:\/\/www.katunroads.me\/wp-content\/uploads\/2017\/06\/Sun\u010danica-lat.-Macrolepiota-procera.jpg\" class=\"w-grid-item-anchor\" aria-label=\"Macrolepiota procera\"><\/a>\r\n\t\t\t\t\t\t<div class=\"w-post-elm post_image usg_post_image_1 has_ratio\"><img loading=\"lazy\" decoding=\"async\" width=\"600\" height=\"480\" src=\"https:\/\/www.katunroads.me\/wp-content\/uploads\/2017\/06\/Sun\u010danica-lat.-Macrolepiota-procera.jpg\" class=\"attachment-us_600_600_crop size-us_600_600_crop\" alt=\"\" \/><div style=\"padding-bottom:100%\"><\/div><\/div><div class=\"w-vwrapper usg_vwrapper_1 align_none valign_top\"><div class=\"w-post-elm post_title usg_post_title_1 hide_if_not_first has_text_color entry-title color_link_inherit\">Macrolepiota procera<\/div><\/div>\t\t<\/div>\r\n\t\t\t<\/article>\r\n\t<article class=\"w-grid-item size_1x1 post-3145 attachment type-attachment status-inherit hentry\" data-id=\"3145\">\r\n\t\t<div class=\"w-grid-item-h\">\r\n\t\t\t\t\t\t\t<a ref=\"magnificPopupGrid\" href=\"https:\/\/www.katunroads.me\/wp-content\/uploads\/2017\/06\/Lisi\u010darka-lat.-Cantharellus-cibarius-Fr..jpg\" class=\"w-grid-item-anchor\" aria-label=\"Cantharellus cibarius\"><\/a>\r\n\t\t\t\t\t\t<div class=\"w-post-elm post_image usg_post_image_1 has_ratio\"><img loading=\"lazy\" decoding=\"async\" width=\"600\" height=\"450\" src=\"https:\/\/www.katunroads.me\/wp-content\/uploads\/2017\/06\/Lisi\u010darka-lat.-Cantharellus-cibarius-Fr..jpg\" class=\"attachment-us_600_600_crop size-us_600_600_crop\" alt=\"\" \/><div style=\"padding-bottom:100%\"><\/div><\/div><div class=\"w-vwrapper usg_vwrapper_1 align_none valign_top\"><div class=\"w-post-elm post_title usg_post_title_1 hide_if_not_first has_text_color entry-title color_link_inherit\">Cantharellus cibarius<\/div><\/div>\t\t<\/div>\r\n\t\t\t<\/article>\r\n\t<article class=\"w-grid-item size_1x1 post-3143 attachment type-attachment status-inherit hentry\" data-id=\"3143\">\r\n\t\t<div class=\"w-grid-item-h\">\r\n\t\t\t\t\t\t\t<a ref=\"magnificPopupGrid\" href=\"https:\/\/www.katunroads.me\/wp-content\/uploads\/2017\/06\/Sto\u017easti-smr\u010dak-lat.-Morchella-conica-Fr.-Ex.-Persoon.jpg\" class=\"w-grid-item-anchor\" aria-label=\"Morchella conica\"><\/a>\r\n\t\t\t\t\t\t<div class=\"w-post-elm post_image usg_post_image_1 has_ratio\"><img loading=\"lazy\" decoding=\"async\" width=\"600\" height=\"450\" src=\"https:\/\/www.katunroads.me\/wp-content\/uploads\/2017\/06\/Sto\u017easti-smr\u010dak-lat.-Morchella-conica-Fr.-Ex.-Persoon.jpg\" class=\"attachment-us_600_600_crop size-us_600_600_crop\" alt=\"\" \/><div style=\"padding-bottom:100%\"><\/div><\/div><div class=\"w-vwrapper usg_vwrapper_1 align_none valign_top\"><div class=\"w-post-elm post_title usg_post_title_1 hide_if_not_first has_text_color entry-title color_link_inherit\">Morchella conica<\/div><\/div>\t\t<\/div>\r\n\t\t\t<\/article>\r\n\t<article class=\"w-grid-item size_1x1 post-3141 attachment type-attachment status-inherit hentry\" data-id=\"3141\">\r\n\t\t<div class=\"w-grid-item-h\">\r\n\t\t\t\t\t\t\t<a ref=\"magnificPopupGrid\" href=\"https:\/\/www.katunroads.me\/wp-content\/uploads\/2017\/06\/Vrganj-lat.-Boletus-edulis-Bull-ex-Fr-1.jpg\" class=\"w-grid-item-anchor\" aria-label=\"Boletus edulis\"><\/a>\r\n\t\t\t\t\t\t<div class=\"w-post-elm post_image usg_post_image_1 has_ratio\"><img loading=\"lazy\" decoding=\"async\" width=\"600\" height=\"450\" src=\"https:\/\/www.katunroads.me\/wp-content\/uploads\/2017\/06\/Vrganj-lat.-Boletus-edulis-Bull-ex-Fr-1.jpg\" class=\"attachment-us_600_600_crop size-us_600_600_crop\" alt=\"\" \/><div style=\"padding-bottom:100%\"><\/div><\/div><div class=\"w-vwrapper usg_vwrapper_1 align_none valign_top\"><div class=\"w-post-elm post_title usg_post_title_1 hide_if_not_first has_text_color entry-title color_link_inherit\">Boletus edulis<\/div><\/div>\t\t<\/div>\r\n\t\t\t<\/article>\r\n<\/div>\t<div class=\"w-grid-preloader\">\r\n\t\t<div class=\"g-preloader type_5\">\r\n\t\t\t<div><\/div>\r\n\t\t<\/div>\r\n\t<\/div>\r\n\t\t<div class=\"w-grid-json hidden\" onclick='return {&quot;action&quot;:&quot;us_ajax_grid&quot;,&quot;infinite_scroll&quot;:0,&quot;max_num_pages&quot;:1,&quot;pagination&quot;:&quot;none&quot;,&quot;template_vars&quot;:{&quot;columns&quot;:&quot;2&quot;,&quot;exclude_items&quot;:&quot;none&quot;,&quot;img_size&quot;:&quot;us_600_600_crop&quot;,&quot;ignore_items_size&quot;:0,&quot;items_layout&quot;:&quot;gallery_with_titles_over&quot;,&quot;items_offset&quot;:&quot;1&quot;,&quot;load_animation&quot;:&quot;none&quot;,&quot;overriding_link&quot;:&quot;%7B%22type%22%3A%22popup_image%22%7D&quot;,&quot;post_id&quot;:0,&quot;query_args&quot;:{&quot;post_type&quot;:[&quot;attachment&quot;],&quot;post__in&quot;:[&quot;2436&quot;,&quot;2435&quot;,&quot;2434&quot;,&quot;2433&quot;,&quot;2432&quot;,&quot;2431&quot;],&quot;post_status&quot;:&quot;inherit&quot;,&quot;post_mime_type&quot;:&quot;image&quot;,&quot;posts_per_page&quot;:999},&quot;orderby_query_args&quot;:{&quot;orderby&quot;:{&quot;post__in&quot;:&quot;ASC&quot;},&quot;order&quot;:&quot;ASC&quot;},&quot;type&quot;:&quot;grid&quot;,&quot;us_grid_post_type&quot;:&quot;attachment&quot;,&quot;us_grid_ajax_index&quot;:1,&quot;us_grid_filter_query_string&quot;:null,&quot;us_grid_index&quot;:1,&quot;page_args&quot;:[],&quot;lang&quot;:&quot;sq&quot;}}'><\/div>\r\n\t<\/div><div class=\"w-separator size_medium\"><\/div>[vc_wp_custommenu title=&#8221;Biodiverzitet&#8221; nav_menu=&#8221;47&#8243;]<\/div><\/div><\/div><\/div><\/section>\n","protected":false},"excerpt":{"rendered":"","protected":false},"author":1,"featured_media":3147,"parent":4204,"menu_order":0,"comment_status":"closed","ping_status":"closed","template":"","meta":{"_acf_changed":false,"footnotes":""},"class_list":["post-4209","page","type-page","status-publish","has-post-thumbnail","hentry"],"acf":[],"_links":{"self":[{"href":"https:\/\/www.katunroads.me\/sq\/wp-json\/wp\/v2\/pages\/4209","targetHints":{"allow":["GET"]}}],"collection":[{"href":"https:\/\/www.katunroads.me\/sq\/wp-json\/wp\/v2\/pages"}],"about":[{"href":"https:\/\/www.katunroads.me\/sq\/wp-json\/wp\/v2\/types\/page"}],"author":[{"embeddable":true,"href":"https:\/\/www.katunroads.me\/sq\/wp-json\/wp\/v2\/users\/1"}],"replies":[{"embeddable":true,"href":"https:\/\/www.katunroads.me\/sq\/wp-json\/wp\/v2\/comments?post=4209"}],"version-history":[{"count":7,"href":"https:\/\/www.katunroads.me\/sq\/wp-json\/wp\/v2\/pages\/4209\/revisions"}],"predecessor-version":[{"id":5032,"href":"https:\/\/www.katunroads.me\/sq\/wp-json\/wp\/v2\/pages\/4209\/revisions\/5032"}],"up":[{"embeddable":true,"href":"https:\/\/www.katunroads.me\/sq\/wp-json\/wp\/v2\/pages\/4204"}],"wp:featuredmedia":[{"embeddable":true,"href":"https:\/\/www.katunroads.me\/sq\/wp-json\/wp\/v2\/media\/3147"}],"wp:attachment":[{"href":"https:\/\/www.katunroads.me\/sq\/wp-json\/wp\/v2\/media?parent=4209"}],"curies":[{"name":"wp","href":"https:\/\/api.w.org\/{rel}","templated":true}]}}